{"id":161818,"date":"2022-02-16T20:35:06","date_gmt":"2022-02-16T20:35:06","guid":{"rendered":"https:\/\/oceancamper.com\/extramaterial\/minivarmare\/"},"modified":"2025-06-30T16:15:09","modified_gmt":"2025-06-30T16:15:09","slug":"minivarmare","status":"publish","type":"page","link":"https:\/\/oceancamper.com\/sv\/extramaterial\/minivarmare\/","title":{"rendered":"Miniv\u00e4rmare"},"content":{"rendered":"\t\t<div data-elementor-type=\"wp-page\" data-elementor-id=\"161818\" class=\"elementor elementor-161818 elementor-2885\" data-elementor-post-type=\"page\">\n\t\t\t\t\t\t<section class=\"elementor-section elementor-top-section elementor-element elementor-element-84639bc elementor-section-height-min-height elementor-section-stretched elementor-section-content-middle elementor-section-boxed elementor-section-height-default elementor-section-items-middle\" data-id=\"84639bc\" data-element_type=\"section\" data-e-type=\"section\" data-settings=\"{&quot;stretch_section&quot;:&quot;section-stretched&quot;,&quot;background_background&quot;:&quot;gradient&quot;}\">\n\t\t\t\t\t\t<div class=\"elementor-container elementor-column-gap-default\">\n\t\t\t\t\t<div class=\"elementor-column elementor-col-100 elementor-top-column elementor-element elementor-element-89102d1\" data-id=\"89102d1\" data-element_type=\"column\" data-e-type=\"column\">\n\t\t\t<div class=\"elementor-widget-wrap elementor-element-populated\">\n\t\t\t\t\t\t<div class=\"elementor-element elementor-element-a785035 elementor-widget elementor-widget-heading\" data-id=\"a785035\" data-element_type=\"widget\" data-e-type=\"widget\" data-widget_type=\"heading.default\">\n\t\t\t\t<div class=\"elementor-widget-container\">\n\t\t\t\t\t<h1 class=\"elementor-heading-title elementor-size-default\">Uthyrning av miniv\u00e4rmare\n<\/h1>\t\t\t\t<\/div>\n\t\t\t\t<\/div>\n\t\t\t\t\t<\/div>\n\t\t<\/div>\n\t\t\t\t\t<\/div>\n\t\t<\/section>\n\t\t\t\t<section class=\"elementor-section elementor-top-section elementor-element elementor-element-7dcf7de elementor-section-stretched elementor-section-boxed elementor-section-height-default elementor-section-height-default\" data-id=\"7dcf7de\" data-element_type=\"section\" data-e-type=\"section\" data-settings=\"{&quot;stretch_section&quot;:&quot;section-stretched&quot;,&quot;background_background&quot;:&quot;classic&quot;}\">\n\t\t\t\t\t\t<div class=\"elementor-container elementor-column-gap-default\">\n\t\t\t\t\t<div class=\"elementor-column elementor-col-100 elementor-top-column elementor-element elementor-element-6fe4d27\" data-id=\"6fe4d27\" data-element_type=\"column\" data-e-type=\"column\">\n\t\t\t<div class=\"elementor-widget-wrap elementor-element-populated\">\n\t\t\t\t\t\t<div class=\"elementor-element elementor-element-63b8a54 elementor-widget elementor-widget-text-editor\" data-id=\"63b8a54\" data-element_type=\"widget\" data-e-type=\"widget\" data-widget_type=\"text-editor.default\">\n\t\t\t\t<div class=\"elementor-widget-container\">\n\t\t\t\t\t\t\t\t\tDagstemperaturen i s\u00f6dra Portugal ligger runt 12-20\u00b0C (oftast soligt). Under natten sjunker temperaturen vanligtvis till 12-15\u00b0C, men kan som mest sjunka till 8\u00b0C. Hur som helst f\u00e5r du alltid fr\u00e5n oss en mycket mysig och varm filt som \u00e4r l\u00e4mplig f\u00f6r dessa temperaturer. Om du vill ha det \u00e4nnu varmare kan du boka en v\u00e4rmare hos oss. Elv\u00e4rmare (1000 W) med 230V f\u00f6rl\u00e4ngningssladd (25 m) som kan anv\u00e4ndas p\u00e5 campingplatser f\u00f6r att v\u00e4rma upp bilen under vintern (t.ex. under natten). Du m\u00e5ste ansluta den till eln\u00e4tet p\u00e5 en campingplats.     \t\t\t\t\t\t\t\t<\/div>\n\t\t\t\t<\/div>\n\t\t\t\t<div class=\"elementor-element elementor-element-985286a elementor-widget elementor-widget-text-editor\" data-id=\"985286a\" data-element_type=\"widget\" data-e-type=\"widget\" data-widget_type=\"text-editor.default\">\n\t\t\t\t<div class=\"elementor-widget-container\">\n\t\t\t\t\t\t\t\t\t<strong><span style=\"color: #1e3440;\">Du kan hyra en elektrisk v\u00e4rmare:<\/span><\/strong>\t\t\t\t\t\t\t\t<\/div>\n\t\t\t\t<\/div>\n\t\t\t\t<div class=\"elementor-element elementor-element-652f533 elementor-widget elementor-widget-text-editor\" data-id=\"652f533\" data-element_type=\"widget\" data-e-type=\"widget\" data-widget_type=\"text-editor.default\">\n\t\t\t\t<div class=\"elementor-widget-container\">\n\t\t\t\t\t\t\t\t\t<p>&#8211; Tillsammans med din husbils-\/t\u00e4ltbokning.<br>&#8211; Separat, endast elv\u00e4rmaren och h\u00e4mta den i <span style=\"color: #3ac4bb;\"><a style=\"color: #3ac4bb;\" href=\"https:\/\/www.google.com\/maps\/place\/\/data=!4m2!3m1!1s0xd1ab343f0fb35b7:0xa5468e7f9032f468?source=g.page.share\" target=\"_blank\" rel=\"noopener\">v\u00e5r butik<\/a><\/span> i Faro, <span style=\"color: #3ac4bb;\"><a style=\"color: #3ac4bb;\" href=\"https:\/\/farosurfrentals.com\/\" target=\"_blank\" rel=\"noopener\">boka h\u00e4r<\/a><\/span>.<\/p>\t\t\t\t\t\t\t\t<\/div>\n\t\t\t\t<\/div>\n\t\t\t\t<section class=\"elementor-section elementor-inner-section elementor-element elementor-element-c76a627 elementor-section-boxed elementor-section-height-default elementor-section-height-default elementor-invisible\" data-id=\"c76a627\" data-element_type=\"section\" data-e-type=\"section\" data-settings=\"{&quot;animation&quot;:&quot;fadeInUp&quot;}\">\n\t\t\t\t\t\t<div class=\"elementor-container elementor-column-gap-default\">\n\t\t\t\t\t<div class=\"elementor-column elementor-col-25 elementor-inner-column elementor-element elementor-element-d2523ee\" data-id=\"d2523ee\" data-element_type=\"column\" data-e-type=\"column\" data-settings=\"{&quot;background_background&quot;:&quot;classic&quot;}\">\n\t\t\t<div class=\"elementor-widget-wrap elementor-element-populated\">\n\t\t\t\t\t<div class=\"elementor-background-overlay\"><\/div>\n\t\t\t\t\t\t<div class=\"elementor-element elementor-element-8cf9c93 elementor-widget elementor-widget-image\" data-id=\"8cf9c93\" data-element_type=\"widget\" data-e-type=\"widget\" data-widget_type=\"image.default\">\n\t\t\t\t<div class=\"elementor-widget-container\">\n\t\t\t\t\t\t\t\t\t\t\t\t\t\t\t<img fetchpriority=\"high\" decoding=\"async\" width=\"1024\" height=\"1536\" src=\"https:\/\/oceancamper.com\/wp-content\/uploads\/2025\/06\/Heater.png\" class=\"attachment-full size-full wp-image-183414\" alt=\"Elektrisk v\u00e4rmare\" srcset=\"https:\/\/oceancamper.com\/wp-content\/uploads\/2025\/06\/Heater.png 1024w, https:\/\/oceancamper.com\/wp-content\/uploads\/2025\/06\/Heater-200x300.png 200w, https:\/\/oceancamper.com\/wp-content\/uploads\/2025\/06\/Heater-683x1024.png 683w, https:\/\/oceancamper.com\/wp-content\/uploads\/2025\/06\/Heater-768x1152.png 768w, https:\/\/oceancamper.com\/wp-content\/uploads\/2025\/06\/Heater-120x180.png 120w\" sizes=\"(max-width: 1024px) 100vw, 1024px\" \/>\t\t\t\t\t\t\t\t\t\t\t\t\t\t\t<\/div>\n\t\t\t\t<\/div>\n\t\t\t\t<div class=\"elementor-element elementor-element-ea36496 elementor-widget elementor-widget-text-editor\" data-id=\"ea36496\" data-element_type=\"widget\" data-e-type=\"widget\" data-widget_type=\"text-editor.default\">\n\t\t\t\t<div class=\"elementor-widget-container\">\n\t\t\t\t\t\t\t\t\t<strong>Miniv\u00e4rmare<\/strong>\t\t\t\t\t\t\t\t<\/div>\n\t\t\t\t<\/div>\n\t\t\t\t\t<\/div>\n\t\t<\/div>\n\t\t\t\t<div class=\"elementor-column elementor-col-25 elementor-inner-column elementor-element elementor-element-ef97351\" data-id=\"ef97351\" data-element_type=\"column\" data-e-type=\"column\" data-settings=\"{&quot;background_background&quot;:&quot;classic&quot;}\">\n\t\t\t<div class=\"elementor-widget-wrap\">\n\t\t\t\t\t<div class=\"elementor-background-overlay\"><\/div>\n\t\t\t\t\t\t\t<\/div>\n\t\t<\/div>\n\t\t\t\t<div class=\"elementor-column elementor-col-25 elementor-inner-column elementor-element elementor-element-7e3f0d7\" data-id=\"7e3f0d7\" data-element_type=\"column\" data-e-type=\"column\" data-settings=\"{&quot;background_background&quot;:&quot;classic&quot;}\">\n\t\t\t<div class=\"elementor-widget-wrap\">\n\t\t\t\t\t<div class=\"elementor-background-overlay\"><\/div>\n\t\t\t\t\t\t\t<\/div>\n\t\t<\/div>\n\t\t\t\t<div class=\"elementor-column elementor-col-25 elementor-inner-column elementor-element elementor-element-1b19eea\" data-id=\"1b19eea\" data-element_type=\"column\" data-e-type=\"column\" data-settings=\"{&quot;background_background&quot;:&quot;classic&quot;}\">\n\t\t\t<div class=\"elementor-widget-wrap\">\n\t\t\t\t\t<div class=\"elementor-background-overlay\"><\/div>\n\t\t\t\t\t\t\t<\/div>\n\t\t<\/div>\n\t\t\t\t\t<\/div>\n\t\t<\/section>\n\t\t\t\t<div class=\"elementor-element elementor-element-366937a elementor-widget elementor-widget-text-editor\" data-id=\"366937a\" data-element_type=\"widget\" data-e-type=\"widget\" data-widget_type=\"text-editor.default\">\n\t\t\t\t<div class=\"elementor-widget-container\">\n\t\t\t\t\t\t\t\t\t<strong><span style=\"color: #1e3440;\">Boka endast utrustning <span style=\"color: #3ac4bb;\"><a style=\"color: #3ac4bb;\" href=\"https:\/\/farosurfrentals.com\/\" target=\"_blank\" rel=\"noopener\">h\u00e4r<\/a><\/span><\/span><\/strong>\t\t\t\t\t\t\t\t<\/div>\n\t\t\t\t<\/div>\n\t\t\t\t\t<\/div>\n\t\t<\/div>\n\t\t\t\t\t<\/div>\n\t\t<\/section>\n\t\t\t\t<\/div>\n\t\t","protected":false},"excerpt":{"rendered":"<p>Uthyrning av miniv\u00e4rmare Dagstemperaturen i s\u00f6dra Portugal ligger runt 12-20\u00b0C (oftast soligt). Under natten sjunker temperaturen vanligtvis till 12-15\u00b0C, men kan som mest sjunka till 8\u00b0C. Hur som helst f\u00e5r du alltid fr\u00e5n oss en mycket mysig och varm filt som \u00e4r l\u00e4mplig f\u00f6r dessa temperaturer. Om du vill ha det \u00e4nnu varmare kan du [&hellip;]<\/p>\n","protected":false},"author":1,"featured_media":0,"parent":161732,"menu_order":0,"comment_status":"closed","ping_status":"closed","template":"elementor_header_footer","meta":{"footnotes":""},"class_list":["post-161818","page","type-page","status-publish","hentry"],"aioseo_notices":[],"_links":{"self":[{"href":"https:\/\/oceancamper.com\/sv\/wp-json\/wp\/v2\/pages\/161818","targetHints":{"allow":["GET"]}}],"collection":[{"href":"https:\/\/oceancamper.com\/sv\/wp-json\/wp\/v2\/pages"}],"about":[{"href":"https:\/\/oceancamper.com\/sv\/wp-json\/wp\/v2\/types\/page"}],"author":[{"embeddable":true,"href":"https:\/\/oceancamper.com\/sv\/wp-json\/wp\/v2\/users\/1"}],"replies":[{"embeddable":true,"href":"https:\/\/oceancamper.com\/sv\/wp-json\/wp\/v2\/comments?post=161818"}],"version-history":[{"count":2,"href":"https:\/\/oceancamper.com\/sv\/wp-json\/wp\/v2\/pages\/161818\/revisions"}],"predecessor-version":[{"id":183635,"href":"https:\/\/oceancamper.com\/sv\/wp-json\/wp\/v2\/pages\/161818\/revisions\/183635"}],"up":[{"embeddable":true,"href":"https:\/\/oceancamper.com\/sv\/wp-json\/wp\/v2\/pages\/161732"}],"wp:attachment":[{"href":"https:\/\/oceancamper.com\/sv\/wp-json\/wp\/v2\/media?parent=161818"}],"curies":[{"name":"wp","href":"https:\/\/api.w.org\/{rel}","templated":true}]}}