{"id":161745,"date":"2022-02-16T20:27:31","date_gmt":"2022-02-16T20:27:31","guid":{"rendered":"https:\/\/oceancamper.com\/extramaterial\/bluetooth-hogtalare\/"},"modified":"2025-06-30T16:18:25","modified_gmt":"2025-06-30T16:18:25","slug":"bluetooth-hogtalare","status":"publish","type":"page","link":"https:\/\/oceancamper.com\/sv\/extramaterial\/bluetooth-hogtalare\/","title":{"rendered":"Bluetooth-h\u00f6gtalare"},"content":{"rendered":"\t\t<div data-elementor-type=\"wp-page\" data-elementor-id=\"161745\" class=\"elementor elementor-161745 elementor-2876\" data-elementor-post-type=\"page\">\n\t\t\t\t\t\t<section class=\"elementor-section elementor-top-section elementor-element elementor-element-01147e5 elementor-section-height-min-height elementor-section-stretched elementor-section-content-middle elementor-section-boxed elementor-section-height-default elementor-section-items-middle\" data-id=\"01147e5\" data-element_type=\"section\" data-e-type=\"section\" data-settings=\"{&quot;stretch_section&quot;:&quot;section-stretched&quot;,&quot;background_background&quot;:&quot;gradient&quot;}\">\n\t\t\t\t\t\t<div class=\"elementor-container elementor-column-gap-default\">\n\t\t\t\t\t<div class=\"elementor-column elementor-col-100 elementor-top-column elementor-element elementor-element-abd395b\" data-id=\"abd395b\" data-element_type=\"column\" data-e-type=\"column\">\n\t\t\t<div class=\"elementor-widget-wrap elementor-element-populated\">\n\t\t\t\t\t\t<div class=\"elementor-element elementor-element-e4d9ce9 elementor-widget elementor-widget-heading\" data-id=\"e4d9ce9\" data-element_type=\"widget\" data-e-type=\"widget\" data-widget_type=\"heading.default\">\n\t\t\t\t<div class=\"elementor-widget-container\">\n\t\t\t\t\t<h1 class=\"elementor-heading-title elementor-size-default\">Uthyrning av Bluetooth-h\u00f6gtalare<\/h1>\t\t\t\t<\/div>\n\t\t\t\t<\/div>\n\t\t\t\t\t<\/div>\n\t\t<\/div>\n\t\t\t\t\t<\/div>\n\t\t<\/section>\n\t\t\t\t<section class=\"elementor-section elementor-top-section elementor-element elementor-element-27da0c3 elementor-section-stretched elementor-section-boxed elementor-section-height-default elementor-section-height-default\" data-id=\"27da0c3\" data-element_type=\"section\" data-e-type=\"section\" data-settings=\"{&quot;stretch_section&quot;:&quot;section-stretched&quot;,&quot;background_background&quot;:&quot;classic&quot;}\">\n\t\t\t\t\t\t<div class=\"elementor-container elementor-column-gap-default\">\n\t\t\t\t\t<div class=\"elementor-column elementor-col-100 elementor-top-column elementor-element elementor-element-dfabe64\" data-id=\"dfabe64\" data-element_type=\"column\" data-e-type=\"column\">\n\t\t\t<div class=\"elementor-widget-wrap elementor-element-populated\">\n\t\t\t\t\t\t<div class=\"elementor-element elementor-element-e908a43 elementor-widget elementor-widget-text-editor\" data-id=\"e908a43\" data-element_type=\"widget\" data-e-type=\"widget\" data-widget_type=\"text-editor.default\">\n\t\t\t\t<div class=\"elementor-widget-container\">\n\t\t\t\t\t\t\t\t\tDenna speldosa kan enkelt anslutas via Bluetooth eller USB-kabel till din telefon, bilradio eller dator f\u00f6r att spela din favoritmusik.\t\t\t\t\t\t\t\t<\/div>\n\t\t\t\t<\/div>\n\t\t\t\t<div class=\"elementor-element elementor-element-07fe298 elementor-widget elementor-widget-text-editor\" data-id=\"07fe298\" data-element_type=\"widget\" data-e-type=\"widget\" data-widget_type=\"text-editor.default\">\n\t\t\t\t<div class=\"elementor-widget-container\">\n\t\t\t\t\t\t\t\t\t<strong><span style=\"color: #1e3440;\">Du kan hyra en Bluetooth-h\u00f6gtalare:<\/span><\/strong>\t\t\t\t\t\t\t\t<\/div>\n\t\t\t\t<\/div>\n\t\t\t\t<div class=\"elementor-element elementor-element-012fd9d elementor-widget elementor-widget-text-editor\" data-id=\"012fd9d\" data-element_type=\"widget\" data-e-type=\"widget\" data-widget_type=\"text-editor.default\">\n\t\t\t\t<div class=\"elementor-widget-container\">\n\t\t\t\t\t\t\t\t\t<p>&#8211; Tillsammans med din husbils-\/t\u00e4ltbokning.<br>&#8211; Separat, endast Bluetooth-h\u00f6gtalaren och h\u00e4mta den i <span style=\"color: #3ac4bb;\"><a style=\"color: #3ac4bb;\" href=\"https:\/\/www.google.com\/maps\/place\/\/data=!4m2!3m1!1s0xd1ab343f0fb35b7:0xa5468e7f9032f468?source=g.page.share\" target=\"_blank\" rel=\"noopener\">v\u00e5r butik<\/a><\/span> i Faro, <span style=\"color: #3ac4bb;\"><a style=\"color: #3ac4bb;\" href=\"https:\/\/farosurfrentals.com\/\" target=\"_blank\" rel=\"noopener\">boka h\u00e4r<\/a><\/span>.<\/p>\t\t\t\t\t\t\t\t<\/div>\n\t\t\t\t<\/div>\n\t\t\t\t<section class=\"elementor-section elementor-inner-section elementor-element elementor-element-861b750 elementor-section-boxed elementor-section-height-default elementor-section-height-default elementor-invisible\" data-id=\"861b750\" data-element_type=\"section\" data-e-type=\"section\" data-settings=\"{&quot;animation&quot;:&quot;fadeInUp&quot;}\">\n\t\t\t\t\t\t<div class=\"elementor-container elementor-column-gap-default\">\n\t\t\t\t\t<div class=\"elementor-column elementor-col-25 elementor-inner-column elementor-element elementor-element-4b6b7d9\" data-id=\"4b6b7d9\" data-element_type=\"column\" data-e-type=\"column\" data-settings=\"{&quot;background_background&quot;:&quot;classic&quot;}\">\n\t\t\t<div class=\"elementor-widget-wrap elementor-element-populated\">\n\t\t\t\t\t<div class=\"elementor-background-overlay\"><\/div>\n\t\t\t\t\t\t<div class=\"elementor-element elementor-element-15f5d9b elementor-widget elementor-widget-image\" data-id=\"15f5d9b\" data-element_type=\"widget\" data-e-type=\"widget\" data-widget_type=\"image.default\">\n\t\t\t\t<div class=\"elementor-widget-container\">\n\t\t\t\t\t\t\t\t\t\t\t\t\t\t\t<img fetchpriority=\"high\" decoding=\"async\" width=\"1024\" height=\"768\" src=\"https:\/\/oceancamper.com\/wp-content\/uploads\/2025\/06\/Music-Box.jpg\" class=\"attachment-full size-full wp-image-183517\" alt=\"B\u00e4rbar Bluetooth-musikbox tillg\u00e4nglig f\u00f6r uthyrning i Algarve husbilar - Ocean Camper-utrustning.\" srcset=\"https:\/\/oceancamper.com\/wp-content\/uploads\/2025\/06\/Music-Box.jpg 1024w, https:\/\/oceancamper.com\/wp-content\/uploads\/2025\/06\/Music-Box-300x225.jpg 300w, https:\/\/oceancamper.com\/wp-content\/uploads\/2025\/06\/Music-Box-768x576.jpg 768w, https:\/\/oceancamper.com\/wp-content\/uploads\/2025\/06\/Music-Box-240x180.jpg 240w\" sizes=\"(max-width: 1024px) 100vw, 1024px\" \/>\t\t\t\t\t\t\t\t\t\t\t\t\t\t\t<\/div>\n\t\t\t\t<\/div>\n\t\t\t\t<div class=\"elementor-element elementor-element-ba0b0dc elementor-widget elementor-widget-text-editor\" data-id=\"ba0b0dc\" data-element_type=\"widget\" data-e-type=\"widget\" data-widget_type=\"text-editor.default\">\n\t\t\t\t<div class=\"elementor-widget-container\">\n\t\t\t\t\t\t\t\t\t<strong>Bluetooth-h\u00f6gtalare<\/strong>\t\t\t\t\t\t\t\t<\/div>\n\t\t\t\t<\/div>\n\t\t\t\t\t<\/div>\n\t\t<\/div>\n\t\t\t\t<div class=\"elementor-column elementor-col-25 elementor-inner-column elementor-element elementor-element-0fc6b94\" data-id=\"0fc6b94\" data-element_type=\"column\" data-e-type=\"column\" data-settings=\"{&quot;background_background&quot;:&quot;classic&quot;}\">\n\t\t\t<div class=\"elementor-widget-wrap\">\n\t\t\t\t\t<div class=\"elementor-background-overlay\"><\/div>\n\t\t\t\t\t\t\t<\/div>\n\t\t<\/div>\n\t\t\t\t<div class=\"elementor-column elementor-col-25 elementor-inner-column elementor-element elementor-element-26a7042\" data-id=\"26a7042\" data-element_type=\"column\" data-e-type=\"column\" data-settings=\"{&quot;background_background&quot;:&quot;classic&quot;}\">\n\t\t\t<div class=\"elementor-widget-wrap\">\n\t\t\t\t\t<div class=\"elementor-background-overlay\"><\/div>\n\t\t\t\t\t\t\t<\/div>\n\t\t<\/div>\n\t\t\t\t<div class=\"elementor-column elementor-col-25 elementor-inner-column elementor-element elementor-element-75ffe04\" data-id=\"75ffe04\" data-element_type=\"column\" data-e-type=\"column\" data-settings=\"{&quot;background_background&quot;:&quot;classic&quot;}\">\n\t\t\t<div class=\"elementor-widget-wrap\">\n\t\t\t\t\t<div class=\"elementor-background-overlay\"><\/div>\n\t\t\t\t\t\t\t<\/div>\n\t\t<\/div>\n\t\t\t\t\t<\/div>\n\t\t<\/section>\n\t\t\t\t<div class=\"elementor-element elementor-element-06a2863 elementor-widget elementor-widget-text-editor\" data-id=\"06a2863\" data-element_type=\"widget\" data-e-type=\"widget\" data-widget_type=\"text-editor.default\">\n\t\t\t\t<div class=\"elementor-widget-container\">\n\t\t\t\t\t\t\t\t\t&#8211; Lyssna p\u00e5 musik p\u00e5 stranden eller var du \u00e4n befinner dig.\n<br>&#8211; Ljud av god kvalitet garanteras.\n<br>&#8211; Denna speldosa spelar musik i mer \u00e4n 12 timmar non-stop med en laddning och fungerar ocks\u00e5 som powerbank f\u00f6r att ladda din telefon, dr\u00f6nare eller andra l\u00e5gsp\u00e4nningsdrivna enheter via USB.\t\t\t\t\t\t\t\t<\/div>\n\t\t\t\t<\/div>\n\t\t\t\t<div class=\"elementor-element elementor-element-edbe790 elementor-widget elementor-widget-text-editor\" data-id=\"edbe790\" data-element_type=\"widget\" data-e-type=\"widget\" data-widget_type=\"text-editor.default\">\n\t\t\t\t<div class=\"elementor-widget-container\">\n\t\t\t\t\t\t\t\t\t<strong><span style=\"color: #1e3440;\">Boka endast utrustning <span style=\"color: #3ac4bb;\"><a style=\"color: #3ac4bb;\" href=\"https:\/\/farosurfrentals.com\/\" target=\"_blank\" rel=\"noopener\">h\u00e4r<\/a><\/span><\/span><\/strong>\t\t\t\t\t\t\t\t<\/div>\n\t\t\t\t<\/div>\n\t\t\t\t\t<\/div>\n\t\t<\/div>\n\t\t\t\t\t<\/div>\n\t\t<\/section>\n\t\t\t\t<\/div>\n\t\t","protected":false},"excerpt":{"rendered":"<p>Uthyrning av Bluetooth-h\u00f6gtalare Denna speldosa kan enkelt anslutas via Bluetooth eller USB-kabel till din telefon, bilradio eller dator f\u00f6r att spela din favoritmusik.Du kan hyra en Bluetooth-h\u00f6gtalare: &#8211; Tillsammans med din husbils-\/t\u00e4ltbokning.&#8211; Separat, endast Bluetooth-h\u00f6gtalaren och h\u00e4mta den i v\u00e5r butik i Faro, boka h\u00e4r. Bluetooth-h\u00f6gtalare&#8211; Lyssna p\u00e5 musik p\u00e5 stranden eller var du \u00e4n [&hellip;]<\/p>\n","protected":false},"author":1,"featured_media":0,"parent":161732,"menu_order":0,"comment_status":"closed","ping_status":"closed","template":"elementor_header_footer","meta":{"footnotes":""},"class_list":["post-161745","page","type-page","status-publish","hentry"],"aioseo_notices":[],"_links":{"self":[{"href":"https:\/\/oceancamper.com\/sv\/wp-json\/wp\/v2\/pages\/161745","targetHints":{"allow":["GET"]}}],"collection":[{"href":"https:\/\/oceancamper.com\/sv\/wp-json\/wp\/v2\/pages"}],"about":[{"href":"https:\/\/oceancamper.com\/sv\/wp-json\/wp\/v2\/types\/page"}],"author":[{"embeddable":true,"href":"https:\/\/oceancamper.com\/sv\/wp-json\/wp\/v2\/users\/1"}],"replies":[{"embeddable":true,"href":"https:\/\/oceancamper.com\/sv\/wp-json\/wp\/v2\/comments?post=161745"}],"version-history":[{"count":4,"href":"https:\/\/oceancamper.com\/sv\/wp-json\/wp\/v2\/pages\/161745\/revisions"}],"predecessor-version":[{"id":183661,"href":"https:\/\/oceancamper.com\/sv\/wp-json\/wp\/v2\/pages\/161745\/revisions\/183661"}],"up":[{"embeddable":true,"href":"https:\/\/oceancamper.com\/sv\/wp-json\/wp\/v2\/pages\/161732"}],"wp:attachment":[{"href":"https:\/\/oceancamper.com\/sv\/wp-json\/wp\/v2\/media?parent=161745"}],"curies":[{"name":"wp","href":"https:\/\/api.w.org\/{rel}","templated":true}]}}