{"id":6442,"date":"2022-02-16T20:57:37","date_gmt":"2022-02-16T20:57:37","guid":{"rendered":"https:\/\/oceancamper.com\/extras\/filtro-de-agua\/"},"modified":"2024-10-15T14:09:06","modified_gmt":"2024-10-15T14:09:06","slug":"filtro-de-agua","status":"publish","type":"page","link":"https:\/\/oceancamper.com\/pt-pt\/extras\/filtro-de-agua\/","title":{"rendered":"Cadeira de crian\u00e7a"},"content":{"rendered":"\t\t<div data-elementor-type=\"wp-page\" data-elementor-id=\"6442\" class=\"elementor elementor-6442 elementor-2919\" data-elementor-post-type=\"page\">\n\t\t\t\t\t\t<section class=\"elementor-section elementor-top-section elementor-element elementor-element-ec6929d elementor-section-height-min-height elementor-section-stretched elementor-section-content-middle elementor-section-boxed elementor-section-height-default elementor-section-items-middle\" data-id=\"ec6929d\" data-element_type=\"section\" data-e-type=\"section\" data-settings=\"{&quot;stretch_section&quot;:&quot;section-stretched&quot;,&quot;background_background&quot;:&quot;gradient&quot;}\">\n\t\t\t\t\t\t<div class=\"elementor-container elementor-column-gap-default\">\n\t\t\t\t\t<div class=\"elementor-column elementor-col-100 elementor-top-column elementor-element elementor-element-db62328\" data-id=\"db62328\" data-element_type=\"column\" data-e-type=\"column\">\n\t\t\t<div class=\"elementor-widget-wrap elementor-element-populated\">\n\t\t\t\t\t\t<div class=\"elementor-element elementor-element-f1f7558 elementor-widget elementor-widget-heading\" data-id=\"f1f7558\" data-element_type=\"widget\" data-e-type=\"widget\" data-widget_type=\"heading.default\">\n\t\t\t\t<div class=\"elementor-widget-container\">\n\t\t\t\t\t<h1 class=\"elementor-heading-title elementor-size-default\">Aluguer de cadeiras para crian\u00e7as<\/h1>\t\t\t\t<\/div>\n\t\t\t\t<\/div>\n\t\t\t\t\t<\/div>\n\t\t<\/div>\n\t\t\t\t\t<\/div>\n\t\t<\/section>\n\t\t\t\t<section class=\"elementor-section elementor-top-section elementor-element elementor-element-3e9b76b elementor-section-stretched elementor-section-boxed elementor-section-height-default elementor-section-height-default\" data-id=\"3e9b76b\" data-element_type=\"section\" data-e-type=\"section\" data-settings=\"{&quot;stretch_section&quot;:&quot;section-stretched&quot;,&quot;background_background&quot;:&quot;classic&quot;}\">\n\t\t\t\t\t\t<div class=\"elementor-container elementor-column-gap-default\">\n\t\t\t\t\t<div class=\"elementor-column elementor-col-100 elementor-top-column elementor-element elementor-element-430fb7d\" data-id=\"430fb7d\" data-element_type=\"column\" data-e-type=\"column\">\n\t\t\t<div class=\"elementor-widget-wrap elementor-element-populated\">\n\t\t\t\t\t\t<div class=\"elementor-element elementor-element-70b855c elementor-widget elementor-widget-text-editor\" data-id=\"70b855c\" data-element_type=\"widget\" data-e-type=\"widget\" data-widget_type=\"text-editor.default\">\n\t\t\t\t<div class=\"elementor-widget-container\">\n\t\t\t\t\t\t\t\t\t<p>Aluga uma cadeira de crian\u00e7a connosco! A nossa cadeira de crian\u00e7a \u00e9 fixada de forma segura com um cinto de seguran\u00e7a de 3 pontos e \u00e9 adequada para crian\u00e7as com peso entre 9 e 36 kg. <\/p>\n\t\t\t\t\t\t\t\t<\/div>\n\t\t\t\t<\/div>\n\t\t\t\t<div class=\"elementor-element elementor-element-f770aea elementor-widget elementor-widget-text-editor\" data-id=\"f770aea\" data-element_type=\"widget\" data-e-type=\"widget\" data-widget_type=\"text-editor.default\">\n\t\t\t\t<div class=\"elementor-widget-container\">\n\t\t\t\t\t\t\t\t\t<p><strong><span style=\"color: #1e3440;\">Podes alugar uma cadeira de crian\u00e7a:<\/span><\/strong><\/p>\n\t\t\t\t\t\t\t\t<\/div>\n\t\t\t\t<\/div>\n\t\t\t\t<div class=\"elementor-element elementor-element-5a7841b elementor-widget elementor-widget-text-editor\" data-id=\"5a7841b\" data-element_type=\"widget\" data-e-type=\"widget\" data-widget_type=\"text-editor.default\">\n\t\t\t\t<div class=\"elementor-widget-container\">\n\t\t\t\t\t\t\t\t\t<p>&#8211; Juntamente com a tua reserva de campervan\/tenda.<br \/>&#8211; Separadamente, apenas o seta de crian\u00e7a e levanta-o na <span style=\"color: #3ac4bb;\"><a style=\"color: #3ac4bb;\" href=\"https:\/\/www.google.com\/maps\/place\/\/data=!4m2!3m1!1s0xd1ab343f0fb35b7:0xa5468e7f9032f468?source=g.page.share\" target=\"_blank\" rel=\"noopener\">na nossa loja<\/a><\/span> em Faro, <span style=\"color: #3ac4bb;\"><a style=\"color: #3ac4bb;\" href=\"https:\/\/farosurfrentals.com\/\" target=\"_blank\" rel=\"noopener\">reserva aqui<\/a><\/span>.<\/p>\n\t\t\t\t\t\t\t\t<\/div>\n\t\t\t\t<\/div>\n\t\t\t\t<section class=\"elementor-section elementor-inner-section elementor-element elementor-element-0f1b214 elementor-section-boxed elementor-section-height-default elementor-section-height-default elementor-invisible\" data-id=\"0f1b214\" data-element_type=\"section\" data-e-type=\"section\" data-settings=\"{&quot;animation&quot;:&quot;fadeInUp&quot;}\">\n\t\t\t\t\t\t<div class=\"elementor-container elementor-column-gap-default\">\n\t\t\t\t\t<div class=\"elementor-column elementor-col-25 elementor-inner-column elementor-element elementor-element-261d5ce\" data-id=\"261d5ce\" data-element_type=\"column\" data-e-type=\"column\" data-settings=\"{&quot;background_background&quot;:&quot;classic&quot;}\">\n\t\t\t<div class=\"elementor-widget-wrap elementor-element-populated\">\n\t\t\t\t\t<div class=\"elementor-background-overlay\"><\/div>\n\t\t\t\t\t\t<div class=\"elementor-element elementor-element-4bae06c elementor-widget elementor-widget-image\" data-id=\"4bae06c\" data-element_type=\"widget\" data-e-type=\"widget\" data-widget_type=\"image.default\">\n\t\t\t\t<div class=\"elementor-widget-container\">\n\t\t\t\t\t\t\t\t\t\t\t\t\t\t\t<img fetchpriority=\"high\" decoding=\"async\" width=\"1421\" height=\"1066\" src=\"https:\/\/oceancamper.com\/wp-content\/uploads\/2024\/10\/Equipment-Copia.jpg\" class=\"attachment-full size-full wp-image-137217\" alt=\"\" srcset=\"https:\/\/oceancamper.com\/wp-content\/uploads\/2024\/10\/Equipment-Copia.jpg 1421w, https:\/\/oceancamper.com\/wp-content\/uploads\/2024\/10\/Equipment-Copia-300x225.jpg 300w, https:\/\/oceancamper.com\/wp-content\/uploads\/2024\/10\/Equipment-Copia-1024x768.jpg 1024w, https:\/\/oceancamper.com\/wp-content\/uploads\/2024\/10\/Equipment-Copia-768x576.jpg 768w, https:\/\/oceancamper.com\/wp-content\/uploads\/2024\/10\/Equipment-Copia-240x180.jpg 240w\" sizes=\"(max-width: 1421px) 100vw, 1421px\" \/>\t\t\t\t\t\t\t\t\t\t\t\t\t\t\t<\/div>\n\t\t\t\t<\/div>\n\t\t\t\t<div class=\"elementor-element elementor-element-c8ceaf4 elementor-widget elementor-widget-text-editor\" data-id=\"c8ceaf4\" data-element_type=\"widget\" data-e-type=\"widget\" data-widget_type=\"text-editor.default\">\n\t\t\t\t<div class=\"elementor-widget-container\">\n\t\t\t\t\t\t\t\t\t<p>Cadeira de crian\u00e7a<\/p>\n\t\t\t\t\t\t\t\t<\/div>\n\t\t\t\t<\/div>\n\t\t\t\t\t<\/div>\n\t\t<\/div>\n\t\t\t\t<div class=\"elementor-column elementor-col-25 elementor-inner-column elementor-element elementor-element-eb3ed2d\" data-id=\"eb3ed2d\" data-element_type=\"column\" data-e-type=\"column\" data-settings=\"{&quot;background_background&quot;:&quot;classic&quot;}\">\n\t\t\t<div class=\"elementor-widget-wrap\">\n\t\t\t\t\t<div class=\"elementor-background-overlay\"><\/div>\n\t\t\t\t\t\t\t<\/div>\n\t\t<\/div>\n\t\t\t\t<div class=\"elementor-column elementor-col-25 elementor-inner-column elementor-element elementor-element-922fd20\" data-id=\"922fd20\" data-element_type=\"column\" data-e-type=\"column\" data-settings=\"{&quot;background_background&quot;:&quot;classic&quot;}\">\n\t\t\t<div class=\"elementor-widget-wrap\">\n\t\t\t\t\t<div class=\"elementor-background-overlay\"><\/div>\n\t\t\t\t\t\t\t<\/div>\n\t\t<\/div>\n\t\t\t\t<div class=\"elementor-column elementor-col-25 elementor-inner-column elementor-element elementor-element-99da0ab\" data-id=\"99da0ab\" data-element_type=\"column\" data-e-type=\"column\" data-settings=\"{&quot;background_background&quot;:&quot;classic&quot;}\">\n\t\t\t<div class=\"elementor-widget-wrap\">\n\t\t\t\t\t<div class=\"elementor-background-overlay\"><\/div>\n\t\t\t\t\t\t\t<\/div>\n\t\t<\/div>\n\t\t\t\t\t<\/div>\n\t\t<\/section>\n\t\t\t\t<div class=\"elementor-element elementor-element-3afa112 elementor-widget elementor-widget-text-editor\" data-id=\"3afa112\" data-element_type=\"widget\" data-e-type=\"widget\" data-widget_type=\"text-editor.default\">\n\t\t\t\t<div class=\"elementor-widget-container\">\n\t\t\t\t\t\t\t\t\t<p><strong><span style=\"color: #1e3440;\">Reserva o equipamento <span style=\"color: #3ac4bb;\"><a style=\"color: #3ac4bb;\" href=\"https:\/\/farosurfrentals.com\/\" target=\"_blank\" rel=\"noopener\">aqui<\/a><\/span><\/span><\/strong><\/p>\n\t\t\t\t\t\t\t\t<\/div>\n\t\t\t\t<\/div>\n\t\t\t\t\t<\/div>\n\t\t<\/div>\n\t\t\t\t\t<\/div>\n\t\t<\/section>\n\t\t\t\t<\/div>\n\t\t","protected":false},"excerpt":{"rendered":"<p>Aluguer de cadeiras para crian\u00e7as Aluga uma cadeira de crian\u00e7a connosco! A nossa cadeira de crian\u00e7a \u00e9 fixada de forma segura com um cinto de seguran\u00e7a de 3 pontos e \u00e9 adequada para crian\u00e7as com peso entre 9 e 36 kg. Podes alugar uma cadeira de crian\u00e7a: &#8211; Juntamente com a tua reserva de campervan\/tenda.&#8211; [&hellip;]<\/p>\n","protected":false},"author":1,"featured_media":0,"parent":6336,"menu_order":0,"comment_status":"closed","ping_status":"closed","template":"elementor_header_footer","meta":{"footnotes":""},"class_list":["post-6442","page","type-page","status-publish","hentry"],"aioseo_notices":[],"_links":{"self":[{"href":"https:\/\/oceancamper.com\/pt-pt\/wp-json\/wp\/v2\/pages\/6442","targetHints":{"allow":["GET"]}}],"collection":[{"href":"https:\/\/oceancamper.com\/pt-pt\/wp-json\/wp\/v2\/pages"}],"about":[{"href":"https:\/\/oceancamper.com\/pt-pt\/wp-json\/wp\/v2\/types\/page"}],"author":[{"embeddable":true,"href":"https:\/\/oceancamper.com\/pt-pt\/wp-json\/wp\/v2\/users\/1"}],"replies":[{"embeddable":true,"href":"https:\/\/oceancamper.com\/pt-pt\/wp-json\/wp\/v2\/comments?post=6442"}],"version-history":[{"count":5,"href":"https:\/\/oceancamper.com\/pt-pt\/wp-json\/wp\/v2\/pages\/6442\/revisions"}],"predecessor-version":[{"id":137274,"href":"https:\/\/oceancamper.com\/pt-pt\/wp-json\/wp\/v2\/pages\/6442\/revisions\/137274"}],"up":[{"embeddable":true,"href":"https:\/\/oceancamper.com\/pt-pt\/wp-json\/wp\/v2\/pages\/6336"}],"wp:attachment":[{"href":"https:\/\/oceancamper.com\/pt-pt\/wp-json\/wp\/v2\/media?parent=6442"}],"curies":[{"name":"wp","href":"https:\/\/api.w.org\/{rel}","templated":true}]}}