{"id":6436,"date":"2022-02-16T19:59:03","date_gmt":"2022-02-16T19:59:03","guid":{"rendered":"https:\/\/oceancamper.com\/extras\/conjunto-de-snorkel\/"},"modified":"2025-06-30T16:21:25","modified_gmt":"2025-06-30T16:21:25","slug":"conjunto-de-snorkel","status":"publish","type":"page","link":"https:\/\/oceancamper.com\/pt-pt\/extras\/conjunto-de-snorkel\/","title":{"rendered":"Conjunto de snorkel"},"content":{"rendered":"\t\t<div data-elementor-type=\"wp-page\" data-elementor-id=\"6436\" class=\"elementor elementor-6436 elementor-2842\" data-elementor-post-type=\"page\">\n\t\t\t\t\t\t<section class=\"elementor-section elementor-top-section elementor-element elementor-element-4b6dc2c elementor-section-height-min-height elementor-section-stretched elementor-section-content-middle elementor-section-boxed elementor-section-height-default elementor-section-items-middle\" data-id=\"4b6dc2c\" data-element_type=\"section\" data-e-type=\"section\" data-settings=\"{&quot;stretch_section&quot;:&quot;section-stretched&quot;,&quot;background_background&quot;:&quot;gradient&quot;}\">\n\t\t\t\t\t\t<div class=\"elementor-container elementor-column-gap-default\">\n\t\t\t\t\t<div class=\"elementor-column elementor-col-100 elementor-top-column elementor-element elementor-element-afc770d\" data-id=\"afc770d\" data-element_type=\"column\" data-e-type=\"column\">\n\t\t\t<div class=\"elementor-widget-wrap elementor-element-populated\">\n\t\t\t\t\t\t<div class=\"elementor-element elementor-element-8635fac elementor-widget elementor-widget-heading\" data-id=\"8635fac\" data-element_type=\"widget\" data-e-type=\"widget\" data-widget_type=\"heading.default\">\n\t\t\t\t<div class=\"elementor-widget-container\">\n\t\t\t\t\t<h1 class=\"elementor-heading-title elementor-size-default\">Aluguer de Conjunto de Snorkeling<\/h1>\t\t\t\t<\/div>\n\t\t\t\t<\/div>\n\t\t\t\t\t<\/div>\n\t\t<\/div>\n\t\t\t\t\t<\/div>\n\t\t<\/section>\n\t\t\t\t<section class=\"elementor-section elementor-top-section elementor-element elementor-element-d4d9b27 elementor-section-stretched elementor-section-boxed elementor-section-height-default elementor-section-height-default\" data-id=\"d4d9b27\" data-element_type=\"section\" data-e-type=\"section\" data-settings=\"{&quot;stretch_section&quot;:&quot;section-stretched&quot;,&quot;background_background&quot;:&quot;classic&quot;}\">\n\t\t\t\t\t\t<div class=\"elementor-container elementor-column-gap-default\">\n\t\t\t\t\t<div class=\"elementor-column elementor-col-100 elementor-top-column elementor-element elementor-element-09a8416\" data-id=\"09a8416\" data-element_type=\"column\" data-e-type=\"column\">\n\t\t\t<div class=\"elementor-widget-wrap elementor-element-populated\">\n\t\t\t\t\t\t<div class=\"elementor-element elementor-element-61ece62 elementor-widget elementor-widget-text-editor\" data-id=\"61ece62\" data-element_type=\"widget\" data-e-type=\"widget\" data-widget_type=\"text-editor.default\">\n\t\t\t\t<div class=\"elementor-widget-container\">\n\t\t\t\t\t\t\t\t\tA costa algarvia est\u00e1 repleta de fal\u00e9sias e grutas, condi\u00e7\u00f5es perfeitas para descobrires o mundo subaqu\u00e1tico. Podes ver muitos peixes, lulas e outras criaturas aqu\u00e1ticas. Esta oferta \u00e9 perfeitamente combinada com as nossas pranchas de stand-up paddle. Consulta o nosso <span style=\"color: #3ac4bb;\"><a style=\"color: #3ac4bb;\" href=\"https:\/\/oceancamper.com\/pt-pt\/blogue\/\" target=\"_blank\" rel=\"noopener\">Surf &amp; Camp<\/a><\/span> onde est\u00e3o os melhores locais para fazeres snorkel no Sul de Portugal.   \t\t\t\t\t\t\t\t<\/div>\n\t\t\t\t<\/div>\n\t\t\t\t<div class=\"elementor-element elementor-element-88c5085 elementor-widget elementor-widget-text-editor\" data-id=\"88c5085\" data-element_type=\"widget\" data-e-type=\"widget\" data-widget_type=\"text-editor.default\">\n\t\t\t\t<div class=\"elementor-widget-container\">\n\t\t\t\t\t\t\t\t\t<strong><span style=\"color: #1e3440;\">O conjunto de snorkelling inclui:\n<\/span><\/strong>\t\t\t\t\t\t\t\t<\/div>\n\t\t\t\t<\/div>\n\t\t\t\t<div class=\"elementor-element elementor-element-2bab91a elementor-widget elementor-widget-text-editor\" data-id=\"2bab91a\" data-element_type=\"widget\" data-e-type=\"widget\" data-widget_type=\"text-editor.default\">\n\t\t\t\t<div class=\"elementor-widget-container\">\n\t\t\t\t\t\t\t\t\t&#8211; \u00d3culos de prote\u00e7\u00e3o\n<br>&#8211; Tubo de snorkel\n<br>&#8211; Barbatanas\/palmilhas (tamanho do cal\u00e7ado: 37-38, 39-42, 43-45)\t\t\t\t\t\t\t\t<\/div>\n\t\t\t\t<\/div>\n\t\t\t\t<section class=\"elementor-section elementor-inner-section elementor-element elementor-element-35b33b2 elementor-section-boxed elementor-section-height-default elementor-section-height-default elementor-invisible\" data-id=\"35b33b2\" data-element_type=\"section\" data-e-type=\"section\" data-settings=\"{&quot;animation&quot;:&quot;fadeInUp&quot;}\">\n\t\t\t\t\t\t<div class=\"elementor-container elementor-column-gap-default\">\n\t\t\t\t\t<div class=\"elementor-column elementor-col-25 elementor-inner-column elementor-element elementor-element-e6d5c3f\" data-id=\"e6d5c3f\" data-element_type=\"column\" data-e-type=\"column\" data-settings=\"{&quot;background_background&quot;:&quot;classic&quot;}\">\n\t\t\t<div class=\"elementor-widget-wrap elementor-element-populated\">\n\t\t\t\t\t<div class=\"elementor-background-overlay\"><\/div>\n\t\t\t\t\t\t<div class=\"elementor-element elementor-element-15b3a98 elementor-widget elementor-widget-image\" data-id=\"15b3a98\" data-element_type=\"widget\" data-e-type=\"widget\" data-widget_type=\"image.default\">\n\t\t\t\t<div class=\"elementor-widget-container\">\n\t\t\t\t\t\t\t\t\t\t\t\t\t\t\t<img fetchpriority=\"high\" decoding=\"async\" width=\"1600\" height=\"1066\" src=\"https:\/\/oceancamper.com\/wp-content\/uploads\/2025\/06\/Snorkle-set-min.jpg\" class=\"attachment-full size-full wp-image-183060\" alt=\"Conjunto de snorkel\" srcset=\"https:\/\/oceancamper.com\/wp-content\/uploads\/2025\/06\/Snorkle-set-min.jpg 1600w, https:\/\/oceancamper.com\/wp-content\/uploads\/2025\/06\/Snorkle-set-min-300x200.jpg 300w, https:\/\/oceancamper.com\/wp-content\/uploads\/2025\/06\/Snorkle-set-min-1024x682.jpg 1024w, https:\/\/oceancamper.com\/wp-content\/uploads\/2025\/06\/Snorkle-set-min-768x512.jpg 768w, https:\/\/oceancamper.com\/wp-content\/uploads\/2025\/06\/Snorkle-set-min-1536x1023.jpg 1536w, https:\/\/oceancamper.com\/wp-content\/uploads\/2025\/06\/Snorkle-set-min-240x160.jpg 240w\" sizes=\"(max-width: 1600px) 100vw, 1600px\" \/>\t\t\t\t\t\t\t\t\t\t\t\t\t\t\t<\/div>\n\t\t\t\t<\/div>\n\t\t\t\t<div class=\"elementor-element elementor-element-96dfcac elementor-widget elementor-widget-text-editor\" data-id=\"96dfcac\" data-element_type=\"widget\" data-e-type=\"widget\" data-widget_type=\"text-editor.default\">\n\t\t\t\t<div class=\"elementor-widget-container\">\n\t\t\t\t\t\t\t\t\t<strong>Conjunto de Snorkeling<\/strong>\t\t\t\t\t\t\t\t<\/div>\n\t\t\t\t<\/div>\n\t\t\t\t\t<\/div>\n\t\t<\/div>\n\t\t\t\t<div class=\"elementor-column elementor-col-25 elementor-inner-column elementor-element elementor-element-07a78f0\" data-id=\"07a78f0\" data-element_type=\"column\" data-e-type=\"column\" data-settings=\"{&quot;background_background&quot;:&quot;classic&quot;}\">\n\t\t\t<div class=\"elementor-widget-wrap elementor-element-populated\">\n\t\t\t\t\t<div class=\"elementor-background-overlay\"><\/div>\n\t\t\t\t\t\t\t<\/div>\n\t\t<\/div>\n\t\t\t\t<div class=\"elementor-column elementor-col-25 elementor-inner-column elementor-element elementor-element-076e550\" data-id=\"076e550\" data-element_type=\"column\" data-e-type=\"column\" data-settings=\"{&quot;background_background&quot;:&quot;classic&quot;}\">\n\t\t\t<div class=\"elementor-widget-wrap\">\n\t\t\t\t\t<div class=\"elementor-background-overlay\"><\/div>\n\t\t\t\t\t\t\t<\/div>\n\t\t<\/div>\n\t\t\t\t<div class=\"elementor-column elementor-col-25 elementor-inner-column elementor-element elementor-element-3ee071b\" data-id=\"3ee071b\" data-element_type=\"column\" data-e-type=\"column\" data-settings=\"{&quot;background_background&quot;:&quot;classic&quot;}\">\n\t\t\t<div class=\"elementor-widget-wrap\">\n\t\t\t\t\t<div class=\"elementor-background-overlay\"><\/div>\n\t\t\t\t\t\t\t<\/div>\n\t\t<\/div>\n\t\t\t\t\t<\/div>\n\t\t<\/section>\n\t\t\t\t<div class=\"elementor-element elementor-element-5e27da3 elementor-widget elementor-widget-text-editor\" data-id=\"5e27da3\" data-element_type=\"widget\" data-e-type=\"widget\" data-widget_type=\"text-editor.default\">\n\t\t\t\t<div class=\"elementor-widget-container\">\n\t\t\t\t\t\t\t\t\t<strong><span style=\"color: #1e3440;\">Reserva o equipamento <span style=\"color: #3ac4bb;\"><a style=\"color: #3ac4bb;\" href=\"https:\/\/farosurfrentals.com\/\" target=\"_blank\" rel=\"noopener\">aqui<\/a><\/span><\/span><\/strong>\t\t\t\t\t\t\t\t<\/div>\n\t\t\t\t<\/div>\n\t\t\t\t\t<\/div>\n\t\t<\/div>\n\t\t\t\t\t<\/div>\n\t\t<\/section>\n\t\t\t\t<\/div>\n\t\t","protected":false},"excerpt":{"rendered":"<p>Aluguer de Conjunto de Snorkeling A costa algarvia est\u00e1 repleta de fal\u00e9sias e grutas, condi\u00e7\u00f5es perfeitas para descobrires o mundo subaqu\u00e1tico. Podes ver muitos peixes, lulas e outras criaturas aqu\u00e1ticas. Esta oferta \u00e9 perfeitamente combinada com as nossas pranchas de stand-up paddle. Consulta o nosso Surf &amp; Camp onde est\u00e3o os melhores locais para fazeres [&hellip;]<\/p>\n","protected":false},"author":1,"featured_media":0,"parent":6336,"menu_order":0,"comment_status":"closed","ping_status":"closed","template":"elementor_header_footer","meta":{"footnotes":""},"class_list":["post-6436","page","type-page","status-publish","hentry"],"aioseo_notices":[],"_links":{"self":[{"href":"https:\/\/oceancamper.com\/pt-pt\/wp-json\/wp\/v2\/pages\/6436","targetHints":{"allow":["GET"]}}],"collection":[{"href":"https:\/\/oceancamper.com\/pt-pt\/wp-json\/wp\/v2\/pages"}],"about":[{"href":"https:\/\/oceancamper.com\/pt-pt\/wp-json\/wp\/v2\/types\/page"}],"author":[{"embeddable":true,"href":"https:\/\/oceancamper.com\/pt-pt\/wp-json\/wp\/v2\/users\/1"}],"replies":[{"embeddable":true,"href":"https:\/\/oceancamper.com\/pt-pt\/wp-json\/wp\/v2\/comments?post=6436"}],"version-history":[{"count":2,"href":"https:\/\/oceancamper.com\/pt-pt\/wp-json\/wp\/v2\/pages\/6436\/revisions"}],"predecessor-version":[{"id":183684,"href":"https:\/\/oceancamper.com\/pt-pt\/wp-json\/wp\/v2\/pages\/6436\/revisions\/183684"}],"up":[{"embeddable":true,"href":"https:\/\/oceancamper.com\/pt-pt\/wp-json\/wp\/v2\/pages\/6336"}],"wp:attachment":[{"href":"https:\/\/oceancamper.com\/pt-pt\/wp-json\/wp\/v2\/media?parent=6436"}],"curies":[{"name":"wp","href":"https:\/\/api.w.org\/{rel}","templated":true}]}}