{"id":6317,"date":"2022-02-19T16:02:57","date_gmt":"2022-02-19T16:02:57","guid":{"rendered":"https:\/\/oceancamper.com\/sobre-nos\/"},"modified":"2025-12-13T10:34:13","modified_gmt":"2025-12-13T10:34:13","slug":"sobre-nos","status":"publish","type":"page","link":"https:\/\/oceancamper.com\/pt-pt\/sobre-nos\/","title":{"rendered":"Sobre N\u00f3s"},"content":{"rendered":"\t\t<div data-elementor-type=\"wp-page\" data-elementor-id=\"6317\" class=\"elementor elementor-6317 elementor-3544\" data-elementor-post-type=\"page\">\n\t\t\t\t\t\t<section class=\"elementor-section elementor-top-section elementor-element elementor-element-06ff706 elementor-section-height-min-height elementor-section-stretched elementor-section-boxed elementor-section-height-default elementor-section-items-middle\" data-id=\"06ff706\" data-element_type=\"section\" data-e-type=\"section\" data-settings=\"{&quot;stretch_section&quot;:&quot;section-stretched&quot;,&quot;background_background&quot;:&quot;classic&quot;}\">\n\t\t\t\t\t\t\t<div class=\"elementor-background-overlay\"><\/div>\n\t\t\t\t\t\t\t<div class=\"elementor-container elementor-column-gap-default\">\n\t\t\t\t\t<div class=\"elementor-column elementor-col-100 elementor-top-column elementor-element elementor-element-4bab319\" data-id=\"4bab319\" data-element_type=\"column\" data-e-type=\"column\">\n\t\t\t<div class=\"elementor-widget-wrap elementor-element-populated\">\n\t\t\t\t\t\t<div class=\"elementor-element elementor-element-5b55f62 elementor-widget elementor-widget-heading\" data-id=\"5b55f62\" data-element_type=\"widget\" data-e-type=\"widget\" data-widget_type=\"heading.default\">\n\t\t\t\t<div class=\"elementor-widget-container\">\n\t\t\t\t\t<h1 class=\"elementor-heading-title elementor-size-default\">Sobre N\u00f3s<\/h1>\t\t\t\t<\/div>\n\t\t\t\t<\/div>\n\t\t\t\t\t<\/div>\n\t\t<\/div>\n\t\t\t\t\t<\/div>\n\t\t<\/section>\n\t\t\t\t<section class=\"elementor-section elementor-top-section elementor-element elementor-element-84e9ce1 elementor-section-stretched elementor-section-boxed elementor-section-height-default elementor-section-height-default\" data-id=\"84e9ce1\" data-element_type=\"section\" data-e-type=\"section\" data-settings=\"{&quot;stretch_section&quot;:&quot;section-stretched&quot;,&quot;background_background&quot;:&quot;classic&quot;}\">\n\t\t\t\t\t\t<div class=\"elementor-container elementor-column-gap-default\">\n\t\t\t\t\t<div class=\"elementor-column elementor-col-100 elementor-top-column elementor-element elementor-element-6790886\" data-id=\"6790886\" data-element_type=\"column\" data-e-type=\"column\">\n\t\t\t<div class=\"elementor-widget-wrap elementor-element-populated\">\n\t\t\t\t\t\t<section class=\"elementor-section elementor-inner-section elementor-element elementor-element-ff6cfc3 elementor-section-boxed elementor-section-height-default elementor-section-height-default\" data-id=\"ff6cfc3\" data-element_type=\"section\" data-e-type=\"section\">\n\t\t\t\t\t\t<div class=\"elementor-container elementor-column-gap-default\">\n\t\t\t\t\t<div class=\"elementor-column elementor-col-100 elementor-inner-column elementor-element elementor-element-6cc824b\" data-id=\"6cc824b\" data-element_type=\"column\" data-e-type=\"column\">\n\t\t\t<div class=\"elementor-widget-wrap elementor-element-populated\">\n\t\t\t\t\t\t<div class=\"elementor-element elementor-element-97a1f2a elementor-widget elementor-widget-heading\" data-id=\"97a1f2a\" data-element_type=\"widget\" data-e-type=\"widget\" data-widget_type=\"heading.default\">\n\t\t\t\t<div class=\"elementor-widget-container\">\n\t\t\t\t\t<h2 class=\"elementor-heading-title elementor-size-default\">Sobre a OceanCamper\u00ae<\/h2>\t\t\t\t<\/div>\n\t\t\t\t<\/div>\n\t\t\t\t<div class=\"elementor-element elementor-element-b9079e8 elementor-widget elementor-widget-text-editor\" data-id=\"b9079e8\" data-element_type=\"widget\" data-e-type=\"widget\" data-widget_type=\"text-editor.default\">\n\t\t\t\t<div class=\"elementor-widget-container\">\n\t\t\t\t\t\t\t\t\tA nossa miss\u00e3o \u00e9 proporcionar-te uma experi\u00eancia de campismo descontra\u00edda e inesquec\u00edvel em Portugal, com equipamento de campismo simples e funcional a um pre\u00e7o justo.\t\t\t\t\t\t\t\t<\/div>\n\t\t\t\t<\/div>\n\t\t\t\t\t<\/div>\n\t\t<\/div>\n\t\t\t\t\t<\/div>\n\t\t<\/section>\n\t\t\t\t<section class=\"elementor-section elementor-inner-section elementor-element elementor-element-2f96600 elementor-section-content-middle elementor-section-boxed elementor-section-height-default elementor-section-height-default elementor-invisible\" data-id=\"2f96600\" data-element_type=\"section\" data-e-type=\"section\" data-settings=\"{&quot;animation&quot;:&quot;fadeInUp&quot;}\">\n\t\t\t\t\t\t<div class=\"elementor-container elementor-column-gap-default\">\n\t\t\t\t\t<div class=\"elementor-column elementor-col-100 elementor-inner-column elementor-element elementor-element-38afab1 elementor-invisible\" data-id=\"38afab1\" data-element_type=\"column\" data-e-type=\"column\" data-settings=\"{&quot;background_background&quot;:&quot;classic&quot;,&quot;animation&quot;:&quot;fadeIn&quot;}\">\n\t\t\t<div class=\"elementor-widget-wrap elementor-element-populated\">\n\t\t\t\t\t<div class=\"elementor-background-overlay\"><\/div>\n\t\t\t\t\t\t<div class=\"elementor-element elementor-element-8995b9d elementor-widget elementor-widget-heading\" data-id=\"8995b9d\" data-element_type=\"widget\" data-e-type=\"widget\" data-widget_type=\"heading.default\">\n\t\t\t\t<div class=\"elementor-widget-container\">\n\t\t\t\t\t<h4 class=\"elementor-heading-title elementor-size-default\">A Nossa Oferta<\/h4>\t\t\t\t<\/div>\n\t\t\t\t<\/div>\n\t\t\t\t<div class=\"elementor-element elementor-element-0904f25 elementor-widget elementor-widget-text-editor\" data-id=\"0904f25\" data-element_type=\"widget\" data-e-type=\"widget\" data-widget_type=\"text-editor.default\">\n\t\t\t\t<div class=\"elementor-widget-container\">\n\t\t\t\t\t\t\t\t\t<ul><li>Pequenas <a href=\"https:\/\/oceancamper.com\/pt-pt\/mini-autocaravanas\/\">autocaravanas<\/a>, <a href=\"https:\/\/oceancamper.com\/pt-pt\/aluguer-de-tendas\/\">tendas<\/a> e equipamento de campismo.<\/li><li>Surf, pranchas de SUP, snorkel e <a href=\"https:\/\/oceancamper.com\/pt-pt\/extras\/\">equipamento desportivo<\/a>.<\/li><li>Aconselhamento de rota adequado aos seus hobbies e interesses.<\/li><\/ul><p>Queremos partilhar contigo um dos locais mais belos da Europa, com um clima solarango, uma <a href=\"\/camping-rules-in-portugal\/\">experi\u00eancia de campismo<\/a> segura, uma <a href=\"https:\/\/oceancamper.com\/pt-pt\/gastronomia-portuguesa\/\">gastronomia deliciosa<\/a>, e a divers\u00e3o dos desportos aqu\u00e1ticos no Atl\u00e2ntico.<\/p>\t\t\t\t\t\t\t\t<\/div>\n\t\t\t\t<\/div>\n\t\t\t\t\t<\/div>\n\t\t<\/div>\n\t\t\t\t\t<\/div>\n\t\t<\/section>\n\t\t\t\t<section class=\"elementor-section elementor-inner-section elementor-element elementor-element-da9624a elementor-section-content-middle elementor-section-boxed elementor-section-height-default elementor-section-height-default elementor-invisible\" data-id=\"da9624a\" data-element_type=\"section\" data-e-type=\"section\" data-settings=\"{&quot;animation&quot;:&quot;fadeInUp&quot;}\">\n\t\t\t\t\t\t<div class=\"elementor-container elementor-column-gap-default\">\n\t\t\t\t\t<div class=\"elementor-column elementor-col-50 elementor-inner-column elementor-element elementor-element-8e1c676 elementor-invisible\" data-id=\"8e1c676\" data-element_type=\"column\" data-e-type=\"column\" data-settings=\"{&quot;animation&quot;:&quot;fadeInLeft&quot;}\">\n\t\t\t<div class=\"elementor-widget-wrap elementor-element-populated\">\n\t\t\t\t\t\t<div class=\"elementor-element elementor-element-b3b6e82 elementor-widget elementor-widget-image\" data-id=\"b3b6e82\" data-element_type=\"widget\" data-e-type=\"widget\" data-widget_type=\"image.default\">\n\t\t\t\t<div class=\"elementor-widget-container\">\n\t\t\t\t\t\t\t\t\t\t\t\t\t\t\t<img fetchpriority=\"high\" decoding=\"async\" width=\"1100\" height=\"825\" src=\"https:\/\/oceancamper.com\/wp-content\/uploads\/2022\/02\/Environmental-Awareness-min-1.jpg\" class=\"attachment-full size-full wp-image-5460\" alt=\"Consci\u00eancia Ambiental\" srcset=\"https:\/\/oceancamper.com\/wp-content\/uploads\/2022\/02\/Environmental-Awareness-min-1.jpg 1100w, https:\/\/oceancamper.com\/wp-content\/uploads\/2022\/02\/Environmental-Awareness-min-1-300x225.jpg 300w, https:\/\/oceancamper.com\/wp-content\/uploads\/2022\/02\/Environmental-Awareness-min-1-1024x768.jpg 1024w, https:\/\/oceancamper.com\/wp-content\/uploads\/2022\/02\/Environmental-Awareness-min-1-768x576.jpg 768w\" sizes=\"(max-width: 1100px) 100vw, 1100px\" \/>\t\t\t\t\t\t\t\t\t\t\t\t\t\t\t<\/div>\n\t\t\t\t<\/div>\n\t\t\t\t\t<\/div>\n\t\t<\/div>\n\t\t\t\t<div class=\"elementor-column elementor-col-50 elementor-inner-column elementor-element elementor-element-ea13368 elementor-invisible\" data-id=\"ea13368\" data-element_type=\"column\" data-e-type=\"column\" data-settings=\"{&quot;background_background&quot;:&quot;classic&quot;,&quot;animation&quot;:&quot;fadeInRight&quot;}\">\n\t\t\t<div class=\"elementor-widget-wrap elementor-element-populated\">\n\t\t\t\t\t<div class=\"elementor-background-overlay\"><\/div>\n\t\t\t\t\t\t<div class=\"elementor-element elementor-element-0fdd138 elementor-widget elementor-widget-heading\" data-id=\"0fdd138\" data-element_type=\"widget\" data-e-type=\"widget\" data-widget_type=\"heading.default\">\n\t\t\t\t<div class=\"elementor-widget-container\">\n\t\t\t\t\t<h4 class=\"elementor-heading-title elementor-size-default\">Consci\u00eancia Ambiental<\/h4>\t\t\t\t<\/div>\n\t\t\t\t<\/div>\n\t\t\t\t<div class=\"elementor-element elementor-element-acdf564 elementor-widget elementor-widget-text-editor\" data-id=\"acdf564\" data-element_type=\"widget\" data-e-type=\"widget\" data-widget_type=\"text-editor.default\">\n\t\t\t\t<div class=\"elementor-widget-container\">\n\t\t\t\t\t\t\t\t\t<p>Pretendemos <strong>proteger o meio ambiente<\/strong> reduzindo o material de pl\u00e1stico e fornecendo detergentes, sabonetes e champ\u00f4s biodegrad\u00e1veis.<\/p>\t\t\t\t\t\t\t\t<\/div>\n\t\t\t\t<\/div>\n\t\t\t\t\t<\/div>\n\t\t<\/div>\n\t\t\t\t\t<\/div>\n\t\t<\/section>\n\t\t\t\t<section class=\"elementor-section elementor-inner-section elementor-element elementor-element-e9791f7 elementor-section-content-middle elementor-reverse-mobile elementor-section-boxed elementor-section-height-default elementor-section-height-default elementor-invisible\" data-id=\"e9791f7\" data-element_type=\"section\" data-e-type=\"section\" data-settings=\"{&quot;animation&quot;:&quot;fadeInUp&quot;}\">\n\t\t\t\t\t\t<div class=\"elementor-container elementor-column-gap-default\">\n\t\t\t\t\t<div class=\"elementor-column elementor-col-50 elementor-inner-column elementor-element elementor-element-4240c4e elementor-invisible\" data-id=\"4240c4e\" data-element_type=\"column\" data-e-type=\"column\" data-settings=\"{&quot;background_background&quot;:&quot;classic&quot;,&quot;animation&quot;:&quot;fadeInLeft&quot;}\">\n\t\t\t<div class=\"elementor-widget-wrap elementor-element-populated\">\n\t\t\t\t\t<div class=\"elementor-background-overlay\"><\/div>\n\t\t\t\t\t\t<div class=\"elementor-element elementor-element-0da28e0 elementor-widget elementor-widget-heading\" data-id=\"0da28e0\" data-element_type=\"widget\" data-e-type=\"widget\" data-widget_type=\"heading.default\">\n\t\t\t\t<div class=\"elementor-widget-container\">\n\t\t\t\t\t<h4 class=\"elementor-heading-title elementor-size-default\">Campismo F\u00e1cil<\/h4>\t\t\t\t<\/div>\n\t\t\t\t<\/div>\n\t\t\t\t<div class=\"elementor-element elementor-element-68a7f44 elementor-widget elementor-widget-text-editor\" data-id=\"68a7f44\" data-element_type=\"widget\" data-e-type=\"widget\" data-widget_type=\"text-editor.default\">\n\t\t\t\t<div class=\"elementor-widget-container\">\n\t\t\t\t\t\t\t\t\tPequeno, \u00e1gil e eficiente ao n\u00edvel do combust\u00edvel. As nossas autocaravanas s\u00e3o ideais para quem gosta de acampar com facilidade.\t\t\t\t\t\t\t\t<\/div>\n\t\t\t\t<\/div>\n\t\t\t\t\t<\/div>\n\t\t<\/div>\n\t\t\t\t<div class=\"elementor-column elementor-col-50 elementor-inner-column elementor-element elementor-element-787dddf elementor-invisible\" data-id=\"787dddf\" data-element_type=\"column\" data-e-type=\"column\" data-settings=\"{&quot;animation&quot;:&quot;fadeInRight&quot;}\">\n\t\t\t<div class=\"elementor-widget-wrap elementor-element-populated\">\n\t\t\t\t\t\t<div class=\"elementor-element elementor-element-4c73cbb elementor-widget elementor-widget-image\" data-id=\"4c73cbb\" data-element_type=\"widget\" data-e-type=\"widget\" data-widget_type=\"image.default\">\n\t\t\t\t<div class=\"elementor-widget-container\">\n\t\t\t\t\t\t\t\t\t\t\t\t\t\t\t<img decoding=\"async\" width=\"1024\" height=\"768\" src=\"https:\/\/oceancamper.com\/wp-content\/uploads\/2022\/02\/easy-camping-min.jpg\" class=\"attachment-full size-full wp-image-5462\" alt=\"Consci\u00eancia Ambiental\" srcset=\"https:\/\/oceancamper.com\/wp-content\/uploads\/2022\/02\/easy-camping-min.jpg 1024w, https:\/\/oceancamper.com\/wp-content\/uploads\/2022\/02\/easy-camping-min-300x225.jpg 300w, https:\/\/oceancamper.com\/wp-content\/uploads\/2022\/02\/easy-camping-min-768x576.jpg 768w\" sizes=\"(max-width: 1024px) 100vw, 1024px\" \/>\t\t\t\t\t\t\t\t\t\t\t\t\t\t\t<\/div>\n\t\t\t\t<\/div>\n\t\t\t\t\t<\/div>\n\t\t<\/div>\n\t\t\t\t\t<\/div>\n\t\t<\/section>\n\t\t\t\t<section class=\"elementor-section elementor-inner-section elementor-element elementor-element-a9cd354 elementor-section-content-middle elementor-section-boxed elementor-section-height-default elementor-section-height-default elementor-invisible\" data-id=\"a9cd354\" data-element_type=\"section\" data-e-type=\"section\" data-settings=\"{&quot;animation&quot;:&quot;fadeInUp&quot;}\">\n\t\t\t\t\t\t<div class=\"elementor-container elementor-column-gap-default\">\n\t\t\t\t\t<div class=\"elementor-column elementor-col-100 elementor-inner-column elementor-element elementor-element-1a3ac2a elementor-invisible\" data-id=\"1a3ac2a\" data-element_type=\"column\" data-e-type=\"column\" data-settings=\"{&quot;background_background&quot;:&quot;classic&quot;,&quot;animation&quot;:&quot;fadeInUp&quot;}\">\n\t\t\t<div class=\"elementor-widget-wrap elementor-element-populated\">\n\t\t\t\t\t<div class=\"elementor-background-overlay\"><\/div>\n\t\t\t\t\t\t<div class=\"elementor-element elementor-element-1792cf4 elementor-widget elementor-widget-heading\" data-id=\"1792cf4\" data-element_type=\"widget\" data-e-type=\"widget\" data-widget_type=\"heading.default\">\n\t\t\t\t<div class=\"elementor-widget-container\">\n\t\t\t\t\t<h4 class=\"elementor-heading-title elementor-size-default\">Acampamento Verde com o Downsizing\n<\/h4>\t\t\t\t<\/div>\n\t\t\t\t<\/div>\n\t\t\t\t<div class=\"elementor-element elementor-element-e081bdd elementor-widget elementor-widget-text-editor\" data-id=\"e081bdd\" data-element_type=\"widget\" data-e-type=\"widget\" data-widget_type=\"text-editor.default\">\n\t\t\t\t<div class=\"elementor-widget-container\">\n\t\t\t\t\t\t\t\t\t<p>Como amantes da natureza e do oceano, melhorar a nossa pegada ambiental \u00e9 um sentimento presente e procuramos constantemente as formas mais ecol\u00f3gicas de acampar. <strong>O nosso objetivo chegar \u00e0 neutralidade carb\u00f3nica at\u00e9 2030.<\/strong> As nossas primeiras abordagens incluem:<\/p><ul><li>Usar apenas energia el\u00e9trica renov\u00e1vel para alimentar a nossa loja e e-mobilidade.<\/li><li>Usar apenas dispositivos el\u00e9tricos com alta efici\u00eancia energ\u00e9tica, como LEDs para ilumina\u00e7\u00e3o.<\/li><li>Reduzir a utiliza\u00e7\u00e3o de pl\u00e1stico sempre que poss\u00edvel (por exemplo, evitar material de cozinha em pl\u00e1stico).<\/li><li>Fornecer aos nossos h\u00f3spedes gel de banho, champ\u00f4 e detergente de loi\u00e7a biodegrad\u00e1veis.<\/li><li>Fornecer pequenas autocaravanas com baixo consumo de combust\u00edvel (5-7Lt\/100km).<\/li><\/ul><p>Esperamos que tu, como futuro h\u00f3spede, possas ajudar-nos fazendo pequenas a\u00e7\u00f5es para manter a natureza e os locais de acampamento o mais limpos poss\u00edvel.<\/p><p>Melhoramos constantemente a nossa pegada de CO2 e vamos manter-te informado. Se tens sugest\u00f5es para solu\u00e7\u00f5es ecol\u00f3gicas de campismo, por favor informa-nos atrav\u00e9s de info@oceancamper.com.<\/p>\t\t\t\t\t\t\t\t<\/div>\n\t\t\t\t<\/div>\n\t\t\t\t\t<\/div>\n\t\t<\/div>\n\t\t\t\t\t<\/div>\n\t\t<\/section>\n\t\t\t\t<section class=\"elementor-section elementor-inner-section elementor-element elementor-element-961f80f elementor-section-content-middle elementor-section-boxed elementor-section-height-default elementor-section-height-default elementor-invisible\" data-id=\"961f80f\" data-element_type=\"section\" data-e-type=\"section\" data-settings=\"{&quot;animation&quot;:&quot;fadeInUp&quot;}\">\n\t\t\t\t\t\t<div class=\"elementor-container elementor-column-gap-default\">\n\t\t\t\t\t<div class=\"elementor-column elementor-col-100 elementor-inner-column elementor-element elementor-element-7bad229 elementor-invisible\" data-id=\"7bad229\" data-element_type=\"column\" data-e-type=\"column\" data-settings=\"{&quot;background_background&quot;:&quot;classic&quot;,&quot;animation&quot;:&quot;fadeInUp&quot;}\">\n\t\t\t<div class=\"elementor-widget-wrap elementor-element-populated\">\n\t\t\t\t\t<div class=\"elementor-background-overlay\"><\/div>\n\t\t\t\t\t\t<div class=\"elementor-element elementor-element-fafc882 elementor-widget elementor-widget-heading\" data-id=\"fafc882\" data-element_type=\"widget\" data-e-type=\"widget\" data-widget_type=\"heading.default\">\n\t\t\t\t<div class=\"elementor-widget-container\">\n\t\t\t\t\t<h4 class=\"elementor-heading-title elementor-size-default\">A nossa filosofia<\/h4>\t\t\t\t<\/div>\n\t\t\t\t<\/div>\n\t\t\t\t<div class=\"elementor-element elementor-element-f92f24f elementor-widget elementor-widget-text-editor\" data-id=\"f92f24f\" data-element_type=\"widget\" data-e-type=\"widget\" data-widget_type=\"text-editor.default\">\n\t\t\t\t<div class=\"elementor-widget-container\">\n\t\t\t\t\t\t\t\t\t<span class=\"VIiyi\" lang=\"en\"><span class=\"JLqJ4b ChMk0b\" data-language-for-alternatives=\"en\" data-language-to-translate-into=\"auto\" data-phrase-index=\"0\">Somos justos, amig\u00e1veis e, acima de tudo, confi\u00e1veis.<\/span> <span class=\"JLqJ4b ChMk0b\" data-language-for-alternatives=\"en\" data-language-to-translate-into=\"auto\" data-phrase-index=\"1\">Adoramos partilhar com os nossos h\u00f3spedes tudo o que sabemos sobre campismo, locais, cidades e praias de interesse.<\/span> <span class=\"JLqJ4b ChMk0b\" data-language-for-alternatives=\"en\" data-language-to-translate-into=\"auto\" data-phrase-index=\"2\">Queremos proporcionar-te umas f\u00e9rias de campismo inesquec\u00edveis.<\/span> <span class=\"JLqJ4b ChMk0b\" data-language-for-alternatives=\"en\" data-language-to-translate-into=\"auto\" data-phrase-index=\"3\">E queremos que voltes com um sorriso e boas mem\u00f3rias.<\/span> <span class=\"JLqJ4b ChMk0b\" data-language-for-alternatives=\"en\" data-language-to-translate-into=\"auto\" data-phrase-index=\"4\">Trabalhamos muito para isso.<\/span><\/span>\t\t\t\t\t\t\t\t<\/div>\n\t\t\t\t<\/div>\n\t\t\t\t\t<\/div>\n\t\t<\/div>\n\t\t\t\t\t<\/div>\n\t\t<\/section>\n\t\t\t\t\t<\/div>\n\t\t<\/div>\n\t\t\t\t\t<\/div>\n\t\t<\/section>\n\t\t\t\t<section class=\"elementor-section elementor-top-section elementor-element elementor-element-9e0dac8 elementor-section-stretched elementor-section-boxed elementor-section-height-default elementor-section-height-default\" data-id=\"9e0dac8\" data-element_type=\"section\" data-e-type=\"section\" data-settings=\"{&quot;stretch_section&quot;:&quot;section-stretched&quot;,&quot;background_background&quot;:&quot;classic&quot;}\">\n\t\t\t\t\t\t<div class=\"elementor-container elementor-column-gap-default\">\n\t\t\t\t\t<div class=\"elementor-column elementor-col-100 elementor-top-column elementor-element elementor-element-a19e1d7\" data-id=\"a19e1d7\" data-element_type=\"column\" data-e-type=\"column\">\n\t\t\t<div class=\"elementor-widget-wrap elementor-element-populated\">\n\t\t\t\t\t\t<section class=\"elementor-section elementor-inner-section elementor-element elementor-element-5ff958f elementor-section-content-top elementor-section-boxed elementor-section-height-default elementor-section-height-default elementor-invisible\" data-id=\"5ff958f\" data-element_type=\"section\" data-e-type=\"section\" data-settings=\"{&quot;animation&quot;:&quot;fadeInUp&quot;}\">\n\t\t\t\t\t\t<div class=\"elementor-container elementor-column-gap-default\">\n\t\t\t\t\t<div class=\"elementor-column elementor-col-50 elementor-inner-column elementor-element elementor-element-78b70df elementor-invisible\" data-id=\"78b70df\" data-element_type=\"column\" data-e-type=\"column\" data-settings=\"{&quot;animation&quot;:&quot;fadeInLeft&quot;}\">\n\t\t\t<div class=\"elementor-widget-wrap elementor-element-populated\">\n\t\t\t\t\t\t<div class=\"elementor-element elementor-element-c45c33c elementor-widget elementor-widget-image\" data-id=\"c45c33c\" data-element_type=\"widget\" data-e-type=\"widget\" data-widget_type=\"image.default\">\n\t\t\t\t<div class=\"elementor-widget-container\">\n\t\t\t\t\t\t\t\t\t\t\t\t\t\t\t<img decoding=\"async\" width=\"1920\" height=\"2560\" src=\"https:\/\/oceancamper.com\/wp-content\/uploads\/2024\/10\/20221106_093404-scaled.jpg\" class=\"attachment-full size-full wp-image-137284\" alt=\"\" srcset=\"https:\/\/oceancamper.com\/wp-content\/uploads\/2024\/10\/20221106_093404-scaled.jpg 1920w, https:\/\/oceancamper.com\/wp-content\/uploads\/2024\/10\/20221106_093404-225x300.jpg 225w, https:\/\/oceancamper.com\/wp-content\/uploads\/2024\/10\/20221106_093404-768x1024.jpg 768w, https:\/\/oceancamper.com\/wp-content\/uploads\/2024\/10\/20221106_093404-1152x1536.jpg 1152w, https:\/\/oceancamper.com\/wp-content\/uploads\/2024\/10\/20221106_093404-1536x2048.jpg 1536w, https:\/\/oceancamper.com\/wp-content\/uploads\/2024\/10\/20221106_093404-135x180.jpg 135w\" sizes=\"(max-width: 1920px) 100vw, 1920px\" \/>\t\t\t\t\t\t\t\t\t\t\t\t\t\t\t<\/div>\n\t\t\t\t<\/div>\n\t\t\t\t\t<\/div>\n\t\t<\/div>\n\t\t\t\t<div class=\"elementor-column elementor-col-50 elementor-inner-column elementor-element elementor-element-2c87832 elementor-invisible\" data-id=\"2c87832\" data-element_type=\"column\" data-e-type=\"column\" data-settings=\"{&quot;background_background&quot;:&quot;classic&quot;,&quot;animation&quot;:&quot;fadeInRight&quot;}\">\n\t\t\t<div class=\"elementor-widget-wrap elementor-element-populated\">\n\t\t\t\t\t<div class=\"elementor-background-overlay\"><\/div>\n\t\t\t\t\t\t<div class=\"elementor-element elementor-element-891b02c elementor-widget elementor-widget-heading\" data-id=\"891b02c\" data-element_type=\"widget\" data-e-type=\"widget\" data-widget_type=\"heading.default\">\n\t\t\t\t<div class=\"elementor-widget-container\">\n\t\t\t\t\t<h4 class=\"elementor-heading-title elementor-size-default\">Como come\u00e7ou<\/h4>\t\t\t\t<\/div>\n\t\t\t\t<\/div>\n\t\t\t\t<div class=\"elementor-element elementor-element-6b2f959 elementor-widget elementor-widget-text-editor\" data-id=\"6b2f959\" data-element_type=\"widget\" data-e-type=\"widget\" data-widget_type=\"text-editor.default\">\n\t\t\t\t<div class=\"elementor-widget-container\">\n\t\t\t\t\t\t\t\t\t<p style=\"text-align: left;\">&#8220;Ol\u00e1! Chamo-me Nina. Sempre gostei de viajar e acampar de uma forma f\u00e1cil e econ\u00f3mica, enquanto desfrutava da beleza da natureza &#8211; praias, rios e lagos.  <\/p><p>Durante os meus tempos de estudante, arranjei a minha pr\u00f3pria autocaravana, o que me permitiu explorar todas as praias e vales da Costa Vicentina. Uma longa viagem de Faro \u00e0 Noruega fez-me apaixonar ainda mais pelo campismo.<\/p><p>Comecei a alugar o meu equipamento de campismo, pranchas de surf e a minha carrinha pessoal atrav\u00e9s da <a href=\"https:\/\/www.airbnb.de\/users\/147121665\/listings?user_id=147121665&amp;s=50\" target=\"_blank\" rel=\"noopener\">Airbnb, <\/a>e recebi um feedback fant\u00e1stico dos meus h\u00f3spedes, obtendo uma excelente classifica\u00e7\u00e3o de 4,9\/5 em 2018. Isto inspirou-me a lan\u00e7ar a minha pr\u00f3pria pequena empresa, NomadCanguru, Lda, e a marca OceanCamper\u00ae. Oferecemos campervans para duas pessoas, material de campismo e equipamento desportivo a pre\u00e7os justos. Agora tenho uma pequena equipa maravilhosa a trabalhar comigo nesta aventura emocionante!&#8221;<\/p><p style=\"text-align: right;\">Nina Solyukova Schulze<\/p><p> <\/p><p> <\/p>\t\t\t\t\t\t\t\t<\/div>\n\t\t\t\t<\/div>\n\t\t\t\t\t<\/div>\n\t\t<\/div>\n\t\t\t\t\t<\/div>\n\t\t<\/section>\n\t\t\t\t\t<\/div>\n\t\t<\/div>\n\t\t\t\t\t<\/div>\n\t\t<\/section>\n\t\t\t\t<\/div>\n\t\t","protected":false},"excerpt":{"rendered":"<p>Sobre N\u00f3s Sobre a OceanCamper\u00ae A nossa miss\u00e3o \u00e9 proporcionar-te uma experi\u00eancia de campismo descontra\u00edda e inesquec\u00edvel em Portugal, com equipamento de campismo simples e funcional a um pre\u00e7o justo. A Nossa Oferta Pequenas autocaravanas, tendas e equipamento de campismo. Surf, pranchas de SUP, snorkel e equipamento desportivo. Aconselhamento de rota adequado aos seus hobbies [&hellip;]<\/p>\n","protected":false},"author":1,"featured_media":0,"parent":0,"menu_order":0,"comment_status":"closed","ping_status":"closed","template":"elementor_header_footer","meta":{"footnotes":""},"class_list":["post-6317","page","type-page","status-publish","hentry"],"aioseo_notices":[],"_links":{"self":[{"href":"https:\/\/oceancamper.com\/pt-pt\/wp-json\/wp\/v2\/pages\/6317","targetHints":{"allow":["GET"]}}],"collection":[{"href":"https:\/\/oceancamper.com\/pt-pt\/wp-json\/wp\/v2\/pages"}],"about":[{"href":"https:\/\/oceancamper.com\/pt-pt\/wp-json\/wp\/v2\/types\/page"}],"author":[{"embeddable":true,"href":"https:\/\/oceancamper.com\/pt-pt\/wp-json\/wp\/v2\/users\/1"}],"replies":[{"embeddable":true,"href":"https:\/\/oceancamper.com\/pt-pt\/wp-json\/wp\/v2\/comments?post=6317"}],"version-history":[{"count":15,"href":"https:\/\/oceancamper.com\/pt-pt\/wp-json\/wp\/v2\/pages\/6317\/revisions"}],"predecessor-version":[{"id":217720,"href":"https:\/\/oceancamper.com\/pt-pt\/wp-json\/wp\/v2\/pages\/6317\/revisions\/217720"}],"wp:attachment":[{"href":"https:\/\/oceancamper.com\/pt-pt\/wp-json\/wp\/v2\/media?parent=6317"}],"curies":[{"name":"wp","href":"https:\/\/api.w.org\/{rel}","templated":true}]}}