{"id":161826,"date":"2022-02-16T15:51:33","date_gmt":"2022-02-16T15:51:33","guid":{"rendered":"https:\/\/oceancamper.com\/dodatki\/deski-surfingowe-i-bodyboardy\/"},"modified":"2025-06-30T16:19:13","modified_gmt":"2025-06-30T16:19:13","slug":"deski-surfingowe-i-bodyboardy","status":"publish","type":"page","link":"https:\/\/oceancamper.com\/pl\/dodatki\/deski-surfingowe-i-bodyboardy\/","title":{"rendered":"Deski surfingowe i bodyboardy"},"content":{"rendered":"\t\t<div data-elementor-type=\"wp-page\" data-elementor-id=\"161826\" class=\"elementor elementor-161826 elementor-2792\" data-elementor-post-type=\"page\">\n\t\t\t\t\t\t<section class=\"elementor-section elementor-top-section elementor-element elementor-element-cc5b487 elementor-section-height-min-height elementor-section-stretched elementor-section-content-middle elementor-section-boxed elementor-section-height-default elementor-section-items-middle\" data-id=\"cc5b487\" data-element_type=\"section\" data-e-type=\"section\" data-settings=\"{&quot;stretch_section&quot;:&quot;section-stretched&quot;,&quot;background_background&quot;:&quot;gradient&quot;}\">\n\t\t\t\t\t\t<div class=\"elementor-container elementor-column-gap-default\">\n\t\t\t\t\t<div class=\"elementor-column elementor-col-100 elementor-top-column elementor-element elementor-element-03c24db\" data-id=\"03c24db\" data-element_type=\"column\" data-e-type=\"column\">\n\t\t\t<div class=\"elementor-widget-wrap elementor-element-populated\">\n\t\t\t\t\t\t<div class=\"elementor-element elementor-element-64cf295 elementor-widget elementor-widget-heading\" data-id=\"64cf295\" data-element_type=\"widget\" data-e-type=\"widget\" data-widget_type=\"heading.default\">\n\t\t\t\t<div class=\"elementor-widget-container\">\n\t\t\t\t\t<h1 class=\"elementor-heading-title elementor-size-default\">Wypo\u017cyczalnie desek surfingowych i bodyboard\u00f3w<\/h1>\t\t\t\t<\/div>\n\t\t\t\t<\/div>\n\t\t\t\t\t<\/div>\n\t\t<\/div>\n\t\t\t\t\t<\/div>\n\t\t<\/section>\n\t\t\t\t<section class=\"elementor-section elementor-top-section elementor-element elementor-element-45c8fde elementor-section-stretched elementor-section-boxed elementor-section-height-default elementor-section-height-default\" data-id=\"45c8fde\" data-element_type=\"section\" data-e-type=\"section\" data-settings=\"{&quot;stretch_section&quot;:&quot;section-stretched&quot;,&quot;background_background&quot;:&quot;classic&quot;}\">\n\t\t\t\t\t\t<div class=\"elementor-container elementor-column-gap-default\">\n\t\t\t\t\t<div class=\"elementor-column elementor-col-100 elementor-top-column elementor-element elementor-element-d2d146c\" data-id=\"d2d146c\" data-element_type=\"column\" data-e-type=\"column\">\n\t\t\t<div class=\"elementor-widget-wrap elementor-element-populated\">\n\t\t\t\t\t\t<div class=\"elementor-element elementor-element-56f5eb3 elementor-widget elementor-widget-heading\" data-id=\"56f5eb3\" data-element_type=\"widget\" data-e-type=\"widget\" data-widget_type=\"heading.default\">\n\t\t\t\t<div class=\"elementor-widget-container\">\n\t\t\t\t\t<h2 class=\"elementor-heading-title elementor-size-default\">Portugalia to jedno z najlepszych miejsc do surfowania w Europie!<\/h2>\t\t\t\t<\/div>\n\t\t\t\t<\/div>\n\t\t\t\t<div class=\"elementor-element elementor-element-df071d9 elementor-widget elementor-widget-text-editor\" data-id=\"df071d9\" data-element_type=\"widget\" data-e-type=\"widget\" data-widget_type=\"text-editor.default\">\n\t\t\t\t<div class=\"elementor-widget-container\">\n\t\t\t\t\t\t\t\t\tZapoznaj si\u0119 z naszym przewodnikiem po surfingu i obozach, aby dowiedzie\u0107 si\u0119, gdzie s\u0105 najlepsze pla\u017ce do surfowania i jak sprawdzi\u0107 prognoz\u0119 surfingu, aby upewni\u0107 si\u0119, \u017ce nie przegapisz dobrej fali!\t\t\t\t\t\t\t\t<\/div>\n\t\t\t\t<\/div>\n\t\t\t\t<div class=\"elementor-element elementor-element-e05a109 elementor-widget elementor-widget-text-editor\" data-id=\"e05a109\" data-element_type=\"widget\" data-e-type=\"widget\" data-widget_type=\"text-editor.default\">\n\t\t\t\t<div class=\"elementor-widget-container\">\n\t\t\t\t\t\t\t\t\t<strong><span style=\"color: #1e3440;\">Na miejscu mo\u017cna wypo\u017cyczy\u0107 desk\u0119 surfingow\u0105 lub bodyboard:<\/span><\/strong>\t\t\t\t\t\t\t\t<\/div>\n\t\t\t\t<\/div>\n\t\t\t\t<div class=\"elementor-element elementor-element-3bc380d elementor-widget elementor-widget-text-editor\" data-id=\"3bc380d\" data-element_type=\"widget\" data-e-type=\"widget\" data-widget_type=\"text-editor.default\">\n\t\t\t\t<div class=\"elementor-widget-container\">\n\t\t\t\t\t\t\t\t\t&#8211; Wraz z rezerwacj\u0105 kampera\/namiotu\n<br>&#8211; Oddzielnie zarezerwuj tylko sprz\u0119t <span style=\"color: #3ac4bb;\"><a style=\"color: #3ac4bb;\" href=\"https:\/\/farosurfrentals.com\/\" target=\"_blank\" rel=\"noopener\">tutaj<\/a><\/span>. Zapewniamy mocowanie dachowe do samochod\u00f3w (odpowiednie dla ka\u017cdego samochodu z 4 oknami lub 4 drzwiami) i mo\u017cna je odebra\u0107 w naszym <span style=\"color: #3ac4bb;\"><a style=\"color: #3ac4bb;\" href=\"https:\/\/g.page\/oceancamper?share\" target=\"_blank\" rel=\"noopener\">sklepie<\/a><\/span> w Faro. \t\t\t\t\t\t\t\t<\/div>\n\t\t\t\t<\/div>\n\t\t\t\t<section class=\"elementor-section elementor-inner-section elementor-element elementor-element-41ca52b elementor-section-boxed elementor-section-height-default elementor-section-height-default elementor-invisible\" data-id=\"41ca52b\" data-element_type=\"section\" data-e-type=\"section\" data-settings=\"{&quot;animation&quot;:&quot;fadeInUp&quot;}\">\n\t\t\t\t\t\t<div class=\"elementor-container elementor-column-gap-default\">\n\t\t\t\t\t<div class=\"elementor-column elementor-col-25 elementor-inner-column elementor-element elementor-element-5a46b6f\" data-id=\"5a46b6f\" data-element_type=\"column\" data-e-type=\"column\" data-settings=\"{&quot;background_background&quot;:&quot;classic&quot;}\">\n\t\t\t<div class=\"elementor-widget-wrap elementor-element-populated\">\n\t\t\t\t\t<div class=\"elementor-background-overlay\"><\/div>\n\t\t\t\t\t\t<div class=\"elementor-element elementor-element-a8e6d72 elementor-widget elementor-widget-image\" data-id=\"a8e6d72\" data-element_type=\"widget\" data-e-type=\"widget\" data-widget_type=\"image.default\">\n\t\t\t\t<div class=\"elementor-widget-container\">\n\t\t\t\t\t\t\t\t\t\t\t\t\t\t\t<img fetchpriority=\"high\" decoding=\"async\" width=\"300\" height=\"225\" src=\"https:\/\/oceancamper.com\/wp-content\/uploads\/2025\/06\/20240624-min-300x225.jpg\" class=\"attachment-medium size-medium wp-image-183454\" alt=\"Surf shop Ocean Camper\" srcset=\"https:\/\/oceancamper.com\/wp-content\/uploads\/2025\/06\/20240624-min-300x225.jpg 300w, https:\/\/oceancamper.com\/wp-content\/uploads\/2025\/06\/20240624-min-1024x768.jpg 1024w, https:\/\/oceancamper.com\/wp-content\/uploads\/2025\/06\/20240624-min-768x576.jpg 768w, https:\/\/oceancamper.com\/wp-content\/uploads\/2025\/06\/20240624-min-1536x1152.jpg 1536w, https:\/\/oceancamper.com\/wp-content\/uploads\/2025\/06\/20240624-min-2048x1536.jpg 2048w, https:\/\/oceancamper.com\/wp-content\/uploads\/2025\/06\/20240624-min-240x180.jpg 240w\" sizes=\"(max-width: 300px) 100vw, 300px\" \/>\t\t\t\t\t\t\t\t\t\t\t\t\t\t\t<\/div>\n\t\t\t\t<\/div>\n\t\t\t\t<div class=\"elementor-element elementor-element-cbe5f25 elementor-widget elementor-widget-text-editor\" data-id=\"cbe5f25\" data-element_type=\"widget\" data-e-type=\"widget\" data-widget_type=\"text-editor.default\">\n\t\t\t\t<div class=\"elementor-widget-container\">\n\t\t\t\t\t\t\t\t\t<p><strong>Deska surfingowa 7.0, 8.0 i 8.6&#8243;<\/strong><\/p>\t\t\t\t\t\t\t\t<\/div>\n\t\t\t\t<\/div>\n\t\t\t\t\t<\/div>\n\t\t<\/div>\n\t\t\t\t<div class=\"elementor-column elementor-col-25 elementor-inner-column elementor-element elementor-element-a7623db\" data-id=\"a7623db\" data-element_type=\"column\" data-e-type=\"column\" data-settings=\"{&quot;background_background&quot;:&quot;classic&quot;}\">\n\t\t\t<div class=\"elementor-widget-wrap elementor-element-populated\">\n\t\t\t\t\t<div class=\"elementor-background-overlay\"><\/div>\n\t\t\t\t\t\t<div class=\"elementor-element elementor-element-0b08b7d elementor-widget elementor-widget-image\" data-id=\"0b08b7d\" data-element_type=\"widget\" data-e-type=\"widget\" data-widget_type=\"image.default\">\n\t\t\t\t<div class=\"elementor-widget-container\">\n\t\t\t\t\t\t\t\t\t\t\t\t\t\t\t<img decoding=\"async\" width=\"768\" height=\"576\" src=\"https:\/\/oceancamper.com\/wp-content\/uploads\/2025\/06\/bodyboard1-min-768x576.jpg\" class=\"attachment-medium_large size-medium_large wp-image-183466\" alt=\"Wypo\u017cyczalnia desek Faro\" srcset=\"https:\/\/oceancamper.com\/wp-content\/uploads\/2025\/06\/bodyboard1-min-768x576.jpg 768w, https:\/\/oceancamper.com\/wp-content\/uploads\/2025\/06\/bodyboard1-min-300x225.jpg 300w, https:\/\/oceancamper.com\/wp-content\/uploads\/2025\/06\/bodyboard1-min-1024x768.jpg 1024w, https:\/\/oceancamper.com\/wp-content\/uploads\/2025\/06\/bodyboard1-min-1536x1152.jpg 1536w, https:\/\/oceancamper.com\/wp-content\/uploads\/2025\/06\/bodyboard1-min-2048x1536.jpg 2048w, https:\/\/oceancamper.com\/wp-content\/uploads\/2025\/06\/bodyboard1-min-240x180.jpg 240w\" sizes=\"(max-width: 768px) 100vw, 768px\" \/>\t\t\t\t\t\t\t\t\t\t\t\t\t\t\t<\/div>\n\t\t\t\t<\/div>\n\t\t\t\t<div class=\"elementor-element elementor-element-8e31fd8 elementor-widget elementor-widget-text-editor\" data-id=\"8e31fd8\" data-element_type=\"widget\" data-e-type=\"widget\" data-widget_type=\"text-editor.default\">\n\t\t\t\t<div class=\"elementor-widget-container\">\n\t\t\t\t\t\t\t\t\t<strong>Zestaw do bodyboardu\n\n<\/strong>\t\t\t\t\t\t\t\t<\/div>\n\t\t\t\t<\/div>\n\t\t\t\t\t<\/div>\n\t\t<\/div>\n\t\t\t\t<div class=\"elementor-column elementor-col-25 elementor-inner-column elementor-element elementor-element-61812a6\" data-id=\"61812a6\" data-element_type=\"column\" data-e-type=\"column\" data-settings=\"{&quot;background_background&quot;:&quot;classic&quot;}\">\n\t\t\t<div class=\"elementor-widget-wrap elementor-element-populated\">\n\t\t\t\t\t<div class=\"elementor-background-overlay\"><\/div>\n\t\t\t\t\t\t<div class=\"elementor-element elementor-element-7c183e0 elementor-widget elementor-widget-image\" data-id=\"7c183e0\" data-element_type=\"widget\" data-e-type=\"widget\" data-widget_type=\"image.default\">\n\t\t\t\t<div class=\"elementor-widget-container\">\n\t\t\t\t\t\t\t\t\t\t\t\t\t\t\t<img decoding=\"async\" width=\"1929\" height=\"1447\" src=\"https:\/\/oceancamper.com\/wp-content\/uploads\/2025\/06\/Body-boader.jpeg\" class=\"attachment-full size-full wp-image-183568\" alt=\"\" srcset=\"https:\/\/oceancamper.com\/wp-content\/uploads\/2025\/06\/Body-boader.jpeg 1929w, https:\/\/oceancamper.com\/wp-content\/uploads\/2025\/06\/Body-boader-300x225.jpeg 300w, https:\/\/oceancamper.com\/wp-content\/uploads\/2025\/06\/Body-boader-1024x768.jpeg 1024w, https:\/\/oceancamper.com\/wp-content\/uploads\/2025\/06\/Body-boader-768x576.jpeg 768w, https:\/\/oceancamper.com\/wp-content\/uploads\/2025\/06\/Body-boader-1536x1152.jpeg 1536w, https:\/\/oceancamper.com\/wp-content\/uploads\/2025\/06\/Body-boader-240x180.jpeg 240w\" sizes=\"(max-width: 1929px) 100vw, 1929px\" \/>\t\t\t\t\t\t\t\t\t\t\t\t\t\t\t<\/div>\n\t\t\t\t<\/div>\n\t\t\t\t<div class=\"elementor-element elementor-element-def6ccb elementor-widget elementor-widget-text-editor\" data-id=\"def6ccb\" data-element_type=\"widget\" data-e-type=\"widget\" data-widget_type=\"text-editor.default\">\n\t\t\t\t<div class=\"elementor-widget-container\">\n\t\t\t\t\t\t\t\t\t<p><strong>Bodyboarding Westcoast<\/strong><\/p><p> <\/p>\t\t\t\t\t\t\t\t<\/div>\n\t\t\t\t<\/div>\n\t\t\t\t\t<\/div>\n\t\t<\/div>\n\t\t\t\t<div class=\"elementor-column elementor-col-25 elementor-inner-column elementor-element elementor-element-6598d55\" data-id=\"6598d55\" data-element_type=\"column\" data-e-type=\"column\" data-settings=\"{&quot;background_background&quot;:&quot;classic&quot;}\">\n\t\t\t<div class=\"elementor-widget-wrap elementor-element-populated\">\n\t\t\t\t\t<div class=\"elementor-background-overlay\"><\/div>\n\t\t\t\t\t\t<div class=\"elementor-element elementor-element-a9fc0de elementor-widget elementor-widget-image\" data-id=\"a9fc0de\" data-element_type=\"widget\" data-e-type=\"widget\" data-widget_type=\"image.default\">\n\t\t\t\t<div class=\"elementor-widget-container\">\n\t\t\t\t\t\t\t\t\t\t\t\t\t\t\t<img loading=\"lazy\" decoding=\"async\" width=\"2560\" height=\"1920\" src=\"https:\/\/oceancamper.com\/wp-content\/uploads\/2025\/06\/AdobeStock_248035224-min-min-scaled.jpeg\" class=\"attachment-full size-full wp-image-183285\" alt=\"Surfer je\u017cd\u017c\u0105cy na fali w Algarve w Portugalii, reprezentuj\u0105cy surfing i przygody obozowe Ocean Camper.\" srcset=\"https:\/\/oceancamper.com\/wp-content\/uploads\/2025\/06\/AdobeStock_248035224-min-min-scaled.jpeg 2560w, https:\/\/oceancamper.com\/wp-content\/uploads\/2025\/06\/AdobeStock_248035224-min-min-300x225.jpeg 300w, https:\/\/oceancamper.com\/wp-content\/uploads\/2025\/06\/AdobeStock_248035224-min-min-1024x768.jpeg 1024w, https:\/\/oceancamper.com\/wp-content\/uploads\/2025\/06\/AdobeStock_248035224-min-min-768x576.jpeg 768w, https:\/\/oceancamper.com\/wp-content\/uploads\/2025\/06\/AdobeStock_248035224-min-min-1536x1152.jpeg 1536w, https:\/\/oceancamper.com\/wp-content\/uploads\/2025\/06\/AdobeStock_248035224-min-min-2048x1536.jpeg 2048w, https:\/\/oceancamper.com\/wp-content\/uploads\/2025\/06\/AdobeStock_248035224-min-min-240x180.jpeg 240w\" sizes=\"(max-width: 2560px) 100vw, 2560px\" \/>\t\t\t\t\t\t\t\t\t\t\t\t\t\t\t<\/div>\n\t\t\t\t<\/div>\n\t\t\t\t<div class=\"elementor-element elementor-element-c24ae8a elementor-widget elementor-widget-text-editor\" data-id=\"c24ae8a\" data-element_type=\"widget\" data-e-type=\"widget\" data-widget_type=\"text-editor.default\">\n\t\t\t\t<div class=\"elementor-widget-container\">\n\t\t\t\t\t\t\t\t\t<p><strong>Surfing Westcoast<\/strong><\/p><p> <\/p>\t\t\t\t\t\t\t\t<\/div>\n\t\t\t\t<\/div>\n\t\t\t\t\t<\/div>\n\t\t<\/div>\n\t\t\t\t\t<\/div>\n\t\t<\/section>\n\t\t\t\t<div class=\"elementor-element elementor-element-e5ef2da elementor-widget elementor-widget-text-editor\" data-id=\"e5ef2da\" data-element_type=\"widget\" data-e-type=\"widget\" data-widget_type=\"text-editor.default\">\n\t\t\t\t<div class=\"elementor-widget-container\">\n\t\t\t\t\t\t\t\t\t<strong><span style=\"color: #1e3440;\">Deski surfingowe<\/span><\/strong>\t\t\t\t\t\t\t\t<\/div>\n\t\t\t\t<\/div>\n\t\t\t\t<div class=\"elementor-element elementor-element-cb8a70b elementor-widget elementor-widget-text-editor\" data-id=\"cb8a70b\" data-element_type=\"widget\" data-e-type=\"widget\" data-widget_type=\"text-editor.default\">\n\t\t\t\t<div class=\"elementor-widget-container\">\n\t\t\t\t\t\t\t\t\t&#8211; 8,6&#8242;, dla pocz\u0105tkuj\u0105cych\n<br>&#8211; 8&#8242;, standardowa deska\n<br>&#8211; 6&#8242;, deska dla umiej\u0105cych surfowa\u0107\n<br>&#8211; zawiera desk\u0119 i smycz\t\t\t\t\t\t\t\t<\/div>\n\t\t\t\t<\/div>\n\t\t\t\t<div class=\"elementor-element elementor-element-d8fad7a elementor-widget elementor-widget-text-editor\" data-id=\"d8fad7a\" data-element_type=\"widget\" data-e-type=\"widget\" data-widget_type=\"text-editor.default\">\n\t\t\t\t<div class=\"elementor-widget-container\">\n\t\t\t\t\t\t\t\t\t<strong><span style=\"color: #1e3440;\">Bodyboardy<\/span><\/strong>\t\t\t\t\t\t\t\t<\/div>\n\t\t\t\t<\/div>\n\t\t\t\t<div class=\"elementor-element elementor-element-35cfc99 elementor-widget elementor-widget-text-editor\" data-id=\"35cfc99\" data-element_type=\"widget\" data-e-type=\"widget\" data-widget_type=\"text-editor.default\">\n\t\t\t\t<div class=\"elementor-widget-container\">\n\t\t\t\t\t\t\t\t\t&#8211; 42&#8242; dobra dla surfer\u00f3w o wadze do 85 kg, na wszystkie rodzaje fal\n<br>&#8211; Zawiera desk\u0119, p\u0142etwy, skarpetki i smycz do bodyboardu\t\t\t\t\t\t\t\t<\/div>\n\t\t\t\t<\/div>\n\t\t\t\t<div class=\"elementor-element elementor-element-f3e993b elementor-widget elementor-widget-text-editor\" data-id=\"f3e993b\" data-element_type=\"widget\" data-e-type=\"widget\" data-widget_type=\"text-editor.default\">\n\t\t\t\t<div class=\"elementor-widget-container\">\n\t\t\t\t\t\t\t\t\t<strong><span style=\"color: #1e3440;\">Zarezerwuj tylko sprz\u0119t <span style=\"color: #3ac4bb;\"><a style=\"color: #3ac4bb;\" href=\"https:\/\/farosurfrentals.com\/\" target=\"_blank\" rel=\"noopener\">tutaj<\/a><\/span><\/span><\/strong>\t\t\t\t\t\t\t\t<\/div>\n\t\t\t\t<\/div>\n\t\t\t\t\t<\/div>\n\t\t<\/div>\n\t\t\t\t\t<\/div>\n\t\t<\/section>\n\t\t\t\t<\/div>\n\t\t","protected":false},"excerpt":{"rendered":"<p>Wypo\u017cyczalnie desek surfingowych i bodyboard\u00f3w Portugalia to jedno z najlepszych miejsc do surfowania w Europie! Zapoznaj si\u0119 z naszym przewodnikiem po surfingu i obozach, aby dowiedzie\u0107 si\u0119, gdzie s\u0105 najlepsze pla\u017ce do surfowania i jak sprawdzi\u0107 prognoz\u0119 surfingu, aby upewni\u0107 si\u0119, \u017ce nie przegapisz dobrej fali!Na miejscu mo\u017cna wypo\u017cyczy\u0107 desk\u0119 surfingow\u0105 lub bodyboard:&#8211; Wraz z [&hellip;]<\/p>\n","protected":false},"author":1,"featured_media":0,"parent":161736,"menu_order":0,"comment_status":"closed","ping_status":"closed","template":"elementor_header_footer","meta":{"footnotes":""},"class_list":["post-161826","page","type-page","status-publish","hentry"],"aioseo_notices":[],"_links":{"self":[{"href":"https:\/\/oceancamper.com\/pl\/wp-json\/wp\/v2\/pages\/161826","targetHints":{"allow":["GET"]}}],"collection":[{"href":"https:\/\/oceancamper.com\/pl\/wp-json\/wp\/v2\/pages"}],"about":[{"href":"https:\/\/oceancamper.com\/pl\/wp-json\/wp\/v2\/types\/page"}],"author":[{"embeddable":true,"href":"https:\/\/oceancamper.com\/pl\/wp-json\/wp\/v2\/users\/1"}],"replies":[{"embeddable":true,"href":"https:\/\/oceancamper.com\/pl\/wp-json\/wp\/v2\/comments?post=161826"}],"version-history":[{"count":2,"href":"https:\/\/oceancamper.com\/pl\/wp-json\/wp\/v2\/pages\/161826\/revisions"}],"predecessor-version":[{"id":183671,"href":"https:\/\/oceancamper.com\/pl\/wp-json\/wp\/v2\/pages\/161826\/revisions\/183671"}],"up":[{"embeddable":true,"href":"https:\/\/oceancamper.com\/pl\/wp-json\/wp\/v2\/pages\/161736"}],"wp:attachment":[{"href":"https:\/\/oceancamper.com\/pl\/wp-json\/wp\/v2\/media?parent=161826"}],"curies":[{"name":"wp","href":"https:\/\/api.w.org\/{rel}","templated":true}]}}