{"id":161747,"date":"2022-02-16T20:27:31","date_gmt":"2022-02-16T20:27:31","guid":{"rendered":"https:\/\/oceancamper.com\/dodatki\/glosnik-bluetooth\/"},"modified":"2025-06-30T16:18:25","modified_gmt":"2025-06-30T16:18:25","slug":"glosnik-bluetooth","status":"publish","type":"page","link":"https:\/\/oceancamper.com\/pl\/dodatki\/glosnik-bluetooth\/","title":{"rendered":"G\u0142o\u015bnik Bluetooth"},"content":{"rendered":"\t\t<div data-elementor-type=\"wp-page\" data-elementor-id=\"161747\" class=\"elementor elementor-161747 elementor-2876\" data-elementor-post-type=\"page\">\n\t\t\t\t\t\t<section class=\"elementor-section elementor-top-section elementor-element elementor-element-01147e5 elementor-section-height-min-height elementor-section-stretched elementor-section-content-middle elementor-section-boxed elementor-section-height-default elementor-section-items-middle\" data-id=\"01147e5\" data-element_type=\"section\" data-e-type=\"section\" data-settings=\"{&quot;stretch_section&quot;:&quot;section-stretched&quot;,&quot;background_background&quot;:&quot;gradient&quot;}\">\n\t\t\t\t\t\t<div class=\"elementor-container elementor-column-gap-default\">\n\t\t\t\t\t<div class=\"elementor-column elementor-col-100 elementor-top-column elementor-element elementor-element-abd395b\" data-id=\"abd395b\" data-element_type=\"column\" data-e-type=\"column\">\n\t\t\t<div class=\"elementor-widget-wrap elementor-element-populated\">\n\t\t\t\t\t\t<div class=\"elementor-element elementor-element-e4d9ce9 elementor-widget elementor-widget-heading\" data-id=\"e4d9ce9\" data-element_type=\"widget\" data-e-type=\"widget\" data-widget_type=\"heading.default\">\n\t\t\t\t<div class=\"elementor-widget-container\">\n\t\t\t\t\t<h1 class=\"elementor-heading-title elementor-size-default\">Wynajem g\u0142o\u015bnik\u00f3w Bluetooth<\/h1>\t\t\t\t<\/div>\n\t\t\t\t<\/div>\n\t\t\t\t\t<\/div>\n\t\t<\/div>\n\t\t\t\t\t<\/div>\n\t\t<\/section>\n\t\t\t\t<section class=\"elementor-section elementor-top-section elementor-element elementor-element-27da0c3 elementor-section-stretched elementor-section-boxed elementor-section-height-default elementor-section-height-default\" data-id=\"27da0c3\" data-element_type=\"section\" data-e-type=\"section\" data-settings=\"{&quot;stretch_section&quot;:&quot;section-stretched&quot;,&quot;background_background&quot;:&quot;classic&quot;}\">\n\t\t\t\t\t\t<div class=\"elementor-container elementor-column-gap-default\">\n\t\t\t\t\t<div class=\"elementor-column elementor-col-100 elementor-top-column elementor-element elementor-element-dfabe64\" data-id=\"dfabe64\" data-element_type=\"column\" data-e-type=\"column\">\n\t\t\t<div class=\"elementor-widget-wrap elementor-element-populated\">\n\t\t\t\t\t\t<div class=\"elementor-element elementor-element-e908a43 elementor-widget elementor-widget-text-editor\" data-id=\"e908a43\" data-element_type=\"widget\" data-e-type=\"widget\" data-widget_type=\"text-editor.default\">\n\t\t\t\t<div class=\"elementor-widget-container\">\n\t\t\t\t\t\t\t\t\tT\u0119 pozytywk\u0119 mo\u017cna po prostu pod\u0142\u0105czy\u0107 przez Bluetooth lub kabel USB do telefonu, radia samochodowego lub komputera, aby odtwarza\u0107 ulubion\u0105 muzyk\u0119.\t\t\t\t\t\t\t\t<\/div>\n\t\t\t\t<\/div>\n\t\t\t\t<div class=\"elementor-element elementor-element-07fe298 elementor-widget elementor-widget-text-editor\" data-id=\"07fe298\" data-element_type=\"widget\" data-e-type=\"widget\" data-widget_type=\"text-editor.default\">\n\t\t\t\t<div class=\"elementor-widget-container\">\n\t\t\t\t\t\t\t\t\t<strong><span style=\"color: #1e3440;\">G\u0142o\u015bnik Bluetooth mo\u017cna wypo\u017cyczy\u0107:<\/span><\/strong>\t\t\t\t\t\t\t\t<\/div>\n\t\t\t\t<\/div>\n\t\t\t\t<div class=\"elementor-element elementor-element-012fd9d elementor-widget elementor-widget-text-editor\" data-id=\"012fd9d\" data-element_type=\"widget\" data-e-type=\"widget\" data-widget_type=\"text-editor.default\">\n\t\t\t\t<div class=\"elementor-widget-container\">\n\t\t\t\t\t\t\t\t\t<p>&#8211; Wraz z rezerwacj\u0105 kampera\/namiotu.<br>&#8211; Oddzielnie, tylko g\u0142o\u015bnik Bluetooth i odbierz go w <span style=\"color: #3ac4bb;\"><a style=\"color: #3ac4bb;\" href=\"https:\/\/www.google.com\/maps\/place\/\/data=!4m2!3m1!1s0xd1ab343f0fb35b7:0xa5468e7f9032f468?source=g.page.share\" target=\"_blank\" rel=\"noopener\">naszym sklepie<\/a><\/span> w Faro, <span style=\"color: #3ac4bb;\"><a style=\"color: #3ac4bb;\" href=\"https:\/\/farosurfrentals.com\/\" target=\"_blank\" rel=\"noopener\">zarezerwuj tutaj<\/a><\/span>.<\/p>\t\t\t\t\t\t\t\t<\/div>\n\t\t\t\t<\/div>\n\t\t\t\t<section class=\"elementor-section elementor-inner-section elementor-element elementor-element-861b750 elementor-section-boxed elementor-section-height-default elementor-section-height-default elementor-invisible\" data-id=\"861b750\" data-element_type=\"section\" data-e-type=\"section\" data-settings=\"{&quot;animation&quot;:&quot;fadeInUp&quot;}\">\n\t\t\t\t\t\t<div class=\"elementor-container elementor-column-gap-default\">\n\t\t\t\t\t<div class=\"elementor-column elementor-col-25 elementor-inner-column elementor-element elementor-element-4b6b7d9\" data-id=\"4b6b7d9\" data-element_type=\"column\" data-e-type=\"column\" data-settings=\"{&quot;background_background&quot;:&quot;classic&quot;}\">\n\t\t\t<div class=\"elementor-widget-wrap elementor-element-populated\">\n\t\t\t\t\t<div class=\"elementor-background-overlay\"><\/div>\n\t\t\t\t\t\t<div class=\"elementor-element elementor-element-15f5d9b elementor-widget elementor-widget-image\" data-id=\"15f5d9b\" data-element_type=\"widget\" data-e-type=\"widget\" data-widget_type=\"image.default\">\n\t\t\t\t<div class=\"elementor-widget-container\">\n\t\t\t\t\t\t\t\t\t\t\t\t\t\t\t<img fetchpriority=\"high\" decoding=\"async\" width=\"1024\" height=\"768\" src=\"https:\/\/oceancamper.com\/wp-content\/uploads\/2025\/06\/Music-Box.jpg\" class=\"attachment-full size-full wp-image-183514\" alt=\"Przeno\u015bna pozytywka Bluetooth dost\u0119pna do wypo\u017cyczenia w kamperach Algarve - wyposa\u017cenie Ocean Camper.\" srcset=\"https:\/\/oceancamper.com\/wp-content\/uploads\/2025\/06\/Music-Box.jpg 1024w, https:\/\/oceancamper.com\/wp-content\/uploads\/2025\/06\/Music-Box-300x225.jpg 300w, https:\/\/oceancamper.com\/wp-content\/uploads\/2025\/06\/Music-Box-768x576.jpg 768w, https:\/\/oceancamper.com\/wp-content\/uploads\/2025\/06\/Music-Box-240x180.jpg 240w\" sizes=\"(max-width: 1024px) 100vw, 1024px\" \/>\t\t\t\t\t\t\t\t\t\t\t\t\t\t\t<\/div>\n\t\t\t\t<\/div>\n\t\t\t\t<div class=\"elementor-element elementor-element-ba0b0dc elementor-widget elementor-widget-text-editor\" data-id=\"ba0b0dc\" data-element_type=\"widget\" data-e-type=\"widget\" data-widget_type=\"text-editor.default\">\n\t\t\t\t<div class=\"elementor-widget-container\">\n\t\t\t\t\t\t\t\t\t<strong>G\u0142o\u015bnik Bluetooth<\/strong>\t\t\t\t\t\t\t\t<\/div>\n\t\t\t\t<\/div>\n\t\t\t\t\t<\/div>\n\t\t<\/div>\n\t\t\t\t<div class=\"elementor-column elementor-col-25 elementor-inner-column elementor-element elementor-element-0fc6b94\" data-id=\"0fc6b94\" data-element_type=\"column\" data-e-type=\"column\" data-settings=\"{&quot;background_background&quot;:&quot;classic&quot;}\">\n\t\t\t<div class=\"elementor-widget-wrap\">\n\t\t\t\t\t<div class=\"elementor-background-overlay\"><\/div>\n\t\t\t\t\t\t\t<\/div>\n\t\t<\/div>\n\t\t\t\t<div class=\"elementor-column elementor-col-25 elementor-inner-column elementor-element elementor-element-26a7042\" data-id=\"26a7042\" data-element_type=\"column\" data-e-type=\"column\" data-settings=\"{&quot;background_background&quot;:&quot;classic&quot;}\">\n\t\t\t<div class=\"elementor-widget-wrap\">\n\t\t\t\t\t<div class=\"elementor-background-overlay\"><\/div>\n\t\t\t\t\t\t\t<\/div>\n\t\t<\/div>\n\t\t\t\t<div class=\"elementor-column elementor-col-25 elementor-inner-column elementor-element elementor-element-75ffe04\" data-id=\"75ffe04\" data-element_type=\"column\" data-e-type=\"column\" data-settings=\"{&quot;background_background&quot;:&quot;classic&quot;}\">\n\t\t\t<div class=\"elementor-widget-wrap\">\n\t\t\t\t\t<div class=\"elementor-background-overlay\"><\/div>\n\t\t\t\t\t\t\t<\/div>\n\t\t<\/div>\n\t\t\t\t\t<\/div>\n\t\t<\/section>\n\t\t\t\t<div class=\"elementor-element elementor-element-06a2863 elementor-widget elementor-widget-text-editor\" data-id=\"06a2863\" data-element_type=\"widget\" data-e-type=\"widget\" data-widget_type=\"text-editor.default\">\n\t\t\t\t<div class=\"elementor-widget-container\">\n\t\t\t\t\t\t\t\t\t&#8211; S\u0142uchaj muzyki na pla\u017cy lub gdziekolwiek jeste\u015b.\n<br>&#8211; Dobra jako\u015b\u0107 d\u017awi\u0119ku gwarantowana.\n<br>&#8211; Ta pozytywka odtwarza muzyk\u0119 przez ponad 12 godzin bez przerwy na jednym \u0142adowaniu i s\u0142u\u017cy r\u00f3wnie\u017c jako power bank do \u0142adowania telefonu, drona lub innych urz\u0105dze\u0144 zasilanych niskim napi\u0119ciem przez USB.\t\t\t\t\t\t\t\t<\/div>\n\t\t\t\t<\/div>\n\t\t\t\t<div class=\"elementor-element elementor-element-edbe790 elementor-widget elementor-widget-text-editor\" data-id=\"edbe790\" data-element_type=\"widget\" data-e-type=\"widget\" data-widget_type=\"text-editor.default\">\n\t\t\t\t<div class=\"elementor-widget-container\">\n\t\t\t\t\t\t\t\t\t<strong><span style=\"color: #1e3440;\">Zarezerwuj tylko sprz\u0119t <span style=\"color: #3ac4bb;\"><a style=\"color: #3ac4bb;\" href=\"https:\/\/farosurfrentals.com\/\" target=\"_blank\" rel=\"noopener\">tutaj<\/a><\/span><\/span><\/strong>\t\t\t\t\t\t\t\t<\/div>\n\t\t\t\t<\/div>\n\t\t\t\t\t<\/div>\n\t\t<\/div>\n\t\t\t\t\t<\/div>\n\t\t<\/section>\n\t\t\t\t<\/div>\n\t\t","protected":false},"excerpt":{"rendered":"<p>Wynajem g\u0142o\u015bnik\u00f3w Bluetooth T\u0119 pozytywk\u0119 mo\u017cna po prostu pod\u0142\u0105czy\u0107 przez Bluetooth lub kabel USB do telefonu, radia samochodowego lub komputera, aby odtwarza\u0107 ulubion\u0105 muzyk\u0119.G\u0142o\u015bnik Bluetooth mo\u017cna wypo\u017cyczy\u0107: &#8211; Wraz z rezerwacj\u0105 kampera\/namiotu.&#8211; Oddzielnie, tylko g\u0142o\u015bnik Bluetooth i odbierz go w naszym sklepie w Faro, zarezerwuj tutaj. G\u0142o\u015bnik Bluetooth&#8211; S\u0142uchaj muzyki na pla\u017cy lub gdziekolwiek jeste\u015b. [&hellip;]<\/p>\n","protected":false},"author":1,"featured_media":0,"parent":161736,"menu_order":0,"comment_status":"closed","ping_status":"closed","template":"elementor_header_footer","meta":{"footnotes":""},"class_list":["post-161747","page","type-page","status-publish","hentry"],"aioseo_notices":[],"_links":{"self":[{"href":"https:\/\/oceancamper.com\/pl\/wp-json\/wp\/v2\/pages\/161747","targetHints":{"allow":["GET"]}}],"collection":[{"href":"https:\/\/oceancamper.com\/pl\/wp-json\/wp\/v2\/pages"}],"about":[{"href":"https:\/\/oceancamper.com\/pl\/wp-json\/wp\/v2\/types\/page"}],"author":[{"embeddable":true,"href":"https:\/\/oceancamper.com\/pl\/wp-json\/wp\/v2\/users\/1"}],"replies":[{"embeddable":true,"href":"https:\/\/oceancamper.com\/pl\/wp-json\/wp\/v2\/comments?post=161747"}],"version-history":[{"count":4,"href":"https:\/\/oceancamper.com\/pl\/wp-json\/wp\/v2\/pages\/161747\/revisions"}],"predecessor-version":[{"id":183659,"href":"https:\/\/oceancamper.com\/pl\/wp-json\/wp\/v2\/pages\/161747\/revisions\/183659"}],"up":[{"embeddable":true,"href":"https:\/\/oceancamper.com\/pl\/wp-json\/wp\/v2\/pages\/161736"}],"wp:attachment":[{"href":"https:\/\/oceancamper.com\/pl\/wp-json\/wp\/v2\/media?parent=161747"}],"curies":[{"name":"wp","href":"https:\/\/api.w.org\/{rel}","templated":true}]}}