{"id":161679,"date":"2022-02-19T16:02:57","date_gmt":"2022-02-19T16:02:57","guid":{"rendered":"https:\/\/oceancamper.com\/o-nas\/"},"modified":"2025-12-13T10:34:13","modified_gmt":"2025-12-13T10:34:13","slug":"o-nas","status":"publish","type":"page","link":"https:\/\/oceancamper.com\/pl\/o-nas\/","title":{"rendered":"O nas"},"content":{"rendered":"\t\t<div data-elementor-type=\"wp-page\" data-elementor-id=\"161679\" class=\"elementor elementor-161679 elementor-3544\" data-elementor-post-type=\"page\">\n\t\t\t\t\t\t<section class=\"elementor-section elementor-top-section elementor-element elementor-element-06ff706 elementor-section-height-min-height elementor-section-stretched elementor-section-boxed elementor-section-height-default elementor-section-items-middle\" data-id=\"06ff706\" data-element_type=\"section\" data-e-type=\"section\" data-settings=\"{&quot;stretch_section&quot;:&quot;section-stretched&quot;,&quot;background_background&quot;:&quot;classic&quot;}\">\n\t\t\t\t\t\t\t<div class=\"elementor-background-overlay\"><\/div>\n\t\t\t\t\t\t\t<div class=\"elementor-container elementor-column-gap-default\">\n\t\t\t\t\t<div class=\"elementor-column elementor-col-100 elementor-top-column elementor-element elementor-element-4bab319\" data-id=\"4bab319\" data-element_type=\"column\" data-e-type=\"column\">\n\t\t\t<div class=\"elementor-widget-wrap elementor-element-populated\">\n\t\t\t\t\t\t<div class=\"elementor-element elementor-element-5b55f62 elementor-widget elementor-widget-heading\" data-id=\"5b55f62\" data-element_type=\"widget\" data-e-type=\"widget\" data-widget_type=\"heading.default\">\n\t\t\t\t<div class=\"elementor-widget-container\">\n\t\t\t\t\t<h1 class=\"elementor-heading-title elementor-size-default\">O nas<\/h1>\t\t\t\t<\/div>\n\t\t\t\t<\/div>\n\t\t\t\t\t<\/div>\n\t\t<\/div>\n\t\t\t\t\t<\/div>\n\t\t<\/section>\n\t\t\t\t<section class=\"elementor-section elementor-top-section elementor-element elementor-element-84e9ce1 elementor-section-stretched elementor-section-boxed elementor-section-height-default elementor-section-height-default\" data-id=\"84e9ce1\" data-element_type=\"section\" data-e-type=\"section\" data-settings=\"{&quot;stretch_section&quot;:&quot;section-stretched&quot;,&quot;background_background&quot;:&quot;classic&quot;}\">\n\t\t\t\t\t\t<div class=\"elementor-container elementor-column-gap-default\">\n\t\t\t\t\t<div class=\"elementor-column elementor-col-100 elementor-top-column elementor-element elementor-element-6790886\" data-id=\"6790886\" data-element_type=\"column\" data-e-type=\"column\">\n\t\t\t<div class=\"elementor-widget-wrap elementor-element-populated\">\n\t\t\t\t\t\t<section class=\"elementor-section elementor-inner-section elementor-element elementor-element-ff6cfc3 elementor-section-boxed elementor-section-height-default elementor-section-height-default\" data-id=\"ff6cfc3\" data-element_type=\"section\" data-e-type=\"section\">\n\t\t\t\t\t\t<div class=\"elementor-container elementor-column-gap-default\">\n\t\t\t\t\t<div class=\"elementor-column elementor-col-100 elementor-inner-column elementor-element elementor-element-6cc824b\" data-id=\"6cc824b\" data-element_type=\"column\" data-e-type=\"column\">\n\t\t\t<div class=\"elementor-widget-wrap elementor-element-populated\">\n\t\t\t\t\t\t<div class=\"elementor-element elementor-element-97a1f2a elementor-widget elementor-widget-heading\" data-id=\"97a1f2a\" data-element_type=\"widget\" data-e-type=\"widget\" data-widget_type=\"heading.default\">\n\t\t\t\t<div class=\"elementor-widget-container\">\n\t\t\t\t\t<h2 class=\"elementor-heading-title elementor-size-default\">O OceanCamper\u00ae<\/h2>\t\t\t\t<\/div>\n\t\t\t\t<\/div>\n\t\t\t\t<div class=\"elementor-element elementor-element-b9079e8 elementor-widget elementor-widget-text-editor\" data-id=\"b9079e8\" data-element_type=\"widget\" data-e-type=\"widget\" data-widget_type=\"text-editor.default\">\n\t\t\t\t<div class=\"elementor-widget-container\">\n\t\t\t\t\t\t\t\t\tNasz\u0105 misj\u0105 jest zapewnienie niezapomnianych wra\u017ce\u0144 podczas biwakowania w Portugalii dzi\u0119ki prostemu i funkcjonalnemu sprz\u0119towi kempingowemu za uczciw\u0105 cen\u0119.\t\t\t\t\t\t\t\t<\/div>\n\t\t\t\t<\/div>\n\t\t\t\t\t<\/div>\n\t\t<\/div>\n\t\t\t\t\t<\/div>\n\t\t<\/section>\n\t\t\t\t<section class=\"elementor-section elementor-inner-section elementor-element elementor-element-2f96600 elementor-section-content-middle elementor-section-boxed elementor-section-height-default elementor-section-height-default elementor-invisible\" data-id=\"2f96600\" data-element_type=\"section\" data-e-type=\"section\" data-settings=\"{&quot;animation&quot;:&quot;fadeInUp&quot;}\">\n\t\t\t\t\t\t<div class=\"elementor-container elementor-column-gap-default\">\n\t\t\t\t\t<div class=\"elementor-column elementor-col-100 elementor-inner-column elementor-element elementor-element-38afab1 elementor-invisible\" data-id=\"38afab1\" data-element_type=\"column\" data-e-type=\"column\" data-settings=\"{&quot;background_background&quot;:&quot;classic&quot;,&quot;animation&quot;:&quot;fadeIn&quot;}\">\n\t\t\t<div class=\"elementor-widget-wrap elementor-element-populated\">\n\t\t\t\t\t<div class=\"elementor-background-overlay\"><\/div>\n\t\t\t\t\t\t<div class=\"elementor-element elementor-element-8995b9d elementor-widget elementor-widget-heading\" data-id=\"8995b9d\" data-element_type=\"widget\" data-e-type=\"widget\" data-widget_type=\"heading.default\">\n\t\t\t\t<div class=\"elementor-widget-container\">\n\t\t\t\t\t<h4 class=\"elementor-heading-title elementor-size-default\">Oferujemy<\/h4>\t\t\t\t<\/div>\n\t\t\t\t<\/div>\n\t\t\t\t<div class=\"elementor-element elementor-element-0904f25 elementor-widget elementor-widget-text-editor\" data-id=\"0904f25\" data-element_type=\"widget\" data-e-type=\"widget\" data-widget_type=\"text-editor.default\">\n\t\t\t\t<div class=\"elementor-widget-container\">\n\t\t\t\t\t\t\t\t\t<ul><li>Ma\u0142e <a href=\"https:\/\/oceancamper.com\/pl\/samochody-kempingowe\/\">kampery<\/a>, <a href=\"https:\/\/oceancamper.com\/pl\/wynajem-namiotu\/\">namioty<\/a> i sprz\u0119t kempingowy.<\/li><li>Surfing, stand-up paddleboards, snorkeling i <a href=\"https:\/\/oceancamper.com\/pl\/dodatki\/\">sprz\u0119t sportowy<\/a>.<\/li><li>Porady dotycz\u0105ce trasy dostosowane do hobby i zainteresowa\u0144.<\/li><\/ul><p>Chcemy podzieli\u0107 si\u0119 z wami jednym z najpi\u0119kniejszych miejsc w Europie, s\u0142oneczn\u0105 i przyjemn\u0105 pogod\u0105, bezpiecznym i bezp\u0142atnym <a href=\"\/camping-rules-in-portugal\/\">kempingiem<\/a>, smaczn\u0105 <a href=\"https:\/\/oceancamper.com\/pl\/portugalskie-jedzenie\/\">portugalsk\u0105 kuchni\u0105<\/a> i rado\u015bci\u0105 ze sport\u00f3w wodnych na Oceanie Atlantyckim.<\/p>\t\t\t\t\t\t\t\t<\/div>\n\t\t\t\t<\/div>\n\t\t\t\t\t<\/div>\n\t\t<\/div>\n\t\t\t\t\t<\/div>\n\t\t<\/section>\n\t\t\t\t<section class=\"elementor-section elementor-inner-section elementor-element elementor-element-da9624a elementor-section-content-middle elementor-section-boxed elementor-section-height-default elementor-section-height-default elementor-invisible\" data-id=\"da9624a\" data-element_type=\"section\" data-e-type=\"section\" data-settings=\"{&quot;animation&quot;:&quot;fadeInUp&quot;}\">\n\t\t\t\t\t\t<div class=\"elementor-container elementor-column-gap-default\">\n\t\t\t\t\t<div class=\"elementor-column elementor-col-50 elementor-inner-column elementor-element elementor-element-8e1c676 elementor-invisible\" data-id=\"8e1c676\" data-element_type=\"column\" data-e-type=\"column\" data-settings=\"{&quot;animation&quot;:&quot;fadeInLeft&quot;}\">\n\t\t\t<div class=\"elementor-widget-wrap elementor-element-populated\">\n\t\t\t\t\t\t<div class=\"elementor-element elementor-element-b3b6e82 elementor-widget elementor-widget-image\" data-id=\"b3b6e82\" data-element_type=\"widget\" data-e-type=\"widget\" data-widget_type=\"image.default\">\n\t\t\t\t<div class=\"elementor-widget-container\">\n\t\t\t\t\t\t\t\t\t\t\t\t\t\t\t<img fetchpriority=\"high\" decoding=\"async\" width=\"1100\" height=\"825\" src=\"https:\/\/oceancamper.com\/wp-content\/uploads\/2022\/02\/Environmental-Awareness-min-1.jpg\" class=\"attachment-full size-full wp-image-217727\" alt=\"\u015awiadomo\u015b\u0107 ekologiczna\" srcset=\"https:\/\/oceancamper.com\/wp-content\/uploads\/2022\/02\/Environmental-Awareness-min-1.jpg 1100w, https:\/\/oceancamper.com\/wp-content\/uploads\/2022\/02\/Environmental-Awareness-min-1-300x225.jpg 300w, https:\/\/oceancamper.com\/wp-content\/uploads\/2022\/02\/Environmental-Awareness-min-1-1024x768.jpg 1024w, https:\/\/oceancamper.com\/wp-content\/uploads\/2022\/02\/Environmental-Awareness-min-1-768x576.jpg 768w\" sizes=\"(max-width: 1100px) 100vw, 1100px\" \/>\t\t\t\t\t\t\t\t\t\t\t\t\t\t\t<\/div>\n\t\t\t\t<\/div>\n\t\t\t\t\t<\/div>\n\t\t<\/div>\n\t\t\t\t<div class=\"elementor-column elementor-col-50 elementor-inner-column elementor-element elementor-element-ea13368 elementor-invisible\" data-id=\"ea13368\" data-element_type=\"column\" data-e-type=\"column\" data-settings=\"{&quot;background_background&quot;:&quot;classic&quot;,&quot;animation&quot;:&quot;fadeInRight&quot;}\">\n\t\t\t<div class=\"elementor-widget-wrap elementor-element-populated\">\n\t\t\t\t\t<div class=\"elementor-background-overlay\"><\/div>\n\t\t\t\t\t\t<div class=\"elementor-element elementor-element-0fdd138 elementor-widget elementor-widget-heading\" data-id=\"0fdd138\" data-element_type=\"widget\" data-e-type=\"widget\" data-widget_type=\"heading.default\">\n\t\t\t\t<div class=\"elementor-widget-container\">\n\t\t\t\t\t<h4 class=\"elementor-heading-title elementor-size-default\">\u015awiadomo\u015b\u0107 ekologiczna<\/h4>\t\t\t\t<\/div>\n\t\t\t\t<\/div>\n\t\t\t\t<div class=\"elementor-element elementor-element-acdf564 elementor-widget elementor-widget-text-editor\" data-id=\"acdf564\" data-element_type=\"widget\" data-e-type=\"widget\" data-widget_type=\"text-editor.default\">\n\t\t\t\t<div class=\"elementor-widget-container\">\n\t\t\t\t\t\t\t\t\t<p>D\u0105\u017cymy do <strong>ochrony \u015brodowiska<\/strong>, podejmuj\u0105c pierwsze pr\u00f3by ograniczenia ilo\u015bci tworzyw sztucznych i dostarczaj\u0105c biodegradowalne detergenty do prania, myd\u0142o i szampon.<\/p>\t\t\t\t\t\t\t\t<\/div>\n\t\t\t\t<\/div>\n\t\t\t\t\t<\/div>\n\t\t<\/div>\n\t\t\t\t\t<\/div>\n\t\t<\/section>\n\t\t\t\t<section class=\"elementor-section elementor-inner-section elementor-element elementor-element-e9791f7 elementor-section-content-middle elementor-reverse-mobile elementor-section-boxed elementor-section-height-default elementor-section-height-default elementor-invisible\" data-id=\"e9791f7\" data-element_type=\"section\" data-e-type=\"section\" data-settings=\"{&quot;animation&quot;:&quot;fadeInUp&quot;}\">\n\t\t\t\t\t\t<div class=\"elementor-container elementor-column-gap-default\">\n\t\t\t\t\t<div class=\"elementor-column elementor-col-50 elementor-inner-column elementor-element elementor-element-4240c4e elementor-invisible\" data-id=\"4240c4e\" data-element_type=\"column\" data-e-type=\"column\" data-settings=\"{&quot;background_background&quot;:&quot;classic&quot;,&quot;animation&quot;:&quot;fadeInLeft&quot;}\">\n\t\t\t<div class=\"elementor-widget-wrap elementor-element-populated\">\n\t\t\t\t\t<div class=\"elementor-background-overlay\"><\/div>\n\t\t\t\t\t\t<div class=\"elementor-element elementor-element-0da28e0 elementor-widget elementor-widget-heading\" data-id=\"0da28e0\" data-element_type=\"widget\" data-e-type=\"widget\" data-widget_type=\"heading.default\">\n\t\t\t\t<div class=\"elementor-widget-container\">\n\t\t\t\t\t<h4 class=\"elementor-heading-title elementor-size-default\">Easy Camping<\/h4>\t\t\t\t<\/div>\n\t\t\t\t<\/div>\n\t\t\t\t<div class=\"elementor-element elementor-element-68a7f44 elementor-widget elementor-widget-text-editor\" data-id=\"68a7f44\" data-element_type=\"widget\" data-e-type=\"widget\" data-widget_type=\"text-editor.default\">\n\t\t\t\t<div class=\"elementor-widget-container\">\n\t\t\t\t\t\t\t\t\tMa\u0142y, zwinny i oszcz\u0119dny. Nasze kampery to wyb\u00f3r dla os\u00f3b, kt\u00f3re lubi\u0105 \u0142atwy spos\u00f3b biwakowania.\t\t\t\t\t\t\t\t<\/div>\n\t\t\t\t<\/div>\n\t\t\t\t\t<\/div>\n\t\t<\/div>\n\t\t\t\t<div class=\"elementor-column elementor-col-50 elementor-inner-column elementor-element elementor-element-787dddf elementor-invisible\" data-id=\"787dddf\" data-element_type=\"column\" data-e-type=\"column\" data-settings=\"{&quot;animation&quot;:&quot;fadeInRight&quot;}\">\n\t\t\t<div class=\"elementor-widget-wrap elementor-element-populated\">\n\t\t\t\t\t\t<div class=\"elementor-element elementor-element-4c73cbb elementor-widget elementor-widget-image\" data-id=\"4c73cbb\" data-element_type=\"widget\" data-e-type=\"widget\" data-widget_type=\"image.default\">\n\t\t\t\t<div class=\"elementor-widget-container\">\n\t\t\t\t\t\t\t\t\t\t\t\t\t\t\t<img decoding=\"async\" width=\"1024\" height=\"768\" src=\"https:\/\/oceancamper.com\/wp-content\/uploads\/2022\/02\/easy-camping-min.jpg\" class=\"attachment-full size-full wp-image-217728\" alt=\"\u015awiadomo\u015b\u0107 ekologiczna\" srcset=\"https:\/\/oceancamper.com\/wp-content\/uploads\/2022\/02\/easy-camping-min.jpg 1024w, https:\/\/oceancamper.com\/wp-content\/uploads\/2022\/02\/easy-camping-min-300x225.jpg 300w, https:\/\/oceancamper.com\/wp-content\/uploads\/2022\/02\/easy-camping-min-768x576.jpg 768w\" sizes=\"(max-width: 1024px) 100vw, 1024px\" \/>\t\t\t\t\t\t\t\t\t\t\t\t\t\t\t<\/div>\n\t\t\t\t<\/div>\n\t\t\t\t\t<\/div>\n\t\t<\/div>\n\t\t\t\t\t<\/div>\n\t\t<\/section>\n\t\t\t\t<section class=\"elementor-section elementor-inner-section elementor-element elementor-element-a9cd354 elementor-section-content-middle elementor-section-boxed elementor-section-height-default elementor-section-height-default elementor-invisible\" data-id=\"a9cd354\" data-element_type=\"section\" data-e-type=\"section\" data-settings=\"{&quot;animation&quot;:&quot;fadeInUp&quot;}\">\n\t\t\t\t\t\t<div class=\"elementor-container elementor-column-gap-default\">\n\t\t\t\t\t<div class=\"elementor-column elementor-col-100 elementor-inner-column elementor-element elementor-element-1a3ac2a elementor-invisible\" data-id=\"1a3ac2a\" data-element_type=\"column\" data-e-type=\"column\" data-settings=\"{&quot;background_background&quot;:&quot;classic&quot;,&quot;animation&quot;:&quot;fadeInUp&quot;}\">\n\t\t\t<div class=\"elementor-widget-wrap elementor-element-populated\">\n\t\t\t\t\t<div class=\"elementor-background-overlay\"><\/div>\n\t\t\t\t\t\t<div class=\"elementor-element elementor-element-1792cf4 elementor-widget elementor-widget-heading\" data-id=\"1792cf4\" data-element_type=\"widget\" data-e-type=\"widget\" data-widget_type=\"heading.default\">\n\t\t\t\t<div class=\"elementor-widget-container\">\n\t\t\t\t\t<h4 class=\"elementor-heading-title elementor-size-default\">Bardziej ekologiczny kemping dzi\u0119ki downsizingowi\n<\/h4>\t\t\t\t<\/div>\n\t\t\t\t<\/div>\n\t\t\t\t<div class=\"elementor-element elementor-element-e081bdd elementor-widget elementor-widget-text-editor\" data-id=\"e081bdd\" data-element_type=\"widget\" data-e-type=\"widget\" data-widget_type=\"text-editor.default\">\n\t\t\t\t<div class=\"elementor-widget-container\">\n\t\t\t\t\t\t\t\t\t<p>Jako mi\u0142o\u015bnicy przyrody i ocean\u00f3w, poprawa naszego odcisku palca na \u015brodowisku jest prawdziw\u0105 spraw\u0105 serca i nieustannie poszukujemy bardziej ekologicznych sposob\u00f3w biwakowania.  <strong>Naszym celem jest osi\u0105gni\u0119cie neutralno\u015bci w\u0119glowej do 2030 roku.<\/strong>  Nasze pierwsze podej\u015bcia obejmuj\u0105:<\/p><ul><li>Wykorzystujemy wy\u0142\u0105cznie odnawialn\u0105 energi\u0119 elektryczn\u0105 do zasilania naszego sklepu i e-mobilno\u015bci.<\/li><li>Do o\u015bwietlenia nale\u017cy u\u017cywa\u0107 wy\u0142\u0105cznie urz\u0105dze\u0144 elektrycznych o maksymalnej wydajno\u015bci energetycznej, takich jak diody LED.<\/li><li>Zmniejszenie zu\u017cycia plastiku, gdy tylko jest to mo\u017cliwe (np. unikanie plastikowych materia\u0142\u00f3w kuchennych).<\/li><li>Zapewnienie naszym go\u015bciom biodegradowalnego \u017celu pod prysznic, szamponu i p\u0142ynu do mycia naczy\u0144.<\/li><li>Ma\u0142e kampery o niskim zu\u017cyciu paliwa (5-7 l\/100 km).<\/li><\/ul><p>Mamy nadziej\u0119, \u017ce jako nasz kolejny go\u015b\u0107 pomo\u017cesz nam, podejmuj\u0105c drobne dzia\u0142ania w celu utrzymania przyrody i miejsc kempingowych w jak najwi\u0119kszej czysto\u015bci.<\/p><p>Stale poprawiamy nasz \u015blad CO2 i b\u0119dziemy informowa\u0107 Ci\u0119 na bie\u017c\u0105co. Je\u015bli masz sugestie dotycz\u0105ce bardziej ekologicznych rozwi\u0105za\u0144 kempingowych, napisz do nas na adres info@oceancamper.com.<\/p>\t\t\t\t\t\t\t\t<\/div>\n\t\t\t\t<\/div>\n\t\t\t\t\t<\/div>\n\t\t<\/div>\n\t\t\t\t\t<\/div>\n\t\t<\/section>\n\t\t\t\t<section class=\"elementor-section elementor-inner-section elementor-element elementor-element-961f80f elementor-section-content-middle elementor-section-boxed elementor-section-height-default elementor-section-height-default elementor-invisible\" data-id=\"961f80f\" data-element_type=\"section\" data-e-type=\"section\" data-settings=\"{&quot;animation&quot;:&quot;fadeInUp&quot;}\">\n\t\t\t\t\t\t<div class=\"elementor-container elementor-column-gap-default\">\n\t\t\t\t\t<div class=\"elementor-column elementor-col-100 elementor-inner-column elementor-element elementor-element-7bad229 elementor-invisible\" data-id=\"7bad229\" data-element_type=\"column\" data-e-type=\"column\" data-settings=\"{&quot;background_background&quot;:&quot;classic&quot;,&quot;animation&quot;:&quot;fadeInUp&quot;}\">\n\t\t\t<div class=\"elementor-widget-wrap elementor-element-populated\">\n\t\t\t\t\t<div class=\"elementor-background-overlay\"><\/div>\n\t\t\t\t\t\t<div class=\"elementor-element elementor-element-fafc882 elementor-widget elementor-widget-heading\" data-id=\"fafc882\" data-element_type=\"widget\" data-e-type=\"widget\" data-widget_type=\"heading.default\">\n\t\t\t\t<div class=\"elementor-widget-container\">\n\t\t\t\t\t<h4 class=\"elementor-heading-title elementor-size-default\">Nasza filozofia<\/h4>\t\t\t\t<\/div>\n\t\t\t\t<\/div>\n\t\t\t\t<div class=\"elementor-element elementor-element-f92f24f elementor-widget elementor-widget-text-editor\" data-id=\"f92f24f\" data-element_type=\"widget\" data-e-type=\"widget\" data-widget_type=\"text-editor.default\">\n\t\t\t\t<div class=\"elementor-widget-container\">\n\t\t\t\t\t\t\t\t\t<span class=\"VIiyi\" lang=\"en\"><span class=\"JLqJ4b ChMk0b\" data-language-for-alternatives=\"en\" data-language-to-translate-into=\"auto\" data-phrase-index=\"0\">Jeste\u015bmy uczciwi, przyja\u017ani, uprzejmi i przede wszystkim niezawodni.<\/span> <span class=\"JLqJ4b ChMk0b\" data-language-for-alternatives=\"en\" data-language-to-translate-into=\"auto\" data-phrase-index=\"1\">Uwielbiamy dzieli\u0107 si\u0119 z naszymi go\u015b\u0107mi wszystkim, co wiemy o kempingach, miejscach, miastach i pla\u017cach w Algarve i ca\u0142ej Portugalii.<\/span> <span class=\"JLqJ4b ChMk0b\" data-language-for-alternatives=\"en\" data-language-to-translate-into=\"auto\" data-phrase-index=\"2\">Chcemy zapewni\u0107 Ci niezapomniane wakacje na kempingu.<\/span> <span class=\"JLqJ4b ChMk0b\" data-language-for-alternatives=\"en\" data-language-to-translate-into=\"auto\" data-phrase-index=\"3\">Chcemy, aby\u015b wr\u00f3ci\u0142 z u\u015bmiechem i mi\u0142ymi wspomnieniami.<\/span> <span class=\"JLqJ4b ChMk0b\" data-language-for-alternatives=\"en\" data-language-to-translate-into=\"auto\" data-phrase-index=\"4\">Ci\u0119\u017cko na to pracujemy.<\/span><\/span>\t\t\t\t\t\t\t\t<\/div>\n\t\t\t\t<\/div>\n\t\t\t\t\t<\/div>\n\t\t<\/div>\n\t\t\t\t\t<\/div>\n\t\t<\/section>\n\t\t\t\t\t<\/div>\n\t\t<\/div>\n\t\t\t\t\t<\/div>\n\t\t<\/section>\n\t\t\t\t<section class=\"elementor-section elementor-top-section elementor-element elementor-element-9e0dac8 elementor-section-stretched elementor-section-boxed elementor-section-height-default elementor-section-height-default\" data-id=\"9e0dac8\" data-element_type=\"section\" data-e-type=\"section\" data-settings=\"{&quot;stretch_section&quot;:&quot;section-stretched&quot;,&quot;background_background&quot;:&quot;classic&quot;}\">\n\t\t\t\t\t\t<div class=\"elementor-container elementor-column-gap-default\">\n\t\t\t\t\t<div class=\"elementor-column elementor-col-100 elementor-top-column elementor-element elementor-element-a19e1d7\" data-id=\"a19e1d7\" data-element_type=\"column\" data-e-type=\"column\">\n\t\t\t<div class=\"elementor-widget-wrap elementor-element-populated\">\n\t\t\t\t\t\t<section class=\"elementor-section elementor-inner-section elementor-element elementor-element-5ff958f elementor-section-content-top elementor-section-boxed elementor-section-height-default elementor-section-height-default elementor-invisible\" data-id=\"5ff958f\" data-element_type=\"section\" data-e-type=\"section\" data-settings=\"{&quot;animation&quot;:&quot;fadeInUp&quot;}\">\n\t\t\t\t\t\t<div class=\"elementor-container elementor-column-gap-default\">\n\t\t\t\t\t<div class=\"elementor-column elementor-col-50 elementor-inner-column elementor-element elementor-element-78b70df elementor-invisible\" data-id=\"78b70df\" data-element_type=\"column\" data-e-type=\"column\" data-settings=\"{&quot;animation&quot;:&quot;fadeInLeft&quot;}\">\n\t\t\t<div class=\"elementor-widget-wrap elementor-element-populated\">\n\t\t\t\t\t\t<div class=\"elementor-element elementor-element-c45c33c elementor-widget elementor-widget-image\" data-id=\"c45c33c\" data-element_type=\"widget\" data-e-type=\"widget\" data-widget_type=\"image.default\">\n\t\t\t\t<div class=\"elementor-widget-container\">\n\t\t\t\t\t\t\t\t\t\t\t\t\t\t\t<img decoding=\"async\" width=\"1920\" height=\"2560\" src=\"https:\/\/oceancamper.com\/wp-content\/uploads\/2024\/10\/20221106_093404-scaled.jpg\" class=\"attachment-full size-full wp-image-217729\" alt=\"\" srcset=\"https:\/\/oceancamper.com\/wp-content\/uploads\/2024\/10\/20221106_093404-scaled.jpg 1920w, https:\/\/oceancamper.com\/wp-content\/uploads\/2024\/10\/20221106_093404-225x300.jpg 225w, https:\/\/oceancamper.com\/wp-content\/uploads\/2024\/10\/20221106_093404-768x1024.jpg 768w, https:\/\/oceancamper.com\/wp-content\/uploads\/2024\/10\/20221106_093404-1152x1536.jpg 1152w, https:\/\/oceancamper.com\/wp-content\/uploads\/2024\/10\/20221106_093404-1536x2048.jpg 1536w, https:\/\/oceancamper.com\/wp-content\/uploads\/2024\/10\/20221106_093404-135x180.jpg 135w\" sizes=\"(max-width: 1920px) 100vw, 1920px\" \/>\t\t\t\t\t\t\t\t\t\t\t\t\t\t\t<\/div>\n\t\t\t\t<\/div>\n\t\t\t\t\t<\/div>\n\t\t<\/div>\n\t\t\t\t<div class=\"elementor-column elementor-col-50 elementor-inner-column elementor-element elementor-element-2c87832 elementor-invisible\" data-id=\"2c87832\" data-element_type=\"column\" data-e-type=\"column\" data-settings=\"{&quot;background_background&quot;:&quot;classic&quot;,&quot;animation&quot;:&quot;fadeInRight&quot;}\">\n\t\t\t<div class=\"elementor-widget-wrap elementor-element-populated\">\n\t\t\t\t\t<div class=\"elementor-background-overlay\"><\/div>\n\t\t\t\t\t\t<div class=\"elementor-element elementor-element-891b02c elementor-widget elementor-widget-heading\" data-id=\"891b02c\" data-element_type=\"widget\" data-e-type=\"widget\" data-widget_type=\"heading.default\">\n\t\t\t\t<div class=\"elementor-widget-container\">\n\t\t\t\t\t<h4 class=\"elementor-heading-title elementor-size-default\">Jak to si\u0119 zacz\u0119\u0142o<\/h4>\t\t\t\t<\/div>\n\t\t\t\t<\/div>\n\t\t\t\t<div class=\"elementor-element elementor-element-6b2f959 elementor-widget elementor-widget-text-editor\" data-id=\"6b2f959\" data-element_type=\"widget\" data-e-type=\"widget\" data-widget_type=\"text-editor.default\">\n\t\t\t\t<div class=\"elementor-widget-container\">\n\t\t\t\t\t\t\t\t\t<p style=\"text-align: left;\">&#8222;Cze\u015b\u0107! Jestem Nina. Zawsze uwielbia\u0142em podr\u00f3\u017cowa\u0107 i biwakowa\u0107 w \u0142atwy, niedrogi spos\u00f3b, jednocze\u015bnie ciesz\u0105c si\u0119 pi\u0119knem natury &#8211; pla\u017c, rzek i jezior.  <\/p><p>W czasach studenckich mia\u0142em w\u0142asnego campervana, kt\u00f3ry pozwoli\u0142 mi odkry\u0107 ka\u017cd\u0105 pla\u017c\u0119 i dolin\u0119 w Costa Vicentina. D\u0142uga podr\u00f3\u017c z Faro do Norwegii sprawi\u0142a, \u017ce jeszcze bardziej zakocha\u0142em si\u0119 w kempingu.<\/p><p>Zacz\u0105\u0142em wynajmowa\u0107 sw\u00f3j sprz\u0119t kempingowy, deski surfingowe i osobistego vana za po\u015brednictwem <a href=\"https:\/\/www.airbnb.de\/users\/147121665\/listings?user_id=147121665&amp;s=50\" target=\"_blank\" rel=\"noopener\">Airbnb <\/a>i otrzyma\u0142em fantastyczne opinie od moich go\u015bci, osi\u0105gaj\u0105c doskona\u0142\u0105 ocen\u0119 4,9\/5 w 2018 roku. To zainspirowa\u0142o mnie do za\u0142o\u017cenia w\u0142asnej ma\u0142ej firmy, NomadCanguru, Lda, i marki OceanCamper\u00ae. Oferujemy kampery dla dw\u00f3ch os\u00f3b, sprz\u0119t kempingowy i sprz\u0119t sportowy w uczciwych cenach. Mam teraz wspania\u0142y ma\u0142y zesp\u00f3\u0142 pracuj\u0105cy ze mn\u0105 w tym ekscytuj\u0105cym przedsi\u0119wzi\u0119ciu!&#8221;<\/p><p style=\"text-align: right;\">Nina Solyukova Schulze<\/p><p> <\/p><p> <\/p>\t\t\t\t\t\t\t\t<\/div>\n\t\t\t\t<\/div>\n\t\t\t\t\t<\/div>\n\t\t<\/div>\n\t\t\t\t\t<\/div>\n\t\t<\/section>\n\t\t\t\t\t<\/div>\n\t\t<\/div>\n\t\t\t\t\t<\/div>\n\t\t<\/section>\n\t\t\t\t<\/div>\n\t\t","protected":false},"excerpt":{"rendered":"<p>O nas O OceanCamper\u00ae Nasz\u0105 misj\u0105 jest zapewnienie niezapomnianych wra\u017ce\u0144 podczas biwakowania w Portugalii dzi\u0119ki prostemu i funkcjonalnemu sprz\u0119towi kempingowemu za uczciw\u0105 cen\u0119. Oferujemy Ma\u0142e kampery, namioty i sprz\u0119t kempingowy. Surfing, stand-up paddleboards, snorkeling i sprz\u0119t sportowy. Porady dotycz\u0105ce trasy dostosowane do hobby i zainteresowa\u0144. Chcemy podzieli\u0107 si\u0119 z wami jednym z najpi\u0119kniejszych miejsc w [&hellip;]<\/p>\n","protected":false},"author":1,"featured_media":0,"parent":0,"menu_order":0,"comment_status":"closed","ping_status":"closed","template":"elementor_header_footer","meta":{"footnotes":""},"class_list":["post-161679","page","type-page","status-publish","hentry"],"aioseo_notices":[],"_links":{"self":[{"href":"https:\/\/oceancamper.com\/pl\/wp-json\/wp\/v2\/pages\/161679","targetHints":{"allow":["GET"]}}],"collection":[{"href":"https:\/\/oceancamper.com\/pl\/wp-json\/wp\/v2\/pages"}],"about":[{"href":"https:\/\/oceancamper.com\/pl\/wp-json\/wp\/v2\/types\/page"}],"author":[{"embeddable":true,"href":"https:\/\/oceancamper.com\/pl\/wp-json\/wp\/v2\/users\/1"}],"replies":[{"embeddable":true,"href":"https:\/\/oceancamper.com\/pl\/wp-json\/wp\/v2\/comments?post=161679"}],"version-history":[{"count":4,"href":"https:\/\/oceancamper.com\/pl\/wp-json\/wp\/v2\/pages\/161679\/revisions"}],"predecessor-version":[{"id":217733,"href":"https:\/\/oceancamper.com\/pl\/wp-json\/wp\/v2\/pages\/161679\/revisions\/217733"}],"wp:attachment":[{"href":"https:\/\/oceancamper.com\/pl\/wp-json\/wp\/v2\/media?parent=161679"}],"curies":[{"name":"wp","href":"https:\/\/api.w.org\/{rel}","templated":true}]}}