{"id":161822,"date":"2022-02-16T20:35:06","date_gmt":"2022-02-16T20:35:06","guid":{"rendered":"https:\/\/oceancamper.com\/extrak\/mini-futotest\/"},"modified":"2025-06-30T16:15:00","modified_gmt":"2025-06-30T16:15:00","slug":"mini-futotest","status":"publish","type":"page","link":"https:\/\/oceancamper.com\/hu\/extrak\/mini-futotest\/","title":{"rendered":"Mini f\u0171t\u0151test"},"content":{"rendered":"\t\t<div data-elementor-type=\"wp-page\" data-elementor-id=\"161822\" class=\"elementor elementor-161822 elementor-2885\" data-elementor-post-type=\"page\">\n\t\t\t\t\t\t<section class=\"elementor-section elementor-top-section elementor-element elementor-element-84639bc elementor-section-height-min-height elementor-section-stretched elementor-section-content-middle elementor-section-boxed elementor-section-height-default elementor-section-items-middle\" data-id=\"84639bc\" data-element_type=\"section\" data-e-type=\"section\" data-settings=\"{&quot;stretch_section&quot;:&quot;section-stretched&quot;,&quot;background_background&quot;:&quot;gradient&quot;}\">\n\t\t\t\t\t\t<div class=\"elementor-container elementor-column-gap-default\">\n\t\t\t\t\t<div class=\"elementor-column elementor-col-100 elementor-top-column elementor-element elementor-element-89102d1\" data-id=\"89102d1\" data-element_type=\"column\" data-e-type=\"column\">\n\t\t\t<div class=\"elementor-widget-wrap elementor-element-populated\">\n\t\t\t\t\t\t<div class=\"elementor-element elementor-element-a785035 elementor-widget elementor-widget-heading\" data-id=\"a785035\" data-element_type=\"widget\" data-e-type=\"widget\" data-widget_type=\"heading.default\">\n\t\t\t\t<div class=\"elementor-widget-container\">\n\t\t\t\t\t<h1 class=\"elementor-heading-title elementor-size-default\">Mini f\u0171t\u0151berendez\u00e9s b\u00e9rl\u00e9s\n<\/h1>\t\t\t\t<\/div>\n\t\t\t\t<\/div>\n\t\t\t\t\t<\/div>\n\t\t<\/div>\n\t\t\t\t\t<\/div>\n\t\t<\/section>\n\t\t\t\t<section class=\"elementor-section elementor-top-section elementor-element elementor-element-7dcf7de elementor-section-stretched elementor-section-boxed elementor-section-height-default elementor-section-height-default\" data-id=\"7dcf7de\" data-element_type=\"section\" data-e-type=\"section\" data-settings=\"{&quot;stretch_section&quot;:&quot;section-stretched&quot;,&quot;background_background&quot;:&quot;classic&quot;}\">\n\t\t\t\t\t\t<div class=\"elementor-container elementor-column-gap-default\">\n\t\t\t\t\t<div class=\"elementor-column elementor-col-100 elementor-top-column elementor-element elementor-element-6fe4d27\" data-id=\"6fe4d27\" data-element_type=\"column\" data-e-type=\"column\">\n\t\t\t<div class=\"elementor-widget-wrap elementor-element-populated\">\n\t\t\t\t\t\t<div class=\"elementor-element elementor-element-63b8a54 elementor-widget elementor-widget-text-editor\" data-id=\"63b8a54\" data-element_type=\"widget\" data-e-type=\"widget\" data-widget_type=\"text-editor.default\">\n\t\t\t\t<div class=\"elementor-widget-container\">\n\t\t\t\t\t\t\t\t\tD\u00e9l-Portug\u00e1lia d\u00e9li r\u00e9sz\u00e9n a h\u0151m\u00e9rs\u00e9klet napk\u00f6zben 12-20 \u00b0C k\u00f6r\u00fcl van (\u00e1ltal\u00e1ban napos id\u0151 van). \u00c9jszaka a h\u0151m\u00e9rs\u00e9klet \u00e1ltal\u00e1ban 12-15\u00b0C-ra cs\u00f6kken, de legfeljebb 8\u00b0C-ra m\u00e9rs\u00e9kl\u0151dhet. Mindenesetre t\u0151l\u00fcnk mindig kap egy nagyon k\u00e9nyelmes \u00e9s meleg takar\u00f3t, amely megfelel ezeknek a h\u0151m\u00e9rs\u00e9kleteknek. Ha m\u00e9g melegebbet szeretne, foglaljon n\u00e1lunk f\u0171t\u0151testet. Elektromos f\u0171t\u0151test (1000 W) 230 V-os hosszabb\u00edt\u00f3val (25 m), amely a kempingekben haszn\u00e1lhat\u00f3 a furgon t\u00e9li (pl. \u00e9jszakai) felf\u0171t\u00e9s\u00e9re. A kempingben az elektromos h\u00e1l\u00f3zatra kell csatlakoztatni.     \t\t\t\t\t\t\t\t<\/div>\n\t\t\t\t<\/div>\n\t\t\t\t<div class=\"elementor-element elementor-element-985286a elementor-widget elementor-widget-text-editor\" data-id=\"985286a\" data-element_type=\"widget\" data-e-type=\"widget\" data-widget_type=\"text-editor.default\">\n\t\t\t\t<div class=\"elementor-widget-container\">\n\t\t\t\t\t\t\t\t\t<strong><span style=\"color: #1e3440;\">B\u00e9relhet elektromos f\u0171t\u0151berendez\u00e9st:<\/span><\/strong>\t\t\t\t\t\t\t\t<\/div>\n\t\t\t\t<\/div>\n\t\t\t\t<div class=\"elementor-element elementor-element-652f533 elementor-widget elementor-widget-text-editor\" data-id=\"652f533\" data-element_type=\"widget\" data-e-type=\"widget\" data-widget_type=\"text-editor.default\">\n\t\t\t\t<div class=\"elementor-widget-container\">\n\t\t\t\t\t\t\t\t\t<p>&#8211; A lak\u00f3aut\u00f3\/s\u00e1tor foglal\u00e1ssal egy\u00fctt.<br>&#8211; K\u00fcl\u00f6n, csak az elektromos f\u0171t\u0151testet, \u00e9s vegye \u00e1t a k\u00f6vetkez\u0151 helyeken <span style=\"color: #3ac4bb;\"><a style=\"color: #3ac4bb;\" href=\"https:\/\/www.google.com\/maps\/place\/\/data=!4m2!3m1!1s0xd1ab343f0fb35b7:0xa5468e7f9032f468?source=g.page.share\" target=\"_blank\" rel=\"noopener\">\u00fczlet\u00fcnkben<\/a><\/span> Far\u00f3ban, <span style=\"color: #3ac4bb;\"><a style=\"color: #3ac4bb;\" href=\"https:\/\/farosurfrentals.com\/\" target=\"_blank\" rel=\"noopener\">foglaljon itt<\/a><\/span>.<\/p>\t\t\t\t\t\t\t\t<\/div>\n\t\t\t\t<\/div>\n\t\t\t\t<section class=\"elementor-section elementor-inner-section elementor-element elementor-element-c76a627 elementor-section-boxed elementor-section-height-default elementor-section-height-default elementor-invisible\" data-id=\"c76a627\" data-element_type=\"section\" data-e-type=\"section\" data-settings=\"{&quot;animation&quot;:&quot;fadeInUp&quot;}\">\n\t\t\t\t\t\t<div class=\"elementor-container elementor-column-gap-default\">\n\t\t\t\t\t<div class=\"elementor-column elementor-col-25 elementor-inner-column elementor-element elementor-element-d2523ee\" data-id=\"d2523ee\" data-element_type=\"column\" data-e-type=\"column\" data-settings=\"{&quot;background_background&quot;:&quot;classic&quot;}\">\n\t\t\t<div class=\"elementor-widget-wrap elementor-element-populated\">\n\t\t\t\t\t<div class=\"elementor-background-overlay\"><\/div>\n\t\t\t\t\t\t<div class=\"elementor-element elementor-element-8cf9c93 elementor-widget elementor-widget-image\" data-id=\"8cf9c93\" data-element_type=\"widget\" data-e-type=\"widget\" data-widget_type=\"image.default\">\n\t\t\t\t<div class=\"elementor-widget-container\">\n\t\t\t\t\t\t\t\t\t\t\t\t\t\t\t<img fetchpriority=\"high\" decoding=\"async\" width=\"1024\" height=\"1536\" src=\"https:\/\/oceancamper.com\/wp-content\/uploads\/2025\/06\/Heater.png\" class=\"attachment-full size-full wp-image-183409\" alt=\"Elektromos f\u0171t\u0151test\" srcset=\"https:\/\/oceancamper.com\/wp-content\/uploads\/2025\/06\/Heater.png 1024w, https:\/\/oceancamper.com\/wp-content\/uploads\/2025\/06\/Heater-200x300.png 200w, https:\/\/oceancamper.com\/wp-content\/uploads\/2025\/06\/Heater-683x1024.png 683w, https:\/\/oceancamper.com\/wp-content\/uploads\/2025\/06\/Heater-768x1152.png 768w, https:\/\/oceancamper.com\/wp-content\/uploads\/2025\/06\/Heater-120x180.png 120w\" sizes=\"(max-width: 1024px) 100vw, 1024px\" \/>\t\t\t\t\t\t\t\t\t\t\t\t\t\t\t<\/div>\n\t\t\t\t<\/div>\n\t\t\t\t<div class=\"elementor-element elementor-element-ea36496 elementor-widget elementor-widget-text-editor\" data-id=\"ea36496\" data-element_type=\"widget\" data-e-type=\"widget\" data-widget_type=\"text-editor.default\">\n\t\t\t\t<div class=\"elementor-widget-container\">\n\t\t\t\t\t\t\t\t\t<strong>Mini f\u0171t\u0151test<\/strong>\t\t\t\t\t\t\t\t<\/div>\n\t\t\t\t<\/div>\n\t\t\t\t\t<\/div>\n\t\t<\/div>\n\t\t\t\t<div class=\"elementor-column elementor-col-25 elementor-inner-column elementor-element elementor-element-ef97351\" data-id=\"ef97351\" data-element_type=\"column\" data-e-type=\"column\" data-settings=\"{&quot;background_background&quot;:&quot;classic&quot;}\">\n\t\t\t<div class=\"elementor-widget-wrap\">\n\t\t\t\t\t<div class=\"elementor-background-overlay\"><\/div>\n\t\t\t\t\t\t\t<\/div>\n\t\t<\/div>\n\t\t\t\t<div class=\"elementor-column elementor-col-25 elementor-inner-column elementor-element elementor-element-7e3f0d7\" data-id=\"7e3f0d7\" data-element_type=\"column\" data-e-type=\"column\" data-settings=\"{&quot;background_background&quot;:&quot;classic&quot;}\">\n\t\t\t<div class=\"elementor-widget-wrap\">\n\t\t\t\t\t<div class=\"elementor-background-overlay\"><\/div>\n\t\t\t\t\t\t\t<\/div>\n\t\t<\/div>\n\t\t\t\t<div class=\"elementor-column elementor-col-25 elementor-inner-column elementor-element elementor-element-1b19eea\" data-id=\"1b19eea\" data-element_type=\"column\" data-e-type=\"column\" data-settings=\"{&quot;background_background&quot;:&quot;classic&quot;}\">\n\t\t\t<div class=\"elementor-widget-wrap\">\n\t\t\t\t\t<div class=\"elementor-background-overlay\"><\/div>\n\t\t\t\t\t\t\t<\/div>\n\t\t<\/div>\n\t\t\t\t\t<\/div>\n\t\t<\/section>\n\t\t\t\t<div class=\"elementor-element elementor-element-366937a elementor-widget elementor-widget-text-editor\" data-id=\"366937a\" data-element_type=\"widget\" data-e-type=\"widget\" data-widget_type=\"text-editor.default\">\n\t\t\t\t<div class=\"elementor-widget-container\">\n\t\t\t\t\t\t\t\t\t<strong><span style=\"color: #1e3440;\">Csak felszerel\u00e9s foglal\u00e1sa <span style=\"color: #3ac4bb;\"><a style=\"color: #3ac4bb;\" href=\"https:\/\/farosurfrentals.com\/\" target=\"_blank\" rel=\"noopener\">itt<\/a><\/span><\/span><\/strong>\t\t\t\t\t\t\t\t<\/div>\n\t\t\t\t<\/div>\n\t\t\t\t\t<\/div>\n\t\t<\/div>\n\t\t\t\t\t<\/div>\n\t\t<\/section>\n\t\t\t\t<\/div>\n\t\t","protected":false},"excerpt":{"rendered":"<p>Mini f\u0171t\u0151berendez\u00e9s b\u00e9rl\u00e9s D\u00e9l-Portug\u00e1lia d\u00e9li r\u00e9sz\u00e9n a h\u0151m\u00e9rs\u00e9klet napk\u00f6zben 12-20 \u00b0C k\u00f6r\u00fcl van (\u00e1ltal\u00e1ban napos id\u0151 van). \u00c9jszaka a h\u0151m\u00e9rs\u00e9klet \u00e1ltal\u00e1ban 12-15\u00b0C-ra cs\u00f6kken, de legfeljebb 8\u00b0C-ra m\u00e9rs\u00e9kl\u0151dhet. Mindenesetre t\u0151l\u00fcnk mindig kap egy nagyon k\u00e9nyelmes \u00e9s meleg takar\u00f3t, amely megfelel ezeknek a h\u0151m\u00e9rs\u00e9kleteknek. Ha m\u00e9g melegebbet szeretne, foglaljon n\u00e1lunk f\u0171t\u0151testet. Elektromos f\u0171t\u0151test (1000 W) 230 V-os [&hellip;]<\/p>\n","protected":false},"author":1,"featured_media":0,"parent":161738,"menu_order":0,"comment_status":"closed","ping_status":"closed","template":"elementor_header_footer","meta":{"footnotes":""},"class_list":["post-161822","page","type-page","status-publish","hentry"],"aioseo_notices":[],"_links":{"self":[{"href":"https:\/\/oceancamper.com\/hu\/wp-json\/wp\/v2\/pages\/161822","targetHints":{"allow":["GET"]}}],"collection":[{"href":"https:\/\/oceancamper.com\/hu\/wp-json\/wp\/v2\/pages"}],"about":[{"href":"https:\/\/oceancamper.com\/hu\/wp-json\/wp\/v2\/types\/page"}],"author":[{"embeddable":true,"href":"https:\/\/oceancamper.com\/hu\/wp-json\/wp\/v2\/users\/1"}],"replies":[{"embeddable":true,"href":"https:\/\/oceancamper.com\/hu\/wp-json\/wp\/v2\/comments?post=161822"}],"version-history":[{"count":2,"href":"https:\/\/oceancamper.com\/hu\/wp-json\/wp\/v2\/pages\/161822\/revisions"}],"predecessor-version":[{"id":183632,"href":"https:\/\/oceancamper.com\/hu\/wp-json\/wp\/v2\/pages\/161822\/revisions\/183632"}],"up":[{"embeddable":true,"href":"https:\/\/oceancamper.com\/hu\/wp-json\/wp\/v2\/pages\/161738"}],"wp:attachment":[{"href":"https:\/\/oceancamper.com\/hu\/wp-json\/wp\/v2\/media?parent=161822"}],"curies":[{"name":"wp","href":"https:\/\/api.w.org\/{rel}","templated":true}]}}