{"id":161791,"date":"2022-02-16T19:59:03","date_gmt":"2022-02-16T19:59:03","guid":{"rendered":"https:\/\/oceancamper.com\/extrak\/snorkelling-keszlet\/"},"modified":"2025-06-30T16:20:39","modified_gmt":"2025-06-30T16:20:39","slug":"snorkelling-keszlet","status":"publish","type":"page","link":"https:\/\/oceancamper.com\/hu\/extrak\/snorkelling-keszlet\/","title":{"rendered":"Snorkelling k\u00e9szlet"},"content":{"rendered":"\t\t<div data-elementor-type=\"wp-page\" data-elementor-id=\"161791\" class=\"elementor elementor-161791 elementor-2842\" data-elementor-post-type=\"page\">\n\t\t\t\t\t\t<section class=\"elementor-section elementor-top-section elementor-element elementor-element-4b6dc2c elementor-section-height-min-height elementor-section-stretched elementor-section-content-middle elementor-section-boxed elementor-section-height-default elementor-section-items-middle\" data-id=\"4b6dc2c\" data-element_type=\"section\" data-e-type=\"section\" data-settings=\"{&quot;stretch_section&quot;:&quot;section-stretched&quot;,&quot;background_background&quot;:&quot;gradient&quot;}\">\n\t\t\t\t\t\t<div class=\"elementor-container elementor-column-gap-default\">\n\t\t\t\t\t<div class=\"elementor-column elementor-col-100 elementor-top-column elementor-element elementor-element-afc770d\" data-id=\"afc770d\" data-element_type=\"column\" data-e-type=\"column\">\n\t\t\t<div class=\"elementor-widget-wrap elementor-element-populated\">\n\t\t\t\t\t\t<div class=\"elementor-element elementor-element-8635fac elementor-widget elementor-widget-heading\" data-id=\"8635fac\" data-element_type=\"widget\" data-e-type=\"widget\" data-widget_type=\"heading.default\">\n\t\t\t\t<div class=\"elementor-widget-container\">\n\t\t\t\t\t<h1 class=\"elementor-heading-title elementor-size-default\">Snorkelling szett b\u00e9rl\u00e9s<\/h1>\t\t\t\t<\/div>\n\t\t\t\t<\/div>\n\t\t\t\t\t<\/div>\n\t\t<\/div>\n\t\t\t\t\t<\/div>\n\t\t<\/section>\n\t\t\t\t<section class=\"elementor-section elementor-top-section elementor-element elementor-element-d4d9b27 elementor-section-stretched elementor-section-boxed elementor-section-height-default elementor-section-height-default\" data-id=\"d4d9b27\" data-element_type=\"section\" data-e-type=\"section\" data-settings=\"{&quot;stretch_section&quot;:&quot;section-stretched&quot;,&quot;background_background&quot;:&quot;classic&quot;}\">\n\t\t\t\t\t\t<div class=\"elementor-container elementor-column-gap-default\">\n\t\t\t\t\t<div class=\"elementor-column elementor-col-100 elementor-top-column elementor-element elementor-element-09a8416\" data-id=\"09a8416\" data-element_type=\"column\" data-e-type=\"column\">\n\t\t\t<div class=\"elementor-widget-wrap elementor-element-populated\">\n\t\t\t\t\t\t<div class=\"elementor-element elementor-element-61ece62 elementor-widget elementor-widget-text-editor\" data-id=\"61ece62\" data-element_type=\"widget\" data-e-type=\"widget\" data-widget_type=\"text-editor.default\">\n\t\t\t\t<div class=\"elementor-widget-container\">\n\t\t\t\t\t\t\t\t\tAz Algarve partvid\u00e9ke tele van szikl\u00e1kkal \u00e9s barlangokkal, amelyek t\u00f6k\u00e9letes felt\u00e9teleket biztos\u00edtanak a v\u00edz alatti vil\u00e1g felfedez\u00e9s\u00e9hez. Sok halat, tintahalat \u00e9s m\u00e1s gy\u00f6ny\u00f6r\u0171 v\u00edzi \u00e9l\u0151l\u00e9nyt l\u00e1thatunk. Ez az aj\u00e1nlat t\u00f6k\u00e9letesen kombin\u00e1lhat\u00f3 stand-up paddleboardjainkkal. N\u00e9zze meg <span style=\"color: #3ac4bb;\"><a style=\"color: #3ac4bb;\" href=\"https:\/\/oceancamper.com\/hu\/blog\/\" target=\"_blank\" rel=\"noopener\">Surf &amp; Camp<\/a><\/span> kalauzunkat, hogy hol vannak a legjobb helyek a sznorkelez\u00e9shez D\u00e9l-Portug\u00e1li\u00e1ban.   \t\t\t\t\t\t\t\t<\/div>\n\t\t\t\t<\/div>\n\t\t\t\t<div class=\"elementor-element elementor-element-88c5085 elementor-widget elementor-widget-text-editor\" data-id=\"88c5085\" data-element_type=\"widget\" data-e-type=\"widget\" data-widget_type=\"text-editor.default\">\n\t\t\t\t<div class=\"elementor-widget-container\">\n\t\t\t\t\t\t\t\t\t<strong><span style=\"color: #1e3440;\">A sznorkeling szett tartalmazza:\n<\/span><\/strong>\t\t\t\t\t\t\t\t<\/div>\n\t\t\t\t<\/div>\n\t\t\t\t<div class=\"elementor-element elementor-element-2bab91a elementor-widget elementor-widget-text-editor\" data-id=\"2bab91a\" data-element_type=\"widget\" data-e-type=\"widget\" data-widget_type=\"text-editor.default\">\n\t\t\t\t<div class=\"elementor-widget-container\">\n\t\t\t\t\t\t\t\t\t&#8211; Szem\u00fcveg\n<br>&#8211; Snorkel tubus\n<br>&#8211; uszonyok\/papucsok (cip\u0151m\u00e9ret: 37-38, 39-42, 43-45)\t\t\t\t\t\t\t\t<\/div>\n\t\t\t\t<\/div>\n\t\t\t\t<section class=\"elementor-section elementor-inner-section elementor-element elementor-element-35b33b2 elementor-section-boxed elementor-section-height-default elementor-section-height-default elementor-invisible\" data-id=\"35b33b2\" data-element_type=\"section\" data-e-type=\"section\" data-settings=\"{&quot;animation&quot;:&quot;fadeInUp&quot;}\">\n\t\t\t\t\t\t<div class=\"elementor-container elementor-column-gap-default\">\n\t\t\t\t\t<div class=\"elementor-column elementor-col-25 elementor-inner-column elementor-element elementor-element-e6d5c3f\" data-id=\"e6d5c3f\" data-element_type=\"column\" data-e-type=\"column\" data-settings=\"{&quot;background_background&quot;:&quot;classic&quot;}\">\n\t\t\t<div class=\"elementor-widget-wrap elementor-element-populated\">\n\t\t\t\t\t<div class=\"elementor-background-overlay\"><\/div>\n\t\t\t\t\t\t<div class=\"elementor-element elementor-element-15b3a98 elementor-widget elementor-widget-image\" data-id=\"15b3a98\" data-element_type=\"widget\" data-e-type=\"widget\" data-widget_type=\"image.default\">\n\t\t\t\t<div class=\"elementor-widget-container\">\n\t\t\t\t\t\t\t\t\t\t\t\t\t\t\t<img fetchpriority=\"high\" decoding=\"async\" width=\"1600\" height=\"1066\" src=\"https:\/\/oceancamper.com\/wp-content\/uploads\/2025\/06\/Snorkle-set-min.jpg\" class=\"attachment-full size-full wp-image-183057\" alt=\"Snorkel k\u00e9szlet\" srcset=\"https:\/\/oceancamper.com\/wp-content\/uploads\/2025\/06\/Snorkle-set-min.jpg 1600w, https:\/\/oceancamper.com\/wp-content\/uploads\/2025\/06\/Snorkle-set-min-300x200.jpg 300w, https:\/\/oceancamper.com\/wp-content\/uploads\/2025\/06\/Snorkle-set-min-1024x682.jpg 1024w, https:\/\/oceancamper.com\/wp-content\/uploads\/2025\/06\/Snorkle-set-min-768x512.jpg 768w, https:\/\/oceancamper.com\/wp-content\/uploads\/2025\/06\/Snorkle-set-min-1536x1023.jpg 1536w, https:\/\/oceancamper.com\/wp-content\/uploads\/2025\/06\/Snorkle-set-min-240x160.jpg 240w\" sizes=\"(max-width: 1600px) 100vw, 1600px\" \/>\t\t\t\t\t\t\t\t\t\t\t\t\t\t\t<\/div>\n\t\t\t\t<\/div>\n\t\t\t\t<div class=\"elementor-element elementor-element-96dfcac elementor-widget elementor-widget-text-editor\" data-id=\"96dfcac\" data-element_type=\"widget\" data-e-type=\"widget\" data-widget_type=\"text-editor.default\">\n\t\t\t\t<div class=\"elementor-widget-container\">\n\t\t\t\t\t\t\t\t\t<strong>Snorkeling k\u00e9szlet<\/strong>\t\t\t\t\t\t\t\t<\/div>\n\t\t\t\t<\/div>\n\t\t\t\t\t<\/div>\n\t\t<\/div>\n\t\t\t\t<div class=\"elementor-column elementor-col-25 elementor-inner-column elementor-element elementor-element-07a78f0\" data-id=\"07a78f0\" data-element_type=\"column\" data-e-type=\"column\" data-settings=\"{&quot;background_background&quot;:&quot;classic&quot;}\">\n\t\t\t<div class=\"elementor-widget-wrap elementor-element-populated\">\n\t\t\t\t\t<div class=\"elementor-background-overlay\"><\/div>\n\t\t\t\t\t\t\t<\/div>\n\t\t<\/div>\n\t\t\t\t<div class=\"elementor-column elementor-col-25 elementor-inner-column elementor-element elementor-element-076e550\" data-id=\"076e550\" data-element_type=\"column\" data-e-type=\"column\" data-settings=\"{&quot;background_background&quot;:&quot;classic&quot;}\">\n\t\t\t<div class=\"elementor-widget-wrap\">\n\t\t\t\t\t<div class=\"elementor-background-overlay\"><\/div>\n\t\t\t\t\t\t\t<\/div>\n\t\t<\/div>\n\t\t\t\t<div class=\"elementor-column elementor-col-25 elementor-inner-column elementor-element elementor-element-3ee071b\" data-id=\"3ee071b\" data-element_type=\"column\" data-e-type=\"column\" data-settings=\"{&quot;background_background&quot;:&quot;classic&quot;}\">\n\t\t\t<div class=\"elementor-widget-wrap\">\n\t\t\t\t\t<div class=\"elementor-background-overlay\"><\/div>\n\t\t\t\t\t\t\t<\/div>\n\t\t<\/div>\n\t\t\t\t\t<\/div>\n\t\t<\/section>\n\t\t\t\t<div class=\"elementor-element elementor-element-5e27da3 elementor-widget elementor-widget-text-editor\" data-id=\"5e27da3\" data-element_type=\"widget\" data-e-type=\"widget\" data-widget_type=\"text-editor.default\">\n\t\t\t\t<div class=\"elementor-widget-container\">\n\t\t\t\t\t\t\t\t\t<strong><span style=\"color: #1e3440;\">Csak felszerel\u00e9s foglal\u00e1sa <span style=\"color: #3ac4bb;\"><a style=\"color: #3ac4bb;\" href=\"https:\/\/farosurfrentals.com\/\" target=\"_blank\" rel=\"noopener\">itt<\/a><\/span><\/span><\/strong>\t\t\t\t\t\t\t\t<\/div>\n\t\t\t\t<\/div>\n\t\t\t\t\t<\/div>\n\t\t<\/div>\n\t\t\t\t\t<\/div>\n\t\t<\/section>\n\t\t\t\t<\/div>\n\t\t","protected":false},"excerpt":{"rendered":"<p>Snorkelling szett b\u00e9rl\u00e9s Az Algarve partvid\u00e9ke tele van szikl\u00e1kkal \u00e9s barlangokkal, amelyek t\u00f6k\u00e9letes felt\u00e9teleket biztos\u00edtanak a v\u00edz alatti vil\u00e1g felfedez\u00e9s\u00e9hez. Sok halat, tintahalat \u00e9s m\u00e1s gy\u00f6ny\u00f6r\u0171 v\u00edzi \u00e9l\u0151l\u00e9nyt l\u00e1thatunk. Ez az aj\u00e1nlat t\u00f6k\u00e9letesen kombin\u00e1lhat\u00f3 stand-up paddleboardjainkkal. N\u00e9zze meg Surf &amp; Camp kalauzunkat, hogy hol vannak a legjobb helyek a sznorkelez\u00e9shez D\u00e9l-Portug\u00e1li\u00e1ban. A sznorkeling szett tartalmazza: [&hellip;]<\/p>\n","protected":false},"author":1,"featured_media":0,"parent":161738,"menu_order":0,"comment_status":"closed","ping_status":"closed","template":"elementor_header_footer","meta":{"footnotes":""},"class_list":["post-161791","page","type-page","status-publish","hentry"],"aioseo_notices":[],"_links":{"self":[{"href":"https:\/\/oceancamper.com\/hu\/wp-json\/wp\/v2\/pages\/161791","targetHints":{"allow":["GET"]}}],"collection":[{"href":"https:\/\/oceancamper.com\/hu\/wp-json\/wp\/v2\/pages"}],"about":[{"href":"https:\/\/oceancamper.com\/hu\/wp-json\/wp\/v2\/types\/page"}],"author":[{"embeddable":true,"href":"https:\/\/oceancamper.com\/hu\/wp-json\/wp\/v2\/users\/1"}],"replies":[{"embeddable":true,"href":"https:\/\/oceancamper.com\/hu\/wp-json\/wp\/v2\/comments?post=161791"}],"version-history":[{"count":2,"href":"https:\/\/oceancamper.com\/hu\/wp-json\/wp\/v2\/pages\/161791\/revisions"}],"predecessor-version":[{"id":183675,"href":"https:\/\/oceancamper.com\/hu\/wp-json\/wp\/v2\/pages\/161791\/revisions\/183675"}],"up":[{"embeddable":true,"href":"https:\/\/oceancamper.com\/hu\/wp-json\/wp\/v2\/pages\/161738"}],"wp:attachment":[{"href":"https:\/\/oceancamper.com\/hu\/wp-json\/wp\/v2\/media?parent=161791"}],"curies":[{"name":"wp","href":"https:\/\/api.w.org\/{rel}","templated":true}]}}