{"id":161777,"date":"2022-02-16T19:12:48","date_gmt":"2022-02-16T19:12:48","guid":{"rendered":"https:\/\/oceancamper.com\/extrak\/stand-up-paddel\/"},"modified":"2025-06-30T16:22:53","modified_gmt":"2025-06-30T16:22:53","slug":"stand-up-paddel","status":"publish","type":"page","link":"https:\/\/oceancamper.com\/hu\/extrak\/stand-up-paddel\/","title":{"rendered":"Stand-up Paddel"},"content":{"rendered":"\t\t<div data-elementor-type=\"wp-page\" data-elementor-id=\"161777\" class=\"elementor elementor-161777 elementor-2818\" data-elementor-post-type=\"page\">\n\t\t\t\t\t\t<section class=\"elementor-section elementor-top-section elementor-element elementor-element-624d06f elementor-section-height-min-height elementor-section-stretched elementor-section-content-middle elementor-section-boxed elementor-section-height-default elementor-section-items-middle\" data-id=\"624d06f\" data-element_type=\"section\" data-e-type=\"section\" data-settings=\"{&quot;stretch_section&quot;:&quot;section-stretched&quot;,&quot;background_background&quot;:&quot;gradient&quot;}\">\n\t\t\t\t\t\t<div class=\"elementor-container elementor-column-gap-default\">\n\t\t\t\t\t<div class=\"elementor-column elementor-col-100 elementor-top-column elementor-element elementor-element-7de2aec\" data-id=\"7de2aec\" data-element_type=\"column\" data-e-type=\"column\">\n\t\t\t<div class=\"elementor-widget-wrap elementor-element-populated\">\n\t\t\t\t\t\t<div class=\"elementor-element elementor-element-cd9b3ba elementor-widget elementor-widget-heading\" data-id=\"cd9b3ba\" data-element_type=\"widget\" data-e-type=\"widget\" data-widget_type=\"heading.default\">\n\t\t\t\t<div class=\"elementor-widget-container\">\n\t\t\t\t\t<h1 class=\"elementor-heading-title elementor-size-default\">Stand-up Paddle board (SUP) k\u00f6lcs\u00f6nz\u00e9s<\/h1>\t\t\t\t<\/div>\n\t\t\t\t<\/div>\n\t\t\t\t\t<\/div>\n\t\t<\/div>\n\t\t\t\t\t<\/div>\n\t\t<\/section>\n\t\t\t\t<section class=\"elementor-section elementor-top-section elementor-element elementor-element-329fbd8 elementor-section-stretched elementor-section-boxed elementor-section-height-default elementor-section-height-default\" data-id=\"329fbd8\" data-element_type=\"section\" data-e-type=\"section\" data-settings=\"{&quot;stretch_section&quot;:&quot;section-stretched&quot;,&quot;background_background&quot;:&quot;classic&quot;}\">\n\t\t\t\t\t\t<div class=\"elementor-container elementor-column-gap-default\">\n\t\t\t\t\t<div class=\"elementor-column elementor-col-100 elementor-top-column elementor-element elementor-element-a98b4b4\" data-id=\"a98b4b4\" data-element_type=\"column\" data-e-type=\"column\">\n\t\t\t<div class=\"elementor-widget-wrap elementor-element-populated\">\n\t\t\t\t\t\t<div class=\"elementor-element elementor-element-2e25076 elementor-widget elementor-widget-heading\" data-id=\"2e25076\" data-element_type=\"widget\" data-e-type=\"widget\" data-widget_type=\"heading.default\">\n\t\t\t\t<div class=\"elementor-widget-container\">\n\t\t\t\t\t<h2 class=\"elementor-heading-title elementor-size-default\">Algarve partja egy \u00e1lom hely a stand-up-paddle-hez.<\/h2>\t\t\t\t<\/div>\n\t\t\t\t<\/div>\n\t\t\t\t<div class=\"elementor-element elementor-element-5d0421b elementor-widget elementor-widget-text-editor\" data-id=\"5d0421b\" data-element_type=\"widget\" data-e-type=\"widget\" data-widget_type=\"text-editor.default\">\n\t\t\t\t<div class=\"elementor-widget-container\">\n\t\t\t\t\t\t\t\t\tAlbufeira, Lagoa \u00e9s Lagos rejtett barlangjait nyugodt tengerparton fedezheti fel. N\u00e9zze meg <span style=\"color: #3ac4bb;\"><a style=\"color: #3ac4bb;\" href=\"https:\/\/oceancamper.com\/hu\/blog\/\" target=\"_blank\" rel=\"noopener\">Surf &amp; Camp \u00fatmutat\u00f3t<\/a><\/span> hogy megtudja, hol vannak a legjobb strandok Algarve-ban az evez\u00e9shez. \t\t\t\t\t\t\t\t<\/div>\n\t\t\t\t<\/div>\n\t\t\t\t<div class=\"elementor-element elementor-element-ff30df1 elementor-widget elementor-widget-text-editor\" data-id=\"ff30df1\" data-element_type=\"widget\" data-e-type=\"widget\" data-widget_type=\"text-editor.default\">\n\t\t\t\t<div class=\"elementor-widget-container\">\n\t\t\t\t\t\t\t\t\t<strong><span style=\"color: #1e3440;\">B\u00e9relhet SUP-deszk\u00e1t:<\/span><\/strong>\t\t\t\t\t\t\t\t<\/div>\n\t\t\t\t<\/div>\n\t\t\t\t<div class=\"elementor-element elementor-element-8f1e385 elementor-widget elementor-widget-text-editor\" data-id=\"8f1e385\" data-element_type=\"widget\" data-e-type=\"widget\" data-widget_type=\"text-editor.default\">\n\t\t\t\t<div class=\"elementor-widget-container\">\n\t\t\t\t\t\t\t\t\t<p>&#8211; A kempingaut\u00f3\/s\u00e1tor foglal\u00e1ssal egy\u00fctt.<br>&#8211; K\u00fcl\u00f6n, csak a SUP deszk\u00e1t, \u00e9s vegye \u00e1t a k\u00f6vetkez\u0151 helyeken <span style=\"color: #3ac4bb;\"><a style=\"color: #3ac4bb;\" href=\"https:\/\/www.google.com\/maps\/place\/\/data=!4m2!3m1!1s0xd1ab343f0fb35b7:0xa5468e7f9032f468?source=g.page.share\" target=\"_blank\" rel=\"noopener\">\u00fczlet\u00fcnkben<\/a><\/span> Far\u00f3ban, <span style=\"color: #3ac4bb;\"><a style=\"color: #3ac4bb;\" href=\"https:\/\/farosurfrentals.com\/\" target=\"_blank\" rel=\"noopener\">Foglaljon itt<\/a><\/span>.<\/p>\t\t\t\t\t\t\t\t<\/div>\n\t\t\t\t<\/div>\n\t\t\t\t<section class=\"elementor-section elementor-inner-section elementor-element elementor-element-5c06125 elementor-section-boxed elementor-section-height-default elementor-section-height-default elementor-invisible\" data-id=\"5c06125\" data-element_type=\"section\" data-e-type=\"section\" data-settings=\"{&quot;animation&quot;:&quot;fadeInUp&quot;}\">\n\t\t\t\t\t\t<div class=\"elementor-container elementor-column-gap-default\">\n\t\t\t\t\t<div class=\"elementor-column elementor-col-25 elementor-inner-column elementor-element elementor-element-608bbd6\" data-id=\"608bbd6\" data-element_type=\"column\" data-e-type=\"column\" data-settings=\"{&quot;background_background&quot;:&quot;classic&quot;}\">\n\t\t\t<div class=\"elementor-widget-wrap elementor-element-populated\">\n\t\t\t\t\t<div class=\"elementor-background-overlay\"><\/div>\n\t\t\t\t\t\t<div class=\"elementor-element elementor-element-83f8ed7 elementor-widget elementor-widget-image\" data-id=\"83f8ed7\" data-element_type=\"widget\" data-e-type=\"widget\" data-widget_type=\"image.default\">\n\t\t\t\t<div class=\"elementor-widget-container\">\n\t\t\t\t\t\t\t\t\t\t\t\t\t\t\t<img fetchpriority=\"high\" decoding=\"async\" width=\"2560\" height=\"2358\" src=\"https:\/\/oceancamper.com\/wp-content\/uploads\/2025\/06\/AdobeStock_688875877-min-scaled.jpeg\" class=\"attachment-full size-full wp-image-183368\" alt=\"SUP b\u00e9rl\u00e9s Portug\u00e1li\u00e1ban\" srcset=\"https:\/\/oceancamper.com\/wp-content\/uploads\/2025\/06\/AdobeStock_688875877-min-scaled.jpeg 2560w, https:\/\/oceancamper.com\/wp-content\/uploads\/2025\/06\/AdobeStock_688875877-min-300x276.jpeg 300w, https:\/\/oceancamper.com\/wp-content\/uploads\/2025\/06\/AdobeStock_688875877-min-1024x943.jpeg 1024w, https:\/\/oceancamper.com\/wp-content\/uploads\/2025\/06\/AdobeStock_688875877-min-768x707.jpeg 768w, https:\/\/oceancamper.com\/wp-content\/uploads\/2025\/06\/AdobeStock_688875877-min-1536x1415.jpeg 1536w, https:\/\/oceancamper.com\/wp-content\/uploads\/2025\/06\/AdobeStock_688875877-min-2048x1887.jpeg 2048w, https:\/\/oceancamper.com\/wp-content\/uploads\/2025\/06\/AdobeStock_688875877-min-195x180.jpeg 195w\" sizes=\"(max-width: 2560px) 100vw, 2560px\" \/>\t\t\t\t\t\t\t\t\t\t\t\t\t\t\t<\/div>\n\t\t\t\t<\/div>\n\t\t\t\t<div class=\"elementor-element elementor-element-06f3715 elementor-widget elementor-widget-text-editor\" data-id=\"06f3715\" data-element_type=\"widget\" data-e-type=\"widget\" data-widget_type=\"text-editor.default\">\n\t\t\t\t<div class=\"elementor-widget-container\">\n\t\t\t\t\t\t\t\t\t<p><strong>SUP szett<\/strong><\/p>\t\t\t\t\t\t\t\t<\/div>\n\t\t\t\t<\/div>\n\t\t\t\t\t<\/div>\n\t\t<\/div>\n\t\t\t\t<div class=\"elementor-column elementor-col-25 elementor-inner-column elementor-element elementor-element-f941e7d\" data-id=\"f941e7d\" data-element_type=\"column\" data-e-type=\"column\" data-settings=\"{&quot;background_background&quot;:&quot;classic&quot;}\">\n\t\t\t<div class=\"elementor-widget-wrap elementor-element-populated\">\n\t\t\t\t\t<div class=\"elementor-background-overlay\"><\/div>\n\t\t\t\t\t\t<div class=\"elementor-element elementor-element-897999c elementor-widget elementor-widget-image\" data-id=\"897999c\" data-element_type=\"widget\" data-e-type=\"widget\" data-widget_type=\"image.default\">\n\t\t\t\t<div class=\"elementor-widget-container\">\n\t\t\t\t\t\t\t\t\t\t\t\t\t\t\t<img decoding=\"async\" width=\"522\" height=\"535\" src=\"https:\/\/oceancamper.com\/wp-content\/uploads\/2022\/02\/sup-in-use-min.jpg\" class=\"attachment-full size-full wp-image-217709\" alt=\"sup haszn\u00e1latban\" srcset=\"https:\/\/oceancamper.com\/wp-content\/uploads\/2022\/02\/sup-in-use-min.jpg 522w, https:\/\/oceancamper.com\/wp-content\/uploads\/2022\/02\/sup-in-use-min-293x300.jpg 293w\" sizes=\"(max-width: 522px) 100vw, 522px\" \/>\t\t\t\t\t\t\t\t\t\t\t\t\t\t\t<\/div>\n\t\t\t\t<\/div>\n\t\t\t\t<div class=\"elementor-element elementor-element-6a5d363 elementor-widget elementor-widget-text-editor\" data-id=\"6a5d363\" data-element_type=\"widget\" data-e-type=\"widget\" data-widget_type=\"text-editor.default\">\n\t\t\t\t<div class=\"elementor-widget-container\">\n\t\t\t\t\t\t\t\t\t<strong>A SUP haszn\u00e1lata<\/strong>\t\t\t\t\t\t\t\t<\/div>\n\t\t\t\t<\/div>\n\t\t\t\t\t<\/div>\n\t\t<\/div>\n\t\t\t\t<div class=\"elementor-column elementor-col-25 elementor-inner-column elementor-element elementor-element-0f7da3d\" data-id=\"0f7da3d\" data-element_type=\"column\" data-e-type=\"column\" data-settings=\"{&quot;background_background&quot;:&quot;classic&quot;}\">\n\t\t\t<div class=\"elementor-widget-wrap elementor-element-populated\">\n\t\t\t\t\t<div class=\"elementor-background-overlay\"><\/div>\n\t\t\t\t\t\t<div class=\"elementor-element elementor-element-c463c14 elementor-widget elementor-widget-image\" data-id=\"c463c14\" data-element_type=\"widget\" data-e-type=\"widget\" data-widget_type=\"image.default\">\n\t\t\t\t<div class=\"elementor-widget-container\">\n\t\t\t\t\t\t\t\t\t\t\t\t\t\t\t<img decoding=\"async\" width=\"800\" height=\"534\" src=\"https:\/\/oceancamper.com\/wp-content\/uploads\/2025\/06\/AdobeStock_622037714-min-1024x683.jpeg\" class=\"attachment-large size-large wp-image-183393\" alt=\"Portug\u00e1li\u00e1ban egy tengeri barlangban eveztek, a v\u00edz t\u00fcrkizk\u00e9k \u00e9s a napf\u00e9ny beragyogja a barlang bej\u00e1rat\u00e1t.\" srcset=\"https:\/\/oceancamper.com\/wp-content\/uploads\/2025\/06\/AdobeStock_622037714-min-1024x683.jpeg 1024w, https:\/\/oceancamper.com\/wp-content\/uploads\/2025\/06\/AdobeStock_622037714-min-300x200.jpeg 300w, https:\/\/oceancamper.com\/wp-content\/uploads\/2025\/06\/AdobeStock_622037714-min-768x512.jpeg 768w, https:\/\/oceancamper.com\/wp-content\/uploads\/2025\/06\/AdobeStock_622037714-min-1536x1024.jpeg 1536w, https:\/\/oceancamper.com\/wp-content\/uploads\/2025\/06\/AdobeStock_622037714-min-2048x1365.jpeg 2048w, https:\/\/oceancamper.com\/wp-content\/uploads\/2025\/06\/AdobeStock_622037714-min-240x160.jpeg 240w\" sizes=\"(max-width: 800px) 100vw, 800px\" \/>\t\t\t\t\t\t\t\t\t\t\t\t\t\t\t<\/div>\n\t\t\t\t<\/div>\n\t\t\t\t<div class=\"elementor-element elementor-element-04036d9 elementor-widget elementor-widget-text-editor\" data-id=\"04036d9\" data-element_type=\"widget\" data-e-type=\"widget\" data-widget_type=\"text-editor.default\">\n\t\t\t\t<div class=\"elementor-widget-container\">\n\t\t\t\t\t\t\t\t\t<p><strong>Fedezze fel Algarve barlangjait<\/strong><\/p>\t\t\t\t\t\t\t\t<\/div>\n\t\t\t\t<\/div>\n\t\t\t\t\t<\/div>\n\t\t<\/div>\n\t\t\t\t<div class=\"elementor-column elementor-col-25 elementor-inner-column elementor-element elementor-element-978b56a\" data-id=\"978b56a\" data-element_type=\"column\" data-e-type=\"column\" data-settings=\"{&quot;background_background&quot;:&quot;classic&quot;}\">\n\t\t\t<div class=\"elementor-widget-wrap\">\n\t\t\t\t\t<div class=\"elementor-background-overlay\"><\/div>\n\t\t\t\t\t\t\t<\/div>\n\t\t<\/div>\n\t\t\t\t\t<\/div>\n\t\t<\/section>\n\t\t\t\t<div class=\"elementor-element elementor-element-3dce13d elementor-widget elementor-widget-text-editor\" data-id=\"3dce13d\" data-element_type=\"widget\" data-e-type=\"widget\" data-widget_type=\"text-editor.default\">\n\t\t\t\t<div class=\"elementor-widget-container\">\n\t\t\t\t\t\t\t\t\t<span style=\"color: #1e3440;\"><strong>M\u0171szaki adatok<\/strong><\/span>\t\t\t\t\t\t\t\t<\/div>\n\t\t\t\t<\/div>\n\t\t\t\t<div class=\"elementor-element elementor-element-db88d1b elementor-widget elementor-widget-text-editor\" data-id=\"db88d1b\" data-element_type=\"widget\" data-e-type=\"widget\" data-widget_type=\"text-editor.default\">\n\t\t\t\t<div class=\"elementor-widget-container\">\n\t\t\t\t\t\t\t\t\t&#8211; <span style=\"color: #1e3440;\">[Komplett]<\/span> Egy evez\u0151deszka k\u00e9szlet tartalmaz 1 evez\u0151deszk\u00e1t, 2 evez\u0151t, 1 l\u00e9gpump\u00e1t \u00e9s a t\u00e1sk\u00e1t a t\u00e1rol\u00e1shoz \u00e9s sz\u00e1ll\u00edt\u00e1shoz.\n<br>&#8211; <span style=\"color: #1e3440;\">[Felf\u00fajhat\u00f3]<\/span> A deszk\u00e1k felf\u00fajhat\u00f3ak \u00e9s \u00f6sszecsukhat\u00f3ak egy t\u00e1sk\u00e1ban, ez\u00e9rt b\u00e1rmilyen hagyom\u00e1nyos aut\u00f3ban sz\u00e1ll\u00edthat\u00f3, vagy lak\u00f3kocsinkban az \u00e1gy alatt t\u00e1rolhat\u00f3.\n<br>&#8211; <span style=\"color: #1e3440;\">[T\u00e1bl\u00e1nk\u00e9nt legfeljebb 3 szem\u00e9ly]<\/span> Egy t\u00e1bl\u00e1t egy szem\u00e9ly haszn\u00e1lhat \u00e1llva, 2 szem\u00e9ly \u00fclve vagy 3 (l\u00e1nyok) \u00fclve. Javasoljuk, hogy 2 szem\u00e9ly sz\u00e1m\u00e1ra 1 deszk\u00e1t haszn\u00e1ljon, mivel k\u00f6nnyebb \u00e9s pihentet\u0151bb az evez\u00e9s. \n<br>&#8211; <span style=\"color: #1e3440;\">[K\u00e9nyelmes]<\/span> A deszk\u00e1n rugalmas k\u00f6telek vannak, hogy r\u00f6gz\u00edts\u00fck a t\u00e1sk\u00e1t a dolgainkkal (pl.: t\u00f6r\u00f6lk\u00f6z\u0151, snack, v\u00edz, snorkel k\u00e9szlet).\t\t\t\t\t\t\t\t<\/div>\n\t\t\t\t<\/div>\n\t\t\t\t<div class=\"elementor-element elementor-element-31d0bbf elementor-widget elementor-widget-text-editor\" data-id=\"31d0bbf\" data-element_type=\"widget\" data-e-type=\"widget\" data-widget_type=\"text-editor.default\">\n\t\t\t\t<div class=\"elementor-widget-container\">\n\t\t\t\t\t\t\t\t\t<strong><span style=\"color: #1e3440;\">Csak felszerel\u00e9s foglal\u00e1sa <span style=\"color: #3ac4bb;\"><a style=\"color: #3ac4bb;\" href=\"https:\/\/farosurfrentals.com\/\" target=\"_blank\" rel=\"noopener\">itt<\/a><\/span><\/span><\/strong>\t\t\t\t\t\t\t\t<\/div>\n\t\t\t\t<\/div>\n\t\t\t\t\t<\/div>\n\t\t<\/div>\n\t\t\t\t\t<\/div>\n\t\t<\/section>\n\t\t\t\t<\/div>\n\t\t","protected":false},"excerpt":{"rendered":"<p>Stand-up Paddle board (SUP) k\u00f6lcs\u00f6nz\u00e9s Algarve partja egy \u00e1lom hely a stand-up-paddle-hez. Albufeira, Lagoa \u00e9s Lagos rejtett barlangjait nyugodt tengerparton fedezheti fel. N\u00e9zze meg Surf &amp; Camp \u00fatmutat\u00f3t hogy megtudja, hol vannak a legjobb strandok Algarve-ban az evez\u00e9shez. B\u00e9relhet SUP-deszk\u00e1t: &#8211; A kempingaut\u00f3\/s\u00e1tor foglal\u00e1ssal egy\u00fctt.&#8211; K\u00fcl\u00f6n, csak a SUP deszk\u00e1t, \u00e9s vegye \u00e1t a k\u00f6vetkez\u0151 [&hellip;]<\/p>\n","protected":false},"author":1,"featured_media":0,"parent":161738,"menu_order":0,"comment_status":"closed","ping_status":"closed","template":"elementor_header_footer","meta":{"footnotes":""},"class_list":["post-161777","page","type-page","status-publish","hentry"],"aioseo_notices":[],"_links":{"self":[{"href":"https:\/\/oceancamper.com\/hu\/wp-json\/wp\/v2\/pages\/161777","targetHints":{"allow":["GET"]}}],"collection":[{"href":"https:\/\/oceancamper.com\/hu\/wp-json\/wp\/v2\/pages"}],"about":[{"href":"https:\/\/oceancamper.com\/hu\/wp-json\/wp\/v2\/types\/page"}],"author":[{"embeddable":true,"href":"https:\/\/oceancamper.com\/hu\/wp-json\/wp\/v2\/users\/1"}],"replies":[{"embeddable":true,"href":"https:\/\/oceancamper.com\/hu\/wp-json\/wp\/v2\/comments?post=161777"}],"version-history":[{"count":2,"href":"https:\/\/oceancamper.com\/hu\/wp-json\/wp\/v2\/pages\/161777\/revisions"}],"predecessor-version":[{"id":183695,"href":"https:\/\/oceancamper.com\/hu\/wp-json\/wp\/v2\/pages\/161777\/revisions\/183695"}],"up":[{"embeddable":true,"href":"https:\/\/oceancamper.com\/hu\/wp-json\/wp\/v2\/pages\/161738"}],"wp:attachment":[{"href":"https:\/\/oceancamper.com\/hu\/wp-json\/wp\/v2\/media?parent=161777"}],"curies":[{"name":"wp","href":"https:\/\/api.w.org\/{rel}","templated":true}]}}