{"id":161759,"date":"2022-02-16T20:49:07","date_gmt":"2022-02-16T20:49:07","guid":{"rendered":"https:\/\/oceancamper.com\/extrak\/tolto-aramatalakito\/"},"modified":"2025-06-30T16:27:53","modified_gmt":"2025-06-30T16:27:53","slug":"tolto-aramatalakito","status":"publish","type":"page","link":"https:\/\/oceancamper.com\/hu\/extrak\/tolto-aramatalakito\/","title":{"rendered":"T\u00f6lt\u0151 \/ \u00e1ram\u00e1talak\u00edt\u00f3"},"content":{"rendered":"\t\t<div data-elementor-type=\"wp-page\" data-elementor-id=\"161759\" class=\"elementor elementor-161759 elementor-2913\" data-elementor-post-type=\"page\">\n\t\t\t\t\t\t<section class=\"elementor-section elementor-top-section elementor-element elementor-element-ac94e43 elementor-section-height-min-height elementor-section-stretched elementor-section-content-middle elementor-section-boxed elementor-section-height-default elementor-section-items-middle\" data-id=\"ac94e43\" data-element_type=\"section\" data-e-type=\"section\" data-settings=\"{&quot;stretch_section&quot;:&quot;section-stretched&quot;,&quot;background_background&quot;:&quot;gradient&quot;}\">\n\t\t\t\t\t\t<div class=\"elementor-container elementor-column-gap-default\">\n\t\t\t\t\t<div class=\"elementor-column elementor-col-100 elementor-top-column elementor-element elementor-element-f601ff9\" data-id=\"f601ff9\" data-element_type=\"column\" data-e-type=\"column\">\n\t\t\t<div class=\"elementor-widget-wrap elementor-element-populated\">\n\t\t\t\t\t\t<div class=\"elementor-element elementor-element-be4d95c elementor-widget elementor-widget-heading\" data-id=\"be4d95c\" data-element_type=\"widget\" data-e-type=\"widget\" data-widget_type=\"heading.default\">\n\t\t\t\t<div class=\"elementor-widget-container\">\n\t\t\t\t\t<h1 class=\"elementor-heading-title elementor-size-default\">T\u00f6lt\u0151 \/ \u00e1ram\u00e1talak\u00edt\u00f3 k\u00f6lcs\u00f6nz\u00e9se<\/h1>\t\t\t\t<\/div>\n\t\t\t\t<\/div>\n\t\t\t\t\t<\/div>\n\t\t<\/div>\n\t\t\t\t\t<\/div>\n\t\t<\/section>\n\t\t\t\t<section class=\"elementor-section elementor-top-section elementor-element elementor-element-6c0544b elementor-section-stretched elementor-section-boxed elementor-section-height-default elementor-section-height-default\" data-id=\"6c0544b\" data-element_type=\"section\" data-e-type=\"section\" data-settings=\"{&quot;stretch_section&quot;:&quot;section-stretched&quot;,&quot;background_background&quot;:&quot;classic&quot;}\">\n\t\t\t\t\t\t<div class=\"elementor-container elementor-column-gap-default\">\n\t\t\t\t\t<div class=\"elementor-column elementor-col-100 elementor-top-column elementor-element elementor-element-8778a8c\" data-id=\"8778a8c\" data-element_type=\"column\" data-e-type=\"column\">\n\t\t\t<div class=\"elementor-widget-wrap elementor-element-populated\">\n\t\t\t\t\t\t<div class=\"elementor-element elementor-element-ad41d43 elementor-widget elementor-widget-text-editor\" data-id=\"ad41d43\" data-element_type=\"widget\" data-e-type=\"widget\" data-widget_type=\"text-editor.default\">\n\t\t\t\t<div class=\"elementor-widget-container\">\n\t\t\t\t\t\t\t\t\tA mi \u00e1ram\u00e1talak\u00edt\u00f3nk elegend\u0151 energi\u00e1t biztos\u00edt a 230 V-os elektromos eszk\u00f6z\u00f6k t\u00e1pl\u00e1l\u00e1s\u00e1hoz.\n<br><br> Mire val\u00f3?\n<br>Ez a k\u00e9sz\u00fcl\u00e9k lehet\u0151v\u00e9 teszi, hogy az aut\u00f3ban t\u00f6ltse az elektromos eszk\u00f6z\u00f6ket, p\u00e9ld\u00e1ul borotv\u00e1kat, laptopokat, t\u00e1blag\u00e9peket, telefonokat, dr\u00f3nokat stb.\n<br>Hogyan m\u0171k\u00f6dik?\n<br>Az aut\u00f3\/lak\u00f3kocsi szivargy\u00fajt\u00f3 aljzat\u00e1hoz kell csatlakoztatni.\n<br>\t\t\t\t\t\t\t\t<\/div>\n\t\t\t\t<\/div>\n\t\t\t\t<div class=\"elementor-element elementor-element-8197803 elementor-widget elementor-widget-text-editor\" data-id=\"8197803\" data-element_type=\"widget\" data-e-type=\"widget\" data-widget_type=\"text-editor.default\">\n\t\t\t\t<div class=\"elementor-widget-container\">\n\t\t\t\t\t\t\t\t\t<strong><span style=\"color: #1e3440;\">B\u00e9relhet \u00e1ram\u00e1talak\u00edt\u00f3t:<\/span><\/strong>\t\t\t\t\t\t\t\t<\/div>\n\t\t\t\t<\/div>\n\t\t\t\t<div class=\"elementor-element elementor-element-3aa41e2 elementor-widget elementor-widget-text-editor\" data-id=\"3aa41e2\" data-element_type=\"widget\" data-e-type=\"widget\" data-widget_type=\"text-editor.default\">\n\t\t\t\t<div class=\"elementor-widget-container\">\n\t\t\t\t\t\t\t\t\t<p>&#8211; A lak\u00f3aut\u00f3\/s\u00e1tor foglal\u00e1ssal egy\u00fctt.<br>&#8211; K\u00fcl\u00f6n, csak a h\u00e1l\u00f3zati \u00e1talak\u00edt\u00f3t, \u00e9s vegye \u00e1t a k\u00f6vetkez\u0151 helyen <span style=\"color: #3ac4bb;\"><a style=\"color: #3ac4bb;\" href=\"https:\/\/www.google.com\/maps\/place\/\/data=!4m2!3m1!1s0xd1ab343f0fb35b7:0xa5468e7f9032f468?source=g.page.share\" target=\"_blank\" rel=\"noopener\">\u00fczlet\u00fcnkben<\/a><\/span> Far\u00f3ban, <span style=\"color: #3ac4bb;\"><a style=\"color: #3ac4bb;\" href=\"https:\/\/farosurfrentals.com\/\" target=\"_blank\" rel=\"noopener\">foglaljon itt<\/a><\/span>.<\/p>\t\t\t\t\t\t\t\t<\/div>\n\t\t\t\t<\/div>\n\t\t\t\t<section class=\"elementor-section elementor-inner-section elementor-element elementor-element-7597059 elementor-section-boxed elementor-section-height-default elementor-section-height-default elementor-invisible\" data-id=\"7597059\" data-element_type=\"section\" data-e-type=\"section\" data-settings=\"{&quot;animation&quot;:&quot;fadeInUp&quot;}\">\n\t\t\t\t\t\t<div class=\"elementor-container elementor-column-gap-default\">\n\t\t\t\t\t<div class=\"elementor-column elementor-col-25 elementor-inner-column elementor-element elementor-element-9bf00ba\" data-id=\"9bf00ba\" data-element_type=\"column\" data-e-type=\"column\" data-settings=\"{&quot;background_background&quot;:&quot;classic&quot;}\">\n\t\t\t<div class=\"elementor-widget-wrap elementor-element-populated\">\n\t\t\t\t\t<div class=\"elementor-background-overlay\"><\/div>\n\t\t\t\t\t\t<div class=\"elementor-element elementor-element-33e0c1b elementor-widget elementor-widget-image\" data-id=\"33e0c1b\" data-element_type=\"widget\" data-e-type=\"widget\" data-widget_type=\"image.default\">\n\t\t\t\t<div class=\"elementor-widget-container\">\n\t\t\t\t\t\t\t\t\t\t\t\t\t\t\t<img fetchpriority=\"high\" decoding=\"async\" width=\"1200\" height=\"900\" src=\"https:\/\/oceancamper.com\/wp-content\/uploads\/2022\/02\/Charger-12-230V-rental-min.jpg\" class=\"attachment-full size-full wp-image-217166\" alt=\"\" srcset=\"https:\/\/oceancamper.com\/wp-content\/uploads\/2022\/02\/Charger-12-230V-rental-min.jpg 1200w, https:\/\/oceancamper.com\/wp-content\/uploads\/2022\/02\/Charger-12-230V-rental-min-300x225.jpg 300w, https:\/\/oceancamper.com\/wp-content\/uploads\/2022\/02\/Charger-12-230V-rental-min-1024x768.jpg 1024w, https:\/\/oceancamper.com\/wp-content\/uploads\/2022\/02\/Charger-12-230V-rental-min-768x576.jpg 768w\" sizes=\"(max-width: 1200px) 100vw, 1200px\" \/>\t\t\t\t\t\t\t\t\t\t\t\t\t\t\t<\/div>\n\t\t\t\t<\/div>\n\t\t\t\t<div class=\"elementor-element elementor-element-fc538ca elementor-widget elementor-widget-text-editor\" data-id=\"fc538ca\" data-element_type=\"widget\" data-e-type=\"widget\" data-widget_type=\"text-editor.default\">\n\t\t\t\t<div class=\"elementor-widget-container\">\n\t\t\t\t\t\t\t\t\t<strong>Teljes\u00edtm\u00e9ny \u00e1talak\u00edt\u00f3<\/strong>\t\t\t\t\t\t\t\t<\/div>\n\t\t\t\t<\/div>\n\t\t\t\t\t<\/div>\n\t\t<\/div>\n\t\t\t\t<div class=\"elementor-column elementor-col-25 elementor-inner-column elementor-element elementor-element-ccba8c0\" data-id=\"ccba8c0\" data-element_type=\"column\" data-e-type=\"column\" data-settings=\"{&quot;background_background&quot;:&quot;classic&quot;}\">\n\t\t\t<div class=\"elementor-widget-wrap\">\n\t\t\t\t\t<div class=\"elementor-background-overlay\"><\/div>\n\t\t\t\t\t\t\t<\/div>\n\t\t<\/div>\n\t\t\t\t<div class=\"elementor-column elementor-col-25 elementor-inner-column elementor-element elementor-element-b8cf783\" data-id=\"b8cf783\" data-element_type=\"column\" data-e-type=\"column\" data-settings=\"{&quot;background_background&quot;:&quot;classic&quot;}\">\n\t\t\t<div class=\"elementor-widget-wrap\">\n\t\t\t\t\t<div class=\"elementor-background-overlay\"><\/div>\n\t\t\t\t\t\t\t<\/div>\n\t\t<\/div>\n\t\t\t\t<div class=\"elementor-column elementor-col-25 elementor-inner-column elementor-element elementor-element-a26ffef\" data-id=\"a26ffef\" data-element_type=\"column\" data-e-type=\"column\" data-settings=\"{&quot;background_background&quot;:&quot;classic&quot;}\">\n\t\t\t<div class=\"elementor-widget-wrap\">\n\t\t\t\t\t<div class=\"elementor-background-overlay\"><\/div>\n\t\t\t\t\t\t\t<\/div>\n\t\t<\/div>\n\t\t\t\t\t<\/div>\n\t\t<\/section>\n\t\t\t\t<div class=\"elementor-element elementor-element-594f242 elementor-widget elementor-widget-text-editor\" data-id=\"594f242\" data-element_type=\"widget\" data-e-type=\"widget\" data-widget_type=\"text-editor.default\">\n\t\t\t\t<div class=\"elementor-widget-container\">\n\t\t\t\t\t\t\t\t\t<strong><span style=\"color: #1e3440;\">Csak felszerel\u00e9s foglal\u00e1sa <span style=\"color: #3ac4bb;\"><a style=\"color: #3ac4bb;\" href=\"https:\/\/farosurfrentals.com\/\" target=\"_blank\" rel=\"noopener\">itt<\/a><\/span><\/span><\/strong>\t\t\t\t\t\t\t\t<\/div>\n\t\t\t\t<\/div>\n\t\t\t\t\t<\/div>\n\t\t<\/div>\n\t\t\t\t\t<\/div>\n\t\t<\/section>\n\t\t\t\t<\/div>\n\t\t","protected":false},"excerpt":{"rendered":"<p>T\u00f6lt\u0151 \/ \u00e1ram\u00e1talak\u00edt\u00f3 k\u00f6lcs\u00f6nz\u00e9se A mi \u00e1ram\u00e1talak\u00edt\u00f3nk elegend\u0151 energi\u00e1t biztos\u00edt a 230 V-os elektromos eszk\u00f6z\u00f6k t\u00e1pl\u00e1l\u00e1s\u00e1hoz. Mire val\u00f3? Ez a k\u00e9sz\u00fcl\u00e9k lehet\u0151v\u00e9 teszi, hogy az aut\u00f3ban t\u00f6ltse az elektromos eszk\u00f6z\u00f6ket, p\u00e9ld\u00e1ul borotv\u00e1kat, laptopokat, t\u00e1blag\u00e9peket, telefonokat, dr\u00f3nokat stb. Hogyan m\u0171k\u00f6dik? Az aut\u00f3\/lak\u00f3kocsi szivargy\u00fajt\u00f3 aljzat\u00e1hoz kell csatlakoztatni. B\u00e9relhet \u00e1ram\u00e1talak\u00edt\u00f3t: &#8211; A lak\u00f3aut\u00f3\/s\u00e1tor foglal\u00e1ssal egy\u00fctt.&#8211; K\u00fcl\u00f6n, csak a [&hellip;]<\/p>\n","protected":false},"author":1,"featured_media":0,"parent":161738,"menu_order":0,"comment_status":"closed","ping_status":"closed","template":"elementor_header_footer","meta":{"footnotes":""},"class_list":["post-161759","page","type-page","status-publish","hentry"],"aioseo_notices":[],"_links":{"self":[{"href":"https:\/\/oceancamper.com\/hu\/wp-json\/wp\/v2\/pages\/161759","targetHints":{"allow":["GET"]}}],"collection":[{"href":"https:\/\/oceancamper.com\/hu\/wp-json\/wp\/v2\/pages"}],"about":[{"href":"https:\/\/oceancamper.com\/hu\/wp-json\/wp\/v2\/types\/page"}],"author":[{"embeddable":true,"href":"https:\/\/oceancamper.com\/hu\/wp-json\/wp\/v2\/users\/1"}],"replies":[{"embeddable":true,"href":"https:\/\/oceancamper.com\/hu\/wp-json\/wp\/v2\/comments?post=161759"}],"version-history":[{"count":4,"href":"https:\/\/oceancamper.com\/hu\/wp-json\/wp\/v2\/pages\/161759\/revisions"}],"predecessor-version":[{"id":183707,"href":"https:\/\/oceancamper.com\/hu\/wp-json\/wp\/v2\/pages\/161759\/revisions\/183707"}],"up":[{"embeddable":true,"href":"https:\/\/oceancamper.com\/hu\/wp-json\/wp\/v2\/pages\/161738"}],"wp:attachment":[{"href":"https:\/\/oceancamper.com\/hu\/wp-json\/wp\/v2\/media?parent=161759"}],"curies":[{"name":"wp","href":"https:\/\/api.w.org\/{rel}","templated":true}]}}