{"id":161749,"date":"2022-02-16T20:27:31","date_gmt":"2022-02-16T20:27:31","guid":{"rendered":"https:\/\/oceancamper.com\/extrak\/bluetooth-hangszoro\/"},"modified":"2025-06-30T16:17:21","modified_gmt":"2025-06-30T16:17:21","slug":"bluetooth-hangszoro","status":"publish","type":"page","link":"https:\/\/oceancamper.com\/hu\/extrak\/bluetooth-hangszoro\/","title":{"rendered":"Bluetooth hangsz\u00f3r\u00f3"},"content":{"rendered":"\t\t<div data-elementor-type=\"wp-page\" data-elementor-id=\"161749\" class=\"elementor elementor-161749 elementor-2876\" data-elementor-post-type=\"page\">\n\t\t\t\t\t\t<section class=\"elementor-section elementor-top-section elementor-element elementor-element-01147e5 elementor-section-height-min-height elementor-section-stretched elementor-section-content-middle elementor-section-boxed elementor-section-height-default elementor-section-items-middle\" data-id=\"01147e5\" data-element_type=\"section\" data-e-type=\"section\" data-settings=\"{&quot;stretch_section&quot;:&quot;section-stretched&quot;,&quot;background_background&quot;:&quot;gradient&quot;}\">\n\t\t\t\t\t\t<div class=\"elementor-container elementor-column-gap-default\">\n\t\t\t\t\t<div class=\"elementor-column elementor-col-100 elementor-top-column elementor-element elementor-element-abd395b\" data-id=\"abd395b\" data-element_type=\"column\" data-e-type=\"column\">\n\t\t\t<div class=\"elementor-widget-wrap elementor-element-populated\">\n\t\t\t\t\t\t<div class=\"elementor-element elementor-element-e4d9ce9 elementor-widget elementor-widget-heading\" data-id=\"e4d9ce9\" data-element_type=\"widget\" data-e-type=\"widget\" data-widget_type=\"heading.default\">\n\t\t\t\t<div class=\"elementor-widget-container\">\n\t\t\t\t\t<h1 class=\"elementor-heading-title elementor-size-default\">Bluetooth hangsz\u00f3r\u00f3 b\u00e9rl\u00e9s<\/h1>\t\t\t\t<\/div>\n\t\t\t\t<\/div>\n\t\t\t\t\t<\/div>\n\t\t<\/div>\n\t\t\t\t\t<\/div>\n\t\t<\/section>\n\t\t\t\t<section class=\"elementor-section elementor-top-section elementor-element elementor-element-27da0c3 elementor-section-stretched elementor-section-boxed elementor-section-height-default elementor-section-height-default\" data-id=\"27da0c3\" data-element_type=\"section\" data-e-type=\"section\" data-settings=\"{&quot;stretch_section&quot;:&quot;section-stretched&quot;,&quot;background_background&quot;:&quot;classic&quot;}\">\n\t\t\t\t\t\t<div class=\"elementor-container elementor-column-gap-default\">\n\t\t\t\t\t<div class=\"elementor-column elementor-col-100 elementor-top-column elementor-element elementor-element-dfabe64\" data-id=\"dfabe64\" data-element_type=\"column\" data-e-type=\"column\">\n\t\t\t<div class=\"elementor-widget-wrap elementor-element-populated\">\n\t\t\t\t\t\t<div class=\"elementor-element elementor-element-e908a43 elementor-widget elementor-widget-text-editor\" data-id=\"e908a43\" data-element_type=\"widget\" data-e-type=\"widget\" data-widget_type=\"text-editor.default\">\n\t\t\t\t<div class=\"elementor-widget-container\">\n\t\t\t\t\t\t\t\t\tEz a zeneg\u00e9p egyszer\u0171en csatlakoztathat\u00f3 Bluetooth-on vagy USB-k\u00e1belen kereszt\u00fcl telefonj\u00e1hoz, aut\u00f3r\u00e1di\u00f3j\u00e1hoz vagy sz\u00e1m\u00edt\u00f3g\u00e9p\u00e9hez, hogy lej\u00e1tszhassa kedvenc zen\u00e9it.\t\t\t\t\t\t\t\t<\/div>\n\t\t\t\t<\/div>\n\t\t\t\t<div class=\"elementor-element elementor-element-07fe298 elementor-widget elementor-widget-text-editor\" data-id=\"07fe298\" data-element_type=\"widget\" data-e-type=\"widget\" data-widget_type=\"text-editor.default\">\n\t\t\t\t<div class=\"elementor-widget-container\">\n\t\t\t\t\t\t\t\t\t<strong><span style=\"color: #1e3440;\">B\u00e9relhet Bluetooth hangsz\u00f3r\u00f3t:<\/span><\/strong>\t\t\t\t\t\t\t\t<\/div>\n\t\t\t\t<\/div>\n\t\t\t\t<div class=\"elementor-element elementor-element-012fd9d elementor-widget elementor-widget-text-editor\" data-id=\"012fd9d\" data-element_type=\"widget\" data-e-type=\"widget\" data-widget_type=\"text-editor.default\">\n\t\t\t\t<div class=\"elementor-widget-container\">\n\t\t\t\t\t\t\t\t\t<p>&#8211; A lak\u00f3aut\u00f3\/s\u00e1tor foglal\u00e1ssal egy\u00fctt.<br>&#8211; K\u00fcl\u00f6n, csak a Bluetooth hangsz\u00f3r\u00f3t, \u00e9s vegye \u00e1t a k\u00f6vetkez\u0151 helyen <span style=\"color: #3ac4bb;\"><a style=\"color: #3ac4bb;\" href=\"https:\/\/www.google.com\/maps\/place\/\/data=!4m2!3m1!1s0xd1ab343f0fb35b7:0xa5468e7f9032f468?source=g.page.share\" target=\"_blank\" rel=\"noopener\">\u00fczlet\u00fcnkben<\/a><\/span> Far\u00f3ban, <span style=\"color: #3ac4bb;\"><a style=\"color: #3ac4bb;\" href=\"https:\/\/farosurfrentals.com\/\" target=\"_blank\" rel=\"noopener\">foglaljon itt<\/a><\/span>.<\/p>\t\t\t\t\t\t\t\t<\/div>\n\t\t\t\t<\/div>\n\t\t\t\t<section class=\"elementor-section elementor-inner-section elementor-element elementor-element-861b750 elementor-section-boxed elementor-section-height-default elementor-section-height-default elementor-invisible\" data-id=\"861b750\" data-element_type=\"section\" data-e-type=\"section\" data-settings=\"{&quot;animation&quot;:&quot;fadeInUp&quot;}\">\n\t\t\t\t\t\t<div class=\"elementor-container elementor-column-gap-default\">\n\t\t\t\t\t<div class=\"elementor-column elementor-col-25 elementor-inner-column elementor-element elementor-element-4b6b7d9\" data-id=\"4b6b7d9\" data-element_type=\"column\" data-e-type=\"column\" data-settings=\"{&quot;background_background&quot;:&quot;classic&quot;}\">\n\t\t\t<div class=\"elementor-widget-wrap elementor-element-populated\">\n\t\t\t\t\t<div class=\"elementor-background-overlay\"><\/div>\n\t\t\t\t\t\t<div class=\"elementor-element elementor-element-15f5d9b elementor-widget elementor-widget-image\" data-id=\"15f5d9b\" data-element_type=\"widget\" data-e-type=\"widget\" data-widget_type=\"image.default\">\n\t\t\t\t<div class=\"elementor-widget-container\">\n\t\t\t\t\t\t\t\t\t\t\t\t\t\t\t<img fetchpriority=\"high\" decoding=\"async\" width=\"1024\" height=\"768\" src=\"https:\/\/oceancamper.com\/wp-content\/uploads\/2025\/06\/Music-Box.jpg\" class=\"attachment-full size-full wp-image-183512\" alt=\"Hordozhat\u00f3 Bluetooth zeneg\u00e9p b\u00e9relhet\u0151 Algarve lak\u00f3aut\u00f3kban - Ocean Camper felszerel\u00e9s.\" srcset=\"https:\/\/oceancamper.com\/wp-content\/uploads\/2025\/06\/Music-Box.jpg 1024w, https:\/\/oceancamper.com\/wp-content\/uploads\/2025\/06\/Music-Box-300x225.jpg 300w, https:\/\/oceancamper.com\/wp-content\/uploads\/2025\/06\/Music-Box-768x576.jpg 768w, https:\/\/oceancamper.com\/wp-content\/uploads\/2025\/06\/Music-Box-240x180.jpg 240w\" sizes=\"(max-width: 1024px) 100vw, 1024px\" \/>\t\t\t\t\t\t\t\t\t\t\t\t\t\t\t<\/div>\n\t\t\t\t<\/div>\n\t\t\t\t<div class=\"elementor-element elementor-element-ba0b0dc elementor-widget elementor-widget-text-editor\" data-id=\"ba0b0dc\" data-element_type=\"widget\" data-e-type=\"widget\" data-widget_type=\"text-editor.default\">\n\t\t\t\t<div class=\"elementor-widget-container\">\n\t\t\t\t\t\t\t\t\t<strong>Bluetooth hangsz\u00f3r\u00f3<\/strong>\t\t\t\t\t\t\t\t<\/div>\n\t\t\t\t<\/div>\n\t\t\t\t\t<\/div>\n\t\t<\/div>\n\t\t\t\t<div class=\"elementor-column elementor-col-25 elementor-inner-column elementor-element elementor-element-0fc6b94\" data-id=\"0fc6b94\" data-element_type=\"column\" data-e-type=\"column\" data-settings=\"{&quot;background_background&quot;:&quot;classic&quot;}\">\n\t\t\t<div class=\"elementor-widget-wrap\">\n\t\t\t\t\t<div class=\"elementor-background-overlay\"><\/div>\n\t\t\t\t\t\t\t<\/div>\n\t\t<\/div>\n\t\t\t\t<div class=\"elementor-column elementor-col-25 elementor-inner-column elementor-element elementor-element-26a7042\" data-id=\"26a7042\" data-element_type=\"column\" data-e-type=\"column\" data-settings=\"{&quot;background_background&quot;:&quot;classic&quot;}\">\n\t\t\t<div class=\"elementor-widget-wrap\">\n\t\t\t\t\t<div class=\"elementor-background-overlay\"><\/div>\n\t\t\t\t\t\t\t<\/div>\n\t\t<\/div>\n\t\t\t\t<div class=\"elementor-column elementor-col-25 elementor-inner-column elementor-element elementor-element-75ffe04\" data-id=\"75ffe04\" data-element_type=\"column\" data-e-type=\"column\" data-settings=\"{&quot;background_background&quot;:&quot;classic&quot;}\">\n\t\t\t<div class=\"elementor-widget-wrap\">\n\t\t\t\t\t<div class=\"elementor-background-overlay\"><\/div>\n\t\t\t\t\t\t\t<\/div>\n\t\t<\/div>\n\t\t\t\t\t<\/div>\n\t\t<\/section>\n\t\t\t\t<div class=\"elementor-element elementor-element-06a2863 elementor-widget elementor-widget-text-editor\" data-id=\"06a2863\" data-element_type=\"widget\" data-e-type=\"widget\" data-widget_type=\"text-editor.default\">\n\t\t\t\t<div class=\"elementor-widget-container\">\n\t\t\t\t\t\t\t\t\t&#8211; Hallgasson zen\u00e9t a strandon vagy b\u00e1rhol m\u00e1shol.\n<br>&#8211; J\u00f3 min\u0151s\u00e9g\u0171 hang garant\u00e1lt.\n<br>&#8211; Ez a zenedoboz egy felt\u00f6lt\u00e9ssel t\u00f6bb mint 12 \u00f3r\u00e1n kereszt\u00fcl j\u00e1tszik zen\u00e9t meg\u00e1ll\u00e1s n\u00e9lk\u00fcl, \u00e9s power bankk\u00e9nt is szolg\u00e1l, hogy USB-n kereszt\u00fcl t\u00f6ltse telefonj\u00e1t, dr\u00f3nj\u00e1t vagy m\u00e1s, alacsony fesz\u00fclts\u00e9ggel m\u0171k\u00f6d\u0151 eszk\u00f6zeit.\t\t\t\t\t\t\t\t<\/div>\n\t\t\t\t<\/div>\n\t\t\t\t<div class=\"elementor-element elementor-element-edbe790 elementor-widget elementor-widget-text-editor\" data-id=\"edbe790\" data-element_type=\"widget\" data-e-type=\"widget\" data-widget_type=\"text-editor.default\">\n\t\t\t\t<div class=\"elementor-widget-container\">\n\t\t\t\t\t\t\t\t\t<strong><span style=\"color: #1e3440;\">Csak felszerel\u00e9s foglal\u00e1sa <span style=\"color: #3ac4bb;\"><a style=\"color: #3ac4bb;\" href=\"https:\/\/farosurfrentals.com\/\" target=\"_blank\" rel=\"noopener\">itt<\/a><\/span><\/span><\/strong>\t\t\t\t\t\t\t\t<\/div>\n\t\t\t\t<\/div>\n\t\t\t\t\t<\/div>\n\t\t<\/div>\n\t\t\t\t\t<\/div>\n\t\t<\/section>\n\t\t\t\t<\/div>\n\t\t","protected":false},"excerpt":{"rendered":"<p>Bluetooth hangsz\u00f3r\u00f3 b\u00e9rl\u00e9s Ez a zeneg\u00e9p egyszer\u0171en csatlakoztathat\u00f3 Bluetooth-on vagy USB-k\u00e1belen kereszt\u00fcl telefonj\u00e1hoz, aut\u00f3r\u00e1di\u00f3j\u00e1hoz vagy sz\u00e1m\u00edt\u00f3g\u00e9p\u00e9hez, hogy lej\u00e1tszhassa kedvenc zen\u00e9it.B\u00e9relhet Bluetooth hangsz\u00f3r\u00f3t: &#8211; A lak\u00f3aut\u00f3\/s\u00e1tor foglal\u00e1ssal egy\u00fctt.&#8211; K\u00fcl\u00f6n, csak a Bluetooth hangsz\u00f3r\u00f3t, \u00e9s vegye \u00e1t a k\u00f6vetkez\u0151 helyen \u00fczlet\u00fcnkben Far\u00f3ban, foglaljon itt. Bluetooth hangsz\u00f3r\u00f3&#8211; Hallgasson zen\u00e9t a strandon vagy b\u00e1rhol m\u00e1shol. &#8211; J\u00f3 min\u0151s\u00e9g\u0171 hang [&hellip;]<\/p>\n","protected":false},"author":1,"featured_media":0,"parent":161738,"menu_order":0,"comment_status":"closed","ping_status":"closed","template":"elementor_header_footer","meta":{"footnotes":""},"class_list":["post-161749","page","type-page","status-publish","hentry"],"aioseo_notices":[],"_links":{"self":[{"href":"https:\/\/oceancamper.com\/hu\/wp-json\/wp\/v2\/pages\/161749","targetHints":{"allow":["GET"]}}],"collection":[{"href":"https:\/\/oceancamper.com\/hu\/wp-json\/wp\/v2\/pages"}],"about":[{"href":"https:\/\/oceancamper.com\/hu\/wp-json\/wp\/v2\/types\/page"}],"author":[{"embeddable":true,"href":"https:\/\/oceancamper.com\/hu\/wp-json\/wp\/v2\/users\/1"}],"replies":[{"embeddable":true,"href":"https:\/\/oceancamper.com\/hu\/wp-json\/wp\/v2\/comments?post=161749"}],"version-history":[{"count":4,"href":"https:\/\/oceancamper.com\/hu\/wp-json\/wp\/v2\/pages\/161749\/revisions"}],"predecessor-version":[{"id":183652,"href":"https:\/\/oceancamper.com\/hu\/wp-json\/wp\/v2\/pages\/161749\/revisions\/183652"}],"up":[{"embeddable":true,"href":"https:\/\/oceancamper.com\/hu\/wp-json\/wp\/v2\/pages\/161738"}],"wp:attachment":[{"href":"https:\/\/oceancamper.com\/hu\/wp-json\/wp\/v2\/media?parent=161749"}],"curies":[{"name":"wp","href":"https:\/\/api.w.org\/{rel}","templated":true}]}}