{"id":78307,"date":"2022-02-16T19:12:48","date_gmt":"2022-02-16T19:12:48","guid":{"rendered":"https:\/\/oceancamper.com\/extras\/stand-up-paddel\/"},"modified":"2025-06-30T16:22:53","modified_gmt":"2025-06-30T16:22:53","slug":"stand-up-paddel","status":"publish","type":"page","link":"https:\/\/oceancamper.com\/fr\/extras\/stand-up-paddel\/","title":{"rendered":"Stand-up Paddel"},"content":{"rendered":"\t\t<div data-elementor-type=\"wp-page\" data-elementor-id=\"78307\" class=\"elementor elementor-78307 elementor-2818\" data-elementor-post-type=\"page\">\n\t\t\t\t\t\t<section class=\"elementor-section elementor-top-section elementor-element elementor-element-624d06f elementor-section-height-min-height elementor-section-stretched elementor-section-content-middle elementor-section-boxed elementor-section-height-default elementor-section-items-middle\" data-id=\"624d06f\" data-element_type=\"section\" data-e-type=\"section\" data-settings=\"{&quot;stretch_section&quot;:&quot;section-stretched&quot;,&quot;background_background&quot;:&quot;gradient&quot;}\">\n\t\t\t\t\t\t<div class=\"elementor-container elementor-column-gap-default\">\n\t\t\t\t\t<div class=\"elementor-column elementor-col-100 elementor-top-column elementor-element elementor-element-7de2aec\" data-id=\"7de2aec\" data-element_type=\"column\" data-e-type=\"column\">\n\t\t\t<div class=\"elementor-widget-wrap elementor-element-populated\">\n\t\t\t\t\t\t<div class=\"elementor-element elementor-element-cd9b3ba elementor-widget elementor-widget-heading\" data-id=\"cd9b3ba\" data-element_type=\"widget\" data-e-type=\"widget\" data-widget_type=\"heading.default\">\n\t\t\t\t<div class=\"elementor-widget-container\">\n\t\t\t\t\t<h1 class=\"elementor-heading-title elementor-size-default\">Location de planche de Stand Up Paddle (SUP)<\/h1>\t\t\t\t<\/div>\n\t\t\t\t<\/div>\n\t\t\t\t\t<\/div>\n\t\t<\/div>\n\t\t\t\t\t<\/div>\n\t\t<\/section>\n\t\t\t\t<section class=\"elementor-section elementor-top-section elementor-element elementor-element-329fbd8 elementor-section-stretched elementor-section-boxed elementor-section-height-default elementor-section-height-default\" data-id=\"329fbd8\" data-element_type=\"section\" data-e-type=\"section\" data-settings=\"{&quot;stretch_section&quot;:&quot;section-stretched&quot;,&quot;background_background&quot;:&quot;classic&quot;}\">\n\t\t\t\t\t\t<div class=\"elementor-container elementor-column-gap-default\">\n\t\t\t\t\t<div class=\"elementor-column elementor-col-100 elementor-top-column elementor-element elementor-element-a98b4b4\" data-id=\"a98b4b4\" data-element_type=\"column\" data-e-type=\"column\">\n\t\t\t<div class=\"elementor-widget-wrap elementor-element-populated\">\n\t\t\t\t\t\t<div class=\"elementor-element elementor-element-2e25076 elementor-widget elementor-widget-heading\" data-id=\"2e25076\" data-element_type=\"widget\" data-e-type=\"widget\" data-widget_type=\"heading.default\">\n\t\t\t\t<div class=\"elementor-widget-container\">\n\t\t\t\t\t<h2 class=\"elementor-heading-title elementor-size-default\">La c\u00f4te de l'Algarve est un lieu de r\u00eave pour le stand up paddle.<\/h2>\t\t\t\t<\/div>\n\t\t\t\t<\/div>\n\t\t\t\t<div class=\"elementor-element elementor-element-5d0421b elementor-widget elementor-widget-text-editor\" data-id=\"5d0421b\" data-element_type=\"widget\" data-e-type=\"widget\" data-widget_type=\"text-editor.default\">\n\t\t\t\t<div class=\"elementor-widget-container\">\n\t\t\t\t\t\t\t\t\tVous pouvez d\u00e9couvrir les grottes cach\u00e9es d&rsquo;Albufeira, de Lagoa et de Lagos dans une mer calme. Consultez notre <span style=\"color: #3ac4bb;\"><a style=\"color: #3ac4bb;\" href=\"https:\/\/oceancamper.com\/fr\/blog\/\" target=\"_blank\" rel=\"noopener\">Guide Surf &amp; Camp<\/a><\/span> pour savoir o\u00f9 se trouvent les meilleures plages pour pagayer en Algarve. \t\t\t\t\t\t\t\t<\/div>\n\t\t\t\t<\/div>\n\t\t\t\t<div class=\"elementor-element elementor-element-ff30df1 elementor-widget elementor-widget-text-editor\" data-id=\"ff30df1\" data-element_type=\"widget\" data-e-type=\"widget\" data-widget_type=\"text-editor.default\">\n\t\t\t\t<div class=\"elementor-widget-container\">\n\t\t\t\t\t\t\t\t\t<strong><span style=\"color: #1e3440;\">Vous pouvez louer une planche SUP :<\/span><\/strong>\t\t\t\t\t\t\t\t<\/div>\n\t\t\t\t<\/div>\n\t\t\t\t<div class=\"elementor-element elementor-element-8f1e385 elementor-widget elementor-widget-text-editor\" data-id=\"8f1e385\" data-element_type=\"widget\" data-e-type=\"widget\" data-widget_type=\"text-editor.default\">\n\t\t\t\t<div class=\"elementor-widget-container\">\n\t\t\t\t\t\t\t\t\t<p>&#8211; En m\u00eame temps que votre r\u00e9servation de camping-car\/tente.<br>&#8211; S\u00e9par\u00e9ment, seulement la planche de SUP et r\u00e9cup\u00e9rez-la au <span style=\"color: #3ac4bb;\"><a style=\"color: #3ac4bb;\" href=\"https:\/\/www.google.com\/maps\/place\/\/data=!4m2!3m1!1s0xd1ab343f0fb35b7:0xa5468e7f9032f468?source=g.page.share\" target=\"_blank\" rel=\"noopener\">notre magasin<\/a><\/span> \u00e0 Faro, <span style=\"color: #3ac4bb;\"><a style=\"color: #3ac4bb;\" href=\"https:\/\/farosurfrentals.com\/\" target=\"_blank\" rel=\"noopener\">r\u00e9servez ici<\/a><\/span>.<\/p>\t\t\t\t\t\t\t\t<\/div>\n\t\t\t\t<\/div>\n\t\t\t\t<section class=\"elementor-section elementor-inner-section elementor-element elementor-element-5c06125 elementor-section-boxed elementor-section-height-default elementor-section-height-default elementor-invisible\" data-id=\"5c06125\" data-element_type=\"section\" data-e-type=\"section\" data-settings=\"{&quot;animation&quot;:&quot;fadeInUp&quot;}\">\n\t\t\t\t\t\t<div class=\"elementor-container elementor-column-gap-default\">\n\t\t\t\t\t<div class=\"elementor-column elementor-col-25 elementor-inner-column elementor-element elementor-element-608bbd6\" data-id=\"608bbd6\" data-element_type=\"column\" data-e-type=\"column\" data-settings=\"{&quot;background_background&quot;:&quot;classic&quot;}\">\n\t\t\t<div class=\"elementor-widget-wrap elementor-element-populated\">\n\t\t\t\t\t<div class=\"elementor-background-overlay\"><\/div>\n\t\t\t\t\t\t<div class=\"elementor-element elementor-element-83f8ed7 elementor-widget elementor-widget-image\" data-id=\"83f8ed7\" data-element_type=\"widget\" data-e-type=\"widget\" data-widget_type=\"image.default\">\n\t\t\t\t<div class=\"elementor-widget-container\">\n\t\t\t\t\t\t\t\t\t\t\t\t\t\t\t<img fetchpriority=\"high\" decoding=\"async\" width=\"2560\" height=\"2358\" src=\"https:\/\/oceancamper.com\/wp-content\/uploads\/2025\/06\/AdobeStock_688875877-min-scaled.jpeg\" class=\"attachment-full size-full wp-image-183366\" alt=\"Location de SUP au Portugal\" srcset=\"https:\/\/oceancamper.com\/wp-content\/uploads\/2025\/06\/AdobeStock_688875877-min-scaled.jpeg 2560w, https:\/\/oceancamper.com\/wp-content\/uploads\/2025\/06\/AdobeStock_688875877-min-300x276.jpeg 300w, https:\/\/oceancamper.com\/wp-content\/uploads\/2025\/06\/AdobeStock_688875877-min-1024x943.jpeg 1024w, https:\/\/oceancamper.com\/wp-content\/uploads\/2025\/06\/AdobeStock_688875877-min-768x707.jpeg 768w, https:\/\/oceancamper.com\/wp-content\/uploads\/2025\/06\/AdobeStock_688875877-min-1536x1415.jpeg 1536w, https:\/\/oceancamper.com\/wp-content\/uploads\/2025\/06\/AdobeStock_688875877-min-2048x1887.jpeg 2048w, https:\/\/oceancamper.com\/wp-content\/uploads\/2025\/06\/AdobeStock_688875877-min-195x180.jpeg 195w\" sizes=\"(max-width: 2560px) 100vw, 2560px\" \/>\t\t\t\t\t\t\t\t\t\t\t\t\t\t\t<\/div>\n\t\t\t\t<\/div>\n\t\t\t\t<div class=\"elementor-element elementor-element-06f3715 elementor-widget elementor-widget-text-editor\" data-id=\"06f3715\" data-element_type=\"widget\" data-e-type=\"widget\" data-widget_type=\"text-editor.default\">\n\t\t\t\t<div class=\"elementor-widget-container\">\n\t\t\t\t\t\t\t\t\t<p><strong>SUP Set<\/strong><\/p>\t\t\t\t\t\t\t\t<\/div>\n\t\t\t\t<\/div>\n\t\t\t\t\t<\/div>\n\t\t<\/div>\n\t\t\t\t<div class=\"elementor-column elementor-col-25 elementor-inner-column elementor-element elementor-element-f941e7d\" data-id=\"f941e7d\" data-element_type=\"column\" data-e-type=\"column\" data-settings=\"{&quot;background_background&quot;:&quot;classic&quot;}\">\n\t\t\t<div class=\"elementor-widget-wrap elementor-element-populated\">\n\t\t\t\t\t<div class=\"elementor-background-overlay\"><\/div>\n\t\t\t\t\t\t<div class=\"elementor-element elementor-element-897999c elementor-widget elementor-widget-image\" data-id=\"897999c\" data-element_type=\"widget\" data-e-type=\"widget\" data-widget_type=\"image.default\">\n\t\t\t\t<div class=\"elementor-widget-container\">\n\t\t\t\t\t\t\t\t\t\t\t\t\t\t\t<img decoding=\"async\" width=\"522\" height=\"535\" src=\"https:\/\/oceancamper.com\/wp-content\/uploads\/2022\/02\/sup-in-use-min.jpg\" class=\"attachment-full size-full wp-image-77338\" alt=\"sup en cours d&#039;utilisation\" srcset=\"https:\/\/oceancamper.com\/wp-content\/uploads\/2022\/02\/sup-in-use-min.jpg 522w, https:\/\/oceancamper.com\/wp-content\/uploads\/2022\/02\/sup-in-use-min-293x300.jpg 293w\" sizes=\"(max-width: 522px) 100vw, 522px\" \/>\t\t\t\t\t\t\t\t\t\t\t\t\t\t\t<\/div>\n\t\t\t\t<\/div>\n\t\t\t\t<div class=\"elementor-element elementor-element-6a5d363 elementor-widget elementor-widget-text-editor\" data-id=\"6a5d363\" data-element_type=\"widget\" data-e-type=\"widget\" data-widget_type=\"text-editor.default\">\n\t\t\t\t<div class=\"elementor-widget-container\">\n\t\t\t\t\t\t\t\t\t<strong>En utilisant le SUP<\/strong>\t\t\t\t\t\t\t\t<\/div>\n\t\t\t\t<\/div>\n\t\t\t\t\t<\/div>\n\t\t<\/div>\n\t\t\t\t<div class=\"elementor-column elementor-col-25 elementor-inner-column elementor-element elementor-element-0f7da3d\" data-id=\"0f7da3d\" data-element_type=\"column\" data-e-type=\"column\" data-settings=\"{&quot;background_background&quot;:&quot;classic&quot;}\">\n\t\t\t<div class=\"elementor-widget-wrap elementor-element-populated\">\n\t\t\t\t\t<div class=\"elementor-background-overlay\"><\/div>\n\t\t\t\t\t\t<div class=\"elementor-element elementor-element-c463c14 elementor-widget elementor-widget-image\" data-id=\"c463c14\" data-element_type=\"widget\" data-e-type=\"widget\" data-widget_type=\"image.default\">\n\t\t\t\t<div class=\"elementor-widget-container\">\n\t\t\t\t\t\t\t\t\t\t\t\t\t\t\t<img decoding=\"async\" width=\"800\" height=\"534\" src=\"https:\/\/oceancamper.com\/wp-content\/uploads\/2025\/06\/AdobeStock_622037714-min-1024x683.jpeg\" class=\"attachment-large size-large wp-image-183391\" alt=\"Des personnes font du paddleboard \u00e0 l&#039;int\u00e9rieur d&#039;une grotte marine au Portugal. L&#039;eau est turquoise et la lumi\u00e8re du soleil brille \u00e0 travers l&#039;entr\u00e9e de la grotte.\" srcset=\"https:\/\/oceancamper.com\/wp-content\/uploads\/2025\/06\/AdobeStock_622037714-min-1024x683.jpeg 1024w, https:\/\/oceancamper.com\/wp-content\/uploads\/2025\/06\/AdobeStock_622037714-min-300x200.jpeg 300w, https:\/\/oceancamper.com\/wp-content\/uploads\/2025\/06\/AdobeStock_622037714-min-768x512.jpeg 768w, https:\/\/oceancamper.com\/wp-content\/uploads\/2025\/06\/AdobeStock_622037714-min-1536x1024.jpeg 1536w, https:\/\/oceancamper.com\/wp-content\/uploads\/2025\/06\/AdobeStock_622037714-min-2048x1365.jpeg 2048w, https:\/\/oceancamper.com\/wp-content\/uploads\/2025\/06\/AdobeStock_622037714-min-240x160.jpeg 240w\" sizes=\"(max-width: 800px) 100vw, 800px\" \/>\t\t\t\t\t\t\t\t\t\t\t\t\t\t\t<\/div>\n\t\t\t\t<\/div>\n\t\t\t\t<div class=\"elementor-element elementor-element-04036d9 elementor-widget elementor-widget-text-editor\" data-id=\"04036d9\" data-element_type=\"widget\" data-e-type=\"widget\" data-widget_type=\"text-editor.default\">\n\t\t\t\t<div class=\"elementor-widget-container\">\n\t\t\t\t\t\t\t\t\t<p><strong>D\u00e9couvrez les grottes de l&rsquo;Algarve<\/strong><\/p>\t\t\t\t\t\t\t\t<\/div>\n\t\t\t\t<\/div>\n\t\t\t\t\t<\/div>\n\t\t<\/div>\n\t\t\t\t<div class=\"elementor-column elementor-col-25 elementor-inner-column elementor-element elementor-element-978b56a\" data-id=\"978b56a\" data-element_type=\"column\" data-e-type=\"column\" data-settings=\"{&quot;background_background&quot;:&quot;classic&quot;}\">\n\t\t\t<div class=\"elementor-widget-wrap\">\n\t\t\t\t\t<div class=\"elementor-background-overlay\"><\/div>\n\t\t\t\t\t\t\t<\/div>\n\t\t<\/div>\n\t\t\t\t\t<\/div>\n\t\t<\/section>\n\t\t\t\t<div class=\"elementor-element elementor-element-3dce13d elementor-widget elementor-widget-text-editor\" data-id=\"3dce13d\" data-element_type=\"widget\" data-e-type=\"widget\" data-widget_type=\"text-editor.default\">\n\t\t\t\t<div class=\"elementor-widget-container\">\n\t\t\t\t\t\t\t\t\t<span style=\"color: #1e3440;\"><strong>Sp\u00e9cifications<\/strong><\/span>\t\t\t\t\t\t\t\t<\/div>\n\t\t\t\t<\/div>\n\t\t\t\t<div class=\"elementor-element elementor-element-db88d1b elementor-widget elementor-widget-text-editor\" data-id=\"db88d1b\" data-element_type=\"widget\" data-e-type=\"widget\" data-widget_type=\"text-editor.default\">\n\t\t\t\t<div class=\"elementor-widget-container\">\n\t\t\t\t\t\t\t\t\t&#8211; <span style=\"color: #1e3440;\"> Complet]<\/span> Un set de paddleboard comprend 1 paddleboard, 2 pagaies, 1 pompe \u00e0 air et un sac pour le stockage et le transport.\n<br>&#8211; Les planches sont <span style=\"color: #1e3440;\"> gonflables<\/span> et pliables dans un sac, ce qui permet de les transporter dans n&rsquo;importe quelle voiture ou de les ranger dans nos camping-cars sous le lit.\n<br>&#8211; Une <span style=\"color: #1e3440;\"> planche<\/span> peut \u00eatre utilis\u00e9e par une personne debout, 2 personnes assises ou 3 (filles) assises. Nous recommandons d&rsquo;utiliser 1 planche pour 2 personnes, car il est plus facile et plus relaxant de pagayer ainsi.\n<br>&#8211; <span style=\"color: #1e3440;\"> Confortable]<\/span> La planche est \u00e9quip\u00e9e de cordes \u00e9lastiques pour fixer un sac avec vos affaires (par exemple : serviette, collation, eau, tuba).\t\t\t\t\t\t\t\t<\/div>\n\t\t\t\t<\/div>\n\t\t\t\t<div class=\"elementor-element elementor-element-31d0bbf elementor-widget elementor-widget-text-editor\" data-id=\"31d0bbf\" data-element_type=\"widget\" data-e-type=\"widget\" data-widget_type=\"text-editor.default\">\n\t\t\t\t<div class=\"elementor-widget-container\">\n\t\t\t\t\t\t\t\t\t<strong><span style=\"color: #1e3440;\">R\u00e9servez uniquement l&rsquo;\u00e9quipement <span style=\"color: #3ac4bb;\"><a style=\"color: #3ac4bb;\" href=\"https:\/\/farosurfrentals.com\/\" target=\"_blank\" rel=\"noopener\">ici<\/a><\/span>.<\/span><\/strong>\t\t\t\t\t\t\t\t<\/div>\n\t\t\t\t<\/div>\n\t\t\t\t\t<\/div>\n\t\t<\/div>\n\t\t\t\t\t<\/div>\n\t\t<\/section>\n\t\t\t\t<\/div>\n\t\t","protected":false},"excerpt":{"rendered":"<p>Location de planche de Stand Up Paddle (SUP) La c\u00f4te de l&rsquo;Algarve est un lieu de r\u00eave pour le stand up paddle. Vous pouvez d\u00e9couvrir les grottes cach\u00e9es d&rsquo;Albufeira, de Lagoa et de Lagos dans une mer calme. Consultez notre Guide Surf &amp; Camp pour savoir o\u00f9 se trouvent les meilleures plages pour pagayer en [&hellip;]<\/p>\n","protected":false},"author":1,"featured_media":0,"parent":78291,"menu_order":0,"comment_status":"closed","ping_status":"closed","template":"elementor_header_footer","meta":{"footnotes":""},"class_list":["post-78307","page","type-page","status-publish","hentry"],"aioseo_notices":[],"_links":{"self":[{"href":"https:\/\/oceancamper.com\/fr\/wp-json\/wp\/v2\/pages\/78307","targetHints":{"allow":["GET"]}}],"collection":[{"href":"https:\/\/oceancamper.com\/fr\/wp-json\/wp\/v2\/pages"}],"about":[{"href":"https:\/\/oceancamper.com\/fr\/wp-json\/wp\/v2\/types\/page"}],"author":[{"embeddable":true,"href":"https:\/\/oceancamper.com\/fr\/wp-json\/wp\/v2\/users\/1"}],"replies":[{"embeddable":true,"href":"https:\/\/oceancamper.com\/fr\/wp-json\/wp\/v2\/comments?post=78307"}],"version-history":[{"count":2,"href":"https:\/\/oceancamper.com\/fr\/wp-json\/wp\/v2\/pages\/78307\/revisions"}],"predecessor-version":[{"id":183697,"href":"https:\/\/oceancamper.com\/fr\/wp-json\/wp\/v2\/pages\/78307\/revisions\/183697"}],"up":[{"embeddable":true,"href":"https:\/\/oceancamper.com\/fr\/wp-json\/wp\/v2\/pages\/78291"}],"wp:attachment":[{"href":"https:\/\/oceancamper.com\/fr\/wp-json\/wp\/v2\/media?parent=78307"}],"curies":[{"name":"wp","href":"https:\/\/api.w.org\/{rel}","templated":true}]}}