{"id":78297,"date":"2022-02-16T20:49:07","date_gmt":"2022-02-16T20:49:07","guid":{"rendered":"https:\/\/oceancamper.com\/extras\/chargeur-convertisseur-de-courant\/"},"modified":"2025-06-30T16:27:53","modified_gmt":"2025-06-30T16:27:53","slug":"chargeur-convertisseur-de-courant","status":"publish","type":"page","link":"https:\/\/oceancamper.com\/fr\/extras\/chargeur-convertisseur-de-courant\/","title":{"rendered":"Chargeur \/ Convertisseur de courant"},"content":{"rendered":"\t\t<div data-elementor-type=\"wp-page\" data-elementor-id=\"78297\" class=\"elementor elementor-78297 elementor-2913\" data-elementor-post-type=\"page\">\n\t\t\t\t\t\t<section class=\"elementor-section elementor-top-section elementor-element elementor-element-ac94e43 elementor-section-height-min-height elementor-section-stretched elementor-section-content-middle elementor-section-boxed elementor-section-height-default elementor-section-items-middle\" data-id=\"ac94e43\" data-element_type=\"section\" data-e-type=\"section\" data-settings=\"{&quot;stretch_section&quot;:&quot;section-stretched&quot;,&quot;background_background&quot;:&quot;gradient&quot;}\">\n\t\t\t\t\t\t<div class=\"elementor-container elementor-column-gap-default\">\n\t\t\t\t\t<div class=\"elementor-column elementor-col-100 elementor-top-column elementor-element elementor-element-f601ff9\" data-id=\"f601ff9\" data-element_type=\"column\" data-e-type=\"column\">\n\t\t\t<div class=\"elementor-widget-wrap elementor-element-populated\">\n\t\t\t\t\t\t<div class=\"elementor-element elementor-element-be4d95c elementor-widget elementor-widget-heading\" data-id=\"be4d95c\" data-element_type=\"widget\" data-e-type=\"widget\" data-widget_type=\"heading.default\">\n\t\t\t\t<div class=\"elementor-widget-container\">\n\t\t\t\t\t<h1 class=\"elementor-heading-title elementor-size-default\">Location de chargeur \/ convertisseur de courant<\/h1>\t\t\t\t<\/div>\n\t\t\t\t<\/div>\n\t\t\t\t\t<\/div>\n\t\t<\/div>\n\t\t\t\t\t<\/div>\n\t\t<\/section>\n\t\t\t\t<section class=\"elementor-section elementor-top-section elementor-element elementor-element-6c0544b elementor-section-stretched elementor-section-boxed elementor-section-height-default elementor-section-height-default\" data-id=\"6c0544b\" data-element_type=\"section\" data-e-type=\"section\" data-settings=\"{&quot;stretch_section&quot;:&quot;section-stretched&quot;,&quot;background_background&quot;:&quot;classic&quot;}\">\n\t\t\t\t\t\t<div class=\"elementor-container elementor-column-gap-default\">\n\t\t\t\t\t<div class=\"elementor-column elementor-col-100 elementor-top-column elementor-element elementor-element-8778a8c\" data-id=\"8778a8c\" data-element_type=\"column\" data-e-type=\"column\">\n\t\t\t<div class=\"elementor-widget-wrap elementor-element-populated\">\n\t\t\t\t\t\t<div class=\"elementor-element elementor-element-ad41d43 elementor-widget elementor-widget-text-editor\" data-id=\"ad41d43\" data-element_type=\"widget\" data-e-type=\"widget\" data-widget_type=\"text-editor.default\">\n\t\t\t\t<div class=\"elementor-widget-container\">\n\t\t\t\t\t\t\t\t\tNotre convertisseur de puissance fournit suffisamment d&rsquo;\u00e9nergie pour alimenter les appareils \u00e9lectriques aliment\u00e9s en 230V.\n<br><br> De quoi s&rsquo;agit-il ?\n<br>Cet appareil vous permet de charger dans la voiture des appareils \u00e9lectriques tels que rasoirs, ordinateurs portables, tablettes, t\u00e9l\u00e9phones, drones, etc.\n<br>Comment \u00e7a marche ?\n<br>Vous devez le brancher sur les prises allume-cigare d&rsquo;une voiture ou d&rsquo;un camping-car.\n<br>\t\t\t\t\t\t\t\t<\/div>\n\t\t\t\t<\/div>\n\t\t\t\t<div class=\"elementor-element elementor-element-8197803 elementor-widget elementor-widget-text-editor\" data-id=\"8197803\" data-element_type=\"widget\" data-e-type=\"widget\" data-widget_type=\"text-editor.default\">\n\t\t\t\t<div class=\"elementor-widget-container\">\n\t\t\t\t\t\t\t\t\t<strong><span style=\"color: #1e3440;\">Vous pouvez louer un convertisseur de courant :<\/span><\/strong>\t\t\t\t\t\t\t\t<\/div>\n\t\t\t\t<\/div>\n\t\t\t\t<div class=\"elementor-element elementor-element-3aa41e2 elementor-widget elementor-widget-text-editor\" data-id=\"3aa41e2\" data-element_type=\"widget\" data-e-type=\"widget\" data-widget_type=\"text-editor.default\">\n\t\t\t\t<div class=\"elementor-widget-container\">\n\t\t\t\t\t\t\t\t\t<p>&#8211; Avec votre r\u00e9servation de camping-car\/tente.<br>&#8211; S\u00e9par\u00e9ment, seulement le convertisseur d&rsquo;alimentation et r\u00e9cup\u00e9rez-le dans le <span style=\"color: #3ac4bb;\"><a style=\"color: #3ac4bb;\" href=\"https:\/\/www.google.com\/maps\/place\/\/data=!4m2!3m1!1s0xd1ab343f0fb35b7:0xa5468e7f9032f468?source=g.page.share\" target=\"_blank\" rel=\"noopener\">notre magasin<\/a><\/span> \u00e0 Faro, <span style=\"color: #3ac4bb;\"><a style=\"color: #3ac4bb;\" href=\"https:\/\/farosurfrentals.com\/\" target=\"_blank\" rel=\"noopener\">r\u00e9servez ici<\/a><\/span>.<\/p>\t\t\t\t\t\t\t\t<\/div>\n\t\t\t\t<\/div>\n\t\t\t\t<section class=\"elementor-section elementor-inner-section elementor-element elementor-element-7597059 elementor-section-boxed elementor-section-height-default elementor-section-height-default elementor-invisible\" data-id=\"7597059\" data-element_type=\"section\" data-e-type=\"section\" data-settings=\"{&quot;animation&quot;:&quot;fadeInUp&quot;}\">\n\t\t\t\t\t\t<div class=\"elementor-container elementor-column-gap-default\">\n\t\t\t\t\t<div class=\"elementor-column elementor-col-25 elementor-inner-column elementor-element elementor-element-9bf00ba\" data-id=\"9bf00ba\" data-element_type=\"column\" data-e-type=\"column\" data-settings=\"{&quot;background_background&quot;:&quot;classic&quot;}\">\n\t\t\t<div class=\"elementor-widget-wrap elementor-element-populated\">\n\t\t\t\t\t<div class=\"elementor-background-overlay\"><\/div>\n\t\t\t\t\t\t<div class=\"elementor-element elementor-element-33e0c1b elementor-widget elementor-widget-image\" data-id=\"33e0c1b\" data-element_type=\"widget\" data-e-type=\"widget\" data-widget_type=\"image.default\">\n\t\t\t\t<div class=\"elementor-widget-container\">\n\t\t\t\t\t\t\t\t\t\t\t\t\t\t\t<img fetchpriority=\"high\" decoding=\"async\" width=\"1200\" height=\"900\" src=\"https:\/\/oceancamper.com\/wp-content\/uploads\/2022\/02\/Charger-12-230V-rental-min.jpg\" class=\"attachment-full size-full wp-image-77383\" alt=\"\" srcset=\"https:\/\/oceancamper.com\/wp-content\/uploads\/2022\/02\/Charger-12-230V-rental-min.jpg 1200w, https:\/\/oceancamper.com\/wp-content\/uploads\/2022\/02\/Charger-12-230V-rental-min-300x225.jpg 300w, https:\/\/oceancamper.com\/wp-content\/uploads\/2022\/02\/Charger-12-230V-rental-min-1024x768.jpg 1024w, https:\/\/oceancamper.com\/wp-content\/uploads\/2022\/02\/Charger-12-230V-rental-min-768x576.jpg 768w\" sizes=\"(max-width: 1200px) 100vw, 1200px\" \/>\t\t\t\t\t\t\t\t\t\t\t\t\t\t\t<\/div>\n\t\t\t\t<\/div>\n\t\t\t\t<div class=\"elementor-element elementor-element-fc538ca elementor-widget elementor-widget-text-editor\" data-id=\"fc538ca\" data-element_type=\"widget\" data-e-type=\"widget\" data-widget_type=\"text-editor.default\">\n\t\t\t\t<div class=\"elementor-widget-container\">\n\t\t\t\t\t\t\t\t\t<strong>Convertisseur de courant<\/strong>\t\t\t\t\t\t\t\t<\/div>\n\t\t\t\t<\/div>\n\t\t\t\t\t<\/div>\n\t\t<\/div>\n\t\t\t\t<div class=\"elementor-column elementor-col-25 elementor-inner-column elementor-element elementor-element-ccba8c0\" data-id=\"ccba8c0\" data-element_type=\"column\" data-e-type=\"column\" data-settings=\"{&quot;background_background&quot;:&quot;classic&quot;}\">\n\t\t\t<div class=\"elementor-widget-wrap\">\n\t\t\t\t\t<div class=\"elementor-background-overlay\"><\/div>\n\t\t\t\t\t\t\t<\/div>\n\t\t<\/div>\n\t\t\t\t<div class=\"elementor-column elementor-col-25 elementor-inner-column elementor-element elementor-element-b8cf783\" data-id=\"b8cf783\" data-element_type=\"column\" data-e-type=\"column\" data-settings=\"{&quot;background_background&quot;:&quot;classic&quot;}\">\n\t\t\t<div class=\"elementor-widget-wrap\">\n\t\t\t\t\t<div class=\"elementor-background-overlay\"><\/div>\n\t\t\t\t\t\t\t<\/div>\n\t\t<\/div>\n\t\t\t\t<div class=\"elementor-column elementor-col-25 elementor-inner-column elementor-element elementor-element-a26ffef\" data-id=\"a26ffef\" data-element_type=\"column\" data-e-type=\"column\" data-settings=\"{&quot;background_background&quot;:&quot;classic&quot;}\">\n\t\t\t<div class=\"elementor-widget-wrap\">\n\t\t\t\t\t<div class=\"elementor-background-overlay\"><\/div>\n\t\t\t\t\t\t\t<\/div>\n\t\t<\/div>\n\t\t\t\t\t<\/div>\n\t\t<\/section>\n\t\t\t\t<div class=\"elementor-element elementor-element-594f242 elementor-widget elementor-widget-text-editor\" data-id=\"594f242\" data-element_type=\"widget\" data-e-type=\"widget\" data-widget_type=\"text-editor.default\">\n\t\t\t\t<div class=\"elementor-widget-container\">\n\t\t\t\t\t\t\t\t\t<strong><span style=\"color: #1e3440;\">R\u00e9servez uniquement l&rsquo;\u00e9quipement <span style=\"color: #3ac4bb;\"><a style=\"color: #3ac4bb;\" href=\"https:\/\/farosurfrentals.com\/\" target=\"_blank\" rel=\"noopener\">ici<\/a><\/span>.<\/span><\/strong>\t\t\t\t\t\t\t\t<\/div>\n\t\t\t\t<\/div>\n\t\t\t\t\t<\/div>\n\t\t<\/div>\n\t\t\t\t\t<\/div>\n\t\t<\/section>\n\t\t\t\t<\/div>\n\t\t","protected":false},"excerpt":{"rendered":"<p>Location de chargeur \/ convertisseur de courant Notre convertisseur de puissance fournit suffisamment d&rsquo;\u00e9nergie pour alimenter les appareils \u00e9lectriques aliment\u00e9s en 230V. De quoi s&rsquo;agit-il ? Cet appareil vous permet de charger dans la voiture des appareils \u00e9lectriques tels que rasoirs, ordinateurs portables, tablettes, t\u00e9l\u00e9phones, drones, etc. Comment \u00e7a marche ? Vous devez le brancher [&hellip;]<\/p>\n","protected":false},"author":1,"featured_media":0,"parent":78291,"menu_order":0,"comment_status":"closed","ping_status":"closed","template":"elementor_header_footer","meta":{"footnotes":""},"class_list":["post-78297","page","type-page","status-publish","hentry"],"aioseo_notices":[],"_links":{"self":[{"href":"https:\/\/oceancamper.com\/fr\/wp-json\/wp\/v2\/pages\/78297","targetHints":{"allow":["GET"]}}],"collection":[{"href":"https:\/\/oceancamper.com\/fr\/wp-json\/wp\/v2\/pages"}],"about":[{"href":"https:\/\/oceancamper.com\/fr\/wp-json\/wp\/v2\/types\/page"}],"author":[{"embeddable":true,"href":"https:\/\/oceancamper.com\/fr\/wp-json\/wp\/v2\/users\/1"}],"replies":[{"embeddable":true,"href":"https:\/\/oceancamper.com\/fr\/wp-json\/wp\/v2\/comments?post=78297"}],"version-history":[{"count":4,"href":"https:\/\/oceancamper.com\/fr\/wp-json\/wp\/v2\/pages\/78297\/revisions"}],"predecessor-version":[{"id":183711,"href":"https:\/\/oceancamper.com\/fr\/wp-json\/wp\/v2\/pages\/78297\/revisions\/183711"}],"up":[{"embeddable":true,"href":"https:\/\/oceancamper.com\/fr\/wp-json\/wp\/v2\/pages\/78291"}],"wp:attachment":[{"href":"https:\/\/oceancamper.com\/fr\/wp-json\/wp\/v2\/media?parent=78297"}],"curies":[{"name":"wp","href":"https:\/\/api.w.org\/{rel}","templated":true}]}}