{"id":78165,"date":"2022-02-19T16:02:57","date_gmt":"2022-02-19T16:02:57","guid":{"rendered":"https:\/\/oceancamper.com\/a-notre-sujet\/"},"modified":"2025-12-13T10:34:13","modified_gmt":"2025-12-13T10:34:13","slug":"a-notre-sujet","status":"publish","type":"page","link":"https:\/\/oceancamper.com\/fr\/a-notre-sujet\/","title":{"rendered":"\u00c0 notre sujet"},"content":{"rendered":"\t\t<div data-elementor-type=\"wp-page\" data-elementor-id=\"78165\" class=\"elementor elementor-78165 elementor-3544\" data-elementor-post-type=\"page\">\n\t\t\t\t\t\t<section class=\"elementor-section elementor-top-section elementor-element elementor-element-06ff706 elementor-section-height-min-height elementor-section-stretched elementor-section-boxed elementor-section-height-default elementor-section-items-middle\" data-id=\"06ff706\" data-element_type=\"section\" data-e-type=\"section\" data-settings=\"{&quot;stretch_section&quot;:&quot;section-stretched&quot;,&quot;background_background&quot;:&quot;classic&quot;}\">\n\t\t\t\t\t\t\t<div class=\"elementor-background-overlay\"><\/div>\n\t\t\t\t\t\t\t<div class=\"elementor-container elementor-column-gap-default\">\n\t\t\t\t\t<div class=\"elementor-column elementor-col-100 elementor-top-column elementor-element elementor-element-4bab319\" data-id=\"4bab319\" data-element_type=\"column\" data-e-type=\"column\">\n\t\t\t<div class=\"elementor-widget-wrap elementor-element-populated\">\n\t\t\t\t\t\t<div class=\"elementor-element elementor-element-5b55f62 elementor-widget elementor-widget-heading\" data-id=\"5b55f62\" data-element_type=\"widget\" data-e-type=\"widget\" data-widget_type=\"heading.default\">\n\t\t\t\t<div class=\"elementor-widget-container\">\n\t\t\t\t\t<h1 class=\"elementor-heading-title elementor-size-default\">\u00c0 notre sujet<\/h1>\t\t\t\t<\/div>\n\t\t\t\t<\/div>\n\t\t\t\t\t<\/div>\n\t\t<\/div>\n\t\t\t\t\t<\/div>\n\t\t<\/section>\n\t\t\t\t<section class=\"elementor-section elementor-top-section elementor-element elementor-element-84e9ce1 elementor-section-stretched elementor-section-boxed elementor-section-height-default elementor-section-height-default\" data-id=\"84e9ce1\" data-element_type=\"section\" data-e-type=\"section\" data-settings=\"{&quot;stretch_section&quot;:&quot;section-stretched&quot;,&quot;background_background&quot;:&quot;classic&quot;}\">\n\t\t\t\t\t\t<div class=\"elementor-container elementor-column-gap-default\">\n\t\t\t\t\t<div class=\"elementor-column elementor-col-100 elementor-top-column elementor-element elementor-element-6790886\" data-id=\"6790886\" data-element_type=\"column\" data-e-type=\"column\">\n\t\t\t<div class=\"elementor-widget-wrap elementor-element-populated\">\n\t\t\t\t\t\t<section class=\"elementor-section elementor-inner-section elementor-element elementor-element-ff6cfc3 elementor-section-boxed elementor-section-height-default elementor-section-height-default\" data-id=\"ff6cfc3\" data-element_type=\"section\" data-e-type=\"section\">\n\t\t\t\t\t\t<div class=\"elementor-container elementor-column-gap-default\">\n\t\t\t\t\t<div class=\"elementor-column elementor-col-100 elementor-inner-column elementor-element elementor-element-6cc824b\" data-id=\"6cc824b\" data-element_type=\"column\" data-e-type=\"column\">\n\t\t\t<div class=\"elementor-widget-wrap elementor-element-populated\">\n\t\t\t\t\t\t<div class=\"elementor-element elementor-element-97a1f2a elementor-widget elementor-widget-heading\" data-id=\"97a1f2a\" data-element_type=\"widget\" data-e-type=\"widget\" data-widget_type=\"heading.default\">\n\t\t\t\t<div class=\"elementor-widget-container\">\n\t\t\t\t\t<h2 class=\"elementor-heading-title elementor-size-default\">\u00c0 propos d'Oceancamper\u00ae<\/h2>\t\t\t\t<\/div>\n\t\t\t\t<\/div>\n\t\t\t\t<div class=\"elementor-element elementor-element-b9079e8 elementor-widget elementor-widget-text-editor\" data-id=\"b9079e8\" data-element_type=\"widget\" data-e-type=\"widget\" data-widget_type=\"text-editor.default\">\n\t\t\t\t<div class=\"elementor-widget-container\">\n\t\t\t\t\t\t\t\t\tNotre mission est de vous offrir une exp\u00e9rience de camping sans souci inoubliable au Portugal, avec un \u00e9quipement de camping simple et fonctionnel, le tout \u00e0 un prix \u00e9quitable.\t\t\t\t\t\t\t\t<\/div>\n\t\t\t\t<\/div>\n\t\t\t\t\t<\/div>\n\t\t<\/div>\n\t\t\t\t\t<\/div>\n\t\t<\/section>\n\t\t\t\t<section class=\"elementor-section elementor-inner-section elementor-element elementor-element-2f96600 elementor-section-content-middle elementor-section-boxed elementor-section-height-default elementor-section-height-default elementor-invisible\" data-id=\"2f96600\" data-element_type=\"section\" data-e-type=\"section\" data-settings=\"{&quot;animation&quot;:&quot;fadeInUp&quot;}\">\n\t\t\t\t\t\t<div class=\"elementor-container elementor-column-gap-default\">\n\t\t\t\t\t<div class=\"elementor-column elementor-col-100 elementor-inner-column elementor-element elementor-element-38afab1 elementor-invisible\" data-id=\"38afab1\" data-element_type=\"column\" data-e-type=\"column\" data-settings=\"{&quot;background_background&quot;:&quot;classic&quot;,&quot;animation&quot;:&quot;fadeIn&quot;}\">\n\t\t\t<div class=\"elementor-widget-wrap elementor-element-populated\">\n\t\t\t\t\t<div class=\"elementor-background-overlay\"><\/div>\n\t\t\t\t\t\t<div class=\"elementor-element elementor-element-8995b9d elementor-widget elementor-widget-heading\" data-id=\"8995b9d\" data-element_type=\"widget\" data-e-type=\"widget\" data-widget_type=\"heading.default\">\n\t\t\t\t<div class=\"elementor-widget-container\">\n\t\t\t\t\t<h4 class=\"elementor-heading-title elementor-size-default\">Nous proposons<\/h4>\t\t\t\t<\/div>\n\t\t\t\t<\/div>\n\t\t\t\t<div class=\"elementor-element elementor-element-0904f25 elementor-widget elementor-widget-text-editor\" data-id=\"0904f25\" data-element_type=\"widget\" data-e-type=\"widget\" data-widget_type=\"text-editor.default\">\n\t\t\t\t<div class=\"elementor-widget-container\">\n\t\t\t\t\t\t\t\t\t<ul><li>Des petits <a href=\"https:\/\/oceancamper.com\/fr\/campervans\/\">campervans<\/a>, des <a href=\"https:\/\/oceancamper.com\/fr\/louez-une-tente\/\">tentes<\/a> et du mat\u00e9riel de camping.<\/li><li>Des planches de surf, des stand-up paddleboards, du <a href=\"https:\/\/oceancamper.com\/fr\/extras\/\">mat\u00e9riel de plong\u00e9e avec tuba et de sport<\/a>.<\/li><li>Des conseils d&rsquo;itin\u00e9raire adapt\u00e9s \u00e0 vos hobbies et int\u00e9r\u00eats.<\/li><\/ul><p>Nous voulons partager avec vous l&rsquo;un des endroits les plus beaux d&rsquo;Europe, un temps ensoleill\u00e9 et agr\u00e9able, une e<a href=\"\/camping-rules-in-portugal\/\">xp\u00e9rience de camping<\/a> s\u00fbre et libre, une <a href=\"https:\/\/oceancamper.com\/fr\/cuisine-portugaise\/\">gastronomie portugaise<\/a> savoureuse et la joie des sports nautiques dans l&rsquo;oc\u00e9an Atlantique.<\/p>\t\t\t\t\t\t\t\t<\/div>\n\t\t\t\t<\/div>\n\t\t\t\t\t<\/div>\n\t\t<\/div>\n\t\t\t\t\t<\/div>\n\t\t<\/section>\n\t\t\t\t<section class=\"elementor-section elementor-inner-section elementor-element elementor-element-da9624a elementor-section-content-middle elementor-section-boxed elementor-section-height-default elementor-section-height-default elementor-invisible\" data-id=\"da9624a\" data-element_type=\"section\" data-e-type=\"section\" data-settings=\"{&quot;animation&quot;:&quot;fadeInUp&quot;}\">\n\t\t\t\t\t\t<div class=\"elementor-container elementor-column-gap-default\">\n\t\t\t\t\t<div class=\"elementor-column elementor-col-50 elementor-inner-column elementor-element elementor-element-8e1c676 elementor-invisible\" data-id=\"8e1c676\" data-element_type=\"column\" data-e-type=\"column\" data-settings=\"{&quot;animation&quot;:&quot;fadeInLeft&quot;}\">\n\t\t\t<div class=\"elementor-widget-wrap elementor-element-populated\">\n\t\t\t\t\t\t<div class=\"elementor-element elementor-element-b3b6e82 elementor-widget elementor-widget-image\" data-id=\"b3b6e82\" data-element_type=\"widget\" data-e-type=\"widget\" data-widget_type=\"image.default\">\n\t\t\t\t<div class=\"elementor-widget-container\">\n\t\t\t\t\t\t\t\t\t\t\t\t\t\t\t<img fetchpriority=\"high\" decoding=\"async\" width=\"1100\" height=\"825\" src=\"https:\/\/oceancamper.com\/wp-content\/uploads\/2022\/02\/Environmental-Awareness-min-1.jpg\" class=\"attachment-full size-full wp-image-77603\" alt=\"Sensibilisation \u00e0 l&#039;environnement\" srcset=\"https:\/\/oceancamper.com\/wp-content\/uploads\/2022\/02\/Environmental-Awareness-min-1.jpg 1100w, https:\/\/oceancamper.com\/wp-content\/uploads\/2022\/02\/Environmental-Awareness-min-1-300x225.jpg 300w, https:\/\/oceancamper.com\/wp-content\/uploads\/2022\/02\/Environmental-Awareness-min-1-1024x768.jpg 1024w, https:\/\/oceancamper.com\/wp-content\/uploads\/2022\/02\/Environmental-Awareness-min-1-768x576.jpg 768w\" sizes=\"(max-width: 1100px) 100vw, 1100px\" \/>\t\t\t\t\t\t\t\t\t\t\t\t\t\t\t<\/div>\n\t\t\t\t<\/div>\n\t\t\t\t\t<\/div>\n\t\t<\/div>\n\t\t\t\t<div class=\"elementor-column elementor-col-50 elementor-inner-column elementor-element elementor-element-ea13368 elementor-invisible\" data-id=\"ea13368\" data-element_type=\"column\" data-e-type=\"column\" data-settings=\"{&quot;background_background&quot;:&quot;classic&quot;,&quot;animation&quot;:&quot;fadeInRight&quot;}\">\n\t\t\t<div class=\"elementor-widget-wrap elementor-element-populated\">\n\t\t\t\t\t<div class=\"elementor-background-overlay\"><\/div>\n\t\t\t\t\t\t<div class=\"elementor-element elementor-element-0fdd138 elementor-widget elementor-widget-heading\" data-id=\"0fdd138\" data-element_type=\"widget\" data-e-type=\"widget\" data-widget_type=\"heading.default\">\n\t\t\t\t<div class=\"elementor-widget-container\">\n\t\t\t\t\t<h4 class=\"elementor-heading-title elementor-size-default\">Sensibilisation \u00e0 l'environnement<\/h4>\t\t\t\t<\/div>\n\t\t\t\t<\/div>\n\t\t\t\t<div class=\"elementor-element elementor-element-acdf564 elementor-widget elementor-widget-text-editor\" data-id=\"acdf564\" data-element_type=\"widget\" data-e-type=\"widget\" data-widget_type=\"text-editor.default\">\n\t\t\t\t<div class=\"elementor-widget-container\">\n\t\t\t\t\t\t\t\t\t<p>Nous nous effor\u00e7ons de <strong>prot\u00e9ger l&rsquo;environnement<\/strong> en r\u00e9duisant notre utilisation de plastique et en vous fournissant des d\u00e9tergents de lavage, du savon et du shampoing biod\u00e9gradables.<\/p>\t\t\t\t\t\t\t\t<\/div>\n\t\t\t\t<\/div>\n\t\t\t\t\t<\/div>\n\t\t<\/div>\n\t\t\t\t\t<\/div>\n\t\t<\/section>\n\t\t\t\t<section class=\"elementor-section elementor-inner-section elementor-element elementor-element-e9791f7 elementor-section-content-middle elementor-reverse-mobile elementor-section-boxed elementor-section-height-default elementor-section-height-default elementor-invisible\" data-id=\"e9791f7\" data-element_type=\"section\" data-e-type=\"section\" data-settings=\"{&quot;animation&quot;:&quot;fadeInUp&quot;}\">\n\t\t\t\t\t\t<div class=\"elementor-container elementor-column-gap-default\">\n\t\t\t\t\t<div class=\"elementor-column elementor-col-50 elementor-inner-column elementor-element elementor-element-4240c4e elementor-invisible\" data-id=\"4240c4e\" data-element_type=\"column\" data-e-type=\"column\" data-settings=\"{&quot;background_background&quot;:&quot;classic&quot;,&quot;animation&quot;:&quot;fadeInLeft&quot;}\">\n\t\t\t<div class=\"elementor-widget-wrap elementor-element-populated\">\n\t\t\t\t\t<div class=\"elementor-background-overlay\"><\/div>\n\t\t\t\t\t\t<div class=\"elementor-element elementor-element-0da28e0 elementor-widget elementor-widget-heading\" data-id=\"0da28e0\" data-element_type=\"widget\" data-e-type=\"widget\" data-widget_type=\"heading.default\">\n\t\t\t\t<div class=\"elementor-widget-container\">\n\t\t\t\t\t<h4 class=\"elementor-heading-title elementor-size-default\">Camping facile<\/h4>\t\t\t\t<\/div>\n\t\t\t\t<\/div>\n\t\t\t\t<div class=\"elementor-element elementor-element-68a7f44 elementor-widget elementor-widget-text-editor\" data-id=\"68a7f44\" data-element_type=\"widget\" data-e-type=\"widget\" data-widget_type=\"text-editor.default\">\n\t\t\t\t<div class=\"elementor-widget-container\">\n\t\t\t\t\t\t\t\t\tPetits, agiles et \u00e9conomes en carburant. Nos campervans sont le choix id\u00e9al pour les personnes qui aiment le camping facile.\t\t\t\t\t\t\t\t<\/div>\n\t\t\t\t<\/div>\n\t\t\t\t\t<\/div>\n\t\t<\/div>\n\t\t\t\t<div class=\"elementor-column elementor-col-50 elementor-inner-column elementor-element elementor-element-787dddf elementor-invisible\" data-id=\"787dddf\" data-element_type=\"column\" data-e-type=\"column\" data-settings=\"{&quot;animation&quot;:&quot;fadeInRight&quot;}\">\n\t\t\t<div class=\"elementor-widget-wrap elementor-element-populated\">\n\t\t\t\t\t\t<div class=\"elementor-element elementor-element-4c73cbb elementor-widget elementor-widget-image\" data-id=\"4c73cbb\" data-element_type=\"widget\" data-e-type=\"widget\" data-widget_type=\"image.default\">\n\t\t\t\t<div class=\"elementor-widget-container\">\n\t\t\t\t\t\t\t\t\t\t\t\t\t\t\t<img decoding=\"async\" width=\"1024\" height=\"768\" src=\"https:\/\/oceancamper.com\/wp-content\/uploads\/2022\/02\/easy-camping-min.jpg\" class=\"attachment-full size-full wp-image-77605\" alt=\"Sensibilisation \u00e0 l&#039;environnement\" srcset=\"https:\/\/oceancamper.com\/wp-content\/uploads\/2022\/02\/easy-camping-min.jpg 1024w, https:\/\/oceancamper.com\/wp-content\/uploads\/2022\/02\/easy-camping-min-300x225.jpg 300w, https:\/\/oceancamper.com\/wp-content\/uploads\/2022\/02\/easy-camping-min-768x576.jpg 768w\" sizes=\"(max-width: 1024px) 100vw, 1024px\" \/>\t\t\t\t\t\t\t\t\t\t\t\t\t\t\t<\/div>\n\t\t\t\t<\/div>\n\t\t\t\t\t<\/div>\n\t\t<\/div>\n\t\t\t\t\t<\/div>\n\t\t<\/section>\n\t\t\t\t<section class=\"elementor-section elementor-inner-section elementor-element elementor-element-a9cd354 elementor-section-content-middle elementor-section-boxed elementor-section-height-default elementor-section-height-default elementor-invisible\" data-id=\"a9cd354\" data-element_type=\"section\" data-e-type=\"section\" data-settings=\"{&quot;animation&quot;:&quot;fadeInUp&quot;}\">\n\t\t\t\t\t\t<div class=\"elementor-container elementor-column-gap-default\">\n\t\t\t\t\t<div class=\"elementor-column elementor-col-100 elementor-inner-column elementor-element elementor-element-1a3ac2a elementor-invisible\" data-id=\"1a3ac2a\" data-element_type=\"column\" data-e-type=\"column\" data-settings=\"{&quot;background_background&quot;:&quot;classic&quot;,&quot;animation&quot;:&quot;fadeInUp&quot;}\">\n\t\t\t<div class=\"elementor-widget-wrap elementor-element-populated\">\n\t\t\t\t\t<div class=\"elementor-background-overlay\"><\/div>\n\t\t\t\t\t\t<div class=\"elementor-element elementor-element-1792cf4 elementor-widget elementor-widget-heading\" data-id=\"1792cf4\" data-element_type=\"widget\" data-e-type=\"widget\" data-widget_type=\"heading.default\">\n\t\t\t\t<div class=\"elementor-widget-container\">\n\t\t\t\t\t<h4 class=\"elementor-heading-title elementor-size-default\">Camping plus \u00e9cologique gr\u00e2ce \u00e0 la r\u00e9duction de la taille\n<\/h4>\t\t\t\t<\/div>\n\t\t\t\t<\/div>\n\t\t\t\t<div class=\"elementor-element elementor-element-e081bdd elementor-widget elementor-widget-text-editor\" data-id=\"e081bdd\" data-element_type=\"widget\" data-e-type=\"widget\" data-widget_type=\"text-editor.default\">\n\t\t\t\t<div class=\"elementor-widget-container\">\n\t\t\t\t\t\t\t\t\t<p>En tant qu&rsquo;amoureux de la nature et de l&rsquo;oc\u00e9an, am\u00e9liorer notre empreinte environnementale est une v\u00e9ritable affaire de c\u0153ur et nous recherchons constamment des moyens plus \u00e9cologiques de faire du camping. <strong>Notre objectif est de devenir neutres en carbone d&rsquo;ici 2030.<\/strong> Nos premi\u00e8res initiatives comprennent :<\/p><ul><li>Utiliser uniquement de l&rsquo;\u00e9nergie \u00e9lectrique renouvelable pour alimenter notre magasin et notre mobilit\u00e9 \u00e9lectrique.<\/li><li>Utiliser uniquement des appareils \u00e9lectriques \u00e0 haute efficacit\u00e9 \u00e9nerg\u00e9tique, tels que des LED pour l&rsquo;\u00e9clairage.<\/li><li>R\u00e9duisez l&rsquo;utilisation du plastique dans la mesure du possible (par exemple, \u00e9vitez le mat\u00e9riel de cuisine en plastique).<\/li><li>Fournir \u00e0 nos clients du gel douche, du shampoing et du liquide vaisselle biod\u00e9gradables.<\/li><li>Proposer des petits campervans \u00e0 faible consommation de carburant (5 \u00e0 7 litres\/100 km).<\/li><\/ul><p>Nous esp\u00e9rons que vous, en tant que prochain invit\u00e9, pourrez nous aider en posant de petits gestes pour garder la nature et les sites de camping aussi propres que possible.<\/p><p>Nous am\u00e9liorons constamment notre empreinte CO2 et nous vous tiendrons inform\u00e9s. Si vous avez des suggestions de solutions de camping plus \u00e9cologiques, n&rsquo;h\u00e9sitez pas \u00e0 nous \u00e9crire \u00e0 l&rsquo;adresse info@oceancamper.com.<\/p>\t\t\t\t\t\t\t\t<\/div>\n\t\t\t\t<\/div>\n\t\t\t\t\t<\/div>\n\t\t<\/div>\n\t\t\t\t\t<\/div>\n\t\t<\/section>\n\t\t\t\t<section class=\"elementor-section elementor-inner-section elementor-element elementor-element-961f80f elementor-section-content-middle elementor-section-boxed elementor-section-height-default elementor-section-height-default elementor-invisible\" data-id=\"961f80f\" data-element_type=\"section\" data-e-type=\"section\" data-settings=\"{&quot;animation&quot;:&quot;fadeInUp&quot;}\">\n\t\t\t\t\t\t<div class=\"elementor-container elementor-column-gap-default\">\n\t\t\t\t\t<div class=\"elementor-column elementor-col-100 elementor-inner-column elementor-element elementor-element-7bad229 elementor-invisible\" data-id=\"7bad229\" data-element_type=\"column\" data-e-type=\"column\" data-settings=\"{&quot;background_background&quot;:&quot;classic&quot;,&quot;animation&quot;:&quot;fadeInUp&quot;}\">\n\t\t\t<div class=\"elementor-widget-wrap elementor-element-populated\">\n\t\t\t\t\t<div class=\"elementor-background-overlay\"><\/div>\n\t\t\t\t\t\t<div class=\"elementor-element elementor-element-fafc882 elementor-widget elementor-widget-heading\" data-id=\"fafc882\" data-element_type=\"widget\" data-e-type=\"widget\" data-widget_type=\"heading.default\">\n\t\t\t\t<div class=\"elementor-widget-container\">\n\t\t\t\t\t<h4 class=\"elementor-heading-title elementor-size-default\">Notre philosophie<\/h4>\t\t\t\t<\/div>\n\t\t\t\t<\/div>\n\t\t\t\t<div class=\"elementor-element elementor-element-f92f24f elementor-widget elementor-widget-text-editor\" data-id=\"f92f24f\" data-element_type=\"widget\" data-e-type=\"widget\" data-widget_type=\"text-editor.default\">\n\t\t\t\t<div class=\"elementor-widget-container\">\n\t\t\t\t\t\t\t\t\t<span class=\"VIiyi\" lang=\"en\"><span class=\"JLqJ4b ChMk0b\" data-language-for-alternatives=\"en\" data-language-to-translate-into=\"auto\" data-phrase-index=\"0\">Nous sommes justes, amicaux, courtois et, surtout, fiables.<\/span> <span class=\"JLqJ4b ChMk0b\" data-language-for-alternatives=\"en\" data-language-to-translate-into=\"auto\" data-phrase-index=\"1\">Nous aimons partager avec nos invit\u00e9s tout ce que nous savons sur le camping, les endroits, les villes et les plages de l&rsquo;Algarve et du Portugal tout entier.<\/span> <span class=\"JLqJ4b ChMk0b\" data-language-for-alternatives=\"en\" data-language-to-translate-into=\"auto\" data-phrase-index=\"2\">On veut vous offrir des vacances de camping inoubliables.<\/span> <span class=\"JLqJ4b ChMk0b\" data-language-for-alternatives=\"en\" data-language-to-translate-into=\"auto\" data-phrase-index=\"3\">Et on veut que vous reveniez avec le sourire et de beaux souvenirs.<\/span> <span class=\"JLqJ4b ChMk0b\" data-language-for-alternatives=\"en\" data-language-to-translate-into=\"auto\" data-phrase-index=\"4\">On travaille dur pour \u00e7a.<\/span><\/span>\t\t\t\t\t\t\t\t<\/div>\n\t\t\t\t<\/div>\n\t\t\t\t\t<\/div>\n\t\t<\/div>\n\t\t\t\t\t<\/div>\n\t\t<\/section>\n\t\t\t\t\t<\/div>\n\t\t<\/div>\n\t\t\t\t\t<\/div>\n\t\t<\/section>\n\t\t\t\t<section class=\"elementor-section elementor-top-section elementor-element elementor-element-9e0dac8 elementor-section-stretched elementor-section-boxed elementor-section-height-default elementor-section-height-default\" data-id=\"9e0dac8\" data-element_type=\"section\" data-e-type=\"section\" data-settings=\"{&quot;stretch_section&quot;:&quot;section-stretched&quot;,&quot;background_background&quot;:&quot;classic&quot;}\">\n\t\t\t\t\t\t<div class=\"elementor-container elementor-column-gap-default\">\n\t\t\t\t\t<div class=\"elementor-column elementor-col-100 elementor-top-column elementor-element elementor-element-a19e1d7\" data-id=\"a19e1d7\" data-element_type=\"column\" data-e-type=\"column\">\n\t\t\t<div class=\"elementor-widget-wrap elementor-element-populated\">\n\t\t\t\t\t\t<section class=\"elementor-section elementor-inner-section elementor-element elementor-element-5ff958f elementor-section-content-top elementor-section-boxed elementor-section-height-default elementor-section-height-default elementor-invisible\" data-id=\"5ff958f\" data-element_type=\"section\" data-e-type=\"section\" data-settings=\"{&quot;animation&quot;:&quot;fadeInUp&quot;}\">\n\t\t\t\t\t\t<div class=\"elementor-container elementor-column-gap-default\">\n\t\t\t\t\t<div class=\"elementor-column elementor-col-50 elementor-inner-column elementor-element elementor-element-78b70df elementor-invisible\" data-id=\"78b70df\" data-element_type=\"column\" data-e-type=\"column\" data-settings=\"{&quot;animation&quot;:&quot;fadeInLeft&quot;}\">\n\t\t\t<div class=\"elementor-widget-wrap elementor-element-populated\">\n\t\t\t\t\t\t<div class=\"elementor-element elementor-element-c45c33c elementor-widget elementor-widget-image\" data-id=\"c45c33c\" data-element_type=\"widget\" data-e-type=\"widget\" data-widget_type=\"image.default\">\n\t\t\t\t<div class=\"elementor-widget-container\">\n\t\t\t\t\t\t\t\t\t\t\t\t\t\t\t<img decoding=\"async\" width=\"1920\" height=\"2560\" src=\"https:\/\/oceancamper.com\/wp-content\/uploads\/2024\/10\/20221106_093404-scaled.jpg\" class=\"attachment-full size-full wp-image-137281\" alt=\"\" srcset=\"https:\/\/oceancamper.com\/wp-content\/uploads\/2024\/10\/20221106_093404-scaled.jpg 1920w, https:\/\/oceancamper.com\/wp-content\/uploads\/2024\/10\/20221106_093404-225x300.jpg 225w, https:\/\/oceancamper.com\/wp-content\/uploads\/2024\/10\/20221106_093404-768x1024.jpg 768w, https:\/\/oceancamper.com\/wp-content\/uploads\/2024\/10\/20221106_093404-1152x1536.jpg 1152w, https:\/\/oceancamper.com\/wp-content\/uploads\/2024\/10\/20221106_093404-1536x2048.jpg 1536w, https:\/\/oceancamper.com\/wp-content\/uploads\/2024\/10\/20221106_093404-135x180.jpg 135w\" sizes=\"(max-width: 1920px) 100vw, 1920px\" \/>\t\t\t\t\t\t\t\t\t\t\t\t\t\t\t<\/div>\n\t\t\t\t<\/div>\n\t\t\t\t\t<\/div>\n\t\t<\/div>\n\t\t\t\t<div class=\"elementor-column elementor-col-50 elementor-inner-column elementor-element elementor-element-2c87832 elementor-invisible\" data-id=\"2c87832\" data-element_type=\"column\" data-e-type=\"column\" data-settings=\"{&quot;background_background&quot;:&quot;classic&quot;,&quot;animation&quot;:&quot;fadeInRight&quot;}\">\n\t\t\t<div class=\"elementor-widget-wrap elementor-element-populated\">\n\t\t\t\t\t<div class=\"elementor-background-overlay\"><\/div>\n\t\t\t\t\t\t<div class=\"elementor-element elementor-element-891b02c elementor-widget elementor-widget-heading\" data-id=\"891b02c\" data-element_type=\"widget\" data-e-type=\"widget\" data-widget_type=\"heading.default\">\n\t\t\t\t<div class=\"elementor-widget-container\">\n\t\t\t\t\t<h4 class=\"elementor-heading-title elementor-size-default\">Comment tout a commenc\u00e9<\/h4>\t\t\t\t<\/div>\n\t\t\t\t<\/div>\n\t\t\t\t<div class=\"elementor-element elementor-element-6b2f959 elementor-widget elementor-widget-text-editor\" data-id=\"6b2f959\" data-element_type=\"widget\" data-e-type=\"widget\" data-widget_type=\"text-editor.default\">\n\t\t\t\t<div class=\"elementor-widget-container\">\n\t\t\t\t\t\t\t\t\t<p style=\"text-align: left;\">\u00ab\u00a0Bonjour ! Je m&rsquo;appelle Nina. J&rsquo;ai toujours aim\u00e9 voyager et camper de mani\u00e8re simple et \u00e9conomique, tout en profitant de la beaut\u00e9 de la nature &#8211; plages, rivi\u00e8res et lacs.  <\/p><p>Pendant mes \u00e9tudes, j&rsquo;ai achet\u00e9 mon propre camping-car, ce qui m&rsquo;a permis d&rsquo;explorer toutes les plages et les vall\u00e9es de la Costa Vicentina. Un long voyage en voiture de Faro \u00e0 la Norv\u00e8ge m&rsquo;a fait tomber encore plus amoureuse du camping.<\/p><p>J&rsquo;ai commenc\u00e9 \u00e0 louer mon mat\u00e9riel de camping, mes planches de surf et mon van personnel via <a href=\"https:\/\/www.airbnb.de\/users\/147121665\/listings?user_id=147121665&amp;s=50\" target=\"_blank\" rel=\"noopener\">Airbnb, <\/a>et j&rsquo;ai re\u00e7u des retours fantastiques de mes h\u00f4tes, obtenant une excellente note de 4,9\/5 en 2018. Cela m&rsquo;a incit\u00e9 \u00e0 lancer ma propre petite entreprise, NomadCanguru, Lda, et la marque OceanCamper\u00ae. Nous proposons des camping-cars pour deux personnes, du mat\u00e9riel de camping et des \u00e9quipements sportifs \u00e0 des prix raisonnables. J&rsquo;ai maintenant une merveilleuse petite \u00e9quipe qui travaille avec moi dans cette aventure passionnante !<\/p><p style=\"text-align: right;\">Nina Solyukova Schulze<\/p><p> <\/p><p> <\/p>\t\t\t\t\t\t\t\t<\/div>\n\t\t\t\t<\/div>\n\t\t\t\t\t<\/div>\n\t\t<\/div>\n\t\t\t\t\t<\/div>\n\t\t<\/section>\n\t\t\t\t\t<\/div>\n\t\t<\/div>\n\t\t\t\t\t<\/div>\n\t\t<\/section>\n\t\t\t\t<\/div>\n\t\t","protected":false},"excerpt":{"rendered":"<p>\u00c0 notre sujet \u00c0 propos d&rsquo;Oceancamper\u00ae Notre mission est de vous offrir une exp\u00e9rience de camping sans souci inoubliable au Portugal, avec un \u00e9quipement de camping simple et fonctionnel, le tout \u00e0 un prix \u00e9quitable. Nous proposons Des petits campervans, des tentes et du mat\u00e9riel de camping. Des planches de surf, des stand-up paddleboards, du [&hellip;]<\/p>\n","protected":false},"author":1,"featured_media":0,"parent":0,"menu_order":0,"comment_status":"closed","ping_status":"closed","template":"elementor_header_footer","meta":{"footnotes":""},"class_list":["post-78165","page","type-page","status-publish","hentry"],"aioseo_notices":[],"_links":{"self":[{"href":"https:\/\/oceancamper.com\/fr\/wp-json\/wp\/v2\/pages\/78165","targetHints":{"allow":["GET"]}}],"collection":[{"href":"https:\/\/oceancamper.com\/fr\/wp-json\/wp\/v2\/pages"}],"about":[{"href":"https:\/\/oceancamper.com\/fr\/wp-json\/wp\/v2\/types\/page"}],"author":[{"embeddable":true,"href":"https:\/\/oceancamper.com\/fr\/wp-json\/wp\/v2\/users\/1"}],"replies":[{"embeddable":true,"href":"https:\/\/oceancamper.com\/fr\/wp-json\/wp\/v2\/comments?post=78165"}],"version-history":[{"count":12,"href":"https:\/\/oceancamper.com\/fr\/wp-json\/wp\/v2\/pages\/78165\/revisions"}],"predecessor-version":[{"id":217719,"href":"https:\/\/oceancamper.com\/fr\/wp-json\/wp\/v2\/pages\/78165\/revisions\/217719"}],"wp:attachment":[{"href":"https:\/\/oceancamper.com\/fr\/wp-json\/wp\/v2\/media?parent=78165"}],"curies":[{"name":"wp","href":"https:\/\/api.w.org\/{rel}","templated":true}]}}