{"id":81675,"date":"2022-02-16T20:35:06","date_gmt":"2022-02-16T20:35:06","guid":{"rendered":"https:\/\/oceancamper.com\/extras\/mini-calentador\/"},"modified":"2025-06-30T16:15:09","modified_gmt":"2025-06-30T16:15:09","slug":"mini-calentador","status":"publish","type":"page","link":"https:\/\/oceancamper.com\/es\/extras\/mini-calentador\/","title":{"rendered":"Mini Calentador"},"content":{"rendered":"\t\t<div data-elementor-type=\"wp-page\" data-elementor-id=\"81675\" class=\"elementor elementor-81675 elementor-2885\" data-elementor-post-type=\"page\">\n\t\t\t\t\t\t<section class=\"elementor-section elementor-top-section elementor-element elementor-element-84639bc elementor-section-height-min-height elementor-section-stretched elementor-section-content-middle elementor-section-boxed elementor-section-height-default elementor-section-items-middle\" data-id=\"84639bc\" data-element_type=\"section\" data-e-type=\"section\" data-settings=\"{&quot;stretch_section&quot;:&quot;section-stretched&quot;,&quot;background_background&quot;:&quot;gradient&quot;}\">\n\t\t\t\t\t\t<div class=\"elementor-container elementor-column-gap-default\">\n\t\t\t\t\t<div class=\"elementor-column elementor-col-100 elementor-top-column elementor-element elementor-element-89102d1\" data-id=\"89102d1\" data-element_type=\"column\" data-e-type=\"column\">\n\t\t\t<div class=\"elementor-widget-wrap elementor-element-populated\">\n\t\t\t\t\t\t<div class=\"elementor-element elementor-element-a785035 elementor-widget elementor-widget-heading\" data-id=\"a785035\" data-element_type=\"widget\" data-e-type=\"widget\" data-widget_type=\"heading.default\">\n\t\t\t\t<div class=\"elementor-widget-container\">\n\t\t\t\t\t<h1 class=\"elementor-heading-title elementor-size-default\">Alquiler de mini calentador\n<\/h1>\t\t\t\t<\/div>\n\t\t\t\t<\/div>\n\t\t\t\t\t<\/div>\n\t\t<\/div>\n\t\t\t\t\t<\/div>\n\t\t<\/section>\n\t\t\t\t<section class=\"elementor-section elementor-top-section elementor-element elementor-element-7dcf7de elementor-section-stretched elementor-section-boxed elementor-section-height-default elementor-section-height-default\" data-id=\"7dcf7de\" data-element_type=\"section\" data-e-type=\"section\" data-settings=\"{&quot;stretch_section&quot;:&quot;section-stretched&quot;,&quot;background_background&quot;:&quot;classic&quot;}\">\n\t\t\t\t\t\t<div class=\"elementor-container elementor-column-gap-default\">\n\t\t\t\t\t<div class=\"elementor-column elementor-col-100 elementor-top-column elementor-element elementor-element-6fe4d27\" data-id=\"6fe4d27\" data-element_type=\"column\" data-e-type=\"column\">\n\t\t\t<div class=\"elementor-widget-wrap elementor-element-populated\">\n\t\t\t\t\t\t<div class=\"elementor-element elementor-element-63b8a54 elementor-widget elementor-widget-text-editor\" data-id=\"63b8a54\" data-element_type=\"widget\" data-e-type=\"widget\" data-widget_type=\"text-editor.default\">\n\t\t\t\t<div class=\"elementor-widget-container\">\n\t\t\t\t\t\t\t\t\tLas temperaturas en el sur de Portugal durante el d\u00eda suelen rondar los 12-20\u00b0C (generalmente soleado). Durante la noche, las temperaturas suelen bajar a 12-15\u00b0C, pero pueden llegar a descender hasta los 8\u00b0C como m\u00e1ximo. De todas formas, siempre te proporcionaremos una manta muy acogedora y c\u00e1lida que es adecuada para estas temperaturas. En caso de que desees tener a\u00fan m\u00e1s calor, reserva con nosotros tu calentador. Calentador el\u00e9ctrico (1000 W) con un cable de extensi\u00f3n de 230V (25 m) que se puede utilizar en los campamentos para calentar la campervan durante el invierno (por ejemplo, durante la noche). Debes conectarlo a la red el\u00e9ctrica en un campamento.     \t\t\t\t\t\t\t\t<\/div>\n\t\t\t\t<\/div>\n\t\t\t\t<div class=\"elementor-element elementor-element-985286a elementor-widget elementor-widget-text-editor\" data-id=\"985286a\" data-element_type=\"widget\" data-e-type=\"widget\" data-widget_type=\"text-editor.default\">\n\t\t\t\t<div class=\"elementor-widget-container\">\n\t\t\t\t\t\t\t\t\t<strong><span style=\"color: #1e3440;\">Puedes alquilar un calentador el\u00e9ctrico:<\/span><\/strong>\t\t\t\t\t\t\t\t<\/div>\n\t\t\t\t<\/div>\n\t\t\t\t<div class=\"elementor-element elementor-element-652f533 elementor-widget elementor-widget-text-editor\" data-id=\"652f533\" data-element_type=\"widget\" data-e-type=\"widget\" data-widget_type=\"text-editor.default\">\n\t\t\t\t<div class=\"elementor-widget-container\">\n\t\t\t\t\t\t\t\t\t<p>&#8211; Junto con tu reserva de autocaravana\/tienda.<br>&#8211; Por separado, s\u00f3lo el calentador el\u00e9ctrico y rec\u00f3gelo en <span style=\"color: #3ac4bb;\"><a style=\"color: #3ac4bb;\" href=\"https:\/\/www.google.com\/maps\/place\/\/data=!4m2!3m1!1s0xd1ab343f0fb35b7:0xa5468e7f9032f468?source=g.page.share\" target=\"_blank\" rel=\"noopener\">nuestra tienda<\/a><\/span> en Faro, <span style=\"color: #3ac4bb;\"><a style=\"color: #3ac4bb;\" href=\"https:\/\/farosurfrentals.com\/\" target=\"_blank\" rel=\"noopener\">reserva aqu\u00ed<\/a><\/span>.<\/p>\t\t\t\t\t\t\t\t<\/div>\n\t\t\t\t<\/div>\n\t\t\t\t<section class=\"elementor-section elementor-inner-section elementor-element elementor-element-c76a627 elementor-section-boxed elementor-section-height-default elementor-section-height-default elementor-invisible\" data-id=\"c76a627\" data-element_type=\"section\" data-e-type=\"section\" data-settings=\"{&quot;animation&quot;:&quot;fadeInUp&quot;}\">\n\t\t\t\t\t\t<div class=\"elementor-container elementor-column-gap-default\">\n\t\t\t\t\t<div class=\"elementor-column elementor-col-25 elementor-inner-column elementor-element elementor-element-d2523ee\" data-id=\"d2523ee\" data-element_type=\"column\" data-e-type=\"column\" data-settings=\"{&quot;background_background&quot;:&quot;classic&quot;}\">\n\t\t\t<div class=\"elementor-widget-wrap elementor-element-populated\">\n\t\t\t\t\t<div class=\"elementor-background-overlay\"><\/div>\n\t\t\t\t\t\t<div class=\"elementor-element elementor-element-8cf9c93 elementor-widget elementor-widget-image\" data-id=\"8cf9c93\" data-element_type=\"widget\" data-e-type=\"widget\" data-widget_type=\"image.default\">\n\t\t\t\t<div class=\"elementor-widget-container\">\n\t\t\t\t\t\t\t\t\t\t\t\t\t\t\t<img fetchpriority=\"high\" decoding=\"async\" width=\"1024\" height=\"1536\" src=\"https:\/\/oceancamper.com\/wp-content\/uploads\/2025\/06\/Heater.png\" class=\"attachment-full size-full wp-image-183413\" alt=\"Calentador el\u00e9ctrico\" srcset=\"https:\/\/oceancamper.com\/wp-content\/uploads\/2025\/06\/Heater.png 1024w, https:\/\/oceancamper.com\/wp-content\/uploads\/2025\/06\/Heater-200x300.png 200w, https:\/\/oceancamper.com\/wp-content\/uploads\/2025\/06\/Heater-683x1024.png 683w, https:\/\/oceancamper.com\/wp-content\/uploads\/2025\/06\/Heater-768x1152.png 768w, https:\/\/oceancamper.com\/wp-content\/uploads\/2025\/06\/Heater-120x180.png 120w\" sizes=\"(max-width: 1024px) 100vw, 1024px\" \/>\t\t\t\t\t\t\t\t\t\t\t\t\t\t\t<\/div>\n\t\t\t\t<\/div>\n\t\t\t\t<div class=\"elementor-element elementor-element-ea36496 elementor-widget elementor-widget-text-editor\" data-id=\"ea36496\" data-element_type=\"widget\" data-e-type=\"widget\" data-widget_type=\"text-editor.default\">\n\t\t\t\t<div class=\"elementor-widget-container\">\n\t\t\t\t\t\t\t\t\t<strong>Mini Calentador<\/strong>\t\t\t\t\t\t\t\t<\/div>\n\t\t\t\t<\/div>\n\t\t\t\t\t<\/div>\n\t\t<\/div>\n\t\t\t\t<div class=\"elementor-column elementor-col-25 elementor-inner-column elementor-element elementor-element-ef97351\" data-id=\"ef97351\" data-element_type=\"column\" data-e-type=\"column\" data-settings=\"{&quot;background_background&quot;:&quot;classic&quot;}\">\n\t\t\t<div class=\"elementor-widget-wrap\">\n\t\t\t\t\t<div class=\"elementor-background-overlay\"><\/div>\n\t\t\t\t\t\t\t<\/div>\n\t\t<\/div>\n\t\t\t\t<div class=\"elementor-column elementor-col-25 elementor-inner-column elementor-element elementor-element-7e3f0d7\" data-id=\"7e3f0d7\" data-element_type=\"column\" data-e-type=\"column\" data-settings=\"{&quot;background_background&quot;:&quot;classic&quot;}\">\n\t\t\t<div class=\"elementor-widget-wrap\">\n\t\t\t\t\t<div class=\"elementor-background-overlay\"><\/div>\n\t\t\t\t\t\t\t<\/div>\n\t\t<\/div>\n\t\t\t\t<div class=\"elementor-column elementor-col-25 elementor-inner-column elementor-element elementor-element-1b19eea\" data-id=\"1b19eea\" data-element_type=\"column\" data-e-type=\"column\" data-settings=\"{&quot;background_background&quot;:&quot;classic&quot;}\">\n\t\t\t<div class=\"elementor-widget-wrap\">\n\t\t\t\t\t<div class=\"elementor-background-overlay\"><\/div>\n\t\t\t\t\t\t\t<\/div>\n\t\t<\/div>\n\t\t\t\t\t<\/div>\n\t\t<\/section>\n\t\t\t\t<div class=\"elementor-element elementor-element-366937a elementor-widget elementor-widget-text-editor\" data-id=\"366937a\" data-element_type=\"widget\" data-e-type=\"widget\" data-widget_type=\"text-editor.default\">\n\t\t\t\t<div class=\"elementor-widget-container\">\n\t\t\t\t\t\t\t\t\t<strong><span style=\"color: #1e3440;\">Reserva solo el equipo <span style=\"color: #3ac4bb;\"><a style=\"color: #3ac4bb;\" href=\"https:\/\/farosurfrentals.com\/\" target=\"_blank\" rel=\"noopener\">aqu\u00ed<\/a><\/span><\/span><\/strong>\t\t\t\t\t\t\t\t<\/div>\n\t\t\t\t<\/div>\n\t\t\t\t\t<\/div>\n\t\t<\/div>\n\t\t\t\t\t<\/div>\n\t\t<\/section>\n\t\t\t\t<\/div>\n\t\t","protected":false},"excerpt":{"rendered":"<p>Alquiler de mini calentador Las temperaturas en el sur de Portugal durante el d\u00eda suelen rondar los 12-20\u00b0C (generalmente soleado). Durante la noche, las temperaturas suelen bajar a 12-15\u00b0C, pero pueden llegar a descender hasta los 8\u00b0C como m\u00e1ximo. De todas formas, siempre te proporcionaremos una manta muy acogedora y c\u00e1lida que es adecuada para [&hellip;]<\/p>\n","protected":false},"author":1,"featured_media":0,"parent":81657,"menu_order":0,"comment_status":"closed","ping_status":"closed","template":"elementor_header_footer","meta":{"footnotes":""},"class_list":["post-81675","page","type-page","status-publish","hentry"],"aioseo_notices":[],"_links":{"self":[{"href":"https:\/\/oceancamper.com\/es\/wp-json\/wp\/v2\/pages\/81675","targetHints":{"allow":["GET"]}}],"collection":[{"href":"https:\/\/oceancamper.com\/es\/wp-json\/wp\/v2\/pages"}],"about":[{"href":"https:\/\/oceancamper.com\/es\/wp-json\/wp\/v2\/types\/page"}],"author":[{"embeddable":true,"href":"https:\/\/oceancamper.com\/es\/wp-json\/wp\/v2\/users\/1"}],"replies":[{"embeddable":true,"href":"https:\/\/oceancamper.com\/es\/wp-json\/wp\/v2\/comments?post=81675"}],"version-history":[{"count":2,"href":"https:\/\/oceancamper.com\/es\/wp-json\/wp\/v2\/pages\/81675\/revisions"}],"predecessor-version":[{"id":183636,"href":"https:\/\/oceancamper.com\/es\/wp-json\/wp\/v2\/pages\/81675\/revisions\/183636"}],"up":[{"embeddable":true,"href":"https:\/\/oceancamper.com\/es\/wp-json\/wp\/v2\/pages\/81657"}],"wp:attachment":[{"href":"https:\/\/oceancamper.com\/es\/wp-json\/wp\/v2\/media?parent=81675"}],"curies":[{"name":"wp","href":"https:\/\/api.w.org\/{rel}","templated":true}]}}