{"id":81536,"date":"2022-02-19T16:02:57","date_gmt":"2022-02-19T16:02:57","guid":{"rendered":"https:\/\/oceancamper.com\/sobre-nosotros\/"},"modified":"2025-12-13T10:34:13","modified_gmt":"2025-12-13T10:34:13","slug":"sobre-nosotros","status":"publish","type":"page","link":"https:\/\/oceancamper.com\/es\/sobre-nosotros\/","title":{"rendered":"Sobre nosotros"},"content":{"rendered":"\t\t<div data-elementor-type=\"wp-page\" data-elementor-id=\"81536\" class=\"elementor elementor-81536 elementor-3544\" data-elementor-post-type=\"page\">\n\t\t\t\t\t\t<section class=\"elementor-section elementor-top-section elementor-element elementor-element-06ff706 elementor-section-height-min-height elementor-section-stretched elementor-section-boxed elementor-section-height-default elementor-section-items-middle\" data-id=\"06ff706\" data-element_type=\"section\" data-e-type=\"section\" data-settings=\"{&quot;stretch_section&quot;:&quot;section-stretched&quot;,&quot;background_background&quot;:&quot;classic&quot;}\">\n\t\t\t\t\t\t\t<div class=\"elementor-background-overlay\"><\/div>\n\t\t\t\t\t\t\t<div class=\"elementor-container elementor-column-gap-default\">\n\t\t\t\t\t<div class=\"elementor-column elementor-col-100 elementor-top-column elementor-element elementor-element-4bab319\" data-id=\"4bab319\" data-element_type=\"column\" data-e-type=\"column\">\n\t\t\t<div class=\"elementor-widget-wrap elementor-element-populated\">\n\t\t\t\t\t\t<div class=\"elementor-element elementor-element-5b55f62 elementor-widget elementor-widget-heading\" data-id=\"5b55f62\" data-element_type=\"widget\" data-e-type=\"widget\" data-widget_type=\"heading.default\">\n\t\t\t\t<div class=\"elementor-widget-container\">\n\t\t\t\t\t<h1 class=\"elementor-heading-title elementor-size-default\">Sobre nosotros<\/h1>\t\t\t\t<\/div>\n\t\t\t\t<\/div>\n\t\t\t\t\t<\/div>\n\t\t<\/div>\n\t\t\t\t\t<\/div>\n\t\t<\/section>\n\t\t\t\t<section class=\"elementor-section elementor-top-section elementor-element elementor-element-84e9ce1 elementor-section-stretched elementor-section-boxed elementor-section-height-default elementor-section-height-default\" data-id=\"84e9ce1\" data-element_type=\"section\" data-e-type=\"section\" data-settings=\"{&quot;stretch_section&quot;:&quot;section-stretched&quot;,&quot;background_background&quot;:&quot;classic&quot;}\">\n\t\t\t\t\t\t<div class=\"elementor-container elementor-column-gap-default\">\n\t\t\t\t\t<div class=\"elementor-column elementor-col-100 elementor-top-column elementor-element elementor-element-6790886\" data-id=\"6790886\" data-element_type=\"column\" data-e-type=\"column\">\n\t\t\t<div class=\"elementor-widget-wrap elementor-element-populated\">\n\t\t\t\t\t\t<section class=\"elementor-section elementor-inner-section elementor-element elementor-element-ff6cfc3 elementor-section-boxed elementor-section-height-default elementor-section-height-default\" data-id=\"ff6cfc3\" data-element_type=\"section\" data-e-type=\"section\">\n\t\t\t\t\t\t<div class=\"elementor-container elementor-column-gap-default\">\n\t\t\t\t\t<div class=\"elementor-column elementor-col-100 elementor-inner-column elementor-element elementor-element-6cc824b\" data-id=\"6cc824b\" data-element_type=\"column\" data-e-type=\"column\">\n\t\t\t<div class=\"elementor-widget-wrap elementor-element-populated\">\n\t\t\t\t\t\t<div class=\"elementor-element elementor-element-97a1f2a elementor-widget elementor-widget-heading\" data-id=\"97a1f2a\" data-element_type=\"widget\" data-e-type=\"widget\" data-widget_type=\"heading.default\">\n\t\t\t\t<div class=\"elementor-widget-container\">\n\t\t\t\t\t<h2 class=\"elementor-heading-title elementor-size-default\">Sobre OceanCamper\u00ae<\/h2>\t\t\t\t<\/div>\n\t\t\t\t<\/div>\n\t\t\t\t<div class=\"elementor-element elementor-element-b9079e8 elementor-widget elementor-widget-text-editor\" data-id=\"b9079e8\" data-element_type=\"widget\" data-e-type=\"widget\" data-widget_type=\"text-editor.default\">\n\t\t\t\t<div class=\"elementor-widget-container\">\n\t\t\t\t\t\t\t\t\tNuestra misi\u00f3n es brindarte una experiencia de camping relajada e inolvidable en Portugal con equipo de camping simple y funcional a un precio justo.\t\t\t\t\t\t\t\t<\/div>\n\t\t\t\t<\/div>\n\t\t\t\t\t<\/div>\n\t\t<\/div>\n\t\t\t\t\t<\/div>\n\t\t<\/section>\n\t\t\t\t<section class=\"elementor-section elementor-inner-section elementor-element elementor-element-2f96600 elementor-section-content-middle elementor-section-boxed elementor-section-height-default elementor-section-height-default elementor-invisible\" data-id=\"2f96600\" data-element_type=\"section\" data-e-type=\"section\" data-settings=\"{&quot;animation&quot;:&quot;fadeInUp&quot;}\">\n\t\t\t\t\t\t<div class=\"elementor-container elementor-column-gap-default\">\n\t\t\t\t\t<div class=\"elementor-column elementor-col-100 elementor-inner-column elementor-element elementor-element-38afab1 elementor-invisible\" data-id=\"38afab1\" data-element_type=\"column\" data-e-type=\"column\" data-settings=\"{&quot;background_background&quot;:&quot;classic&quot;,&quot;animation&quot;:&quot;fadeIn&quot;}\">\n\t\t\t<div class=\"elementor-widget-wrap elementor-element-populated\">\n\t\t\t\t\t<div class=\"elementor-background-overlay\"><\/div>\n\t\t\t\t\t\t<div class=\"elementor-element elementor-element-8995b9d elementor-widget elementor-widget-heading\" data-id=\"8995b9d\" data-element_type=\"widget\" data-e-type=\"widget\" data-widget_type=\"heading.default\">\n\t\t\t\t<div class=\"elementor-widget-container\">\n\t\t\t\t\t<h4 class=\"elementor-heading-title elementor-size-default\">Ofrecemos<\/h4>\t\t\t\t<\/div>\n\t\t\t\t<\/div>\n\t\t\t\t<div class=\"elementor-element elementor-element-0904f25 elementor-widget elementor-widget-text-editor\" data-id=\"0904f25\" data-element_type=\"widget\" data-e-type=\"widget\" data-widget_type=\"text-editor.default\">\n\t\t\t\t<div class=\"elementor-widget-container\">\n\t\t\t\t\t\t\t\t\t<ul><li><a href=\"https:\/\/oceancamper.com\/es\/campervans\/\">Campervans<\/a> peque\u00f1as, <a href=\"https:\/\/oceancamper.com\/es\/alquila-una-tienda-de-campana\/\">tiendas<\/a> de campa\u00f1a y equipo de camping.<\/li><li>Tablas de surf, paddle surf, snorkel y <a href=\"https:\/\/oceancamper.com\/es\/extras\/\">equipo deportivo<\/a>.<\/li><li>Asesoramiento de rutas adaptado a tus hobbies e intereses.<\/li><\/ul><p>Queremos compartir contigo uno de los lugares m\u00e1s bonitos de Europa, con un clima soleado y agradable, una <a href=\"\/camping-rules-in-portugal\/\">experiencia de camping<\/a> segura y gratuita, la deliciosa <a href=\"https:\/\/oceancamper.com\/es\/comida-portuguesa\/\">gastronom\u00eda portuguesa<\/a> y la alegr\u00eda de los deportes acu\u00e1ticos en el oc\u00e9ano Atl\u00e1ntico.<\/p>\t\t\t\t\t\t\t\t<\/div>\n\t\t\t\t<\/div>\n\t\t\t\t\t<\/div>\n\t\t<\/div>\n\t\t\t\t\t<\/div>\n\t\t<\/section>\n\t\t\t\t<section class=\"elementor-section elementor-inner-section elementor-element elementor-element-da9624a elementor-section-content-middle elementor-section-boxed elementor-section-height-default elementor-section-height-default elementor-invisible\" data-id=\"da9624a\" data-element_type=\"section\" data-e-type=\"section\" data-settings=\"{&quot;animation&quot;:&quot;fadeInUp&quot;}\">\n\t\t\t\t\t\t<div class=\"elementor-container elementor-column-gap-default\">\n\t\t\t\t\t<div class=\"elementor-column elementor-col-50 elementor-inner-column elementor-element elementor-element-8e1c676 elementor-invisible\" data-id=\"8e1c676\" data-element_type=\"column\" data-e-type=\"column\" data-settings=\"{&quot;animation&quot;:&quot;fadeInLeft&quot;}\">\n\t\t\t<div class=\"elementor-widget-wrap elementor-element-populated\">\n\t\t\t\t\t\t<div class=\"elementor-element elementor-element-b3b6e82 elementor-widget elementor-widget-image\" data-id=\"b3b6e82\" data-element_type=\"widget\" data-e-type=\"widget\" data-widget_type=\"image.default\">\n\t\t\t\t<div class=\"elementor-widget-container\">\n\t\t\t\t\t\t\t\t\t\t\t\t\t\t\t<img fetchpriority=\"high\" decoding=\"async\" width=\"1100\" height=\"825\" src=\"https:\/\/oceancamper.com\/wp-content\/uploads\/2022\/02\/Environmental-Awareness-min-1.jpg\" class=\"attachment-full size-full wp-image-81142\" alt=\"Conciencia ambiental\" srcset=\"https:\/\/oceancamper.com\/wp-content\/uploads\/2022\/02\/Environmental-Awareness-min-1.jpg 1100w, https:\/\/oceancamper.com\/wp-content\/uploads\/2022\/02\/Environmental-Awareness-min-1-300x225.jpg 300w, https:\/\/oceancamper.com\/wp-content\/uploads\/2022\/02\/Environmental-Awareness-min-1-1024x768.jpg 1024w, https:\/\/oceancamper.com\/wp-content\/uploads\/2022\/02\/Environmental-Awareness-min-1-768x576.jpg 768w\" sizes=\"(max-width: 1100px) 100vw, 1100px\" \/>\t\t\t\t\t\t\t\t\t\t\t\t\t\t\t<\/div>\n\t\t\t\t<\/div>\n\t\t\t\t\t<\/div>\n\t\t<\/div>\n\t\t\t\t<div class=\"elementor-column elementor-col-50 elementor-inner-column elementor-element elementor-element-ea13368 elementor-invisible\" data-id=\"ea13368\" data-element_type=\"column\" data-e-type=\"column\" data-settings=\"{&quot;background_background&quot;:&quot;classic&quot;,&quot;animation&quot;:&quot;fadeInRight&quot;}\">\n\t\t\t<div class=\"elementor-widget-wrap elementor-element-populated\">\n\t\t\t\t\t<div class=\"elementor-background-overlay\"><\/div>\n\t\t\t\t\t\t<div class=\"elementor-element elementor-element-0fdd138 elementor-widget elementor-widget-heading\" data-id=\"0fdd138\" data-element_type=\"widget\" data-e-type=\"widget\" data-widget_type=\"heading.default\">\n\t\t\t\t<div class=\"elementor-widget-container\">\n\t\t\t\t\t<h4 class=\"elementor-heading-title elementor-size-default\">Conciencia ambiental<\/h4>\t\t\t\t<\/div>\n\t\t\t\t<\/div>\n\t\t\t\t<div class=\"elementor-element elementor-element-acdf564 elementor-widget elementor-widget-text-editor\" data-id=\"acdf564\" data-element_type=\"widget\" data-e-type=\"widget\" data-widget_type=\"text-editor.default\">\n\t\t\t\t<div class=\"elementor-widget-container\">\n\t\t\t\t\t\t\t\t\t<p>Buscamos <strong>proteger el medio ambiente<\/strong> mediante nuestros primeros intentos de reducir el uso de pl\u00e1stico y ofrecerte detergentes, jab\u00f3n y champ\u00fa biodegradables.<\/p>\t\t\t\t\t\t\t\t<\/div>\n\t\t\t\t<\/div>\n\t\t\t\t\t<\/div>\n\t\t<\/div>\n\t\t\t\t\t<\/div>\n\t\t<\/section>\n\t\t\t\t<section class=\"elementor-section elementor-inner-section elementor-element elementor-element-e9791f7 elementor-section-content-middle elementor-reverse-mobile elementor-section-boxed elementor-section-height-default elementor-section-height-default elementor-invisible\" data-id=\"e9791f7\" data-element_type=\"section\" data-e-type=\"section\" data-settings=\"{&quot;animation&quot;:&quot;fadeInUp&quot;}\">\n\t\t\t\t\t\t<div class=\"elementor-container elementor-column-gap-default\">\n\t\t\t\t\t<div class=\"elementor-column elementor-col-50 elementor-inner-column elementor-element elementor-element-4240c4e elementor-invisible\" data-id=\"4240c4e\" data-element_type=\"column\" data-e-type=\"column\" data-settings=\"{&quot;background_background&quot;:&quot;classic&quot;,&quot;animation&quot;:&quot;fadeInLeft&quot;}\">\n\t\t\t<div class=\"elementor-widget-wrap elementor-element-populated\">\n\t\t\t\t\t<div class=\"elementor-background-overlay\"><\/div>\n\t\t\t\t\t\t<div class=\"elementor-element elementor-element-0da28e0 elementor-widget elementor-widget-heading\" data-id=\"0da28e0\" data-element_type=\"widget\" data-e-type=\"widget\" data-widget_type=\"heading.default\">\n\t\t\t\t<div class=\"elementor-widget-container\">\n\t\t\t\t\t<h4 class=\"elementor-heading-title elementor-size-default\">Camping f\u00e1cil<\/h4>\t\t\t\t<\/div>\n\t\t\t\t<\/div>\n\t\t\t\t<div class=\"elementor-element elementor-element-68a7f44 elementor-widget elementor-widget-text-editor\" data-id=\"68a7f44\" data-element_type=\"widget\" data-e-type=\"widget\" data-widget_type=\"text-editor.default\">\n\t\t\t\t<div class=\"elementor-widget-container\">\n\t\t\t\t\t\t\t\t\tPeque\u00f1as, \u00e1giles y eficientes en el consumo de combustible. Nuestras campervans son la elecci\u00f3n para las personas que prefieren la forma m\u00e1s f\u00e1cil de acampar.\t\t\t\t\t\t\t\t<\/div>\n\t\t\t\t<\/div>\n\t\t\t\t\t<\/div>\n\t\t<\/div>\n\t\t\t\t<div class=\"elementor-column elementor-col-50 elementor-inner-column elementor-element elementor-element-787dddf elementor-invisible\" data-id=\"787dddf\" data-element_type=\"column\" data-e-type=\"column\" data-settings=\"{&quot;animation&quot;:&quot;fadeInRight&quot;}\">\n\t\t\t<div class=\"elementor-widget-wrap elementor-element-populated\">\n\t\t\t\t\t\t<div class=\"elementor-element elementor-element-4c73cbb elementor-widget elementor-widget-image\" data-id=\"4c73cbb\" data-element_type=\"widget\" data-e-type=\"widget\" data-widget_type=\"image.default\">\n\t\t\t\t<div class=\"elementor-widget-container\">\n\t\t\t\t\t\t\t\t\t\t\t\t\t\t\t<img decoding=\"async\" width=\"1024\" height=\"768\" src=\"https:\/\/oceancamper.com\/wp-content\/uploads\/2022\/02\/easy-camping-min.jpg\" class=\"attachment-full size-full wp-image-81144\" alt=\"Conciencia ambiental\" srcset=\"https:\/\/oceancamper.com\/wp-content\/uploads\/2022\/02\/easy-camping-min.jpg 1024w, https:\/\/oceancamper.com\/wp-content\/uploads\/2022\/02\/easy-camping-min-300x225.jpg 300w, https:\/\/oceancamper.com\/wp-content\/uploads\/2022\/02\/easy-camping-min-768x576.jpg 768w\" sizes=\"(max-width: 1024px) 100vw, 1024px\" \/>\t\t\t\t\t\t\t\t\t\t\t\t\t\t\t<\/div>\n\t\t\t\t<\/div>\n\t\t\t\t\t<\/div>\n\t\t<\/div>\n\t\t\t\t\t<\/div>\n\t\t<\/section>\n\t\t\t\t<section class=\"elementor-section elementor-inner-section elementor-element elementor-element-a9cd354 elementor-section-content-middle elementor-section-boxed elementor-section-height-default elementor-section-height-default elementor-invisible\" data-id=\"a9cd354\" data-element_type=\"section\" data-e-type=\"section\" data-settings=\"{&quot;animation&quot;:&quot;fadeInUp&quot;}\">\n\t\t\t\t\t\t<div class=\"elementor-container elementor-column-gap-default\">\n\t\t\t\t\t<div class=\"elementor-column elementor-col-100 elementor-inner-column elementor-element elementor-element-1a3ac2a elementor-invisible\" data-id=\"1a3ac2a\" data-element_type=\"column\" data-e-type=\"column\" data-settings=\"{&quot;background_background&quot;:&quot;classic&quot;,&quot;animation&quot;:&quot;fadeInUp&quot;}\">\n\t\t\t<div class=\"elementor-widget-wrap elementor-element-populated\">\n\t\t\t\t\t<div class=\"elementor-background-overlay\"><\/div>\n\t\t\t\t\t\t<div class=\"elementor-element elementor-element-1792cf4 elementor-widget elementor-widget-heading\" data-id=\"1792cf4\" data-element_type=\"widget\" data-e-type=\"widget\" data-widget_type=\"heading.default\">\n\t\t\t\t<div class=\"elementor-widget-container\">\n\t\t\t\t\t<h4 class=\"elementor-heading-title elementor-size-default\">Camping m\u00e1s ecol\u00f3gico mediante la reducci\u00f3n\n<\/h4>\t\t\t\t<\/div>\n\t\t\t\t<\/div>\n\t\t\t\t<div class=\"elementor-element elementor-element-e081bdd elementor-widget elementor-widget-text-editor\" data-id=\"e081bdd\" data-element_type=\"widget\" data-e-type=\"widget\" data-widget_type=\"text-editor.default\">\n\t\t\t\t<div class=\"elementor-widget-container\">\n\t\t\t\t\t\t\t\t\t<p>Como amantes de la naturaleza y del oc\u00e9ano, mejorar nuestra huella ambiental es algo que nos importa de verdad, y estamos constantemente buscando formas m\u00e1s ecol\u00f3gicas de acampar. <strong>Nuestro objetivo es ser neutros en carbono para el a\u00f1o 2030.<\/strong> Nuestros primeros enfoques incluyen:<\/p><ul><li>Utilizando \u00fanicamente energ\u00eda el\u00e9ctrica renovable para alimentar nuestra tienda y movilidad el\u00e9ctrica.<\/li><li>Usando solo dispositivos el\u00e9ctricos con la m\u00e1xima eficiencia energ\u00e9tica, como luces LED para la iluminaci\u00f3n.<\/li><li>Reduce el uso de pl\u00e1stico siempre que sea posible (por ejemplo, evitando el material de cocina de pl\u00e1stico).<\/li><li>Proporcionar a nuestros hu\u00e9spedes gel de ducha, champ\u00fa y detergente para platos biodegradables.<\/li><li>Ofrecer campervans peque\u00f1as con bajo consumo de combustible (5-7 Lt\/100km).<\/li><\/ul><p>Esperamos que t\u00fa, como nuestro pr\u00f3ximo hu\u00e9sped, nos puedas ayudar realizando peque\u00f1as acciones para mantener la naturaleza y los lugares de acampada lo m\u00e1s limpios posible.<\/p><p>Estamos constantemente mejorando nuestra huella de CO2 y te mantendremos informado. Si tienes sugerencias para soluciones de camping m\u00e1s ecol\u00f3gicas, no dudes en escribirnos a info@oceancamper.com.<\/p>\t\t\t\t\t\t\t\t<\/div>\n\t\t\t\t<\/div>\n\t\t\t\t\t<\/div>\n\t\t<\/div>\n\t\t\t\t\t<\/div>\n\t\t<\/section>\n\t\t\t\t<section class=\"elementor-section elementor-inner-section elementor-element elementor-element-961f80f elementor-section-content-middle elementor-section-boxed elementor-section-height-default elementor-section-height-default elementor-invisible\" data-id=\"961f80f\" data-element_type=\"section\" data-e-type=\"section\" data-settings=\"{&quot;animation&quot;:&quot;fadeInUp&quot;}\">\n\t\t\t\t\t\t<div class=\"elementor-container elementor-column-gap-default\">\n\t\t\t\t\t<div class=\"elementor-column elementor-col-100 elementor-inner-column elementor-element elementor-element-7bad229 elementor-invisible\" data-id=\"7bad229\" data-element_type=\"column\" data-e-type=\"column\" data-settings=\"{&quot;background_background&quot;:&quot;classic&quot;,&quot;animation&quot;:&quot;fadeInUp&quot;}\">\n\t\t\t<div class=\"elementor-widget-wrap elementor-element-populated\">\n\t\t\t\t\t<div class=\"elementor-background-overlay\"><\/div>\n\t\t\t\t\t\t<div class=\"elementor-element elementor-element-fafc882 elementor-widget elementor-widget-heading\" data-id=\"fafc882\" data-element_type=\"widget\" data-e-type=\"widget\" data-widget_type=\"heading.default\">\n\t\t\t\t<div class=\"elementor-widget-container\">\n\t\t\t\t\t<h4 class=\"elementor-heading-title elementor-size-default\">Nuestra filosof\u00eda<\/h4>\t\t\t\t<\/div>\n\t\t\t\t<\/div>\n\t\t\t\t<div class=\"elementor-element elementor-element-f92f24f elementor-widget elementor-widget-text-editor\" data-id=\"f92f24f\" data-element_type=\"widget\" data-e-type=\"widget\" data-widget_type=\"text-editor.default\">\n\t\t\t\t<div class=\"elementor-widget-container\">\n\t\t\t\t\t\t\t\t\t<span class=\"VIiyi\" lang=\"en\"><span class=\"JLqJ4b ChMk0b\" data-language-for-alternatives=\"en\" data-language-to-translate-into=\"auto\" data-phrase-index=\"0\">Somos justos, amigables, corteses y, sobre todo, confiables.<\/span> <span class=\"JLqJ4b ChMk0b\" data-language-for-alternatives=\"en\" data-language-to-translate-into=\"auto\" data-phrase-index=\"1\">Nos encanta compartir con nuestros hu\u00e9spedes todo lo que sabemos sobre acampar, lugares, ciudades y playas en el Algarve y en todo Portugal.<\/span> <span class=\"JLqJ4b ChMk0b\" data-language-for-alternatives=\"en\" data-language-to-translate-into=\"auto\" data-phrase-index=\"2\">Queremos brindarte unas vacaciones de camping inolvidables.<\/span> <span class=\"JLqJ4b ChMk0b\" data-language-for-alternatives=\"en\" data-language-to-translate-into=\"auto\" data-phrase-index=\"3\">Y queremos que regreses con una sonrisa y buenos recuerdos.<\/span> <span class=\"JLqJ4b ChMk0b\" data-language-for-alternatives=\"en\" data-language-to-translate-into=\"auto\" data-phrase-index=\"4\">Trabajamos arduamente para lograrlo.<\/span><\/span>\t\t\t\t\t\t\t\t<\/div>\n\t\t\t\t<\/div>\n\t\t\t\t\t<\/div>\n\t\t<\/div>\n\t\t\t\t\t<\/div>\n\t\t<\/section>\n\t\t\t\t\t<\/div>\n\t\t<\/div>\n\t\t\t\t\t<\/div>\n\t\t<\/section>\n\t\t\t\t<section class=\"elementor-section elementor-top-section elementor-element elementor-element-9e0dac8 elementor-section-stretched elementor-section-boxed elementor-section-height-default elementor-section-height-default\" data-id=\"9e0dac8\" data-element_type=\"section\" data-e-type=\"section\" data-settings=\"{&quot;stretch_section&quot;:&quot;section-stretched&quot;,&quot;background_background&quot;:&quot;classic&quot;}\">\n\t\t\t\t\t\t<div class=\"elementor-container elementor-column-gap-default\">\n\t\t\t\t\t<div class=\"elementor-column elementor-col-100 elementor-top-column elementor-element elementor-element-a19e1d7\" data-id=\"a19e1d7\" data-element_type=\"column\" data-e-type=\"column\">\n\t\t\t<div class=\"elementor-widget-wrap elementor-element-populated\">\n\t\t\t\t\t\t<section class=\"elementor-section elementor-inner-section elementor-element elementor-element-5ff958f elementor-section-content-top elementor-section-boxed elementor-section-height-default elementor-section-height-default elementor-invisible\" data-id=\"5ff958f\" data-element_type=\"section\" data-e-type=\"section\" data-settings=\"{&quot;animation&quot;:&quot;fadeInUp&quot;}\">\n\t\t\t\t\t\t<div class=\"elementor-container elementor-column-gap-default\">\n\t\t\t\t\t<div class=\"elementor-column elementor-col-50 elementor-inner-column elementor-element elementor-element-78b70df elementor-invisible\" data-id=\"78b70df\" data-element_type=\"column\" data-e-type=\"column\" data-settings=\"{&quot;animation&quot;:&quot;fadeInLeft&quot;}\">\n\t\t\t<div class=\"elementor-widget-wrap elementor-element-populated\">\n\t\t\t\t\t\t<div class=\"elementor-element elementor-element-c45c33c elementor-widget elementor-widget-image\" data-id=\"c45c33c\" data-element_type=\"widget\" data-e-type=\"widget\" data-widget_type=\"image.default\">\n\t\t\t\t<div class=\"elementor-widget-container\">\n\t\t\t\t\t\t\t\t\t\t\t\t\t\t\t<img decoding=\"async\" width=\"1920\" height=\"2560\" src=\"https:\/\/oceancamper.com\/wp-content\/uploads\/2024\/10\/20221106_093404-scaled.jpg\" class=\"attachment-full size-full wp-image-137285\" alt=\"\" srcset=\"https:\/\/oceancamper.com\/wp-content\/uploads\/2024\/10\/20221106_093404-scaled.jpg 1920w, https:\/\/oceancamper.com\/wp-content\/uploads\/2024\/10\/20221106_093404-225x300.jpg 225w, https:\/\/oceancamper.com\/wp-content\/uploads\/2024\/10\/20221106_093404-768x1024.jpg 768w, https:\/\/oceancamper.com\/wp-content\/uploads\/2024\/10\/20221106_093404-1152x1536.jpg 1152w, https:\/\/oceancamper.com\/wp-content\/uploads\/2024\/10\/20221106_093404-1536x2048.jpg 1536w, https:\/\/oceancamper.com\/wp-content\/uploads\/2024\/10\/20221106_093404-135x180.jpg 135w\" sizes=\"(max-width: 1920px) 100vw, 1920px\" \/>\t\t\t\t\t\t\t\t\t\t\t\t\t\t\t<\/div>\n\t\t\t\t<\/div>\n\t\t\t\t\t<\/div>\n\t\t<\/div>\n\t\t\t\t<div class=\"elementor-column elementor-col-50 elementor-inner-column elementor-element elementor-element-2c87832 elementor-invisible\" data-id=\"2c87832\" data-element_type=\"column\" data-e-type=\"column\" data-settings=\"{&quot;background_background&quot;:&quot;classic&quot;,&quot;animation&quot;:&quot;fadeInRight&quot;}\">\n\t\t\t<div class=\"elementor-widget-wrap elementor-element-populated\">\n\t\t\t\t\t<div class=\"elementor-background-overlay\"><\/div>\n\t\t\t\t\t\t<div class=\"elementor-element elementor-element-891b02c elementor-widget elementor-widget-heading\" data-id=\"891b02c\" data-element_type=\"widget\" data-e-type=\"widget\" data-widget_type=\"heading.default\">\n\t\t\t\t<div class=\"elementor-widget-container\">\n\t\t\t\t\t<h4 class=\"elementor-heading-title elementor-size-default\">C\u00f3mo empez\u00f3<\/h4>\t\t\t\t<\/div>\n\t\t\t\t<\/div>\n\t\t\t\t<div class=\"elementor-element elementor-element-6b2f959 elementor-widget elementor-widget-text-editor\" data-id=\"6b2f959\" data-element_type=\"widget\" data-e-type=\"widget\" data-widget_type=\"text-editor.default\">\n\t\t\t\t<div class=\"elementor-widget-container\">\n\t\t\t\t\t\t\t\t\t<p style=\"text-align: left;\">\u00ab\u00a1Hola! Soy Nina. Siempre me ha gustado viajar y acampar de forma f\u00e1cil y econ\u00f3mica, disfrutando al mismo tiempo de la belleza de la naturaleza: playas, r\u00edos y lagos.  <\/p><p>Durante mi \u00e9poca de estudiante, consegu\u00ed mi propia autocaravana, que me permiti\u00f3 explorar todas las playas y valles de la Costa Vicentina. Un largo viaje por carretera de Faro a Noruega hizo que me enamorara a\u00fan m\u00e1s del camping.<\/p><p>Empec\u00e9 a alquilar mi equipo de acampada, tablas de surf y mi furgoneta personal a trav\u00e9s de <a href=\"https:\/\/www.airbnb.de\/users\/147121665\/listings?user_id=147121665&amp;s=50\" target=\"_blank\" rel=\"noopener\">Airbnb <\/a>, y recib\u00ed fant\u00e1sticos comentarios de mis hu\u00e9spedes, consiguiendo una excelente puntuaci\u00f3n de 4,9\/5 en 2018. Esto me inspir\u00f3 para lanzar mi propia peque\u00f1a empresa, NomadCanguru, Lda, y la marca OceanCamper\u00ae. Ofrecemos autocaravanas para dos personas, material de acampada y equipamiento deportivo a precios justos. Ahora tengo un peque\u00f1o equipo maravilloso que trabaja conmigo en esta apasionante aventura\u00bb.<\/p><p style=\"text-align: right;\">Nina Solyukova Schulze<\/p><p> <\/p><p> <\/p>\t\t\t\t\t\t\t\t<\/div>\n\t\t\t\t<\/div>\n\t\t\t\t\t<\/div>\n\t\t<\/div>\n\t\t\t\t\t<\/div>\n\t\t<\/section>\n\t\t\t\t\t<\/div>\n\t\t<\/div>\n\t\t\t\t\t<\/div>\n\t\t<\/section>\n\t\t\t\t<\/div>\n\t\t","protected":false},"excerpt":{"rendered":"<p>Sobre nosotros Sobre OceanCamper\u00ae Nuestra misi\u00f3n es brindarte una experiencia de camping relajada e inolvidable en Portugal con equipo de camping simple y funcional a un precio justo. Ofrecemos Campervans peque\u00f1as, tiendas de campa\u00f1a y equipo de camping. Tablas de surf, paddle surf, snorkel y equipo deportivo. Asesoramiento de rutas adaptado a tus hobbies e [&hellip;]<\/p>\n","protected":false},"author":1,"featured_media":0,"parent":0,"menu_order":0,"comment_status":"closed","ping_status":"closed","template":"elementor_header_footer","meta":{"footnotes":""},"class_list":["post-81536","page","type-page","status-publish","hentry"],"aioseo_notices":[],"_links":{"self":[{"href":"https:\/\/oceancamper.com\/es\/wp-json\/wp\/v2\/pages\/81536","targetHints":{"allow":["GET"]}}],"collection":[{"href":"https:\/\/oceancamper.com\/es\/wp-json\/wp\/v2\/pages"}],"about":[{"href":"https:\/\/oceancamper.com\/es\/wp-json\/wp\/v2\/types\/page"}],"author":[{"embeddable":true,"href":"https:\/\/oceancamper.com\/es\/wp-json\/wp\/v2\/users\/1"}],"replies":[{"embeddable":true,"href":"https:\/\/oceancamper.com\/es\/wp-json\/wp\/v2\/comments?post=81536"}],"version-history":[{"count":11,"href":"https:\/\/oceancamper.com\/es\/wp-json\/wp\/v2\/pages\/81536\/revisions"}],"predecessor-version":[{"id":217732,"href":"https:\/\/oceancamper.com\/es\/wp-json\/wp\/v2\/pages\/81536\/revisions\/217732"}],"wp:attachment":[{"href":"https:\/\/oceancamper.com\/es\/wp-json\/wp\/v2\/media?parent=81536"}],"curies":[{"name":"wp","href":"https:\/\/api.w.org\/{rel}","templated":true}]}}