{"id":183605,"date":"2025-06-30T16:04:12","date_gmt":"2025-06-30T16:04:12","guid":{"rendered":"https:\/\/oceancamper.com\/extras\/langes-skateboard\/"},"modified":"2025-06-30T16:13:41","modified_gmt":"2025-06-30T16:13:41","slug":"langes-skateboard","status":"publish","type":"page","link":"https:\/\/oceancamper.com\/de\/extras\/langes-skateboard\/","title":{"rendered":"Langes Skateboard"},"content":{"rendered":"\t\t<div data-elementor-type=\"wp-page\" data-elementor-id=\"183605\" class=\"elementor elementor-183605 elementor-183524\" data-elementor-post-type=\"page\">\n\t\t\t\t\t\t<section class=\"elementor-section elementor-top-section elementor-element elementor-element-4b97511 elementor-section-boxed elementor-section-height-default elementor-section-height-default\" data-id=\"4b97511\" data-element_type=\"section\" data-e-type=\"section\">\n\t\t\t\t\t\t<div class=\"elementor-container elementor-column-gap-default\">\n\t\t\t\t\t<div class=\"elementor-column elementor-col-100 elementor-top-column elementor-element elementor-element-428000b\" data-id=\"428000b\" data-element_type=\"column\" data-e-type=\"column\">\n\t\t\t<div class=\"elementor-widget-wrap\">\n\t\t\t\t\t\t\t<\/div>\n\t\t<\/div>\n\t\t\t\t\t<\/div>\n\t\t<\/section>\n\t\t\t\t<section class=\"elementor-section elementor-top-section elementor-element elementor-element-2ea84b39 elementor-section-height-min-height elementor-section-stretched elementor-section-content-middle elementor-section-boxed elementor-section-height-default elementor-section-items-middle\" data-id=\"2ea84b39\" data-element_type=\"section\" data-e-type=\"section\" data-settings=\"{&quot;stretch_section&quot;:&quot;section-stretched&quot;,&quot;background_background&quot;:&quot;gradient&quot;}\">\n\t\t\t\t\t\t<div class=\"elementor-container elementor-column-gap-default\">\n\t\t\t\t\t<div class=\"elementor-column elementor-col-100 elementor-top-column elementor-element elementor-element-f3ba11d\" data-id=\"f3ba11d\" data-element_type=\"column\" data-e-type=\"column\">\n\t\t\t<div class=\"elementor-widget-wrap elementor-element-populated\">\n\t\t\t\t\t\t<div class=\"elementor-element elementor-element-1bf6aa1b elementor-widget elementor-widget-heading\" data-id=\"1bf6aa1b\" data-element_type=\"widget\" data-e-type=\"widget\" data-widget_type=\"heading.default\">\n\t\t\t\t<div class=\"elementor-widget-container\">\n\t\t\t\t\t<h1 class=\"elementor-heading-title elementor-size-default\">Langes (Skate-)Brett<\/h1>\t\t\t\t<\/div>\n\t\t\t\t<\/div>\n\t\t\t\t\t<\/div>\n\t\t<\/div>\n\t\t\t\t\t<\/div>\n\t\t<\/section>\n\t\t\t\t<section class=\"elementor-section elementor-top-section elementor-element elementor-element-7996f522 elementor-section-stretched elementor-section-boxed elementor-section-height-default elementor-section-height-default\" data-id=\"7996f522\" data-element_type=\"section\" data-e-type=\"section\" data-settings=\"{&quot;stretch_section&quot;:&quot;section-stretched&quot;,&quot;background_background&quot;:&quot;classic&quot;}\">\n\t\t\t\t\t\t<div class=\"elementor-container elementor-column-gap-default\">\n\t\t\t\t\t<div class=\"elementor-column elementor-col-100 elementor-top-column elementor-element elementor-element-605db93c\" data-id=\"605db93c\" data-element_type=\"column\" data-e-type=\"column\">\n\t\t\t<div class=\"elementor-widget-wrap elementor-element-populated\">\n\t\t\t\t\t\t<div class=\"elementor-element elementor-element-1e07a4a elementor-widget elementor-widget-text-editor\" data-id=\"1e07a4a\" data-element_type=\"widget\" data-e-type=\"widget\" data-widget_type=\"text-editor.default\">\n\t\t\t\t<div class=\"elementor-widget-container\">\n\t\t\t\t\t\t\t\t\t<p>Wir bieten sowohl 40&#8243;- als auch 46&#8243;-Longboards an &#8211; perfekt geeignet, um an Portugals sonnenverw\u00f6hnter K\u00fcste entlang zu cruisen. Egal, ob du sanfte Wellen carving oder einfach nur den Ritt genie\u00dfen willst, wir haben die passende Gr\u00f6\u00dfe f\u00fcr deinen Stil und deine F\u00e4higkeiten. <\/p>\t\t\t\t\t\t\t\t<\/div>\n\t\t\t\t<\/div>\n\t\t\t\t<div class=\"elementor-element elementor-element-20d9a738 elementor-widget elementor-widget-text-editor\" data-id=\"20d9a738\" data-element_type=\"widget\" data-e-type=\"widget\" data-widget_type=\"text-editor.default\">\n\t\t\t\t<div class=\"elementor-widget-container\">\n\t\t\t\t\t\t\t\t\t<p><strong><span style=\"color: #1e3440;\">Du kannst ein langes Skateboard mieten:<\/span><\/strong><\/p>\t\t\t\t\t\t\t\t<\/div>\n\t\t\t\t<\/div>\n\t\t\t\t<div class=\"elementor-element elementor-element-23756753 elementor-widget elementor-widget-text-editor\" data-id=\"23756753\" data-element_type=\"widget\" data-e-type=\"widget\" data-widget_type=\"text-editor.default\">\n\t\t\t\t<div class=\"elementor-widget-container\">\n\t\t\t\t\t\t\t\t\t<p>&#8211; Zusammen mit deiner Wohnmobil-\/Zeltbuchung.<br>&#8211; Separat, nur die elektrische Heizung und hol sie in <span style=\"color: #3ac4bb;\"><a style=\"color: #3ac4bb;\" href=\"https:\/\/www.google.com\/maps\/place\/\/data=!4m2!3m1!1s0xd1ab343f0fb35b7:0xa5468e7f9032f468?source=g.page.share\" target=\"_blank\" rel=\"noopener\">unserem Laden<\/a><\/span> in Faro ab, <span style=\"color: #3ac4bb;\"><a style=\"color: #3ac4bb;\" href=\"https:\/\/farosurfrentals.com\/\" target=\"_blank\" rel=\"noopener\">hier buchen<\/a><\/span>.<\/p>\t\t\t\t\t\t\t\t<\/div>\n\t\t\t\t<\/div>\n\t\t\t\t<section class=\"elementor-section elementor-inner-section elementor-element elementor-element-2316e06c elementor-section-boxed elementor-section-height-default elementor-section-height-default elementor-invisible\" data-id=\"2316e06c\" data-element_type=\"section\" data-e-type=\"section\" data-settings=\"{&quot;animation&quot;:&quot;fadeInUp&quot;}\">\n\t\t\t\t\t\t<div class=\"elementor-container elementor-column-gap-default\">\n\t\t\t\t\t<div class=\"elementor-column elementor-col-25 elementor-inner-column elementor-element elementor-element-8f50a4\" data-id=\"8f50a4\" data-element_type=\"column\" data-e-type=\"column\" data-settings=\"{&quot;background_background&quot;:&quot;classic&quot;}\">\n\t\t\t<div class=\"elementor-widget-wrap elementor-element-populated\">\n\t\t\t\t\t<div class=\"elementor-background-overlay\"><\/div>\n\t\t\t\t\t\t<div class=\"elementor-element elementor-element-62ee3fe7 elementor-widget elementor-widget-image\" data-id=\"62ee3fe7\" data-element_type=\"widget\" data-e-type=\"widget\" data-widget_type=\"image.default\">\n\t\t\t\t<div class=\"elementor-widget-container\">\n\t\t\t\t\t\t\t\t\t\t\t\t\t\t\t<img fetchpriority=\"high\" decoding=\"async\" width=\"1886\" height=\"1415\" src=\"https:\/\/oceancamper.com\/wp-content\/uploads\/2025\/06\/Longboards_4_3_ratio-1.jpg\" class=\"attachment-full size-full wp-image-183586\" alt=\"Longboards to rent at Ocean Camper\" srcset=\"https:\/\/oceancamper.com\/wp-content\/uploads\/2025\/06\/Longboards_4_3_ratio-1.jpg 1886w, https:\/\/oceancamper.com\/wp-content\/uploads\/2025\/06\/Longboards_4_3_ratio-1-300x225.jpg 300w, https:\/\/oceancamper.com\/wp-content\/uploads\/2025\/06\/Longboards_4_3_ratio-1-1024x768.jpg 1024w, https:\/\/oceancamper.com\/wp-content\/uploads\/2025\/06\/Longboards_4_3_ratio-1-768x576.jpg 768w, https:\/\/oceancamper.com\/wp-content\/uploads\/2025\/06\/Longboards_4_3_ratio-1-1536x1152.jpg 1536w, https:\/\/oceancamper.com\/wp-content\/uploads\/2025\/06\/Longboards_4_3_ratio-1-240x180.jpg 240w\" sizes=\"(max-width: 1886px) 100vw, 1886px\" \/>\t\t\t\t\t\t\t\t\t\t\t\t\t\t\t<\/div>\n\t\t\t\t<\/div>\n\t\t\t\t<div class=\"elementor-element elementor-element-2efa6d7e elementor-widget elementor-widget-text-editor\" data-id=\"2efa6d7e\" data-element_type=\"widget\" data-e-type=\"widget\" data-widget_type=\"text-editor.default\">\n\t\t\t\t<div class=\"elementor-widget-container\">\n\t\t\t\t\t\t\t\t\t<p><strong>Langes Brett<\/strong><\/p>\t\t\t\t\t\t\t\t<\/div>\n\t\t\t\t<\/div>\n\t\t\t\t\t<\/div>\n\t\t<\/div>\n\t\t\t\t<div class=\"elementor-column elementor-col-25 elementor-inner-column elementor-element elementor-element-12105e6\" data-id=\"12105e6\" data-element_type=\"column\" data-e-type=\"column\" data-settings=\"{&quot;background_background&quot;:&quot;classic&quot;}\">\n\t\t\t<div class=\"elementor-widget-wrap elementor-element-populated\">\n\t\t\t\t\t<div class=\"elementor-background-overlay\"><\/div>\n\t\t\t\t\t\t<div class=\"elementor-element elementor-element-544194a elementor-widget elementor-widget-image\" data-id=\"544194a\" data-element_type=\"widget\" data-e-type=\"widget\" data-widget_type=\"image.default\">\n\t\t\t\t<div class=\"elementor-widget-container\">\n\t\t\t\t\t\t\t\t\t\t\t\t\t\t\t<img decoding=\"async\" src=\"https:\/\/oceancamper.com\/wp-content\/uploads\/2025\/06\/Long-Board-rental-Ocean-Camper-1.jpg\" title=\"\" alt=\"Long Board rental Ocean Camper\" loading=\"lazy\" \/>\t\t\t\t\t\t\t\t\t\t\t\t\t\t\t<\/div>\n\t\t\t\t<\/div>\n\t\t\t\t<div class=\"elementor-element elementor-element-9d964bb elementor-widget elementor-widget-text-editor\" data-id=\"9d964bb\" data-element_type=\"widget\" data-e-type=\"widget\" data-widget_type=\"text-editor.default\">\n\t\t\t\t<div class=\"elementor-widget-container\">\n\t\t\t\t\t\t\t\t\t<p><strong>Langes Brett<\/strong><\/p>\t\t\t\t\t\t\t\t<\/div>\n\t\t\t\t<\/div>\n\t\t\t\t\t<\/div>\n\t\t<\/div>\n\t\t\t\t<div class=\"elementor-column elementor-col-25 elementor-inner-column elementor-element elementor-element-3237838a\" data-id=\"3237838a\" data-element_type=\"column\" data-e-type=\"column\" data-settings=\"{&quot;background_background&quot;:&quot;classic&quot;}\">\n\t\t\t<div class=\"elementor-widget-wrap\">\n\t\t\t\t\t<div class=\"elementor-background-overlay\"><\/div>\n\t\t\t\t\t\t\t<\/div>\n\t\t<\/div>\n\t\t\t\t<div class=\"elementor-column elementor-col-25 elementor-inner-column elementor-element elementor-element-696b3cd1\" data-id=\"696b3cd1\" data-element_type=\"column\" data-e-type=\"column\" data-settings=\"{&quot;background_background&quot;:&quot;classic&quot;}\">\n\t\t\t<div class=\"elementor-widget-wrap\">\n\t\t\t\t\t<div class=\"elementor-background-overlay\"><\/div>\n\t\t\t\t\t\t\t<\/div>\n\t\t<\/div>\n\t\t\t\t\t<\/div>\n\t\t<\/section>\n\t\t\t\t<div class=\"elementor-element elementor-element-c99f517 elementor-widget elementor-widget-text-editor\" data-id=\"c99f517\" data-element_type=\"widget\" data-e-type=\"widget\" data-widget_type=\"text-editor.default\">\n\t\t\t\t<div class=\"elementor-widget-container\">\n\t\t\t\t\t\t\t\t\t<strong><span style=\"color: #1e3440;\">Buchen Sie nur Ausr\u00fcstung <span style=\"color: #3ac4bb;\"><a style=\"color: #3ac4bb;\" href=\"https:\/\/farosurfrentals.com\/\" target=\"_blank\" rel=\"noopener\">hier<\/a><\/span><\/span><\/strong>\t\t\t\t\t\t\t\t<\/div>\n\t\t\t\t<\/div>\n\t\t\t\t\t<\/div>\n\t\t<\/div>\n\t\t\t\t\t<\/div>\n\t\t<\/section>\n\t\t\t\t<\/div>\n\t\t","protected":false},"excerpt":{"rendered":"<p>Langes (Skate-)Brett Wir bieten sowohl 40&#8243;- als auch 46&#8243;-Longboards an &#8211; perfekt geeignet, um an Portugals sonnenverw\u00f6hnter K\u00fcste entlang zu cruisen. Egal, ob du sanfte Wellen carving oder einfach nur den Ritt genie\u00dfen willst, wir haben die passende Gr\u00f6\u00dfe f\u00fcr deinen Stil und deine F\u00e4higkeiten. Du kannst ein langes Skateboard mieten: &#8211; Zusammen mit deiner [&hellip;]<\/p>\n","protected":false},"author":1,"featured_media":0,"parent":5510,"menu_order":0,"comment_status":"closed","ping_status":"closed","template":"elementor_header_footer","meta":{"footnotes":""},"class_list":["post-183605","page","type-page","status-publish","hentry"],"aioseo_notices":[],"_links":{"self":[{"href":"https:\/\/oceancamper.com\/de\/wp-json\/wp\/v2\/pages\/183605","targetHints":{"allow":["GET"]}}],"collection":[{"href":"https:\/\/oceancamper.com\/de\/wp-json\/wp\/v2\/pages"}],"about":[{"href":"https:\/\/oceancamper.com\/de\/wp-json\/wp\/v2\/types\/page"}],"author":[{"embeddable":true,"href":"https:\/\/oceancamper.com\/de\/wp-json\/wp\/v2\/users\/1"}],"replies":[{"embeddable":true,"href":"https:\/\/oceancamper.com\/de\/wp-json\/wp\/v2\/comments?post=183605"}],"version-history":[{"count":1,"href":"https:\/\/oceancamper.com\/de\/wp-json\/wp\/v2\/pages\/183605\/revisions"}],"predecessor-version":[{"id":183606,"href":"https:\/\/oceancamper.com\/de\/wp-json\/wp\/v2\/pages\/183605\/revisions\/183606"}],"up":[{"embeddable":true,"href":"https:\/\/oceancamper.com\/de\/wp-json\/wp\/v2\/pages\/5510"}],"wp:attachment":[{"href":"https:\/\/oceancamper.com\/de\/wp-json\/wp\/v2\/media?parent=183605"}],"curies":[{"name":"wp","href":"https:\/\/api.w.org\/{rel}","templated":true}]}}