{"id":161886,"date":"2022-02-16T20:19:51","date_gmt":"2022-02-16T20:19:51","guid":{"rendered":"https:\/\/oceancamper.com\/ekstramateriale\/wi-fi-mobil\/"},"modified":"2025-03-14T09:16:54","modified_gmt":"2025-03-14T09:16:54","slug":"wi-fi-mobil","status":"publish","type":"page","link":"https:\/\/oceancamper.com\/da\/ekstramateriale\/wi-fi-mobil\/","title":{"rendered":"Wi-Fi mobil"},"content":{"rendered":"\t\t<div data-elementor-type=\"wp-page\" data-elementor-id=\"161886\" class=\"elementor elementor-161886 elementor-2868\" data-elementor-post-type=\"page\">\n\t\t\t\t\t\t<section class=\"elementor-section elementor-top-section elementor-element elementor-element-cef7aa1 elementor-section-height-min-height elementor-section-stretched elementor-section-content-middle elementor-section-boxed elementor-section-height-default elementor-section-items-middle\" data-id=\"cef7aa1\" data-element_type=\"section\" data-e-type=\"section\" data-settings=\"{&quot;stretch_section&quot;:&quot;section-stretched&quot;,&quot;background_background&quot;:&quot;gradient&quot;}\">\n\t\t\t\t\t\t<div class=\"elementor-container elementor-column-gap-default\">\n\t\t\t\t\t<div class=\"elementor-column elementor-col-100 elementor-top-column elementor-element elementor-element-300973a\" data-id=\"300973a\" data-element_type=\"column\" data-e-type=\"column\">\n\t\t\t<div class=\"elementor-widget-wrap elementor-element-populated\">\n\t\t\t\t\t\t<div class=\"elementor-element elementor-element-bc1a808 elementor-widget elementor-widget-heading\" data-id=\"bc1a808\" data-element_type=\"widget\" data-e-type=\"widget\" data-widget_type=\"heading.default\">\n\t\t\t\t<div class=\"elementor-widget-container\">\n\t\t\t\t\t<h1 class=\"elementor-heading-title elementor-size-default\">Leje Internet Wi-Fi mobil<\/h1>\t\t\t\t<\/div>\n\t\t\t\t<\/div>\n\t\t\t\t\t<\/div>\n\t\t<\/div>\n\t\t\t\t\t<\/div>\n\t\t<\/section>\n\t\t\t\t<section class=\"elementor-section elementor-top-section elementor-element elementor-element-05f2f26 elementor-section-stretched elementor-section-boxed elementor-section-height-default elementor-section-height-default\" data-id=\"05f2f26\" data-element_type=\"section\" data-e-type=\"section\" data-settings=\"{&quot;stretch_section&quot;:&quot;section-stretched&quot;,&quot;background_background&quot;:&quot;classic&quot;}\">\n\t\t\t\t\t\t<div class=\"elementor-container elementor-column-gap-default\">\n\t\t\t\t\t<div class=\"elementor-column elementor-col-100 elementor-top-column elementor-element elementor-element-1f710d2\" data-id=\"1f710d2\" data-element_type=\"column\" data-e-type=\"column\">\n\t\t\t<div class=\"elementor-widget-wrap elementor-element-populated\">\n\t\t\t\t\t\t<div class=\"elementor-element elementor-element-a4920fa elementor-widget elementor-widget-text-editor\" data-id=\"a4920fa\" data-element_type=\"widget\" data-e-type=\"widget\" data-widget_type=\"text-editor.default\">\n\t\t\t\t<div class=\"elementor-widget-container\">\n\t\t\t\t\t\t\t\t\t<p>Vil du gerne holde kontakten med dine venner og familie, mens du rejser? Eller vil du bare se, hvor du skal hen n\u00e6ste dag? Eller bruge Google Maps til navigation? Du kan v\u00e6re online, s\u00e5 meget du vil, med vores 3-4 G internet Wi-Fi-modem med ubegr\u00e6nset trafik. Download og surf s\u00e5 meget, du vil! Ubegr\u00e6nset.     <\/p>\n\t\t\t\t\t\t\t\t<\/div>\n\t\t\t\t<\/div>\n\t\t\t\t<div class=\"elementor-element elementor-element-4349df1 elementor-widget elementor-widget-text-editor\" data-id=\"4349df1\" data-element_type=\"widget\" data-e-type=\"widget\" data-widget_type=\"text-editor.default\">\n\t\t\t\t<div class=\"elementor-widget-container\">\n\t\t\t\t\t\t\t\t\t<p><strong><span style=\"color: #1e3440;\">Du kan leje et wifi-modem:<\/span><\/strong><\/p>\n\t\t\t\t\t\t\t\t<\/div>\n\t\t\t\t<\/div>\n\t\t\t\t<div class=\"elementor-element elementor-element-e3f9c60 elementor-widget elementor-widget-text-editor\" data-id=\"e3f9c60\" data-element_type=\"widget\" data-e-type=\"widget\" data-widget_type=\"text-editor.default\">\n\t\t\t\t<div class=\"elementor-widget-container\">\n\t\t\t\t\t\t\t\t\t<p>&#8211; Sammen med din booking af autocamper\/telt.<br \/>&#8211; Separat, kun wifi-modemet og afhent det i <span style=\"color: #3ac4bb;\"><a style=\"color: #3ac4bb;\" href=\"https:\/\/www.google.com\/maps\/place\/\/data=!4m2!3m1!1s0xd1ab343f0fb35b7:0xa5468e7f9032f468?source=g.page.share\" target=\"_blank\" rel=\"noopener\">vores butik<\/a><\/span> i Faro, <span style=\"color: #3ac4bb;\"><a style=\"color: #3ac4bb;\" href=\"https:\/\/farosurfrentals.com\/\" target=\"_blank\" rel=\"noopener\">book her<\/a><\/span>.<\/p>\n\t\t\t\t\t\t\t\t<\/div>\n\t\t\t\t<\/div>\n\t\t\t\t<section class=\"elementor-section elementor-inner-section elementor-element elementor-element-26a53d0 elementor-section-boxed elementor-section-height-default elementor-section-height-default elementor-invisible\" data-id=\"26a53d0\" data-element_type=\"section\" data-e-type=\"section\" data-settings=\"{&quot;animation&quot;:&quot;fadeInUp&quot;}\">\n\t\t\t\t\t\t<div class=\"elementor-container elementor-column-gap-default\">\n\t\t\t\t\t<div class=\"elementor-column elementor-col-25 elementor-inner-column elementor-element elementor-element-2d8407d\" data-id=\"2d8407d\" data-element_type=\"column\" data-e-type=\"column\" data-settings=\"{&quot;background_background&quot;:&quot;classic&quot;}\">\n\t\t\t<div class=\"elementor-widget-wrap elementor-element-populated\">\n\t\t\t\t\t<div class=\"elementor-background-overlay\"><\/div>\n\t\t\t\t\t\t<div class=\"elementor-element elementor-element-1e88442 elementor-widget elementor-widget-image\" data-id=\"1e88442\" data-element_type=\"widget\" data-e-type=\"widget\" data-widget_type=\"image.default\">\n\t\t\t\t<div class=\"elementor-widget-container\">\n\t\t\t\t\t\t\t\t\t\t\t\t\t\t\t<img fetchpriority=\"high\" decoding=\"async\" width=\"924\" height=\"616\" src=\"https:\/\/oceancamper.com\/wp-content\/uploads\/2022\/02\/mobile-internet-rooter-min.jpg\" class=\"attachment-full size-full wp-image-217747\" alt=\"leje af mobilt internet algarve\" srcset=\"https:\/\/oceancamper.com\/wp-content\/uploads\/2022\/02\/mobile-internet-rooter-min.jpg 924w, https:\/\/oceancamper.com\/wp-content\/uploads\/2022\/02\/mobile-internet-rooter-min-300x200.jpg 300w, https:\/\/oceancamper.com\/wp-content\/uploads\/2022\/02\/mobile-internet-rooter-min-768x512.jpg 768w\" sizes=\"(max-width: 924px) 100vw, 924px\" \/>\t\t\t\t\t\t\t\t\t\t\t\t\t\t\t<\/div>\n\t\t\t\t<\/div>\n\t\t\t\t<div class=\"elementor-element elementor-element-ae15693 elementor-widget elementor-widget-text-editor\" data-id=\"ae15693\" data-element_type=\"widget\" data-e-type=\"widget\" data-widget_type=\"text-editor.default\">\n\t\t\t\t<div class=\"elementor-widget-container\">\n\t\t\t\t\t\t\t\t\t<p><strong>Mobilt wifi-modem<\/strong><\/p>\n\t\t\t\t\t\t\t\t<\/div>\n\t\t\t\t<\/div>\n\t\t\t\t\t<\/div>\n\t\t<\/div>\n\t\t\t\t<div class=\"elementor-column elementor-col-25 elementor-inner-column elementor-element elementor-element-04cb4d6\" data-id=\"04cb4d6\" data-element_type=\"column\" data-e-type=\"column\" data-settings=\"{&quot;background_background&quot;:&quot;classic&quot;}\">\n\t\t\t<div class=\"elementor-widget-wrap\">\n\t\t\t\t\t<div class=\"elementor-background-overlay\"><\/div>\n\t\t\t\t\t\t\t<\/div>\n\t\t<\/div>\n\t\t\t\t<div class=\"elementor-column elementor-col-25 elementor-inner-column elementor-element elementor-element-46a9d8a\" data-id=\"46a9d8a\" data-element_type=\"column\" data-e-type=\"column\" data-settings=\"{&quot;background_background&quot;:&quot;classic&quot;}\">\n\t\t\t<div class=\"elementor-widget-wrap\">\n\t\t\t\t\t<div class=\"elementor-background-overlay\"><\/div>\n\t\t\t\t\t\t\t<\/div>\n\t\t<\/div>\n\t\t\t\t<div class=\"elementor-column elementor-col-25 elementor-inner-column elementor-element elementor-element-b068b9c\" data-id=\"b068b9c\" data-element_type=\"column\" data-e-type=\"column\" data-settings=\"{&quot;background_background&quot;:&quot;classic&quot;}\">\n\t\t\t<div class=\"elementor-widget-wrap\">\n\t\t\t\t\t<div class=\"elementor-background-overlay\"><\/div>\n\t\t\t\t\t\t\t<\/div>\n\t\t<\/div>\n\t\t\t\t\t<\/div>\n\t\t<\/section>\n\t\t\t\t<div class=\"elementor-element elementor-element-c1e69d3 elementor-widget elementor-widget-text-editor\" data-id=\"c1e69d3\" data-element_type=\"widget\" data-e-type=\"widget\" data-widget_type=\"text-editor.default\">\n\t\t\t\t<div class=\"elementor-widget-container\">\n\t\t\t\t\t\t\t\t\t<p><span style=\"color: #1e3440;\"><strong>Specifikationer<\/strong><\/span><\/p>\n\t\t\t\t\t\t\t\t<\/div>\n\t\t\t\t<\/div>\n\t\t\t\t<div class=\"elementor-element elementor-element-8fdb51f elementor-widget elementor-widget-text-editor\" data-id=\"8fdb51f\" data-element_type=\"widget\" data-e-type=\"widget\" data-widget_type=\"text-editor.default\">\n\t\t\t\t<div class=\"elementor-widget-container\">\n\t\t\t\t\t\t\t\t\t&#8211; Ubegr\u00e6nset\n<br>&#8211; Genopladelig med usb\n<br>&#8211; Virker op til 12 timer, n\u00e5r den er fuldt opladet\n<br>&#8211; Flere computere og enheder kan tilsluttes\n<br>&#8211; Virker i hele Portugal, hvor der er telefonnetv\u00e6rk\t\t\t\t\t\t\t\t<\/div>\n\t\t\t\t<\/div>\n\t\t\t\t<div class=\"elementor-element elementor-element-62d7b65 elementor-widget elementor-widget-text-editor\" data-id=\"62d7b65\" data-element_type=\"widget\" data-e-type=\"widget\" data-widget_type=\"text-editor.default\">\n\t\t\t\t<div class=\"elementor-widget-container\">\n\t\t\t\t\t\t\t\t\t<p><strong><span style=\"color: #1e3440;\">Book kun udstyr <span style=\"color: #3ac4bb;\"><a style=\"color: #3ac4bb;\" href=\"https:\/\/farosurfrentals.com\/\" target=\"_blank\" rel=\"noopener\">her<\/a><\/span><\/span><\/strong><\/p>\n\t\t\t\t\t\t\t\t<\/div>\n\t\t\t\t<\/div>\n\t\t\t\t\t<\/div>\n\t\t<\/div>\n\t\t\t\t\t<\/div>\n\t\t<\/section>\n\t\t\t\t<\/div>\n\t\t","protected":false},"excerpt":{"rendered":"<p>Leje Internet Wi-Fi mobil Vil du gerne holde kontakten med dine venner og familie, mens du rejser? Eller vil du bare se, hvor du skal hen n\u00e6ste dag? Eller bruge Google Maps til navigation? Du kan v\u00e6re online, s\u00e5 meget du vil, med vores 3-4 G internet Wi-Fi-modem med ubegr\u00e6nset trafik. Download og surf s\u00e5 [&hellip;]<\/p>\n","protected":false},"author":1,"featured_media":0,"parent":161734,"menu_order":0,"comment_status":"closed","ping_status":"closed","template":"elementor_header_footer","meta":{"footnotes":""},"class_list":["post-161886","page","type-page","status-publish","hentry"],"aioseo_notices":[],"_links":{"self":[{"href":"https:\/\/oceancamper.com\/da\/wp-json\/wp\/v2\/pages\/161886","targetHints":{"allow":["GET"]}}],"collection":[{"href":"https:\/\/oceancamper.com\/da\/wp-json\/wp\/v2\/pages"}],"about":[{"href":"https:\/\/oceancamper.com\/da\/wp-json\/wp\/v2\/types\/page"}],"author":[{"embeddable":true,"href":"https:\/\/oceancamper.com\/da\/wp-json\/wp\/v2\/users\/1"}],"replies":[{"embeddable":true,"href":"https:\/\/oceancamper.com\/da\/wp-json\/wp\/v2\/comments?post=161886"}],"version-history":[{"count":1,"href":"https:\/\/oceancamper.com\/da\/wp-json\/wp\/v2\/pages\/161886\/revisions"}],"predecessor-version":[{"id":161887,"href":"https:\/\/oceancamper.com\/da\/wp-json\/wp\/v2\/pages\/161886\/revisions\/161887"}],"up":[{"embeddable":true,"href":"https:\/\/oceancamper.com\/da\/wp-json\/wp\/v2\/pages\/161734"}],"wp:attachment":[{"href":"https:\/\/oceancamper.com\/da\/wp-json\/wp\/v2\/media?parent=161886"}],"curies":[{"name":"wp","href":"https:\/\/api.w.org\/{rel}","templated":true}]}}