{"id":161814,"date":"2022-02-16T20:35:06","date_gmt":"2022-02-16T20:35:06","guid":{"rendered":"https:\/\/oceancamper.com\/ekstramateriale\/mini-varmelegeme\/"},"modified":"2025-06-30T16:14:53","modified_gmt":"2025-06-30T16:14:53","slug":"mini-varmelegeme","status":"publish","type":"page","link":"https:\/\/oceancamper.com\/da\/ekstramateriale\/mini-varmelegeme\/","title":{"rendered":"Mini varmelegeme"},"content":{"rendered":"\t\t<div data-elementor-type=\"wp-page\" data-elementor-id=\"161814\" class=\"elementor elementor-161814 elementor-2885\" data-elementor-post-type=\"page\">\n\t\t\t\t\t\t<section class=\"elementor-section elementor-top-section elementor-element elementor-element-84639bc elementor-section-height-min-height elementor-section-stretched elementor-section-content-middle elementor-section-boxed elementor-section-height-default elementor-section-items-middle\" data-id=\"84639bc\" data-element_type=\"section\" data-e-type=\"section\" data-settings=\"{&quot;stretch_section&quot;:&quot;section-stretched&quot;,&quot;background_background&quot;:&quot;gradient&quot;}\">\n\t\t\t\t\t\t<div class=\"elementor-container elementor-column-gap-default\">\n\t\t\t\t\t<div class=\"elementor-column elementor-col-100 elementor-top-column elementor-element elementor-element-89102d1\" data-id=\"89102d1\" data-element_type=\"column\" data-e-type=\"column\">\n\t\t\t<div class=\"elementor-widget-wrap elementor-element-populated\">\n\t\t\t\t\t\t<div class=\"elementor-element elementor-element-a785035 elementor-widget elementor-widget-heading\" data-id=\"a785035\" data-element_type=\"widget\" data-e-type=\"widget\" data-widget_type=\"heading.default\">\n\t\t\t\t<div class=\"elementor-widget-container\">\n\t\t\t\t\t<h1 class=\"elementor-heading-title elementor-size-default\">Udlejning af mini-varmeapparater\n<\/h1>\t\t\t\t<\/div>\n\t\t\t\t<\/div>\n\t\t\t\t\t<\/div>\n\t\t<\/div>\n\t\t\t\t\t<\/div>\n\t\t<\/section>\n\t\t\t\t<section class=\"elementor-section elementor-top-section elementor-element elementor-element-7dcf7de elementor-section-stretched elementor-section-boxed elementor-section-height-default elementor-section-height-default\" data-id=\"7dcf7de\" data-element_type=\"section\" data-e-type=\"section\" data-settings=\"{&quot;stretch_section&quot;:&quot;section-stretched&quot;,&quot;background_background&quot;:&quot;classic&quot;}\">\n\t\t\t\t\t\t<div class=\"elementor-container elementor-column-gap-default\">\n\t\t\t\t\t<div class=\"elementor-column elementor-col-100 elementor-top-column elementor-element elementor-element-6fe4d27\" data-id=\"6fe4d27\" data-element_type=\"column\" data-e-type=\"column\">\n\t\t\t<div class=\"elementor-widget-wrap elementor-element-populated\">\n\t\t\t\t\t\t<div class=\"elementor-element elementor-element-63b8a54 elementor-widget elementor-widget-text-editor\" data-id=\"63b8a54\" data-element_type=\"widget\" data-e-type=\"widget\" data-widget_type=\"text-editor.default\">\n\t\t\t\t<div class=\"elementor-widget-container\">\n\t\t\t\t\t\t\t\t\tTemperaturen i det sydlige Portugal ligger om dagen p\u00e5 omkring 12-20 \u00b0C (som regel med solskin). Om natten falder temperaturen normalt til 12-15 \u00b0C, men kan h\u00f8jst falde til 8 \u00b0C. Under alle omst\u00e6ndigheder f\u00e5r du altid et meget hyggeligt og varmt t\u00e6ppe fra os, som er velegnet til disse temperaturer. Hvis du vil have det endnu varmere, kan du bestille et varmeapparat hos os. Elektrisk varmelegeme (1000 W) med en 230 V forl\u00e6ngerledning (25 m), som kan bruges p\u00e5 campingpladser til at opvarme vognen om vinteren (f.eks. om natten). Du skal tilslutte den til elnettet p\u00e5 en campingplads.     \t\t\t\t\t\t\t\t<\/div>\n\t\t\t\t<\/div>\n\t\t\t\t<div class=\"elementor-element elementor-element-985286a elementor-widget elementor-widget-text-editor\" data-id=\"985286a\" data-element_type=\"widget\" data-e-type=\"widget\" data-widget_type=\"text-editor.default\">\n\t\t\t\t<div class=\"elementor-widget-container\">\n\t\t\t\t\t\t\t\t\t<strong><span style=\"color: #1e3440;\">Du kan leje et elektrisk varmeapparat:<\/span><\/strong>\t\t\t\t\t\t\t\t<\/div>\n\t\t\t\t<\/div>\n\t\t\t\t<div class=\"elementor-element elementor-element-652f533 elementor-widget elementor-widget-text-editor\" data-id=\"652f533\" data-element_type=\"widget\" data-e-type=\"widget\" data-widget_type=\"text-editor.default\">\n\t\t\t\t<div class=\"elementor-widget-container\">\n\t\t\t\t\t\t\t\t\t<p>&#8211; Sammen med din booking af autocamper\/telt.<br>&#8211; Separat, kun den elektriske varmer og afhent den i <span style=\"color: #3ac4bb;\"><a style=\"color: #3ac4bb;\" href=\"https:\/\/www.google.com\/maps\/place\/\/data=!4m2!3m1!1s0xd1ab343f0fb35b7:0xa5468e7f9032f468?source=g.page.share\" target=\"_blank\" rel=\"noopener\">vores butik<\/a><\/span> i Faro, <span style=\"color: #3ac4bb;\"><a style=\"color: #3ac4bb;\" href=\"https:\/\/farosurfrentals.com\/\" target=\"_blank\" rel=\"noopener\">book her<\/a><\/span>.<\/p>\t\t\t\t\t\t\t\t<\/div>\n\t\t\t\t<\/div>\n\t\t\t\t<section class=\"elementor-section elementor-inner-section elementor-element elementor-element-c76a627 elementor-section-boxed elementor-section-height-default elementor-section-height-default elementor-invisible\" data-id=\"c76a627\" data-element_type=\"section\" data-e-type=\"section\" data-settings=\"{&quot;animation&quot;:&quot;fadeInUp&quot;}\">\n\t\t\t\t\t\t<div class=\"elementor-container elementor-column-gap-default\">\n\t\t\t\t\t<div class=\"elementor-column elementor-col-25 elementor-inner-column elementor-element elementor-element-d2523ee\" data-id=\"d2523ee\" data-element_type=\"column\" data-e-type=\"column\" data-settings=\"{&quot;background_background&quot;:&quot;classic&quot;}\">\n\t\t\t<div class=\"elementor-widget-wrap elementor-element-populated\">\n\t\t\t\t\t<div class=\"elementor-background-overlay\"><\/div>\n\t\t\t\t\t\t<div class=\"elementor-element elementor-element-8cf9c93 elementor-widget elementor-widget-image\" data-id=\"8cf9c93\" data-element_type=\"widget\" data-e-type=\"widget\" data-widget_type=\"image.default\">\n\t\t\t\t<div class=\"elementor-widget-container\">\n\t\t\t\t\t\t\t\t\t\t\t\t\t\t\t<img fetchpriority=\"high\" decoding=\"async\" width=\"1024\" height=\"1536\" src=\"https:\/\/oceancamper.com\/wp-content\/uploads\/2025\/06\/Heater.png\" class=\"attachment-full size-full wp-image-183405\" alt=\"Elektrisk varmelegeme\" srcset=\"https:\/\/oceancamper.com\/wp-content\/uploads\/2025\/06\/Heater.png 1024w, https:\/\/oceancamper.com\/wp-content\/uploads\/2025\/06\/Heater-200x300.png 200w, https:\/\/oceancamper.com\/wp-content\/uploads\/2025\/06\/Heater-683x1024.png 683w, https:\/\/oceancamper.com\/wp-content\/uploads\/2025\/06\/Heater-768x1152.png 768w, https:\/\/oceancamper.com\/wp-content\/uploads\/2025\/06\/Heater-120x180.png 120w\" sizes=\"(max-width: 1024px) 100vw, 1024px\" \/>\t\t\t\t\t\t\t\t\t\t\t\t\t\t\t<\/div>\n\t\t\t\t<\/div>\n\t\t\t\t<div class=\"elementor-element elementor-element-ea36496 elementor-widget elementor-widget-text-editor\" data-id=\"ea36496\" data-element_type=\"widget\" data-e-type=\"widget\" data-widget_type=\"text-editor.default\">\n\t\t\t\t<div class=\"elementor-widget-container\">\n\t\t\t\t\t\t\t\t\t<strong>Mini varmelegeme<\/strong>\t\t\t\t\t\t\t\t<\/div>\n\t\t\t\t<\/div>\n\t\t\t\t\t<\/div>\n\t\t<\/div>\n\t\t\t\t<div class=\"elementor-column elementor-col-25 elementor-inner-column elementor-element elementor-element-ef97351\" data-id=\"ef97351\" data-element_type=\"column\" data-e-type=\"column\" data-settings=\"{&quot;background_background&quot;:&quot;classic&quot;}\">\n\t\t\t<div class=\"elementor-widget-wrap\">\n\t\t\t\t\t<div class=\"elementor-background-overlay\"><\/div>\n\t\t\t\t\t\t\t<\/div>\n\t\t<\/div>\n\t\t\t\t<div class=\"elementor-column elementor-col-25 elementor-inner-column elementor-element elementor-element-7e3f0d7\" data-id=\"7e3f0d7\" data-element_type=\"column\" data-e-type=\"column\" data-settings=\"{&quot;background_background&quot;:&quot;classic&quot;}\">\n\t\t\t<div class=\"elementor-widget-wrap\">\n\t\t\t\t\t<div class=\"elementor-background-overlay\"><\/div>\n\t\t\t\t\t\t\t<\/div>\n\t\t<\/div>\n\t\t\t\t<div class=\"elementor-column elementor-col-25 elementor-inner-column elementor-element elementor-element-1b19eea\" data-id=\"1b19eea\" data-element_type=\"column\" data-e-type=\"column\" data-settings=\"{&quot;background_background&quot;:&quot;classic&quot;}\">\n\t\t\t<div class=\"elementor-widget-wrap\">\n\t\t\t\t\t<div class=\"elementor-background-overlay\"><\/div>\n\t\t\t\t\t\t\t<\/div>\n\t\t<\/div>\n\t\t\t\t\t<\/div>\n\t\t<\/section>\n\t\t\t\t<div class=\"elementor-element elementor-element-366937a elementor-widget elementor-widget-text-editor\" data-id=\"366937a\" data-element_type=\"widget\" data-e-type=\"widget\" data-widget_type=\"text-editor.default\">\n\t\t\t\t<div class=\"elementor-widget-container\">\n\t\t\t\t\t\t\t\t\t<strong><span style=\"color: #1e3440;\">Book kun udstyr <span style=\"color: #3ac4bb;\"><a style=\"color: #3ac4bb;\" href=\"https:\/\/farosurfrentals.com\/\" target=\"_blank\" rel=\"noopener\">her<\/a><\/span><\/span><\/strong>\t\t\t\t\t\t\t\t<\/div>\n\t\t\t\t<\/div>\n\t\t\t\t\t<\/div>\n\t\t<\/div>\n\t\t\t\t\t<\/div>\n\t\t<\/section>\n\t\t\t\t<\/div>\n\t\t","protected":false},"excerpt":{"rendered":"<p>Udlejning af mini-varmeapparater Temperaturen i det sydlige Portugal ligger om dagen p\u00e5 omkring 12-20 \u00b0C (som regel med solskin). Om natten falder temperaturen normalt til 12-15 \u00b0C, men kan h\u00f8jst falde til 8 \u00b0C. Under alle omst\u00e6ndigheder f\u00e5r du altid et meget hyggeligt og varmt t\u00e6ppe fra os, som er velegnet til disse temperaturer. Hvis [&hellip;]<\/p>\n","protected":false},"author":1,"featured_media":0,"parent":161734,"menu_order":0,"comment_status":"closed","ping_status":"closed","template":"elementor_header_footer","meta":{"footnotes":""},"class_list":["post-161814","page","type-page","status-publish","hentry"],"aioseo_notices":[],"_links":{"self":[{"href":"https:\/\/oceancamper.com\/da\/wp-json\/wp\/v2\/pages\/161814","targetHints":{"allow":["GET"]}}],"collection":[{"href":"https:\/\/oceancamper.com\/da\/wp-json\/wp\/v2\/pages"}],"about":[{"href":"https:\/\/oceancamper.com\/da\/wp-json\/wp\/v2\/types\/page"}],"author":[{"embeddable":true,"href":"https:\/\/oceancamper.com\/da\/wp-json\/wp\/v2\/users\/1"}],"replies":[{"embeddable":true,"href":"https:\/\/oceancamper.com\/da\/wp-json\/wp\/v2\/comments?post=161814"}],"version-history":[{"count":2,"href":"https:\/\/oceancamper.com\/da\/wp-json\/wp\/v2\/pages\/161814\/revisions"}],"predecessor-version":[{"id":183630,"href":"https:\/\/oceancamper.com\/da\/wp-json\/wp\/v2\/pages\/161814\/revisions\/183630"}],"up":[{"embeddable":true,"href":"https:\/\/oceancamper.com\/da\/wp-json\/wp\/v2\/pages\/161734"}],"wp:attachment":[{"href":"https:\/\/oceancamper.com\/da\/wp-json\/wp\/v2\/media?parent=161814"}],"curies":[{"name":"wp","href":"https:\/\/api.w.org\/{rel}","templated":true}]}}