{"id":161888,"date":"2022-02-16T20:19:51","date_gmt":"2022-02-16T20:19:51","guid":{"rendered":"https:\/\/oceancamper.com\/doplnky\/mobilni-wi-fi\/"},"modified":"2025-03-14T09:16:54","modified_gmt":"2025-03-14T09:16:54","slug":"mobilni-wi-fi","status":"publish","type":"page","link":"https:\/\/oceancamper.com\/cs\/doplnky\/mobilni-wi-fi\/","title":{"rendered":"Mobiln\u00ed Wi-Fi"},"content":{"rendered":"\t\t<div data-elementor-type=\"wp-page\" data-elementor-id=\"161888\" class=\"elementor elementor-161888 elementor-2868\" data-elementor-post-type=\"page\">\n\t\t\t\t\t\t<section class=\"elementor-section elementor-top-section elementor-element elementor-element-cef7aa1 elementor-section-height-min-height elementor-section-stretched elementor-section-content-middle elementor-section-boxed elementor-section-height-default elementor-section-items-middle\" data-id=\"cef7aa1\" data-element_type=\"section\" data-e-type=\"section\" data-settings=\"{&quot;stretch_section&quot;:&quot;section-stretched&quot;,&quot;background_background&quot;:&quot;gradient&quot;}\">\n\t\t\t\t\t\t<div class=\"elementor-container elementor-column-gap-default\">\n\t\t\t\t\t<div class=\"elementor-column elementor-col-100 elementor-top-column elementor-element elementor-element-300973a\" data-id=\"300973a\" data-element_type=\"column\" data-e-type=\"column\">\n\t\t\t<div class=\"elementor-widget-wrap elementor-element-populated\">\n\t\t\t\t\t\t<div class=\"elementor-element elementor-element-bc1a808 elementor-widget elementor-widget-heading\" data-id=\"bc1a808\" data-element_type=\"widget\" data-e-type=\"widget\" data-widget_type=\"heading.default\">\n\t\t\t\t<div class=\"elementor-widget-container\">\n\t\t\t\t\t<h1 class=\"elementor-heading-title elementor-size-default\">Pron\u00e1jem mobiln\u00edho internetu Wi-Fi<\/h1>\t\t\t\t<\/div>\n\t\t\t\t<\/div>\n\t\t\t\t\t<\/div>\n\t\t<\/div>\n\t\t\t\t\t<\/div>\n\t\t<\/section>\n\t\t\t\t<section class=\"elementor-section elementor-top-section elementor-element elementor-element-05f2f26 elementor-section-stretched elementor-section-boxed elementor-section-height-default elementor-section-height-default\" data-id=\"05f2f26\" data-element_type=\"section\" data-e-type=\"section\" data-settings=\"{&quot;stretch_section&quot;:&quot;section-stretched&quot;,&quot;background_background&quot;:&quot;classic&quot;}\">\n\t\t\t\t\t\t<div class=\"elementor-container elementor-column-gap-default\">\n\t\t\t\t\t<div class=\"elementor-column elementor-col-100 elementor-top-column elementor-element elementor-element-1f710d2\" data-id=\"1f710d2\" data-element_type=\"column\" data-e-type=\"column\">\n\t\t\t<div class=\"elementor-widget-wrap elementor-element-populated\">\n\t\t\t\t\t\t<div class=\"elementor-element elementor-element-a4920fa elementor-widget elementor-widget-text-editor\" data-id=\"a4920fa\" data-element_type=\"widget\" data-e-type=\"widget\" data-widget_type=\"text-editor.default\">\n\t\t\t\t<div class=\"elementor-widget-container\">\n\t\t\t\t\t\t\t\t\t<p>R\u00e1di byste z\u016fstali ve spojen\u00ed s p\u0159\u00e1teli a rodinou i na cest\u00e1ch? Nebo se prost\u011b chcete pod\u00edvat, kam se vydat p\u0159\u00ed\u0161t\u00ed den? Nebo pou\u017e\u00edv\u00e1te mapy Google pro navigaci? S na\u0161\u00edm internetov\u00fdm Wi-Fi modemem 3-4 G s neomezen\u00fdm provozem m\u016f\u017eete b\u00fdt online, jak dlouho chcete. Stahujte a surfujte, kolik chcete! Neomezen\u00fd.     <\/p>\n\t\t\t\t\t\t\t\t<\/div>\n\t\t\t\t<\/div>\n\t\t\t\t<div class=\"elementor-element elementor-element-4349df1 elementor-widget elementor-widget-text-editor\" data-id=\"4349df1\" data-element_type=\"widget\" data-e-type=\"widget\" data-widget_type=\"text-editor.default\">\n\t\t\t\t<div class=\"elementor-widget-container\">\n\t\t\t\t\t\t\t\t\t<p><strong><span style=\"color: #1e3440;\">M\u016f\u017eete si pronajmout wifi modem:<\/span><\/strong><\/p>\n\t\t\t\t\t\t\t\t<\/div>\n\t\t\t\t<\/div>\n\t\t\t\t<div class=\"elementor-element elementor-element-e3f9c60 elementor-widget elementor-widget-text-editor\" data-id=\"e3f9c60\" data-element_type=\"widget\" data-e-type=\"widget\" data-widget_type=\"text-editor.default\">\n\t\t\t\t<div class=\"elementor-widget-container\">\n\t\t\t\t\t\t\t\t\t<p>&#8211; Spolu s rezervac\u00ed karavanu\/stanu.<br \/>&#8211; Samostatn\u011b pouze wifi modem a vyzvednout si ho v <span style=\"color: #3ac4bb;\"><a style=\"color: #3ac4bb;\" href=\"https:\/\/www.google.com\/maps\/place\/\/data=!4m2!3m1!1s0xd1ab343f0fb35b7:0xa5468e7f9032f468?source=g.page.share\" target=\"_blank\" rel=\"noopener\">na\u0161\u00ed prodejn\u011b<\/a><\/span> ve Faru, <span style=\"color: #3ac4bb;\"><a style=\"color: #3ac4bb;\" href=\"https:\/\/farosurfrentals.com\/\" target=\"_blank\" rel=\"noopener\">rezervujte zde<\/a><\/span>.<\/p>\n\t\t\t\t\t\t\t\t<\/div>\n\t\t\t\t<\/div>\n\t\t\t\t<section class=\"elementor-section elementor-inner-section elementor-element elementor-element-26a53d0 elementor-section-boxed elementor-section-height-default elementor-section-height-default elementor-invisible\" data-id=\"26a53d0\" data-element_type=\"section\" data-e-type=\"section\" data-settings=\"{&quot;animation&quot;:&quot;fadeInUp&quot;}\">\n\t\t\t\t\t\t<div class=\"elementor-container elementor-column-gap-default\">\n\t\t\t\t\t<div class=\"elementor-column elementor-col-25 elementor-inner-column elementor-element elementor-element-2d8407d\" data-id=\"2d8407d\" data-element_type=\"column\" data-e-type=\"column\" data-settings=\"{&quot;background_background&quot;:&quot;classic&quot;}\">\n\t\t\t<div class=\"elementor-widget-wrap elementor-element-populated\">\n\t\t\t\t\t<div class=\"elementor-background-overlay\"><\/div>\n\t\t\t\t\t\t<div class=\"elementor-element elementor-element-1e88442 elementor-widget elementor-widget-image\" data-id=\"1e88442\" data-element_type=\"widget\" data-e-type=\"widget\" data-widget_type=\"image.default\">\n\t\t\t\t<div class=\"elementor-widget-container\">\n\t\t\t\t\t\t\t\t\t\t\t\t\t\t\t<img fetchpriority=\"high\" decoding=\"async\" width=\"924\" height=\"616\" src=\"https:\/\/oceancamper.com\/wp-content\/uploads\/2022\/02\/mobile-internet-rooter-min.jpg\" class=\"attachment-full size-full wp-image-217144\" alt=\"pron\u00e1jem mobiln\u00edho internetu algarve\" srcset=\"https:\/\/oceancamper.com\/wp-content\/uploads\/2022\/02\/mobile-internet-rooter-min.jpg 924w, https:\/\/oceancamper.com\/wp-content\/uploads\/2022\/02\/mobile-internet-rooter-min-300x200.jpg 300w, https:\/\/oceancamper.com\/wp-content\/uploads\/2022\/02\/mobile-internet-rooter-min-768x512.jpg 768w\" sizes=\"(max-width: 924px) 100vw, 924px\" \/>\t\t\t\t\t\t\t\t\t\t\t\t\t\t\t<\/div>\n\t\t\t\t<\/div>\n\t\t\t\t<div class=\"elementor-element elementor-element-ae15693 elementor-widget elementor-widget-text-editor\" data-id=\"ae15693\" data-element_type=\"widget\" data-e-type=\"widget\" data-widget_type=\"text-editor.default\">\n\t\t\t\t<div class=\"elementor-widget-container\">\n\t\t\t\t\t\t\t\t\t<p><strong>Mobiln\u00ed wifi modem<\/strong><\/p>\n\t\t\t\t\t\t\t\t<\/div>\n\t\t\t\t<\/div>\n\t\t\t\t\t<\/div>\n\t\t<\/div>\n\t\t\t\t<div class=\"elementor-column elementor-col-25 elementor-inner-column elementor-element elementor-element-04cb4d6\" data-id=\"04cb4d6\" data-element_type=\"column\" data-e-type=\"column\" data-settings=\"{&quot;background_background&quot;:&quot;classic&quot;}\">\n\t\t\t<div class=\"elementor-widget-wrap\">\n\t\t\t\t\t<div class=\"elementor-background-overlay\"><\/div>\n\t\t\t\t\t\t\t<\/div>\n\t\t<\/div>\n\t\t\t\t<div class=\"elementor-column elementor-col-25 elementor-inner-column elementor-element elementor-element-46a9d8a\" data-id=\"46a9d8a\" data-element_type=\"column\" data-e-type=\"column\" data-settings=\"{&quot;background_background&quot;:&quot;classic&quot;}\">\n\t\t\t<div class=\"elementor-widget-wrap\">\n\t\t\t\t\t<div class=\"elementor-background-overlay\"><\/div>\n\t\t\t\t\t\t\t<\/div>\n\t\t<\/div>\n\t\t\t\t<div class=\"elementor-column elementor-col-25 elementor-inner-column elementor-element elementor-element-b068b9c\" data-id=\"b068b9c\" data-element_type=\"column\" data-e-type=\"column\" data-settings=\"{&quot;background_background&quot;:&quot;classic&quot;}\">\n\t\t\t<div class=\"elementor-widget-wrap\">\n\t\t\t\t\t<div class=\"elementor-background-overlay\"><\/div>\n\t\t\t\t\t\t\t<\/div>\n\t\t<\/div>\n\t\t\t\t\t<\/div>\n\t\t<\/section>\n\t\t\t\t<div class=\"elementor-element elementor-element-c1e69d3 elementor-widget elementor-widget-text-editor\" data-id=\"c1e69d3\" data-element_type=\"widget\" data-e-type=\"widget\" data-widget_type=\"text-editor.default\">\n\t\t\t\t<div class=\"elementor-widget-container\">\n\t\t\t\t\t\t\t\t\t<p><span style=\"color: #1e3440;\"><strong>Specifikace<\/strong><\/span><\/p>\n\t\t\t\t\t\t\t\t<\/div>\n\t\t\t\t<\/div>\n\t\t\t\t<div class=\"elementor-element elementor-element-8fdb51f elementor-widget elementor-widget-text-editor\" data-id=\"8fdb51f\" data-element_type=\"widget\" data-e-type=\"widget\" data-widget_type=\"text-editor.default\">\n\t\t\t\t<div class=\"elementor-widget-container\">\n\t\t\t\t\t\t\t\t\t&#8211; Neomezen\u011b\n<br>&#8211; Dob\u00edjen\u00ed pomoc\u00ed USB\n<br>&#8211; Po pln\u00e9m nabit\u00ed funguje a\u017e 12 hodin\n<br>&#8211; Lze p\u0159ipojit n\u011bkolik po\u010d\u00edta\u010d\u016f a za\u0159\u00edzen\u00ed\n<br>&#8211; Funguje v cel\u00e9m Portugalsku, kde je telefonn\u00ed s\u00ed\u0165.\t\t\t\t\t\t\t\t<\/div>\n\t\t\t\t<\/div>\n\t\t\t\t<div class=\"elementor-element elementor-element-62d7b65 elementor-widget elementor-widget-text-editor\" data-id=\"62d7b65\" data-element_type=\"widget\" data-e-type=\"widget\" data-widget_type=\"text-editor.default\">\n\t\t\t\t<div class=\"elementor-widget-container\">\n\t\t\t\t\t\t\t\t\t<p><strong><span style=\"color: #1e3440;\">Pouze rezervovat vybaven\u00ed <span style=\"color: #3ac4bb;\"><a style=\"color: #3ac4bb;\" href=\"https:\/\/farosurfrentals.com\/\" target=\"_blank\" rel=\"noopener\">zde<\/a><\/span><\/span><\/strong><\/p>\n\t\t\t\t\t\t\t\t<\/div>\n\t\t\t\t<\/div>\n\t\t\t\t\t<\/div>\n\t\t<\/div>\n\t\t\t\t\t<\/div>\n\t\t<\/section>\n\t\t\t\t<\/div>\n\t\t","protected":false},"excerpt":{"rendered":"<p>Pron\u00e1jem mobiln\u00edho internetu Wi-Fi R\u00e1di byste z\u016fstali ve spojen\u00ed s p\u0159\u00e1teli a rodinou i na cest\u00e1ch? Nebo se prost\u011b chcete pod\u00edvat, kam se vydat p\u0159\u00ed\u0161t\u00ed den? Nebo pou\u017e\u00edv\u00e1te mapy Google pro navigaci? S na\u0161\u00edm internetov\u00fdm Wi-Fi modemem 3-4 G s neomezen\u00fdm provozem m\u016f\u017eete b\u00fdt online, jak dlouho chcete. Stahujte a surfujte, kolik chcete! Neomezen\u00fd. M\u016f\u017eete [&hellip;]<\/p>\n","protected":false},"author":1,"featured_media":0,"parent":161722,"menu_order":0,"comment_status":"closed","ping_status":"closed","template":"elementor_header_footer","meta":{"footnotes":""},"class_list":["post-161888","page","type-page","status-publish","hentry"],"aioseo_notices":[],"_links":{"self":[{"href":"https:\/\/oceancamper.com\/cs\/wp-json\/wp\/v2\/pages\/161888","targetHints":{"allow":["GET"]}}],"collection":[{"href":"https:\/\/oceancamper.com\/cs\/wp-json\/wp\/v2\/pages"}],"about":[{"href":"https:\/\/oceancamper.com\/cs\/wp-json\/wp\/v2\/types\/page"}],"author":[{"embeddable":true,"href":"https:\/\/oceancamper.com\/cs\/wp-json\/wp\/v2\/users\/1"}],"replies":[{"embeddable":true,"href":"https:\/\/oceancamper.com\/cs\/wp-json\/wp\/v2\/comments?post=161888"}],"version-history":[{"count":1,"href":"https:\/\/oceancamper.com\/cs\/wp-json\/wp\/v2\/pages\/161888\/revisions"}],"predecessor-version":[{"id":161889,"href":"https:\/\/oceancamper.com\/cs\/wp-json\/wp\/v2\/pages\/161888\/revisions\/161889"}],"up":[{"embeddable":true,"href":"https:\/\/oceancamper.com\/cs\/wp-json\/wp\/v2\/pages\/161722"}],"wp:attachment":[{"href":"https:\/\/oceancamper.com\/cs\/wp-json\/wp\/v2\/media?parent=161888"}],"curies":[{"name":"wp","href":"https:\/\/api.w.org\/{rel}","templated":true}]}}