{"id":161832,"date":"2022-02-16T15:51:33","date_gmt":"2022-02-16T15:51:33","guid":{"rendered":"https:\/\/oceancamper.com\/doplnky\/surfboardy-a-bodyboardy\/"},"modified":"2025-06-30T16:18:25","modified_gmt":"2025-06-30T16:18:25","slug":"surfboardy-a-bodyboardy","status":"publish","type":"page","link":"https:\/\/oceancamper.com\/cs\/doplnky\/surfboardy-a-bodyboardy\/","title":{"rendered":"Surfboardy a bodyboardy"},"content":{"rendered":"\t\t<div data-elementor-type=\"wp-page\" data-elementor-id=\"161832\" class=\"elementor elementor-161832 elementor-2792\" data-elementor-post-type=\"page\">\n\t\t\t\t\t\t<section class=\"elementor-section elementor-top-section elementor-element elementor-element-cc5b487 elementor-section-height-min-height elementor-section-stretched elementor-section-content-middle elementor-section-boxed elementor-section-height-default elementor-section-items-middle\" data-id=\"cc5b487\" data-element_type=\"section\" data-e-type=\"section\" data-settings=\"{&quot;stretch_section&quot;:&quot;section-stretched&quot;,&quot;background_background&quot;:&quot;gradient&quot;}\">\n\t\t\t\t\t\t<div class=\"elementor-container elementor-column-gap-default\">\n\t\t\t\t\t<div class=\"elementor-column elementor-col-100 elementor-top-column elementor-element elementor-element-03c24db\" data-id=\"03c24db\" data-element_type=\"column\" data-e-type=\"column\">\n\t\t\t<div class=\"elementor-widget-wrap elementor-element-populated\">\n\t\t\t\t\t\t<div class=\"elementor-element elementor-element-64cf295 elementor-widget elementor-widget-heading\" data-id=\"64cf295\" data-element_type=\"widget\" data-e-type=\"widget\" data-widget_type=\"heading.default\">\n\t\t\t\t<div class=\"elementor-widget-container\">\n\t\t\t\t\t<h1 class=\"elementor-heading-title elementor-size-default\">Pron\u00e1jem surf\u016f a bodyboard\u016f<\/h1>\t\t\t\t<\/div>\n\t\t\t\t<\/div>\n\t\t\t\t\t<\/div>\n\t\t<\/div>\n\t\t\t\t\t<\/div>\n\t\t<\/section>\n\t\t\t\t<section class=\"elementor-section elementor-top-section elementor-element elementor-element-45c8fde elementor-section-stretched elementor-section-boxed elementor-section-height-default elementor-section-height-default\" data-id=\"45c8fde\" data-element_type=\"section\" data-e-type=\"section\" data-settings=\"{&quot;stretch_section&quot;:&quot;section-stretched&quot;,&quot;background_background&quot;:&quot;classic&quot;}\">\n\t\t\t\t\t\t<div class=\"elementor-container elementor-column-gap-default\">\n\t\t\t\t\t<div class=\"elementor-column elementor-col-100 elementor-top-column elementor-element elementor-element-d2d146c\" data-id=\"d2d146c\" data-element_type=\"column\" data-e-type=\"column\">\n\t\t\t<div class=\"elementor-widget-wrap elementor-element-populated\">\n\t\t\t\t\t\t<div class=\"elementor-element elementor-element-56f5eb3 elementor-widget elementor-widget-heading\" data-id=\"56f5eb3\" data-element_type=\"widget\" data-e-type=\"widget\" data-widget_type=\"heading.default\">\n\t\t\t\t<div class=\"elementor-widget-container\">\n\t\t\t\t\t<h2 class=\"elementor-heading-title elementor-size-default\">Portugalsko je jedn\u00edm z nejlep\u0161\u00edch m\u00edst v Evrop\u011b pro surfov\u00e1n\u00ed!<\/h2>\t\t\t\t<\/div>\n\t\t\t\t<\/div>\n\t\t\t\t<div class=\"elementor-element elementor-element-df071d9 elementor-widget elementor-widget-text-editor\" data-id=\"df071d9\" data-element_type=\"widget\" data-e-type=\"widget\" data-widget_type=\"text-editor.default\">\n\t\t\t\t<div class=\"elementor-widget-container\">\n\t\t\t\t\t\t\t\t\tPod\u00edvejte se na na\u0161eho pr\u016fvodce surfov\u00e1n\u00edm a kempov\u00e1n\u00edm, kde najdete nejlep\u0161\u00ed pl\u00e1\u017ee pro surfov\u00e1n\u00ed a jak zjistit p\u0159edpov\u011b\u010f po\u010das\u00ed, abyste neprop\u00e1sli dobr\u00e9 vlny!\t\t\t\t\t\t\t\t<\/div>\n\t\t\t\t<\/div>\n\t\t\t\t<div class=\"elementor-element elementor-element-e05a109 elementor-widget elementor-widget-text-editor\" data-id=\"e05a109\" data-element_type=\"widget\" data-e-type=\"widget\" data-widget_type=\"text-editor.default\">\n\t\t\t\t<div class=\"elementor-widget-container\">\n\t\t\t\t\t\t\t\t\t<strong><span style=\"color: #1e3440;\">M\u016f\u017eete si p\u016fj\u010dit surf\/bodyboard:<\/span><\/strong>\t\t\t\t\t\t\t\t<\/div>\n\t\t\t\t<\/div>\n\t\t\t\t<div class=\"elementor-element elementor-element-3bc380d elementor-widget elementor-widget-text-editor\" data-id=\"3bc380d\" data-element_type=\"widget\" data-e-type=\"widget\" data-widget_type=\"text-editor.default\">\n\t\t\t\t<div class=\"elementor-widget-container\">\n\t\t\t\t\t\t\t\t\t&#8211; Spole\u010dn\u011b s rezervac\u00ed karavanu\/stanu\n<br>&#8211; Samostatn\u011b si rezervujte pouze vybaven\u00ed <span style=\"color: #3ac4bb;\"><a style=\"color: #3ac4bb;\" href=\"https:\/\/farosurfrentals.com\/\" target=\"_blank\" rel=\"noopener\">zde<\/a><\/span>. Poskytujeme st\u0159e\u0161n\u00ed upevn\u011bn\u00ed pro automobily (vhodn\u00e9 pro v\u0161echny automobily se 4 okny nebo 4 dve\u0159mi) a m\u016f\u017eete si ho vyzvednout v na\u0161\u00ed prodejn\u011b. <span style=\"color: #3ac4bb;\"><a style=\"color: #3ac4bb;\" href=\"https:\/\/g.page\/oceancamper?share\" target=\"_blank\" rel=\"noopener\">prodejn\u011b<\/a><\/span> ve m\u011bst\u011b Faro. \t\t\t\t\t\t\t\t<\/div>\n\t\t\t\t<\/div>\n\t\t\t\t<section class=\"elementor-section elementor-inner-section elementor-element elementor-element-41ca52b elementor-section-boxed elementor-section-height-default elementor-section-height-default elementor-invisible\" data-id=\"41ca52b\" data-element_type=\"section\" data-e-type=\"section\" data-settings=\"{&quot;animation&quot;:&quot;fadeInUp&quot;}\">\n\t\t\t\t\t\t<div class=\"elementor-container elementor-column-gap-default\">\n\t\t\t\t\t<div class=\"elementor-column elementor-col-25 elementor-inner-column elementor-element elementor-element-5a46b6f\" data-id=\"5a46b6f\" data-element_type=\"column\" data-e-type=\"column\" data-settings=\"{&quot;background_background&quot;:&quot;classic&quot;}\">\n\t\t\t<div class=\"elementor-widget-wrap elementor-element-populated\">\n\t\t\t\t\t<div class=\"elementor-background-overlay\"><\/div>\n\t\t\t\t\t\t<div class=\"elementor-element elementor-element-a8e6d72 elementor-widget elementor-widget-image\" data-id=\"a8e6d72\" data-element_type=\"widget\" data-e-type=\"widget\" data-widget_type=\"image.default\">\n\t\t\t\t<div class=\"elementor-widget-container\">\n\t\t\t\t\t\t\t\t\t\t\t\t\t\t\t<img fetchpriority=\"high\" decoding=\"async\" width=\"300\" height=\"225\" src=\"https:\/\/oceancamper.com\/wp-content\/uploads\/2025\/06\/20240624-min-300x225.jpg\" class=\"attachment-medium size-medium wp-image-183447\" alt=\"Surf shop Ocean Camper\" srcset=\"https:\/\/oceancamper.com\/wp-content\/uploads\/2025\/06\/20240624-min-300x225.jpg 300w, https:\/\/oceancamper.com\/wp-content\/uploads\/2025\/06\/20240624-min-1024x768.jpg 1024w, https:\/\/oceancamper.com\/wp-content\/uploads\/2025\/06\/20240624-min-768x576.jpg 768w, https:\/\/oceancamper.com\/wp-content\/uploads\/2025\/06\/20240624-min-1536x1152.jpg 1536w, https:\/\/oceancamper.com\/wp-content\/uploads\/2025\/06\/20240624-min-2048x1536.jpg 2048w, https:\/\/oceancamper.com\/wp-content\/uploads\/2025\/06\/20240624-min-240x180.jpg 240w\" sizes=\"(max-width: 300px) 100vw, 300px\" \/>\t\t\t\t\t\t\t\t\t\t\t\t\t\t\t<\/div>\n\t\t\t\t<\/div>\n\t\t\t\t<div class=\"elementor-element elementor-element-cbe5f25 elementor-widget elementor-widget-text-editor\" data-id=\"cbe5f25\" data-element_type=\"widget\" data-e-type=\"widget\" data-widget_type=\"text-editor.default\">\n\t\t\t\t<div class=\"elementor-widget-container\">\n\t\t\t\t\t\t\t\t\t<p><strong>Surfboard 7.0, 8.0 a 8.6&#8243;<\/strong><\/p>\t\t\t\t\t\t\t\t<\/div>\n\t\t\t\t<\/div>\n\t\t\t\t\t<\/div>\n\t\t<\/div>\n\t\t\t\t<div class=\"elementor-column elementor-col-25 elementor-inner-column elementor-element elementor-element-a7623db\" data-id=\"a7623db\" data-element_type=\"column\" data-e-type=\"column\" data-settings=\"{&quot;background_background&quot;:&quot;classic&quot;}\">\n\t\t\t<div class=\"elementor-widget-wrap elementor-element-populated\">\n\t\t\t\t\t<div class=\"elementor-background-overlay\"><\/div>\n\t\t\t\t\t\t<div class=\"elementor-element elementor-element-0b08b7d elementor-widget elementor-widget-image\" data-id=\"0b08b7d\" data-element_type=\"widget\" data-e-type=\"widget\" data-widget_type=\"image.default\">\n\t\t\t\t<div class=\"elementor-widget-container\">\n\t\t\t\t\t\t\t\t\t\t\t\t\t\t\t<img decoding=\"async\" width=\"768\" height=\"576\" src=\"https:\/\/oceancamper.com\/wp-content\/uploads\/2025\/06\/bodyboard1-min-768x576.jpg\" class=\"attachment-medium_large size-medium_large wp-image-183459\" alt=\"P\u016fj\u010dovna desek na t\u011blo Faro\" srcset=\"https:\/\/oceancamper.com\/wp-content\/uploads\/2025\/06\/bodyboard1-min-768x576.jpg 768w, https:\/\/oceancamper.com\/wp-content\/uploads\/2025\/06\/bodyboard1-min-300x225.jpg 300w, https:\/\/oceancamper.com\/wp-content\/uploads\/2025\/06\/bodyboard1-min-1024x768.jpg 1024w, https:\/\/oceancamper.com\/wp-content\/uploads\/2025\/06\/bodyboard1-min-1536x1152.jpg 1536w, https:\/\/oceancamper.com\/wp-content\/uploads\/2025\/06\/bodyboard1-min-2048x1536.jpg 2048w, https:\/\/oceancamper.com\/wp-content\/uploads\/2025\/06\/bodyboard1-min-240x180.jpg 240w\" sizes=\"(max-width: 768px) 100vw, 768px\" \/>\t\t\t\t\t\t\t\t\t\t\t\t\t\t\t<\/div>\n\t\t\t\t<\/div>\n\t\t\t\t<div class=\"elementor-element elementor-element-8e31fd8 elementor-widget elementor-widget-text-editor\" data-id=\"8e31fd8\" data-element_type=\"widget\" data-e-type=\"widget\" data-widget_type=\"text-editor.default\">\n\t\t\t\t<div class=\"elementor-widget-container\">\n\t\t\t\t\t\t\t\t\t<strong>Bodyboardov\u00e1 sada\n\n<\/strong>\t\t\t\t\t\t\t\t<\/div>\n\t\t\t\t<\/div>\n\t\t\t\t\t<\/div>\n\t\t<\/div>\n\t\t\t\t<div class=\"elementor-column elementor-col-25 elementor-inner-column elementor-element elementor-element-61812a6\" data-id=\"61812a6\" data-element_type=\"column\" data-e-type=\"column\" data-settings=\"{&quot;background_background&quot;:&quot;classic&quot;}\">\n\t\t\t<div class=\"elementor-widget-wrap elementor-element-populated\">\n\t\t\t\t\t<div class=\"elementor-background-overlay\"><\/div>\n\t\t\t\t\t\t<div class=\"elementor-element elementor-element-7c183e0 elementor-widget elementor-widget-image\" data-id=\"7c183e0\" data-element_type=\"widget\" data-e-type=\"widget\" data-widget_type=\"image.default\">\n\t\t\t\t<div class=\"elementor-widget-container\">\n\t\t\t\t\t\t\t\t\t\t\t\t\t\t\t<img decoding=\"async\" width=\"1929\" height=\"1447\" src=\"https:\/\/oceancamper.com\/wp-content\/uploads\/2025\/06\/Body-boader.jpeg\" class=\"attachment-full size-full wp-image-183561\" alt=\"\" srcset=\"https:\/\/oceancamper.com\/wp-content\/uploads\/2025\/06\/Body-boader.jpeg 1929w, https:\/\/oceancamper.com\/wp-content\/uploads\/2025\/06\/Body-boader-300x225.jpeg 300w, https:\/\/oceancamper.com\/wp-content\/uploads\/2025\/06\/Body-boader-1024x768.jpeg 1024w, https:\/\/oceancamper.com\/wp-content\/uploads\/2025\/06\/Body-boader-768x576.jpeg 768w, https:\/\/oceancamper.com\/wp-content\/uploads\/2025\/06\/Body-boader-1536x1152.jpeg 1536w, https:\/\/oceancamper.com\/wp-content\/uploads\/2025\/06\/Body-boader-240x180.jpeg 240w\" sizes=\"(max-width: 1929px) 100vw, 1929px\" \/>\t\t\t\t\t\t\t\t\t\t\t\t\t\t\t<\/div>\n\t\t\t\t<\/div>\n\t\t\t\t<div class=\"elementor-element elementor-element-def6ccb elementor-widget elementor-widget-text-editor\" data-id=\"def6ccb\" data-element_type=\"widget\" data-e-type=\"widget\" data-widget_type=\"text-editor.default\">\n\t\t\t\t<div class=\"elementor-widget-container\">\n\t\t\t\t\t\t\t\t\t<p><strong>Bodyboarding Westcoast<\/strong><\/p><p> <\/p>\t\t\t\t\t\t\t\t<\/div>\n\t\t\t\t<\/div>\n\t\t\t\t\t<\/div>\n\t\t<\/div>\n\t\t\t\t<div class=\"elementor-column elementor-col-25 elementor-inner-column elementor-element elementor-element-6598d55\" data-id=\"6598d55\" data-element_type=\"column\" data-e-type=\"column\" data-settings=\"{&quot;background_background&quot;:&quot;classic&quot;}\">\n\t\t\t<div class=\"elementor-widget-wrap elementor-element-populated\">\n\t\t\t\t\t<div class=\"elementor-background-overlay\"><\/div>\n\t\t\t\t\t\t<div class=\"elementor-element elementor-element-a9fc0de elementor-widget elementor-widget-image\" data-id=\"a9fc0de\" data-element_type=\"widget\" data-e-type=\"widget\" data-widget_type=\"image.default\">\n\t\t\t\t<div class=\"elementor-widget-container\">\n\t\t\t\t\t\t\t\t\t\t\t\t\t\t\t<img loading=\"lazy\" decoding=\"async\" width=\"2560\" height=\"1920\" src=\"https:\/\/oceancamper.com\/wp-content\/uploads\/2025\/06\/AdobeStock_248035224-min-min-scaled.jpeg\" class=\"attachment-full size-full wp-image-183278\" alt=\"Surfa\u0159 na vln\u011b v Algarve v Portugalsku, kter\u00fd p\u0159edstavuje dobrodru\u017estv\u00ed na surfu a v kempu Ocean Camper.\" srcset=\"https:\/\/oceancamper.com\/wp-content\/uploads\/2025\/06\/AdobeStock_248035224-min-min-scaled.jpeg 2560w, https:\/\/oceancamper.com\/wp-content\/uploads\/2025\/06\/AdobeStock_248035224-min-min-300x225.jpeg 300w, https:\/\/oceancamper.com\/wp-content\/uploads\/2025\/06\/AdobeStock_248035224-min-min-1024x768.jpeg 1024w, https:\/\/oceancamper.com\/wp-content\/uploads\/2025\/06\/AdobeStock_248035224-min-min-768x576.jpeg 768w, https:\/\/oceancamper.com\/wp-content\/uploads\/2025\/06\/AdobeStock_248035224-min-min-1536x1152.jpeg 1536w, https:\/\/oceancamper.com\/wp-content\/uploads\/2025\/06\/AdobeStock_248035224-min-min-2048x1536.jpeg 2048w, https:\/\/oceancamper.com\/wp-content\/uploads\/2025\/06\/AdobeStock_248035224-min-min-240x180.jpeg 240w\" sizes=\"(max-width: 2560px) 100vw, 2560px\" \/>\t\t\t\t\t\t\t\t\t\t\t\t\t\t\t<\/div>\n\t\t\t\t<\/div>\n\t\t\t\t<div class=\"elementor-element elementor-element-c24ae8a elementor-widget elementor-widget-text-editor\" data-id=\"c24ae8a\" data-element_type=\"widget\" data-e-type=\"widget\" data-widget_type=\"text-editor.default\">\n\t\t\t\t<div class=\"elementor-widget-container\">\n\t\t\t\t\t\t\t\t\t<p><strong>Surfov\u00e1n\u00ed Westcoast<\/strong><\/p><p> <\/p>\t\t\t\t\t\t\t\t<\/div>\n\t\t\t\t<\/div>\n\t\t\t\t\t<\/div>\n\t\t<\/div>\n\t\t\t\t\t<\/div>\n\t\t<\/section>\n\t\t\t\t<div class=\"elementor-element elementor-element-e5ef2da elementor-widget elementor-widget-text-editor\" data-id=\"e5ef2da\" data-element_type=\"widget\" data-e-type=\"widget\" data-widget_type=\"text-editor.default\">\n\t\t\t\t<div class=\"elementor-widget-container\">\n\t\t\t\t\t\t\t\t\t<strong><span style=\"color: #1e3440;\">Surfovac\u00ed prkna<\/span><\/strong>\t\t\t\t\t\t\t\t<\/div>\n\t\t\t\t<\/div>\n\t\t\t\t<div class=\"elementor-element elementor-element-cb8a70b elementor-widget elementor-widget-text-editor\" data-id=\"cb8a70b\" data-element_type=\"widget\" data-e-type=\"widget\" data-widget_type=\"text-editor.default\">\n\t\t\t\t<div class=\"elementor-widget-container\">\n\t\t\t\t\t\t\t\t\t&#8211; 8,6&#8220;, pro za\u010d\u00e1te\u010dn\u00edky\n<br>&#8211; 8&#8220;, standardn\u00ed prkno\n<br>&#8211; 6&#8220;, prkno pro ty, kte\u0159\u00ed um\u00ed surfovat\n<br>&#8211; V\u010detn\u011b prkna a leashe.\t\t\t\t\t\t\t\t<\/div>\n\t\t\t\t<\/div>\n\t\t\t\t<div class=\"elementor-element elementor-element-d8fad7a elementor-widget elementor-widget-text-editor\" data-id=\"d8fad7a\" data-element_type=\"widget\" data-e-type=\"widget\" data-widget_type=\"text-editor.default\">\n\t\t\t\t<div class=\"elementor-widget-container\">\n\t\t\t\t\t\t\t\t\t<strong><span style=\"color: #1e3440;\">Bodyboardy<\/span><\/strong>\t\t\t\t\t\t\t\t<\/div>\n\t\t\t\t<\/div>\n\t\t\t\t<div class=\"elementor-element elementor-element-35cfc99 elementor-widget elementor-widget-text-editor\" data-id=\"35cfc99\" data-element_type=\"widget\" data-e-type=\"widget\" data-widget_type=\"text-editor.default\">\n\t\t\t\t<div class=\"elementor-widget-container\">\n\t\t\t\t\t\t\t\t\t&#8211; 42&#8242; vhodn\u00e9 pro surfa\u0159e do 85 kg, pro v\u0161echny druhy vln\n<br>&#8211; V\u010detn\u011b prkna, ploutv\u00ed, pono\u017eek a vod\u00edtka na bodyboard.\t\t\t\t\t\t\t\t<\/div>\n\t\t\t\t<\/div>\n\t\t\t\t<div class=\"elementor-element elementor-element-f3e993b elementor-widget elementor-widget-text-editor\" data-id=\"f3e993b\" data-element_type=\"widget\" data-e-type=\"widget\" data-widget_type=\"text-editor.default\">\n\t\t\t\t<div class=\"elementor-widget-container\">\n\t\t\t\t\t\t\t\t\t<strong><span style=\"color: #1e3440;\">Pouze rezervovat vybaven\u00ed <span style=\"color: #3ac4bb;\"><a style=\"color: #3ac4bb;\" href=\"https:\/\/farosurfrentals.com\/\" target=\"_blank\" rel=\"noopener\">zde<\/a><\/span><\/span><\/strong>\t\t\t\t\t\t\t\t<\/div>\n\t\t\t\t<\/div>\n\t\t\t\t\t<\/div>\n\t\t<\/div>\n\t\t\t\t\t<\/div>\n\t\t<\/section>\n\t\t\t\t<\/div>\n\t\t","protected":false},"excerpt":{"rendered":"<p>Pron\u00e1jem surf\u016f a bodyboard\u016f Portugalsko je jedn\u00edm z nejlep\u0161\u00edch m\u00edst v Evrop\u011b pro surfov\u00e1n\u00ed! Pod\u00edvejte se na na\u0161eho pr\u016fvodce surfov\u00e1n\u00edm a kempov\u00e1n\u00edm, kde najdete nejlep\u0161\u00ed pl\u00e1\u017ee pro surfov\u00e1n\u00ed a jak zjistit p\u0159edpov\u011b\u010f po\u010das\u00ed, abyste neprop\u00e1sli dobr\u00e9 vlny!M\u016f\u017eete si p\u016fj\u010dit surf\/bodyboard:&#8211; Spole\u010dn\u011b s rezervac\u00ed karavanu\/stanu &#8211; Samostatn\u011b si rezervujte pouze vybaven\u00ed zde. Poskytujeme st\u0159e\u0161n\u00ed upevn\u011bn\u00ed pro [&hellip;]<\/p>\n","protected":false},"author":1,"featured_media":0,"parent":161722,"menu_order":0,"comment_status":"closed","ping_status":"closed","template":"elementor_header_footer","meta":{"footnotes":""},"class_list":["post-161832","page","type-page","status-publish","hentry"],"aioseo_notices":[],"_links":{"self":[{"href":"https:\/\/oceancamper.com\/cs\/wp-json\/wp\/v2\/pages\/161832","targetHints":{"allow":["GET"]}}],"collection":[{"href":"https:\/\/oceancamper.com\/cs\/wp-json\/wp\/v2\/pages"}],"about":[{"href":"https:\/\/oceancamper.com\/cs\/wp-json\/wp\/v2\/types\/page"}],"author":[{"embeddable":true,"href":"https:\/\/oceancamper.com\/cs\/wp-json\/wp\/v2\/users\/1"}],"replies":[{"embeddable":true,"href":"https:\/\/oceancamper.com\/cs\/wp-json\/wp\/v2\/comments?post=161832"}],"version-history":[{"count":2,"href":"https:\/\/oceancamper.com\/cs\/wp-json\/wp\/v2\/pages\/161832\/revisions"}],"predecessor-version":[{"id":183657,"href":"https:\/\/oceancamper.com\/cs\/wp-json\/wp\/v2\/pages\/161832\/revisions\/183657"}],"up":[{"embeddable":true,"href":"https:\/\/oceancamper.com\/cs\/wp-json\/wp\/v2\/pages\/161722"}],"wp:attachment":[{"href":"https:\/\/oceancamper.com\/cs\/wp-json\/wp\/v2\/media?parent=161832"}],"curies":[{"name":"wp","href":"https:\/\/api.w.org\/{rel}","templated":true}]}}