{"id":161816,"date":"2022-02-16T20:35:06","date_gmt":"2022-02-16T20:35:06","guid":{"rendered":"https:\/\/oceancamper.com\/doplnky\/mini-ohrivac\/"},"modified":"2025-06-30T16:14:53","modified_gmt":"2025-06-30T16:14:53","slug":"mini-ohrivac","status":"publish","type":"page","link":"https:\/\/oceancamper.com\/cs\/doplnky\/mini-ohrivac\/","title":{"rendered":"Mini oh\u0159\u00edva\u010d"},"content":{"rendered":"\t\t<div data-elementor-type=\"wp-page\" data-elementor-id=\"161816\" class=\"elementor elementor-161816 elementor-2885\" data-elementor-post-type=\"page\">\n\t\t\t\t\t\t<section class=\"elementor-section elementor-top-section elementor-element elementor-element-84639bc elementor-section-height-min-height elementor-section-stretched elementor-section-content-middle elementor-section-boxed elementor-section-height-default elementor-section-items-middle\" data-id=\"84639bc\" data-element_type=\"section\" data-e-type=\"section\" data-settings=\"{&quot;stretch_section&quot;:&quot;section-stretched&quot;,&quot;background_background&quot;:&quot;gradient&quot;}\">\n\t\t\t\t\t\t<div class=\"elementor-container elementor-column-gap-default\">\n\t\t\t\t\t<div class=\"elementor-column elementor-col-100 elementor-top-column elementor-element elementor-element-89102d1\" data-id=\"89102d1\" data-element_type=\"column\" data-e-type=\"column\">\n\t\t\t<div class=\"elementor-widget-wrap elementor-element-populated\">\n\t\t\t\t\t\t<div class=\"elementor-element elementor-element-a785035 elementor-widget elementor-widget-heading\" data-id=\"a785035\" data-element_type=\"widget\" data-e-type=\"widget\" data-widget_type=\"heading.default\">\n\t\t\t\t<div class=\"elementor-widget-container\">\n\t\t\t\t\t<h1 class=\"elementor-heading-title elementor-size-default\">Pron\u00e1jem mini oh\u0159\u00edva\u010de\n<\/h1>\t\t\t\t<\/div>\n\t\t\t\t<\/div>\n\t\t\t\t\t<\/div>\n\t\t<\/div>\n\t\t\t\t\t<\/div>\n\t\t<\/section>\n\t\t\t\t<section class=\"elementor-section elementor-top-section elementor-element elementor-element-7dcf7de elementor-section-stretched elementor-section-boxed elementor-section-height-default elementor-section-height-default\" data-id=\"7dcf7de\" data-element_type=\"section\" data-e-type=\"section\" data-settings=\"{&quot;stretch_section&quot;:&quot;section-stretched&quot;,&quot;background_background&quot;:&quot;classic&quot;}\">\n\t\t\t\t\t\t<div class=\"elementor-container elementor-column-gap-default\">\n\t\t\t\t\t<div class=\"elementor-column elementor-col-100 elementor-top-column elementor-element elementor-element-6fe4d27\" data-id=\"6fe4d27\" data-element_type=\"column\" data-e-type=\"column\">\n\t\t\t<div class=\"elementor-widget-wrap elementor-element-populated\">\n\t\t\t\t\t\t<div class=\"elementor-element elementor-element-63b8a54 elementor-widget elementor-widget-text-editor\" data-id=\"63b8a54\" data-element_type=\"widget\" data-e-type=\"widget\" data-widget_type=\"text-editor.default\">\n\t\t\t\t<div class=\"elementor-widget-container\">\n\t\t\t\t\t\t\t\t\tTeploty na jihu Portugalska se p\u0159es den pohybuj\u00ed kolem 12-20 \u00b0C (obvykle je slune\u010dno). V noci teploty obvykle klesaj\u00ed na 12-15 \u00b0C, ale mohou se sn\u00ed\u017eit maxim\u00e1ln\u011b na 8 \u00b0C. Ka\u017edop\u00e1dn\u011b od n\u00e1s v\u017edy dostanete velmi p\u0159\u00edjemnou a teplou p\u0159ikr\u00fdvku, kter\u00e1 je pro tyto teploty vhodn\u00e1. V p\u0159\u00edpad\u011b, \u017ee chcete m\u00edt je\u0161t\u011b tepleji, objednejte si u n\u00e1s oh\u0159\u00edva\u010d. Elektrick\u00fd oh\u0159\u00edva\u010d (1000 W) s prodlu\u017eovac\u00edm kabelem 230 V (25 m), kter\u00fd lze pou\u017e\u00edt v kempech k vyh\u0159\u00e1t\u00ed dod\u00e1vky b\u011bhem zimy (nap\u0159. v noci). V kempu jej mus\u00edte p\u0159ipojit k elektrick\u00e9 s\u00edti.     \t\t\t\t\t\t\t\t<\/div>\n\t\t\t\t<\/div>\n\t\t\t\t<div class=\"elementor-element elementor-element-985286a elementor-widget elementor-widget-text-editor\" data-id=\"985286a\" data-element_type=\"widget\" data-e-type=\"widget\" data-widget_type=\"text-editor.default\">\n\t\t\t\t<div class=\"elementor-widget-container\">\n\t\t\t\t\t\t\t\t\t<strong><span style=\"color: #1e3440;\">M\u016f\u017eete si pronajmout elektrick\u00e9 topen\u00ed:<\/span><\/strong>\t\t\t\t\t\t\t\t<\/div>\n\t\t\t\t<\/div>\n\t\t\t\t<div class=\"elementor-element elementor-element-652f533 elementor-widget elementor-widget-text-editor\" data-id=\"652f533\" data-element_type=\"widget\" data-e-type=\"widget\" data-widget_type=\"text-editor.default\">\n\t\t\t\t<div class=\"elementor-widget-container\">\n\t\t\t\t\t\t\t\t\t<p>&#8211; Spole\u010dn\u011b s rezervac\u00ed karavanu\/stanu.<br>&#8211; samostatn\u011b pouze elektrick\u00e9 topen\u00ed a vyzvednout si ho na adrese <span style=\"color: #3ac4bb;\"><a style=\"color: #3ac4bb;\" href=\"https:\/\/www.google.com\/maps\/place\/\/data=!4m2!3m1!1s0xd1ab343f0fb35b7:0xa5468e7f9032f468?source=g.page.share\" target=\"_blank\" rel=\"noopener\">na\u0161\u00ed prodejn\u011b<\/a><\/span> ve Faru, <span style=\"color: #3ac4bb;\"><a style=\"color: #3ac4bb;\" href=\"https:\/\/farosurfrentals.com\/\" target=\"_blank\" rel=\"noopener\">rezervujte zde<\/a><\/span>.<\/p>\t\t\t\t\t\t\t\t<\/div>\n\t\t\t\t<\/div>\n\t\t\t\t<section class=\"elementor-section elementor-inner-section elementor-element elementor-element-c76a627 elementor-section-boxed elementor-section-height-default elementor-section-height-default elementor-invisible\" data-id=\"c76a627\" data-element_type=\"section\" data-e-type=\"section\" data-settings=\"{&quot;animation&quot;:&quot;fadeInUp&quot;}\">\n\t\t\t\t\t\t<div class=\"elementor-container elementor-column-gap-default\">\n\t\t\t\t\t<div class=\"elementor-column elementor-col-25 elementor-inner-column elementor-element elementor-element-d2523ee\" data-id=\"d2523ee\" data-element_type=\"column\" data-e-type=\"column\" data-settings=\"{&quot;background_background&quot;:&quot;classic&quot;}\">\n\t\t\t<div class=\"elementor-widget-wrap elementor-element-populated\">\n\t\t\t\t\t<div class=\"elementor-background-overlay\"><\/div>\n\t\t\t\t\t\t<div class=\"elementor-element elementor-element-8cf9c93 elementor-widget elementor-widget-image\" data-id=\"8cf9c93\" data-element_type=\"widget\" data-e-type=\"widget\" data-widget_type=\"image.default\">\n\t\t\t\t<div class=\"elementor-widget-container\">\n\t\t\t\t\t\t\t\t\t\t\t\t\t\t\t<img fetchpriority=\"high\" decoding=\"async\" width=\"1024\" height=\"1536\" src=\"https:\/\/oceancamper.com\/wp-content\/uploads\/2025\/06\/Heater.png\" class=\"attachment-full size-full wp-image-183404\" alt=\"Elektrick\u00fd oh\u0159\u00edva\u010d\" srcset=\"https:\/\/oceancamper.com\/wp-content\/uploads\/2025\/06\/Heater.png 1024w, https:\/\/oceancamper.com\/wp-content\/uploads\/2025\/06\/Heater-200x300.png 200w, https:\/\/oceancamper.com\/wp-content\/uploads\/2025\/06\/Heater-683x1024.png 683w, https:\/\/oceancamper.com\/wp-content\/uploads\/2025\/06\/Heater-768x1152.png 768w, https:\/\/oceancamper.com\/wp-content\/uploads\/2025\/06\/Heater-120x180.png 120w\" sizes=\"(max-width: 1024px) 100vw, 1024px\" \/>\t\t\t\t\t\t\t\t\t\t\t\t\t\t\t<\/div>\n\t\t\t\t<\/div>\n\t\t\t\t<div class=\"elementor-element elementor-element-ea36496 elementor-widget elementor-widget-text-editor\" data-id=\"ea36496\" data-element_type=\"widget\" data-e-type=\"widget\" data-widget_type=\"text-editor.default\">\n\t\t\t\t<div class=\"elementor-widget-container\">\n\t\t\t\t\t\t\t\t\t<strong>Mini oh\u0159\u00edva\u010d<\/strong>\t\t\t\t\t\t\t\t<\/div>\n\t\t\t\t<\/div>\n\t\t\t\t\t<\/div>\n\t\t<\/div>\n\t\t\t\t<div class=\"elementor-column elementor-col-25 elementor-inner-column elementor-element elementor-element-ef97351\" data-id=\"ef97351\" data-element_type=\"column\" data-e-type=\"column\" data-settings=\"{&quot;background_background&quot;:&quot;classic&quot;}\">\n\t\t\t<div class=\"elementor-widget-wrap\">\n\t\t\t\t\t<div class=\"elementor-background-overlay\"><\/div>\n\t\t\t\t\t\t\t<\/div>\n\t\t<\/div>\n\t\t\t\t<div class=\"elementor-column elementor-col-25 elementor-inner-column elementor-element elementor-element-7e3f0d7\" data-id=\"7e3f0d7\" data-element_type=\"column\" data-e-type=\"column\" data-settings=\"{&quot;background_background&quot;:&quot;classic&quot;}\">\n\t\t\t<div class=\"elementor-widget-wrap\">\n\t\t\t\t\t<div class=\"elementor-background-overlay\"><\/div>\n\t\t\t\t\t\t\t<\/div>\n\t\t<\/div>\n\t\t\t\t<div class=\"elementor-column elementor-col-25 elementor-inner-column elementor-element elementor-element-1b19eea\" data-id=\"1b19eea\" data-element_type=\"column\" data-e-type=\"column\" data-settings=\"{&quot;background_background&quot;:&quot;classic&quot;}\">\n\t\t\t<div class=\"elementor-widget-wrap\">\n\t\t\t\t\t<div class=\"elementor-background-overlay\"><\/div>\n\t\t\t\t\t\t\t<\/div>\n\t\t<\/div>\n\t\t\t\t\t<\/div>\n\t\t<\/section>\n\t\t\t\t<div class=\"elementor-element elementor-element-366937a elementor-widget elementor-widget-text-editor\" data-id=\"366937a\" data-element_type=\"widget\" data-e-type=\"widget\" data-widget_type=\"text-editor.default\">\n\t\t\t\t<div class=\"elementor-widget-container\">\n\t\t\t\t\t\t\t\t\t<strong><span style=\"color: #1e3440;\">Pouze rezervovat vybaven\u00ed <span style=\"color: #3ac4bb;\"><a style=\"color: #3ac4bb;\" href=\"https:\/\/farosurfrentals.com\/\" target=\"_blank\" rel=\"noopener\">zde<\/a><\/span><\/span><\/strong>\t\t\t\t\t\t\t\t<\/div>\n\t\t\t\t<\/div>\n\t\t\t\t\t<\/div>\n\t\t<\/div>\n\t\t\t\t\t<\/div>\n\t\t<\/section>\n\t\t\t\t<\/div>\n\t\t","protected":false},"excerpt":{"rendered":"<p>Pron\u00e1jem mini oh\u0159\u00edva\u010de Teploty na jihu Portugalska se p\u0159es den pohybuj\u00ed kolem 12-20 \u00b0C (obvykle je slune\u010dno). V noci teploty obvykle klesaj\u00ed na 12-15 \u00b0C, ale mohou se sn\u00ed\u017eit maxim\u00e1ln\u011b na 8 \u00b0C. Ka\u017edop\u00e1dn\u011b od n\u00e1s v\u017edy dostanete velmi p\u0159\u00edjemnou a teplou p\u0159ikr\u00fdvku, kter\u00e1 je pro tyto teploty vhodn\u00e1. V p\u0159\u00edpad\u011b, \u017ee chcete m\u00edt je\u0161t\u011b [&hellip;]<\/p>\n","protected":false},"author":1,"featured_media":0,"parent":161722,"menu_order":0,"comment_status":"closed","ping_status":"closed","template":"elementor_header_footer","meta":{"footnotes":""},"class_list":["post-161816","page","type-page","status-publish","hentry"],"aioseo_notices":[],"_links":{"self":[{"href":"https:\/\/oceancamper.com\/cs\/wp-json\/wp\/v2\/pages\/161816","targetHints":{"allow":["GET"]}}],"collection":[{"href":"https:\/\/oceancamper.com\/cs\/wp-json\/wp\/v2\/pages"}],"about":[{"href":"https:\/\/oceancamper.com\/cs\/wp-json\/wp\/v2\/types\/page"}],"author":[{"embeddable":true,"href":"https:\/\/oceancamper.com\/cs\/wp-json\/wp\/v2\/users\/1"}],"replies":[{"embeddable":true,"href":"https:\/\/oceancamper.com\/cs\/wp-json\/wp\/v2\/comments?post=161816"}],"version-history":[{"count":2,"href":"https:\/\/oceancamper.com\/cs\/wp-json\/wp\/v2\/pages\/161816\/revisions"}],"predecessor-version":[{"id":183631,"href":"https:\/\/oceancamper.com\/cs\/wp-json\/wp\/v2\/pages\/161816\/revisions\/183631"}],"up":[{"embeddable":true,"href":"https:\/\/oceancamper.com\/cs\/wp-json\/wp\/v2\/pages\/161722"}],"wp:attachment":[{"href":"https:\/\/oceancamper.com\/cs\/wp-json\/wp\/v2\/media?parent=161816"}],"curies":[{"name":"wp","href":"https:\/\/api.w.org\/{rel}","templated":true}]}}