{"id":161783,"date":"2022-02-16T20:13:16","date_gmt":"2022-02-16T20:13:16","guid":{"rendered":"https:\/\/oceancamper.com\/doplnky\/kytara\/"},"modified":"2025-06-30T16:21:25","modified_gmt":"2025-06-30T16:21:25","slug":"kytara","status":"publish","type":"page","link":"https:\/\/oceancamper.com\/cs\/doplnky\/kytara\/","title":{"rendered":"Kytara"},"content":{"rendered":"\t\t<div data-elementor-type=\"wp-page\" data-elementor-id=\"161783\" class=\"elementor elementor-161783 elementor-2861\" data-elementor-post-type=\"page\">\n\t\t\t\t\t\t<section class=\"elementor-section elementor-top-section elementor-element elementor-element-8948681 elementor-section-height-min-height elementor-section-stretched elementor-section-content-middle elementor-section-boxed elementor-section-height-default elementor-section-items-middle\" data-id=\"8948681\" data-element_type=\"section\" data-e-type=\"section\" data-settings=\"{&quot;stretch_section&quot;:&quot;section-stretched&quot;,&quot;background_background&quot;:&quot;gradient&quot;}\">\n\t\t\t\t\t\t<div class=\"elementor-container elementor-column-gap-default\">\n\t\t\t\t\t<div class=\"elementor-column elementor-col-100 elementor-top-column elementor-element elementor-element-e1eade2\" data-id=\"e1eade2\" data-element_type=\"column\" data-e-type=\"column\">\n\t\t\t<div class=\"elementor-widget-wrap elementor-element-populated\">\n\t\t\t\t\t\t<div class=\"elementor-element elementor-element-460ca85 elementor-widget elementor-widget-heading\" data-id=\"460ca85\" data-element_type=\"widget\" data-e-type=\"widget\" data-widget_type=\"heading.default\">\n\t\t\t\t<div class=\"elementor-widget-container\">\n\t\t\t\t\t<h1 class=\"elementor-heading-title elementor-size-default\">P\u016fj\u010dovna kytar v Faro<\/h1>\t\t\t\t<\/div>\n\t\t\t\t<\/div>\n\t\t\t\t\t<\/div>\n\t\t<\/div>\n\t\t\t\t\t<\/div>\n\t\t<\/section>\n\t\t\t\t<section class=\"elementor-section elementor-top-section elementor-element elementor-element-dea056b elementor-section-stretched elementor-section-boxed elementor-section-height-default elementor-section-height-default\" data-id=\"dea056b\" data-element_type=\"section\" data-e-type=\"section\" data-settings=\"{&quot;stretch_section&quot;:&quot;section-stretched&quot;,&quot;background_background&quot;:&quot;classic&quot;}\">\n\t\t\t\t\t\t<div class=\"elementor-container elementor-column-gap-default\">\n\t\t\t\t\t<div class=\"elementor-column elementor-col-100 elementor-top-column elementor-element elementor-element-814c4f3\" data-id=\"814c4f3\" data-element_type=\"column\" data-e-type=\"column\">\n\t\t\t<div class=\"elementor-widget-wrap elementor-element-populated\">\n\t\t\t\t\t\t<div class=\"elementor-element elementor-element-c4b5d88 elementor-widget elementor-widget-text-editor\" data-id=\"c4b5d88\" data-element_type=\"widget\" data-e-type=\"widget\" data-widget_type=\"text-editor.default\">\n\t\t\t\t<div class=\"elementor-widget-container\">\n\t\t\t\t\t\t\t\t\tP\u0159ehrajte si sv\u00e9 obl\u00edben\u00e9 skladby v Portugalsku sami. Po\u0159i\u010fte si od n\u00e1s kytaru. Vyberte si mezi nylonov\u00fdmi nebo kovov\u00fdmi strunami.  \t\t\t\t\t\t\t\t<\/div>\n\t\t\t\t<\/div>\n\t\t\t\t<div class=\"elementor-element elementor-element-6cbd875 elementor-widget elementor-widget-text-editor\" data-id=\"6cbd875\" data-element_type=\"widget\" data-e-type=\"widget\" data-widget_type=\"text-editor.default\">\n\t\t\t\t<div class=\"elementor-widget-container\">\n\t\t\t\t\t\t\t\t\t<strong><span style=\"color: #1e3440;\">Kytaru si m\u016f\u017eete p\u016fj\u010dit:<\/span><\/strong>\t\t\t\t\t\t\t\t<\/div>\n\t\t\t\t<\/div>\n\t\t\t\t<div class=\"elementor-element elementor-element-f7ba20b elementor-widget elementor-widget-text-editor\" data-id=\"f7ba20b\" data-element_type=\"widget\" data-e-type=\"widget\" data-widget_type=\"text-editor.default\">\n\t\t\t\t<div class=\"elementor-widget-container\">\n\t\t\t\t\t\t\t\t\t&#8211; Spolu s rezervac\u00ed karavanu\/stanu.\n<br>&#8211; Samostatn\u011b, pouze kytara a jej\u00ed vyzvednut\u00ed v kempu. <span style=\"color: #3ac4bb;\"><a style=\"color: #3ac4bb;\" href=\"https:\/\/www.google.com\/maps\/place\/\/data=!4m2!3m1!1s0xd1ab343f0fb35b7:0xa5468e7f9032f468?source=g.page.share\" target=\"_blank\" rel=\"noopener\">na\u0161\u00ed prodejn\u011b<\/a><\/span> ve Faru, <span style=\"color: #3ac4bb;\"><a style=\"color: #3ac4bb;\" href=\"https:\/\/farosurfrentals.com\/\" target=\"_blank\" rel=\"noopener\">rezervujte zde<\/a><\/span>.\t\t\t\t\t\t\t\t<\/div>\n\t\t\t\t<\/div>\n\t\t\t\t<section class=\"elementor-section elementor-inner-section elementor-element elementor-element-af84ae6 elementor-section-boxed elementor-section-height-default elementor-section-height-default elementor-invisible\" data-id=\"af84ae6\" data-element_type=\"section\" data-e-type=\"section\" data-settings=\"{&quot;animation&quot;:&quot;fadeInUp&quot;}\">\n\t\t\t\t\t\t<div class=\"elementor-container elementor-column-gap-default\">\n\t\t\t\t\t<div class=\"elementor-column elementor-col-25 elementor-inner-column elementor-element elementor-element-35e020d\" data-id=\"35e020d\" data-element_type=\"column\" data-e-type=\"column\" data-settings=\"{&quot;background_background&quot;:&quot;classic&quot;}\">\n\t\t\t<div class=\"elementor-widget-wrap elementor-element-populated\">\n\t\t\t\t\t<div class=\"elementor-background-overlay\"><\/div>\n\t\t\t\t\t\t<div class=\"elementor-element elementor-element-e45022f elementor-widget elementor-widget-image\" data-id=\"e45022f\" data-element_type=\"widget\" data-e-type=\"widget\" data-widget_type=\"image.default\">\n\t\t\t\t<div class=\"elementor-widget-container\">\n\t\t\t\t\t\t\t\t\t\t\t\t\t\t\t<img fetchpriority=\"high\" decoding=\"async\" width=\"2560\" height=\"1707\" src=\"https:\/\/oceancamper.com\/wp-content\/uploads\/2025\/06\/AdobeStock_118243083-min-scaled.jpeg\" class=\"attachment-full size-full wp-image-183431\" alt=\"P\u016fj\u010dovna kytar Faro, Portugalsko\" srcset=\"https:\/\/oceancamper.com\/wp-content\/uploads\/2025\/06\/AdobeStock_118243083-min-scaled.jpeg 2560w, https:\/\/oceancamper.com\/wp-content\/uploads\/2025\/06\/AdobeStock_118243083-min-300x200.jpeg 300w, https:\/\/oceancamper.com\/wp-content\/uploads\/2025\/06\/AdobeStock_118243083-min-1024x683.jpeg 1024w, https:\/\/oceancamper.com\/wp-content\/uploads\/2025\/06\/AdobeStock_118243083-min-768x512.jpeg 768w, https:\/\/oceancamper.com\/wp-content\/uploads\/2025\/06\/AdobeStock_118243083-min-1536x1024.jpeg 1536w, https:\/\/oceancamper.com\/wp-content\/uploads\/2025\/06\/AdobeStock_118243083-min-2048x1365.jpeg 2048w, https:\/\/oceancamper.com\/wp-content\/uploads\/2025\/06\/AdobeStock_118243083-min-240x160.jpeg 240w\" sizes=\"(max-width: 2560px) 100vw, 2560px\" \/>\t\t\t\t\t\t\t\t\t\t\t\t\t\t\t<\/div>\n\t\t\t\t<\/div>\n\t\t\t\t<div class=\"elementor-element elementor-element-e7ebbc6 elementor-widget elementor-widget-text-editor\" data-id=\"e7ebbc6\" data-element_type=\"widget\" data-e-type=\"widget\" data-widget_type=\"text-editor.default\">\n\t\t\t\t<div class=\"elementor-widget-container\">\n\t\t\t\t\t\t\t\t\t<strong>P\u016fj\u010dovna kytar<\/strong>\t\t\t\t\t\t\t\t<\/div>\n\t\t\t\t<\/div>\n\t\t\t\t\t<\/div>\n\t\t<\/div>\n\t\t\t\t<div class=\"elementor-column elementor-col-25 elementor-inner-column elementor-element elementor-element-0fa6c21\" data-id=\"0fa6c21\" data-element_type=\"column\" data-e-type=\"column\" data-settings=\"{&quot;background_background&quot;:&quot;classic&quot;}\">\n\t\t\t<div class=\"elementor-widget-wrap\">\n\t\t\t\t\t<div class=\"elementor-background-overlay\"><\/div>\n\t\t\t\t\t\t\t<\/div>\n\t\t<\/div>\n\t\t\t\t<div class=\"elementor-column elementor-col-25 elementor-inner-column elementor-element elementor-element-f95d157\" data-id=\"f95d157\" data-element_type=\"column\" data-e-type=\"column\" data-settings=\"{&quot;background_background&quot;:&quot;classic&quot;}\">\n\t\t\t<div class=\"elementor-widget-wrap\">\n\t\t\t\t\t<div class=\"elementor-background-overlay\"><\/div>\n\t\t\t\t\t\t\t<\/div>\n\t\t<\/div>\n\t\t\t\t<div class=\"elementor-column elementor-col-25 elementor-inner-column elementor-element elementor-element-03f931d\" data-id=\"03f931d\" data-element_type=\"column\" data-e-type=\"column\" data-settings=\"{&quot;background_background&quot;:&quot;classic&quot;}\">\n\t\t\t<div class=\"elementor-widget-wrap\">\n\t\t\t\t\t<div class=\"elementor-background-overlay\"><\/div>\n\t\t\t\t\t\t\t<\/div>\n\t\t<\/div>\n\t\t\t\t\t<\/div>\n\t\t<\/section>\n\t\t\t\t<div class=\"elementor-element elementor-element-44ff906 elementor-widget elementor-widget-text-editor\" data-id=\"44ff906\" data-element_type=\"widget\" data-e-type=\"widget\" data-widget_type=\"text-editor.default\">\n\t\t\t\t<div class=\"elementor-widget-container\">\n\t\t\t\t\t\t\t\t\t<strong><span style=\"color: #1e3440;\">Pouze rezervovat vybaven\u00ed <span style=\"color: #3ac4bb;\"><a style=\"color: #3ac4bb;\" href=\"https:\/\/farosurfrentals.com\/\" target=\"_blank\" rel=\"noopener\">zde<\/a><\/span><\/span><\/strong>\t\t\t\t\t\t\t\t<\/div>\n\t\t\t\t<\/div>\n\t\t\t\t\t<\/div>\n\t\t<\/div>\n\t\t\t\t\t<\/div>\n\t\t<\/section>\n\t\t\t\t<\/div>\n\t\t","protected":false},"excerpt":{"rendered":"<p>P\u016fj\u010dovna kytar v Faro P\u0159ehrajte si sv\u00e9 obl\u00edben\u00e9 skladby v Portugalsku sami. Po\u0159i\u010fte si od n\u00e1s kytaru. Vyberte si mezi nylonov\u00fdmi nebo kovov\u00fdmi strunami. Kytaru si m\u016f\u017eete p\u016fj\u010dit:&#8211; Spolu s rezervac\u00ed karavanu\/stanu. &#8211; Samostatn\u011b, pouze kytara a jej\u00ed vyzvednut\u00ed v kempu. na\u0161\u00ed prodejn\u011b ve Faru, rezervujte zde. P\u016fj\u010dovna kytarPouze rezervovat vybaven\u00ed zde<\/p>\n","protected":false},"author":1,"featured_media":0,"parent":161722,"menu_order":0,"comment_status":"closed","ping_status":"closed","template":"elementor_header_footer","meta":{"footnotes":""},"class_list":["post-161783","page","type-page","status-publish","hentry"],"aioseo_notices":[],"_links":{"self":[{"href":"https:\/\/oceancamper.com\/cs\/wp-json\/wp\/v2\/pages\/161783","targetHints":{"allow":["GET"]}}],"collection":[{"href":"https:\/\/oceancamper.com\/cs\/wp-json\/wp\/v2\/pages"}],"about":[{"href":"https:\/\/oceancamper.com\/cs\/wp-json\/wp\/v2\/types\/page"}],"author":[{"embeddable":true,"href":"https:\/\/oceancamper.com\/cs\/wp-json\/wp\/v2\/users\/1"}],"replies":[{"embeddable":true,"href":"https:\/\/oceancamper.com\/cs\/wp-json\/wp\/v2\/comments?post=161783"}],"version-history":[{"count":2,"href":"https:\/\/oceancamper.com\/cs\/wp-json\/wp\/v2\/pages\/161783\/revisions"}],"predecessor-version":[{"id":183682,"href":"https:\/\/oceancamper.com\/cs\/wp-json\/wp\/v2\/pages\/161783\/revisions\/183682"}],"up":[{"embeddable":true,"href":"https:\/\/oceancamper.com\/cs\/wp-json\/wp\/v2\/pages\/161722"}],"wp:attachment":[{"href":"https:\/\/oceancamper.com\/cs\/wp-json\/wp\/v2\/media?parent=161783"}],"curies":[{"name":"wp","href":"https:\/\/api.w.org\/{rel}","templated":true}]}}