{"id":161773,"date":"2022-02-16T19:12:48","date_gmt":"2022-02-16T19:12:48","guid":{"rendered":"https:\/\/oceancamper.com\/doplnky\/stojan-paddel\/"},"modified":"2025-03-14T09:07:15","modified_gmt":"2025-03-14T09:07:15","slug":"stojan-paddel","status":"publish","type":"page","link":"https:\/\/oceancamper.com\/cs\/doplnky\/stojan-paddel\/","title":{"rendered":"Stojan Paddel"},"content":{"rendered":"\t\t<div data-elementor-type=\"wp-page\" data-elementor-id=\"161773\" class=\"elementor elementor-161773 elementor-2818\" data-elementor-post-type=\"page\">\n\t\t\t\t\t\t<section class=\"elementor-section elementor-top-section elementor-element elementor-element-624d06f elementor-section-height-min-height elementor-section-stretched elementor-section-content-middle elementor-section-boxed elementor-section-height-default elementor-section-items-middle\" data-id=\"624d06f\" data-element_type=\"section\" data-e-type=\"section\" data-settings=\"{&quot;stretch_section&quot;:&quot;section-stretched&quot;,&quot;background_background&quot;:&quot;gradient&quot;}\">\n\t\t\t\t\t\t<div class=\"elementor-container elementor-column-gap-default\">\n\t\t\t\t\t<div class=\"elementor-column elementor-col-100 elementor-top-column elementor-element elementor-element-7de2aec\" data-id=\"7de2aec\" data-element_type=\"column\" data-e-type=\"column\">\n\t\t\t<div class=\"elementor-widget-wrap elementor-element-populated\">\n\t\t\t\t\t\t<div class=\"elementor-element elementor-element-cd9b3ba elementor-widget elementor-widget-heading\" data-id=\"cd9b3ba\" data-element_type=\"widget\" data-e-type=\"widget\" data-widget_type=\"heading.default\">\n\t\t\t\t<div class=\"elementor-widget-container\">\n\t\t\t\t\t<h1 class=\"elementor-heading-title elementor-size-default\">P\u016fj\u010dovny p\u00e1del ve stoje (SUP)<\/h1>\t\t\t\t<\/div>\n\t\t\t\t<\/div>\n\t\t\t\t\t<\/div>\n\t\t<\/div>\n\t\t\t\t\t<\/div>\n\t\t<\/section>\n\t\t\t\t<section class=\"elementor-section elementor-top-section elementor-element elementor-element-329fbd8 elementor-section-stretched elementor-section-boxed elementor-section-height-default elementor-section-height-default\" data-id=\"329fbd8\" data-element_type=\"section\" data-e-type=\"section\" data-settings=\"{&quot;stretch_section&quot;:&quot;section-stretched&quot;,&quot;background_background&quot;:&quot;classic&quot;}\">\n\t\t\t\t\t\t<div class=\"elementor-container elementor-column-gap-default\">\n\t\t\t\t\t<div class=\"elementor-column elementor-col-100 elementor-top-column elementor-element elementor-element-a98b4b4\" data-id=\"a98b4b4\" data-element_type=\"column\" data-e-type=\"column\">\n\t\t\t<div class=\"elementor-widget-wrap elementor-element-populated\">\n\t\t\t\t\t\t<div class=\"elementor-element elementor-element-2e25076 elementor-widget elementor-widget-heading\" data-id=\"2e25076\" data-element_type=\"widget\" data-e-type=\"widget\" data-widget_type=\"heading.default\">\n\t\t\t\t<div class=\"elementor-widget-container\">\n\t\t\t\t\t<h2 class=\"elementor-heading-title elementor-size-default\">Pob\u0159e\u017e\u00ed Algarve je vysn\u011bn\u00fdm m\u00edstem pro stand-up-paddle.<\/h2>\t\t\t\t<\/div>\n\t\t\t\t<\/div>\n\t\t\t\t<div class=\"elementor-element elementor-element-5d0421b elementor-widget elementor-widget-text-editor\" data-id=\"5d0421b\" data-element_type=\"widget\" data-e-type=\"widget\" data-widget_type=\"text-editor.default\">\n\t\t\t\t<div class=\"elementor-widget-container\">\n\t\t\t\t\t\t\t\t\t<p>U klidn\u00e9ho mo\u0159e m\u016f\u017eete objevovat skryt\u00e9 jeskyn\u011b v Albufei\u0159e, Lagoa a Lagosu. Pod\u00edvejte se na na\u0161e <span style=\"color: #3ac4bb;\"><a style=\"color: #3ac4bb;\" href=\"https:\/\/oceancamper.com\/cs\/blog\/\" target=\"_blank\" rel=\"noopener\">Surf &amp; Camp pr\u016fvodce<\/a><\/span> a dozv\u00edte se, kde jsou v Algarve nejlep\u0161\u00ed pl\u00e1\u017ee pro p\u00e1dlov\u00e1n\u00ed. <\/p>\n\t\t\t\t\t\t\t\t<\/div>\n\t\t\t\t<\/div>\n\t\t\t\t<div class=\"elementor-element elementor-element-ff30df1 elementor-widget elementor-widget-text-editor\" data-id=\"ff30df1\" data-element_type=\"widget\" data-e-type=\"widget\" data-widget_type=\"text-editor.default\">\n\t\t\t\t<div class=\"elementor-widget-container\">\n\t\t\t\t\t\t\t\t\t<p><strong><span style=\"color: #1e3440;\">M\u016f\u017eete si p\u016fj\u010dit SUP prkno:<\/span><\/strong><\/p>\n\t\t\t\t\t\t\t\t<\/div>\n\t\t\t\t<\/div>\n\t\t\t\t<div class=\"elementor-element elementor-element-8f1e385 elementor-widget elementor-widget-text-editor\" data-id=\"8f1e385\" data-element_type=\"widget\" data-e-type=\"widget\" data-widget_type=\"text-editor.default\">\n\t\t\t\t<div class=\"elementor-widget-container\">\n\t\t\t\t\t\t\t\t\t<p>&#8211; Spole\u010dn\u011b s rezervac\u00ed karavanu\/stanu.<br \/>&#8211; samostatn\u011b, pouze SUP prkno a vyzvednout si ho v <span style=\"color: #3ac4bb;\"><a style=\"color: #3ac4bb;\" href=\"https:\/\/www.google.com\/maps\/place\/\/data=!4m2!3m1!1s0xd1ab343f0fb35b7:0xa5468e7f9032f468?source=g.page.share\" target=\"_blank\" rel=\"noopener\">na\u0161em obchod\u011b<\/a><\/span> ve Faru, <span style=\"color: #3ac4bb;\"><a style=\"color: #3ac4bb;\" href=\"https:\/\/farosurfrentals.com\/\" target=\"_blank\" rel=\"noopener\">rezervujte zde<\/a><\/span>.<\/p>\n\t\t\t\t\t\t\t\t<\/div>\n\t\t\t\t<\/div>\n\t\t\t\t<section class=\"elementor-section elementor-inner-section elementor-element elementor-element-5c06125 elementor-section-boxed elementor-section-height-default elementor-section-height-default elementor-invisible\" data-id=\"5c06125\" data-element_type=\"section\" data-e-type=\"section\" data-settings=\"{&quot;animation&quot;:&quot;fadeInUp&quot;}\">\n\t\t\t\t\t\t<div class=\"elementor-container elementor-column-gap-default\">\n\t\t\t\t\t<div class=\"elementor-column elementor-col-25 elementor-inner-column elementor-element elementor-element-608bbd6\" data-id=\"608bbd6\" data-element_type=\"column\" data-e-type=\"column\" data-settings=\"{&quot;background_background&quot;:&quot;classic&quot;}\">\n\t\t\t<div class=\"elementor-widget-wrap elementor-element-populated\">\n\t\t\t\t\t<div class=\"elementor-background-overlay\"><\/div>\n\t\t\t\t\t\t<div class=\"elementor-element elementor-element-83f8ed7 elementor-widget elementor-widget-image\" data-id=\"83f8ed7\" data-element_type=\"widget\" data-e-type=\"widget\" data-widget_type=\"image.default\">\n\t\t\t\t<div class=\"elementor-widget-container\">\n\t\t\t\t\t\t\t\t\t\t\t\t\t\t\t<img decoding=\"async\" src=\"https:\/\/oceancamper.com\/wp-content\/uploads\/2022\/02\/sup-set-1.jpg\" title=\"\" alt=\"\" loading=\"lazy\" \/>\t\t\t\t\t\t\t\t\t\t\t\t\t\t\t<\/div>\n\t\t\t\t<\/div>\n\t\t\t\t<div class=\"elementor-element elementor-element-90097ee elementor-widget elementor-widget-text-editor\" data-id=\"90097ee\" data-element_type=\"widget\" data-e-type=\"widget\" data-widget_type=\"text-editor.default\">\n\t\t\t\t<div class=\"elementor-widget-container\">\n\t\t\t\t\t\t\t\t\t<p><strong>Sada SUP<\/strong><\/p>\n\t\t\t\t\t\t\t\t<\/div>\n\t\t\t\t<\/div>\n\t\t\t\t\t<\/div>\n\t\t<\/div>\n\t\t\t\t<div class=\"elementor-column elementor-col-25 elementor-inner-column elementor-element elementor-element-f941e7d\" data-id=\"f941e7d\" data-element_type=\"column\" data-e-type=\"column\" data-settings=\"{&quot;background_background&quot;:&quot;classic&quot;}\">\n\t\t\t<div class=\"elementor-widget-wrap elementor-element-populated\">\n\t\t\t\t\t<div class=\"elementor-background-overlay\"><\/div>\n\t\t\t\t\t\t<div class=\"elementor-element elementor-element-897999c elementor-widget elementor-widget-image\" data-id=\"897999c\" data-element_type=\"widget\" data-e-type=\"widget\" data-widget_type=\"image.default\">\n\t\t\t\t<div class=\"elementor-widget-container\">\n\t\t\t\t\t\t\t\t\t\t\t\t\t\t\t<img fetchpriority=\"high\" decoding=\"async\" width=\"522\" height=\"535\" src=\"https:\/\/oceancamper.com\/wp-content\/uploads\/2022\/02\/sup-in-use-min.jpg\" class=\"attachment-full size-full wp-image-217142\" alt=\"sup v provozu\" srcset=\"https:\/\/oceancamper.com\/wp-content\/uploads\/2022\/02\/sup-in-use-min.jpg 522w, https:\/\/oceancamper.com\/wp-content\/uploads\/2022\/02\/sup-in-use-min-293x300.jpg 293w\" sizes=\"(max-width: 522px) 100vw, 522px\" \/>\t\t\t\t\t\t\t\t\t\t\t\t\t\t\t<\/div>\n\t\t\t\t<\/div>\n\t\t\t\t<div class=\"elementor-element elementor-element-6a5d363 elementor-widget elementor-widget-text-editor\" data-id=\"6a5d363\" data-element_type=\"widget\" data-e-type=\"widget\" data-widget_type=\"text-editor.default\">\n\t\t\t\t<div class=\"elementor-widget-container\">\n\t\t\t\t\t\t\t\t\t<p><strong>Pou\u017e\u00edv\u00e1n\u00ed syst\u00e9mu SUP<\/strong><\/p>\n\t\t\t\t\t\t\t\t<\/div>\n\t\t\t\t<\/div>\n\t\t\t\t\t<\/div>\n\t\t<\/div>\n\t\t\t\t<div class=\"elementor-column elementor-col-25 elementor-inner-column elementor-element elementor-element-0f7da3d\" data-id=\"0f7da3d\" data-element_type=\"column\" data-e-type=\"column\" data-settings=\"{&quot;background_background&quot;:&quot;classic&quot;}\">\n\t\t\t<div class=\"elementor-widget-wrap elementor-element-populated\">\n\t\t\t\t\t<div class=\"elementor-background-overlay\"><\/div>\n\t\t\t\t\t\t<div class=\"elementor-element elementor-element-c463c14 elementor-widget elementor-widget-image\" data-id=\"c463c14\" data-element_type=\"widget\" data-e-type=\"widget\" data-widget_type=\"image.default\">\n\t\t\t\t<div class=\"elementor-widget-container\">\n\t\t\t\t\t\t\t\t\t\t\t\t\t\t\t<img decoding=\"async\" width=\"522\" height=\"535\" src=\"https:\/\/oceancamper.com\/wp-content\/uploads\/2022\/02\/benagil-cave-min.jpg\" class=\"attachment-large size-large wp-image-2823\" alt=\"benagil cave\" srcset=\"https:\/\/oceancamper.com\/wp-content\/uploads\/2022\/02\/benagil-cave-min.jpg 522w, https:\/\/oceancamper.com\/wp-content\/uploads\/2022\/02\/benagil-cave-min-293x300.jpg 293w\" sizes=\"(max-width: 522px) 100vw, 522px\" \/>\t\t\t\t\t\t\t\t\t\t\t\t\t\t\t<\/div>\n\t\t\t\t<\/div>\n\t\t\t\t<div class=\"elementor-element elementor-element-04036d9 elementor-widget elementor-widget-text-editor\" data-id=\"04036d9\" data-element_type=\"widget\" data-e-type=\"widget\" data-widget_type=\"text-editor.default\">\n\t\t\t\t<div class=\"elementor-widget-container\">\n\t\t\t\t\t\t\t\t\t<p><strong>Jeskyn\u011b Benagil<\/strong><\/p>\n\t\t\t\t\t\t\t\t<\/div>\n\t\t\t\t<\/div>\n\t\t\t\t\t<\/div>\n\t\t<\/div>\n\t\t\t\t<div class=\"elementor-column elementor-col-25 elementor-inner-column elementor-element elementor-element-978b56a\" data-id=\"978b56a\" data-element_type=\"column\" data-e-type=\"column\" data-settings=\"{&quot;background_background&quot;:&quot;classic&quot;}\">\n\t\t\t<div class=\"elementor-widget-wrap\">\n\t\t\t\t\t<div class=\"elementor-background-overlay\"><\/div>\n\t\t\t\t\t\t\t<\/div>\n\t\t<\/div>\n\t\t\t\t\t<\/div>\n\t\t<\/section>\n\t\t\t\t<div class=\"elementor-element elementor-element-3dce13d elementor-widget elementor-widget-text-editor\" data-id=\"3dce13d\" data-element_type=\"widget\" data-e-type=\"widget\" data-widget_type=\"text-editor.default\">\n\t\t\t\t<div class=\"elementor-widget-container\">\n\t\t\t\t\t\t\t\t\t<p><span style=\"color: #1e3440;\"><strong>Specifikace<\/strong><\/span><\/p>\n\t\t\t\t\t\t\t\t<\/div>\n\t\t\t\t<\/div>\n\t\t\t\t<div class=\"elementor-element elementor-element-db88d1b elementor-widget elementor-widget-text-editor\" data-id=\"db88d1b\" data-element_type=\"widget\" data-e-type=\"widget\" data-widget_type=\"text-editor.default\">\n\t\t\t\t<div class=\"elementor-widget-container\">\n\t\t\t\t\t\t\t\t\t&#8211; <span style=\"color: #1e3440;\"> [Complete] Sada paddleboardu obsahuje 1 paddleboard, 2 p\u00e1dla, 1 vzduchovou pumpu a ta\u0161ku na ulo\u017een\u00ed a p\u0159epravu.<\/span> \n<br>&#8211; <span style=\"color: #1e3440;\"> [Inflatable] Desky jsou nafukovac\u00ed a skl\u00e1dac\u00ed v ta\u0161ce, proto je mo\u017en\u00e9 je p\u0159epravovat v jak\u00e9mkoli b\u011b\u017en\u00e9m aut\u011b nebo je ulo\u017eit v na\u0161ich obytn\u00fdch vozech pod postel.<\/span> \n<br>&#8211; <span style=\"color: #1e3440;\"> [Up to 3 persons per board] Jednu desku m\u016f\u017ee pou\u017e\u00edvat jedna osoba ve stoje nebo 2 osoby vsed\u011b nebo 3 (d\u00edvky) vsed\u011b. Doporu\u010dujeme pou\u017e\u00edvat 1 prkno pro 2 osoby, proto\u017ee p\u00e1dlov\u00e1n\u00ed je snaz\u0161\u00ed a uvoln\u011bn\u011bj\u0161\u00ed.<\/span>  \n<br>&#8211; <span style=\"color: #1e3440;\"> [Comfortable] Na palub\u011b jsou elastick\u00e1 lana pro upevn\u011bn\u00ed ta\u0161ky s v\u011bcmi (nap\u0159.: ru\u010dn\u00edk, sva\u010dina, voda, sada na \u0161norchlov\u00e1n\u00ed).<\/span> \t\t\t\t\t\t\t\t<\/div>\n\t\t\t\t<\/div>\n\t\t\t\t<div class=\"elementor-element elementor-element-31d0bbf elementor-widget elementor-widget-text-editor\" data-id=\"31d0bbf\" data-element_type=\"widget\" data-e-type=\"widget\" data-widget_type=\"text-editor.default\">\n\t\t\t\t<div class=\"elementor-widget-container\">\n\t\t\t\t\t\t\t\t\t<p><strong><span style=\"color: #1e3440;\">Pouze rezervovat vybaven\u00ed <span style=\"color: #3ac4bb;\"><a style=\"color: #3ac4bb;\" href=\"https:\/\/farosurfrentals.com\/\" target=\"_blank\" rel=\"noopener\">zde<\/a><\/span><\/span><\/strong><\/p>\n\t\t\t\t\t\t\t\t<\/div>\n\t\t\t\t<\/div>\n\t\t\t\t\t<\/div>\n\t\t<\/div>\n\t\t\t\t\t<\/div>\n\t\t<\/section>\n\t\t\t\t<\/div>\n\t\t","protected":false},"excerpt":{"rendered":"<p>P\u016fj\u010dovny p\u00e1del ve stoje (SUP) Pob\u0159e\u017e\u00ed Algarve je vysn\u011bn\u00fdm m\u00edstem pro stand-up-paddle. U klidn\u00e9ho mo\u0159e m\u016f\u017eete objevovat skryt\u00e9 jeskyn\u011b v Albufei\u0159e, Lagoa a Lagosu. Pod\u00edvejte se na na\u0161e Surf &amp; Camp pr\u016fvodce a dozv\u00edte se, kde jsou v Algarve nejlep\u0161\u00ed pl\u00e1\u017ee pro p\u00e1dlov\u00e1n\u00ed. M\u016f\u017eete si p\u016fj\u010dit SUP prkno: &#8211; Spole\u010dn\u011b s rezervac\u00ed karavanu\/stanu.&#8211; samostatn\u011b, pouze [&hellip;]<\/p>\n","protected":false},"author":1,"featured_media":0,"parent":161722,"menu_order":0,"comment_status":"closed","ping_status":"closed","template":"elementor_header_footer","meta":{"om_disable_all_campaigns":false,"footnotes":""},"class_list":["post-161773","page","type-page","status-publish","hentry"],"aioseo_notices":[],"_links":{"self":[{"href":"https:\/\/oceancamper.com\/cs\/wp-json\/wp\/v2\/pages\/161773","targetHints":{"allow":["GET"]}}],"collection":[{"href":"https:\/\/oceancamper.com\/cs\/wp-json\/wp\/v2\/pages"}],"about":[{"href":"https:\/\/oceancamper.com\/cs\/wp-json\/wp\/v2\/types\/page"}],"author":[{"embeddable":true,"href":"https:\/\/oceancamper.com\/cs\/wp-json\/wp\/v2\/users\/1"}],"replies":[{"embeddable":true,"href":"https:\/\/oceancamper.com\/cs\/wp-json\/wp\/v2\/comments?post=161773"}],"version-history":[{"count":1,"href":"https:\/\/oceancamper.com\/cs\/wp-json\/wp\/v2\/pages\/161773\/revisions"}],"predecessor-version":[{"id":161774,"href":"https:\/\/oceancamper.com\/cs\/wp-json\/wp\/v2\/pages\/161773\/revisions\/161774"}],"up":[{"embeddable":true,"href":"https:\/\/oceancamper.com\/cs\/wp-json\/wp\/v2\/pages\/161722"}],"wp:attachment":[{"href":"https:\/\/oceancamper.com\/cs\/wp-json\/wp\/v2\/media?parent=161773"}],"curies":[{"name":"wp","href":"https:\/\/api.w.org\/{rel}","templated":true}]}}